{"id":892,"date":"2021-06-08T12:33:34","date_gmt":"2021-06-08T10:33:34","guid":{"rendered":"https:\/\/test.arctic.klean.it\/?post_type=product&#038;p=892"},"modified":"2023-01-16T12:46:42","modified_gmt":"2023-01-16T10:46:42","slug":"sejltur-mellem-isbjerge","status":"publish","type":"product","link":"https:\/\/test.arctic.klean.it\/da\/udflugter\/sejltur-mellem-isbjerge\/","title":{"rendered":"Sejltur mellem isbjerge"},"content":{"rendered":"<p><strong>Lokation:<\/strong> Ilulissat<\/p>\n<p>En sejltur blandt de ber\u00f8mte isbjerge b\u00f8r du ikke g\u00e5 glip af, n\u00e5r du bes\u00f8ger Ilulissat.<\/p>\n<p>Mere end 48 km3 is str\u00f8mmer ind i fjorden i l\u00f8bet af et \u00e5r. Der bliver f\u00f8dt rigtigt mange af de enorme isbjerge, der kan v\u00e6re mere end 100 meter brede og knejse op til 70 meter over vandoverfladen. Disse enorme isgiganter strander ved fjordens munding, s\u00e5 vi kan sejle imellem dem.<\/p>\n<p>Isbjergene er betagende i al slags vejr. De funkler lysende hvide p\u00e5 solrige dage, hvorimod de bl\u00e5 nuancer ses bedst, n\u00e5r det er gr\u00e5t eller t\u00e5get, og midnatssolen kaster en markant varm gl\u00f8d p\u00e5 dem.<\/p>\n<p>Isbjergene er Ilulissats symbol, og at sejle blandt dem er en aktivitet, alle, der bes\u00f8ger byen, b\u00f8r pr\u00f8ve. Et uforglemmeligt natureventyr!<\/p>\n<p><strong>Bem\u00e6rk venligst<\/strong><br \/>\n&#8211; Varmt t\u00f8j anbefales. Der er koldt p\u00e5 Isfjorden b\u00e5de sommer og vinter.<br \/>\n&#8211; Der serveres kaffe og te ombord.<\/p>\n<p><strong>Varighed:\u00a0<\/strong>2-3 timer inkl. transfer<br \/>\n<strong>S\u00e6son: <\/strong>Hele \u00e5ret<strong><br \/>\n<\/strong><strong>Deltagere: <\/strong>Min. 6<strong><br \/>\n<\/strong><strong>Sv\u00e6rhedsgrad:\u00a0<\/strong>Level 1<\/p>\n","protected":false},"excerpt":{"rendered":"<p>Ilulissats isbjerge er smukke i al slags vejr. Intet kan m\u00e5le sig med en sejltur blandt dem p\u00e5 fjorden!<\/p>\n","protected":false},"featured_media":2072,"comment_status":"closed","ping_status":"closed","template":"","meta":{"_acf_changed":false},"product_brand":[],"product_cat":[170],"product_tag":[159],"class_list":{"0":"post-892","1":"product","2":"type-product","3":"status-publish","4":"has-post-thumbnail","6":"product_cat-udflugt","7":"product_tag-1-da","8":"pa_dato-172","9":"pa_tidspunkt-189","10":"tour_location-ilulissat-da","11":"tour_type-isbjerge","12":"tour_operator-world-of-greenland","14":"first","15":"outofstock","16":"shipping-taxable","17":"purchasable","18":"product-type-variable"},"acf":[],"yoast_head":"<!-- This site is optimized with the Yoast SEO plugin v25.2 - https:\/\/yoast.com\/wordpress\/plugins\/seo\/ -->\n<title>Arctic Excursions<\/title>\n<meta name=\"robots\" content=\"index, follow, max-snippet:-1, max-image-preview:large, max-video-preview:-1\" \/>\n<link rel=\"canonical\" href=\"https:\/\/test.arctic.klean.it\/udflugter\/iceberg-sightseeing\/\" \/>\n<meta property=\"og:locale\" content=\"da_DK\" \/>\n<meta property=\"og:type\" content=\"article\" \/>\n<meta property=\"og:title\" content=\"Sejltur mellem isbjerge - Arctic Excursions\" \/>\n<meta property=\"og:description\" content=\"Ilulissats isbjerge er smukke i al slags vejr. Intet kan m\u00e5le sig med en sejltur blandt dem p\u00e5 fjorden!\" \/>\n<meta property=\"og:url\" content=\"https:\/\/test.arctic.klean.it\/udflugter\/iceberg-sightseeing\/\" \/>\n<meta property=\"og:site_name\" content=\"Arctic Excursions\" \/>\n<meta property=\"article:modified_time\" content=\"2023-01-16T10:46:42+00:00\" \/>\n<meta property=\"og:image\" content=\"https:\/\/test.arctic.klean.it\/wp-content\/uploads\/2022\/06\/Ilimanaq-Ferry-Photo-Rob-Whitworth.jpg\" \/>\n\t<meta property=\"og:image:width\" content=\"1600\" \/>\n\t<meta property=\"og:image:height\" content=\"1067\" \/>\n\t<meta property=\"og:image:type\" content=\"image\/jpeg\" \/>\n<meta name=\"twitter:card\" content=\"summary_large_image\" \/>\n<meta name=\"twitter:label1\" content=\"Estimeret l\u00e6setid\" \/>\n\t<meta name=\"twitter:data1\" content=\"1 minut\" \/>\n<script type=\"application\/ld+json\" class=\"yoast-schema-graph\">{\"@context\":\"https:\/\/schema.org\",\"@graph\":[{\"@type\":\"WebPage\",\"@id\":\"https:\/\/test.arctic.klean.it\/udflugter\/iceberg-sightseeing\/\",\"url\":\"https:\/\/test.arctic.klean.it\/udflugter\/iceberg-sightseeing\/\",\"name\":\"Sejltur mellem isbjerge - Arctic Excursions\",\"isPartOf\":{\"@id\":\"https:\/\/test.arctic.klean.it\/#website\"},\"primaryImageOfPage\":{\"@id\":\"https:\/\/test.arctic.klean.it\/udflugter\/iceberg-sightseeing\/#primaryimage\"},\"image\":{\"@id\":\"https:\/\/test.arctic.klean.it\/udflugter\/iceberg-sightseeing\/#primaryimage\"},\"thumbnailUrl\":\"https:\/\/test.arctic.klean.it\/wp-content\/uploads\/2022\/06\/Ilimanaq-Ferry-Photo-Rob-Whitworth.jpg\",\"datePublished\":\"2021-06-08T10:33:34+00:00\",\"dateModified\":\"2023-01-16T10:46:42+00:00\",\"breadcrumb\":{\"@id\":\"https:\/\/test.arctic.klean.it\/udflugter\/iceberg-sightseeing\/#breadcrumb\"},\"inLanguage\":\"da-DK\",\"potentialAction\":[{\"@type\":\"ReadAction\",\"target\":[\"https:\/\/test.arctic.klean.it\/udflugter\/iceberg-sightseeing\/\"]}]},{\"@type\":\"ImageObject\",\"inLanguage\":\"da-DK\",\"@id\":\"https:\/\/test.arctic.klean.it\/udflugter\/iceberg-sightseeing\/#primaryimage\",\"url\":\"https:\/\/test.arctic.klean.it\/wp-content\/uploads\/2022\/06\/Ilimanaq-Ferry-Photo-Rob-Whitworth.jpg\",\"contentUrl\":\"https:\/\/test.arctic.klean.it\/wp-content\/uploads\/2022\/06\/Ilimanaq-Ferry-Photo-Rob-Whitworth.jpg\",\"width\":1600,\"height\":1067},{\"@type\":\"BreadcrumbList\",\"@id\":\"https:\/\/test.arctic.klean.it\/udflugter\/iceberg-sightseeing\/#breadcrumb\",\"itemListElement\":[{\"@type\":\"ListItem\",\"position\":1,\"name\":\"Udflugter i Gr\u00f8nland\",\"item\":\"https:\/\/test.arctic.klean.it\/da\/udflugter\/\"},{\"@type\":\"ListItem\",\"position\":2,\"name\":\"Sejltur mellem isbjerge\"}]},{\"@type\":\"WebSite\",\"@id\":\"https:\/\/test.arctic.klean.it\/#website\",\"url\":\"https:\/\/test.arctic.klean.it\/\",\"name\":\"Arctic Excursions\",\"description\":\"New adventures. Every day.\",\"potentialAction\":[{\"@type\":\"SearchAction\",\"target\":{\"@type\":\"EntryPoint\",\"urlTemplate\":\"https:\/\/test.arctic.klean.it\/?s={search_term_string}\"},\"query-input\":{\"@type\":\"PropertyValueSpecification\",\"valueRequired\":true,\"valueName\":\"search_term_string\"}}],\"inLanguage\":\"da-DK\"}]}<\/script>\n<!-- \/ Yoast SEO plugin. -->","yoast_head_json":{"title":"Arctic Excursions","robots":{"index":"index","follow":"follow","max-snippet":"max-snippet:-1","max-image-preview":"max-image-preview:large","max-video-preview":"max-video-preview:-1"},"canonical":"https:\/\/test.arctic.klean.it\/udflugter\/iceberg-sightseeing\/","og_locale":"da_DK","og_type":"article","og_title":"Sejltur mellem isbjerge - Arctic Excursions","og_description":"Ilulissats isbjerge er smukke i al slags vejr. Intet kan m\u00e5le sig med en sejltur blandt dem p\u00e5 fjorden!","og_url":"https:\/\/test.arctic.klean.it\/udflugter\/iceberg-sightseeing\/","og_site_name":"Arctic Excursions","article_modified_time":"2023-01-16T10:46:42+00:00","og_image":[{"width":1600,"height":1067,"url":"https:\/\/test.arctic.klean.it\/wp-content\/uploads\/2022\/06\/Ilimanaq-Ferry-Photo-Rob-Whitworth.jpg","type":"image\/jpeg"}],"twitter_card":"summary_large_image","twitter_misc":{"Estimeret l\u00e6setid":"1 minut"},"schema":{"@context":"https:\/\/schema.org","@graph":[{"@type":"WebPage","@id":"https:\/\/test.arctic.klean.it\/udflugter\/iceberg-sightseeing\/","url":"https:\/\/test.arctic.klean.it\/udflugter\/iceberg-sightseeing\/","name":"Sejltur mellem isbjerge - Arctic Excursions","isPartOf":{"@id":"https:\/\/test.arctic.klean.it\/#website"},"primaryImageOfPage":{"@id":"https:\/\/test.arctic.klean.it\/udflugter\/iceberg-sightseeing\/#primaryimage"},"image":{"@id":"https:\/\/test.arctic.klean.it\/udflugter\/iceberg-sightseeing\/#primaryimage"},"thumbnailUrl":"https:\/\/test.arctic.klean.it\/wp-content\/uploads\/2022\/06\/Ilimanaq-Ferry-Photo-Rob-Whitworth.jpg","datePublished":"2021-06-08T10:33:34+00:00","dateModified":"2023-01-16T10:46:42+00:00","breadcrumb":{"@id":"https:\/\/test.arctic.klean.it\/udflugter\/iceberg-sightseeing\/#breadcrumb"},"inLanguage":"da-DK","potentialAction":[{"@type":"ReadAction","target":["https:\/\/test.arctic.klean.it\/udflugter\/iceberg-sightseeing\/"]}]},{"@type":"ImageObject","inLanguage":"da-DK","@id":"https:\/\/test.arctic.klean.it\/udflugter\/iceberg-sightseeing\/#primaryimage","url":"https:\/\/test.arctic.klean.it\/wp-content\/uploads\/2022\/06\/Ilimanaq-Ferry-Photo-Rob-Whitworth.jpg","contentUrl":"https:\/\/test.arctic.klean.it\/wp-content\/uploads\/2022\/06\/Ilimanaq-Ferry-Photo-Rob-Whitworth.jpg","width":1600,"height":1067},{"@type":"BreadcrumbList","@id":"https:\/\/test.arctic.klean.it\/udflugter\/iceberg-sightseeing\/#breadcrumb","itemListElement":[{"@type":"ListItem","position":1,"name":"Udflugter i Gr\u00f8nland","item":"https:\/\/test.arctic.klean.it\/da\/udflugter\/"},{"@type":"ListItem","position":2,"name":"Sejltur mellem isbjerge"}]},{"@type":"WebSite","@id":"https:\/\/test.arctic.klean.it\/#website","url":"https:\/\/test.arctic.klean.it\/","name":"Arctic Excursions","description":"New adventures. Every day.","potentialAction":[{"@type":"SearchAction","target":{"@type":"EntryPoint","urlTemplate":"https:\/\/test.arctic.klean.it\/?s={search_term_string}"},"query-input":{"@type":"PropertyValueSpecification","valueRequired":true,"valueName":"search_term_string"}}],"inLanguage":"da-DK"}]}},"_links":{"self":[{"href":"https:\/\/test.arctic.klean.it\/da\/wp-json\/wp\/v2\/product\/892","targetHints":{"allow":["GET"]}}],"collection":[{"href":"https:\/\/test.arctic.klean.it\/da\/wp-json\/wp\/v2\/product"}],"about":[{"href":"https:\/\/test.arctic.klean.it\/da\/wp-json\/wp\/v2\/types\/product"}],"replies":[{"embeddable":true,"href":"https:\/\/test.arctic.klean.it\/da\/wp-json\/wp\/v2\/comments?post=892"}],"wp:featuredmedia":[{"embeddable":true,"href":"https:\/\/test.arctic.klean.it\/da\/wp-json\/wp\/v2\/media\/2072"}],"wp:attachment":[{"href":"https:\/\/test.arctic.klean.it\/da\/wp-json\/wp\/v2\/media?parent=892"}],"wp:term":[{"taxonomy":"product_brand","embeddable":true,"href":"https:\/\/test.arctic.klean.it\/da\/wp-json\/wp\/v2\/product_brand?post=892"},{"taxonomy":"product_cat","embeddable":true,"href":"https:\/\/test.arctic.klean.it\/da\/wp-json\/wp\/v2\/product_cat?post=892"},{"taxonomy":"product_tag","embeddable":true,"href":"https:\/\/test.arctic.klean.it\/da\/wp-json\/wp\/v2\/product_tag?post=892"}],"curies":[{"name":"wp","href":"https:\/\/api.w.org\/{rel}","templated":true}]}}