{"id":898,"date":"2021-06-08T12:49:34","date_gmt":"2021-06-08T10:49:34","guid":{"rendered":"https:\/\/test.arctic.klean.it\/?post_type=product&#038;p=898"},"modified":"2023-08-15T10:45:27","modified_gmt":"2023-08-15T08:45:27","slug":"ilulissat-byrundtur","status":"publish","type":"product","link":"https:\/\/test.arctic.klean.it\/da\/udflugter\/ilulissat-byrundtur\/","title":{"rendered":"Ilulissat Byrundtur"},"content":{"rendered":"<p><strong>Lokation:<\/strong> Ilulissat<\/p>\n<p>Ilulissat er Gr\u00f8nlands tredjest\u00f8rste by med omkring 4.500 indbyggere. P\u00e5 grund af de fantastiske fiske- og jagtmuligheder har omr\u00e5det v\u00e6ret beboet i over 4.000 \u00e5r.<\/p>\n<p>Vores guidede byvandring er en fantastisk m\u00e5de at l\u00e6re meget om Ilulissat og Gr\u00f8nland p\u00e5 kort tid. Guiden giver dig et overblik over omr\u00e5dets historie og kultur. Vi kommer ogs\u00e5 forbi byens museum, der har til huse i det hus, hvor den verdensber\u00f8mte polarforsker Knud Rasmussen voksede op. Derudover oplever vi byens travle havn, de gamle boliger fra kolonitiden og den n\u00e6sten 250 \u00e5r gamle Zion Kirke. For ikke at n\u00e6vne Br\u00e6ttet, det lokale k\u00f8d- og r\u00e5varemarked!<\/p>\n<p>P\u00e5 hele turen fort\u00e6ller guiden dig om byens historie, Gr\u00f8nlands kultur og livet I dag, nu hvor du er 300 kilometer nord for Polarcirklen.<\/p>\n<p><strong>Bem\u00e6rk venligst<\/strong><br \/>\n&#8211; Husk at have t\u00f8j p\u00e5 efter \u00e5rstiden.<\/p>\n<p><strong>Varighed:\u00a0<\/strong>2 timer<br \/>\n<strong>S\u00e6son:<\/strong> Hele \u00e5ret<br \/>\n<strong>Deltagere: <\/strong>Min. 4<br \/>\n<strong>Sv\u00e6rhedsgrad: <\/strong>Level 1<\/p>\n","protected":false},"excerpt":{"rendered":"<p>Ilulissat er blevet ret ber\u00f8mt gennem de seneste 25 \u00e5r, og det er forst\u00e5eligt nok. Folk fra hele verden har nemlig indset, hvor smukt stedet er.<\/p>\n","protected":false},"featured_media":1077,"comment_status":"open","ping_status":"closed","template":"","meta":{"_acf_changed":false},"product_brand":[],"product_cat":[170],"product_tag":[159],"class_list":{"0":"post-898","1":"product","2":"type-product","3":"status-publish","4":"has-post-thumbnail","6":"product_cat-udflugt","7":"product_tag-1-da","8":"pa_dato-172","9":"pa_dato-329","10":"pa_dato-440","11":"pa_dato-441","12":"pa_dato-442","13":"pa_dato-443","14":"pa_dato-444","15":"pa_dato-445","16":"pa_dato-446","17":"pa_dato-447","18":"pa_dato-448","19":"pa_dato-449","20":"pa_dato-450","21":"pa_dato-336","22":"pa_dato-339","23":"pa_dato-342","24":"pa_dato-345","25":"pa_dato-348","26":"pa_dato-351","27":"pa_dato-354","28":"pa_dato-384","29":"pa_dato-418","30":"pa_dato-392","31":"pa_dato-396","32":"pa_tidspunkt-189","33":"pa_tidspunkt-304","34":"pa_tidspunkt-177","35":"pa_tidspunkt-314","36":"pa_tidspunkt-61","37":"tour_location-ilulissat-da","38":"tour_type-byvandring","39":"tour_operator-world-of-greenland","41":"first","42":"outofstock","43":"shipping-taxable","44":"product-type-variable"},"acf":[],"yoast_head":"<!-- This site is optimized with the Yoast SEO plugin v25.2 - https:\/\/yoast.com\/wordpress\/plugins\/seo\/ -->\n<title>Arctic Excursions<\/title>\n<meta name=\"robots\" content=\"index, follow, max-snippet:-1, max-image-preview:large, max-video-preview:-1\" \/>\n<link rel=\"canonical\" href=\"https:\/\/test.arctic.klean.it\/udflugter\/ilulissat-sightseeing-walk\/\" \/>\n<meta property=\"og:locale\" content=\"da_DK\" \/>\n<meta property=\"og:type\" content=\"article\" \/>\n<meta property=\"og:title\" content=\"Ilulissat Byrundtur - Arctic Excursions\" \/>\n<meta property=\"og:description\" content=\"Ilulissat er blevet ret ber\u00f8mt gennem de seneste 25 \u00e5r, og det er forst\u00e5eligt nok. Folk fra hele verden har nemlig indset, hvor smukt stedet er.\" \/>\n<meta property=\"og:url\" content=\"https:\/\/test.arctic.klean.it\/udflugter\/ilulissat-sightseeing-walk\/\" \/>\n<meta property=\"og:site_name\" content=\"Arctic Excursions\" \/>\n<meta property=\"article:modified_time\" content=\"2023-08-15T08:45:27+00:00\" \/>\n<meta property=\"og:image\" content=\"https:\/\/test.arctic.klean.it\/wp-content\/uploads\/2021\/06\/A-guided-tour-near-the-church-in-Ilulissat-in-Greenland.jpg\" \/>\n\t<meta property=\"og:image:width\" content=\"1600\" \/>\n\t<meta property=\"og:image:height\" content=\"1067\" \/>\n\t<meta property=\"og:image:type\" content=\"image\/jpeg\" \/>\n<meta name=\"twitter:card\" content=\"summary_large_image\" \/>\n<meta name=\"twitter:label1\" content=\"Estimeret l\u00e6setid\" \/>\n\t<meta name=\"twitter:data1\" content=\"1 minut\" \/>\n<script type=\"application\/ld+json\" class=\"yoast-schema-graph\">{\"@context\":\"https:\/\/schema.org\",\"@graph\":[{\"@type\":\"WebPage\",\"@id\":\"https:\/\/test.arctic.klean.it\/udflugter\/ilulissat-sightseeing-walk\/\",\"url\":\"https:\/\/test.arctic.klean.it\/udflugter\/ilulissat-sightseeing-walk\/\",\"name\":\"Ilulissat Byrundtur - Arctic Excursions\",\"isPartOf\":{\"@id\":\"https:\/\/test.arctic.klean.it\/#website\"},\"primaryImageOfPage\":{\"@id\":\"https:\/\/test.arctic.klean.it\/udflugter\/ilulissat-sightseeing-walk\/#primaryimage\"},\"image\":{\"@id\":\"https:\/\/test.arctic.klean.it\/udflugter\/ilulissat-sightseeing-walk\/#primaryimage\"},\"thumbnailUrl\":\"https:\/\/test.arctic.klean.it\/wp-content\/uploads\/2021\/06\/A-guided-tour-near-the-church-in-Ilulissat-in-Greenland.jpg\",\"datePublished\":\"2021-06-08T10:49:34+00:00\",\"dateModified\":\"2023-08-15T08:45:27+00:00\",\"breadcrumb\":{\"@id\":\"https:\/\/test.arctic.klean.it\/udflugter\/ilulissat-sightseeing-walk\/#breadcrumb\"},\"inLanguage\":\"da-DK\",\"potentialAction\":[{\"@type\":\"ReadAction\",\"target\":[\"https:\/\/test.arctic.klean.it\/udflugter\/ilulissat-sightseeing-walk\/\"]}]},{\"@type\":\"ImageObject\",\"inLanguage\":\"da-DK\",\"@id\":\"https:\/\/test.arctic.klean.it\/udflugter\/ilulissat-sightseeing-walk\/#primaryimage\",\"url\":\"https:\/\/test.arctic.klean.it\/wp-content\/uploads\/2021\/06\/A-guided-tour-near-the-church-in-Ilulissat-in-Greenland.jpg\",\"contentUrl\":\"https:\/\/test.arctic.klean.it\/wp-content\/uploads\/2021\/06\/A-guided-tour-near-the-church-in-Ilulissat-in-Greenland.jpg\",\"width\":1600,\"height\":1067,\"caption\":\"Photo by Mads Pihl - Visit Greenland - Da\"},{\"@type\":\"BreadcrumbList\",\"@id\":\"https:\/\/test.arctic.klean.it\/udflugter\/ilulissat-sightseeing-walk\/#breadcrumb\",\"itemListElement\":[{\"@type\":\"ListItem\",\"position\":1,\"name\":\"Udflugter i Gr\u00f8nland\",\"item\":\"https:\/\/test.arctic.klean.it\/da\/udflugter\/\"},{\"@type\":\"ListItem\",\"position\":2,\"name\":\"Ilulissat Byrundtur\"}]},{\"@type\":\"WebSite\",\"@id\":\"https:\/\/test.arctic.klean.it\/#website\",\"url\":\"https:\/\/test.arctic.klean.it\/\",\"name\":\"Arctic Excursions\",\"description\":\"New adventures. Every day.\",\"potentialAction\":[{\"@type\":\"SearchAction\",\"target\":{\"@type\":\"EntryPoint\",\"urlTemplate\":\"https:\/\/test.arctic.klean.it\/?s={search_term_string}\"},\"query-input\":{\"@type\":\"PropertyValueSpecification\",\"valueRequired\":true,\"valueName\":\"search_term_string\"}}],\"inLanguage\":\"da-DK\"}]}<\/script>\n<!-- \/ Yoast SEO plugin. -->","yoast_head_json":{"title":"Arctic Excursions","robots":{"index":"index","follow":"follow","max-snippet":"max-snippet:-1","max-image-preview":"max-image-preview:large","max-video-preview":"max-video-preview:-1"},"canonical":"https:\/\/test.arctic.klean.it\/udflugter\/ilulissat-sightseeing-walk\/","og_locale":"da_DK","og_type":"article","og_title":"Ilulissat Byrundtur - Arctic Excursions","og_description":"Ilulissat er blevet ret ber\u00f8mt gennem de seneste 25 \u00e5r, og det er forst\u00e5eligt nok. Folk fra hele verden har nemlig indset, hvor smukt stedet er.","og_url":"https:\/\/test.arctic.klean.it\/udflugter\/ilulissat-sightseeing-walk\/","og_site_name":"Arctic Excursions","article_modified_time":"2023-08-15T08:45:27+00:00","og_image":[{"width":1600,"height":1067,"url":"https:\/\/test.arctic.klean.it\/wp-content\/uploads\/2021\/06\/A-guided-tour-near-the-church-in-Ilulissat-in-Greenland.jpg","type":"image\/jpeg"}],"twitter_card":"summary_large_image","twitter_misc":{"Estimeret l\u00e6setid":"1 minut"},"schema":{"@context":"https:\/\/schema.org","@graph":[{"@type":"WebPage","@id":"https:\/\/test.arctic.klean.it\/udflugter\/ilulissat-sightseeing-walk\/","url":"https:\/\/test.arctic.klean.it\/udflugter\/ilulissat-sightseeing-walk\/","name":"Ilulissat Byrundtur - Arctic Excursions","isPartOf":{"@id":"https:\/\/test.arctic.klean.it\/#website"},"primaryImageOfPage":{"@id":"https:\/\/test.arctic.klean.it\/udflugter\/ilulissat-sightseeing-walk\/#primaryimage"},"image":{"@id":"https:\/\/test.arctic.klean.it\/udflugter\/ilulissat-sightseeing-walk\/#primaryimage"},"thumbnailUrl":"https:\/\/test.arctic.klean.it\/wp-content\/uploads\/2021\/06\/A-guided-tour-near-the-church-in-Ilulissat-in-Greenland.jpg","datePublished":"2021-06-08T10:49:34+00:00","dateModified":"2023-08-15T08:45:27+00:00","breadcrumb":{"@id":"https:\/\/test.arctic.klean.it\/udflugter\/ilulissat-sightseeing-walk\/#breadcrumb"},"inLanguage":"da-DK","potentialAction":[{"@type":"ReadAction","target":["https:\/\/test.arctic.klean.it\/udflugter\/ilulissat-sightseeing-walk\/"]}]},{"@type":"ImageObject","inLanguage":"da-DK","@id":"https:\/\/test.arctic.klean.it\/udflugter\/ilulissat-sightseeing-walk\/#primaryimage","url":"https:\/\/test.arctic.klean.it\/wp-content\/uploads\/2021\/06\/A-guided-tour-near-the-church-in-Ilulissat-in-Greenland.jpg","contentUrl":"https:\/\/test.arctic.klean.it\/wp-content\/uploads\/2021\/06\/A-guided-tour-near-the-church-in-Ilulissat-in-Greenland.jpg","width":1600,"height":1067,"caption":"Photo by Mads Pihl - Visit Greenland - Da"},{"@type":"BreadcrumbList","@id":"https:\/\/test.arctic.klean.it\/udflugter\/ilulissat-sightseeing-walk\/#breadcrumb","itemListElement":[{"@type":"ListItem","position":1,"name":"Udflugter i Gr\u00f8nland","item":"https:\/\/test.arctic.klean.it\/da\/udflugter\/"},{"@type":"ListItem","position":2,"name":"Ilulissat Byrundtur"}]},{"@type":"WebSite","@id":"https:\/\/test.arctic.klean.it\/#website","url":"https:\/\/test.arctic.klean.it\/","name":"Arctic Excursions","description":"New adventures. Every day.","potentialAction":[{"@type":"SearchAction","target":{"@type":"EntryPoint","urlTemplate":"https:\/\/test.arctic.klean.it\/?s={search_term_string}"},"query-input":{"@type":"PropertyValueSpecification","valueRequired":true,"valueName":"search_term_string"}}],"inLanguage":"da-DK"}]}},"_links":{"self":[{"href":"https:\/\/test.arctic.klean.it\/da\/wp-json\/wp\/v2\/product\/898","targetHints":{"allow":["GET"]}}],"collection":[{"href":"https:\/\/test.arctic.klean.it\/da\/wp-json\/wp\/v2\/product"}],"about":[{"href":"https:\/\/test.arctic.klean.it\/da\/wp-json\/wp\/v2\/types\/product"}],"replies":[{"embeddable":true,"href":"https:\/\/test.arctic.klean.it\/da\/wp-json\/wp\/v2\/comments?post=898"}],"wp:featuredmedia":[{"embeddable":true,"href":"https:\/\/test.arctic.klean.it\/da\/wp-json\/wp\/v2\/media\/1077"}],"wp:attachment":[{"href":"https:\/\/test.arctic.klean.it\/da\/wp-json\/wp\/v2\/media?parent=898"}],"wp:term":[{"taxonomy":"product_brand","embeddable":true,"href":"https:\/\/test.arctic.klean.it\/da\/wp-json\/wp\/v2\/product_brand?post=898"},{"taxonomy":"product_cat","embeddable":true,"href":"https:\/\/test.arctic.klean.it\/da\/wp-json\/wp\/v2\/product_cat?post=898"},{"taxonomy":"product_tag","embeddable":true,"href":"https:\/\/test.arctic.klean.it\/da\/wp-json\/wp\/v2\/product_tag?post=898"}],"curies":[{"name":"wp","href":"https:\/\/api.w.org\/{rel}","templated":true}]}}