{"id":910,"date":"2021-06-08T20:32:46","date_gmt":"2021-06-08T18:32:46","guid":{"rendered":"https:\/\/test.arctic.klean.it\/?post_type=product&#038;p=910"},"modified":"2023-03-30T02:05:54","modified_gmt":"2023-03-30T00:05:54","slug":"nordlyssafari","status":"publish","type":"product","link":"https:\/\/test.arctic.klean.it\/da\/udflugter\/nordlyssafari\/","title":{"rendered":"Nordlyssafari"},"content":{"rendered":"<p><strong>Lokation:<\/strong> Ilulissat<\/p>\n<p>Nordlys er blandt polarm\u00f8rkets store overraskelser, og det er n\u00e6sten en del af vores identitet i Gr\u00f8nland. Aurora Borealis er det smukkeste skue p\u00e5 nattehimlen. Solstorme over polerne skaber ideelle betingelser for at se det polare m\u00f8rkes vidunder.<\/p>\n<p>P\u00e5 m\u00f8rke, klare aftener uden skyer kan det forrygende nordlys ses over Ilulissat. Tag med os p\u00e5 en tur v\u00e6k fra byens elektriske lys og ud i naturens m\u00f8rke kroge. Din guide fort\u00e6ller om f\u00e6nomenets oprindelse og s\u00f8rger for at servere en l\u00e6kker varm drink under stjernerne og de dansende lys, s\u00e5 vi kan holde varmen.<\/p>\n<p><strong>Bem\u00e6rk venligst<\/strong><br \/>\n&#8211; Hvis vejret er overskyet, bliver turen aflyst. I s\u00e5danne tilf\u00e6lde vil vi fors\u00f8ge at planl\u00e6gge turen igen en anden dag, hvor du s\u00e5 kan deltage. Hvis dette ikke er muligt, refunderer vi natureligvis hele udflugtens pris.<\/p>\n<p><strong>Varighed:\u00a0<\/strong>2 timer<br \/>\n<strong>S\u00e6son:\u00a0<\/strong>September &#8211; Marts<br \/>\n<strong>Deltagere:\u00a0<\/strong>Min. 4<br \/>\n<strong>Sv\u00e6rhedsgrad:\u00a0<\/strong>Level 2<\/p>\n","protected":false},"excerpt":{"rendered":"<p>Tag med os ud i naturen til steder uden kunstigt lys og oplev nordlysets magi!<\/p>\n","protected":false},"featured_media":1997,"comment_status":"open","ping_status":"closed","template":"","meta":{"_acf_changed":false},"product_brand":[],"product_cat":[170],"product_tag":[160],"class_list":{"0":"post-910","1":"product","2":"type-product","3":"status-publish","4":"has-post-thumbnail","6":"product_cat-udflugt","7":"product_tag-2-da","8":"pa_dato-172","9":"pa_dato-424","10":"pa_dato-429","11":"pa_dato-462","12":"pa_dato-458","13":"pa_dato-450","14":"pa_dato-327","15":"pa_dato-362","16":"pa_dato-340","17":"pa_dato-346","18":"pa_dato-349","19":"pa_dato-352","20":"pa_dato-355","21":"pa_tidspunkt-189","22":"pa_tidspunkt-86","23":"pa_tidspunkt-231","24":"pa_tidspunkt-463","25":"tour_location-ilulissat-da","26":"tour_type-nordlys","27":"tour_operator-world-of-greenland","29":"first","30":"outofstock","31":"shipping-taxable","32":"product-type-variable"},"acf":[],"yoast_head":"<!-- This site is optimized with the Yoast SEO plugin v25.2 - https:\/\/yoast.com\/wordpress\/plugins\/seo\/ -->\n<title>Arctic Excursions<\/title>\n<meta name=\"robots\" content=\"index, follow, max-snippet:-1, max-image-preview:large, max-video-preview:-1\" \/>\n<link rel=\"canonical\" href=\"https:\/\/test.arctic.klean.it\/udflugter\/northern-lights-safari\/\" \/>\n<meta property=\"og:locale\" content=\"da_DK\" \/>\n<meta property=\"og:type\" content=\"article\" \/>\n<meta property=\"og:title\" content=\"Nordlyssafari - Arctic Excursions\" \/>\n<meta property=\"og:description\" content=\"Tag med os ud i naturen til steder uden kunstigt lys og oplev nordlysets magi!\" \/>\n<meta property=\"og:url\" content=\"https:\/\/test.arctic.klean.it\/udflugter\/northern-lights-safari\/\" \/>\n<meta property=\"og:site_name\" content=\"Arctic Excursions\" \/>\n<meta property=\"article:modified_time\" content=\"2023-03-30T00:05:54+00:00\" \/>\n<meta property=\"og:image\" content=\"https:\/\/test.arctic.klean.it\/wp-content\/uploads\/2022\/05\/north-greenland-captures-the-northern-lights-ilulissat-icefjord-paul-zizka-visit-greenland.jpg\" \/>\n\t<meta property=\"og:image:width\" content=\"2000\" \/>\n\t<meta property=\"og:image:height\" content=\"1348\" \/>\n\t<meta property=\"og:image:type\" content=\"image\/jpeg\" \/>\n<meta name=\"twitter:card\" content=\"summary_large_image\" \/>\n<meta name=\"twitter:label1\" content=\"Estimeret l\u00e6setid\" \/>\n\t<meta name=\"twitter:data1\" content=\"1 minut\" \/>\n<script type=\"application\/ld+json\" class=\"yoast-schema-graph\">{\"@context\":\"https:\/\/schema.org\",\"@graph\":[{\"@type\":\"WebPage\",\"@id\":\"https:\/\/test.arctic.klean.it\/udflugter\/northern-lights-safari\/\",\"url\":\"https:\/\/test.arctic.klean.it\/udflugter\/northern-lights-safari\/\",\"name\":\"Nordlyssafari - Arctic Excursions\",\"isPartOf\":{\"@id\":\"https:\/\/test.arctic.klean.it\/#website\"},\"primaryImageOfPage\":{\"@id\":\"https:\/\/test.arctic.klean.it\/udflugter\/northern-lights-safari\/#primaryimage\"},\"image\":{\"@id\":\"https:\/\/test.arctic.klean.it\/udflugter\/northern-lights-safari\/#primaryimage\"},\"thumbnailUrl\":\"https:\/\/test.arctic.klean.it\/wp-content\/uploads\/2022\/05\/north-greenland-captures-the-northern-lights-ilulissat-icefjord-paul-zizka-visit-greenland.jpg\",\"datePublished\":\"2021-06-08T18:32:46+00:00\",\"dateModified\":\"2023-03-30T00:05:54+00:00\",\"breadcrumb\":{\"@id\":\"https:\/\/test.arctic.klean.it\/udflugter\/northern-lights-safari\/#breadcrumb\"},\"inLanguage\":\"da-DK\",\"potentialAction\":[{\"@type\":\"ReadAction\",\"target\":[\"https:\/\/test.arctic.klean.it\/udflugter\/northern-lights-safari\/\"]}]},{\"@type\":\"ImageObject\",\"inLanguage\":\"da-DK\",\"@id\":\"https:\/\/test.arctic.klean.it\/udflugter\/northern-lights-safari\/#primaryimage\",\"url\":\"https:\/\/test.arctic.klean.it\/wp-content\/uploads\/2022\/05\/north-greenland-captures-the-northern-lights-ilulissat-icefjord-paul-zizka-visit-greenland.jpg\",\"contentUrl\":\"https:\/\/test.arctic.klean.it\/wp-content\/uploads\/2022\/05\/north-greenland-captures-the-northern-lights-ilulissat-icefjord-paul-zizka-visit-greenland.jpg\",\"width\":2000,\"height\":1348},{\"@type\":\"BreadcrumbList\",\"@id\":\"https:\/\/test.arctic.klean.it\/udflugter\/northern-lights-safari\/#breadcrumb\",\"itemListElement\":[{\"@type\":\"ListItem\",\"position\":1,\"name\":\"Udflugter i Gr\u00f8nland\",\"item\":\"https:\/\/test.arctic.klean.it\/da\/udflugter\/\"},{\"@type\":\"ListItem\",\"position\":2,\"name\":\"Nordlyssafari\"}]},{\"@type\":\"WebSite\",\"@id\":\"https:\/\/test.arctic.klean.it\/#website\",\"url\":\"https:\/\/test.arctic.klean.it\/\",\"name\":\"Arctic Excursions\",\"description\":\"New adventures. Every day.\",\"potentialAction\":[{\"@type\":\"SearchAction\",\"target\":{\"@type\":\"EntryPoint\",\"urlTemplate\":\"https:\/\/test.arctic.klean.it\/?s={search_term_string}\"},\"query-input\":{\"@type\":\"PropertyValueSpecification\",\"valueRequired\":true,\"valueName\":\"search_term_string\"}}],\"inLanguage\":\"da-DK\"}]}<\/script>\n<!-- \/ Yoast SEO plugin. -->","yoast_head_json":{"title":"Arctic Excursions","robots":{"index":"index","follow":"follow","max-snippet":"max-snippet:-1","max-image-preview":"max-image-preview:large","max-video-preview":"max-video-preview:-1"},"canonical":"https:\/\/test.arctic.klean.it\/udflugter\/northern-lights-safari\/","og_locale":"da_DK","og_type":"article","og_title":"Nordlyssafari - Arctic Excursions","og_description":"Tag med os ud i naturen til steder uden kunstigt lys og oplev nordlysets magi!","og_url":"https:\/\/test.arctic.klean.it\/udflugter\/northern-lights-safari\/","og_site_name":"Arctic Excursions","article_modified_time":"2023-03-30T00:05:54+00:00","og_image":[{"width":2000,"height":1348,"url":"https:\/\/test.arctic.klean.it\/wp-content\/uploads\/2022\/05\/north-greenland-captures-the-northern-lights-ilulissat-icefjord-paul-zizka-visit-greenland.jpg","type":"image\/jpeg"}],"twitter_card":"summary_large_image","twitter_misc":{"Estimeret l\u00e6setid":"1 minut"},"schema":{"@context":"https:\/\/schema.org","@graph":[{"@type":"WebPage","@id":"https:\/\/test.arctic.klean.it\/udflugter\/northern-lights-safari\/","url":"https:\/\/test.arctic.klean.it\/udflugter\/northern-lights-safari\/","name":"Nordlyssafari - Arctic Excursions","isPartOf":{"@id":"https:\/\/test.arctic.klean.it\/#website"},"primaryImageOfPage":{"@id":"https:\/\/test.arctic.klean.it\/udflugter\/northern-lights-safari\/#primaryimage"},"image":{"@id":"https:\/\/test.arctic.klean.it\/udflugter\/northern-lights-safari\/#primaryimage"},"thumbnailUrl":"https:\/\/test.arctic.klean.it\/wp-content\/uploads\/2022\/05\/north-greenland-captures-the-northern-lights-ilulissat-icefjord-paul-zizka-visit-greenland.jpg","datePublished":"2021-06-08T18:32:46+00:00","dateModified":"2023-03-30T00:05:54+00:00","breadcrumb":{"@id":"https:\/\/test.arctic.klean.it\/udflugter\/northern-lights-safari\/#breadcrumb"},"inLanguage":"da-DK","potentialAction":[{"@type":"ReadAction","target":["https:\/\/test.arctic.klean.it\/udflugter\/northern-lights-safari\/"]}]},{"@type":"ImageObject","inLanguage":"da-DK","@id":"https:\/\/test.arctic.klean.it\/udflugter\/northern-lights-safari\/#primaryimage","url":"https:\/\/test.arctic.klean.it\/wp-content\/uploads\/2022\/05\/north-greenland-captures-the-northern-lights-ilulissat-icefjord-paul-zizka-visit-greenland.jpg","contentUrl":"https:\/\/test.arctic.klean.it\/wp-content\/uploads\/2022\/05\/north-greenland-captures-the-northern-lights-ilulissat-icefjord-paul-zizka-visit-greenland.jpg","width":2000,"height":1348},{"@type":"BreadcrumbList","@id":"https:\/\/test.arctic.klean.it\/udflugter\/northern-lights-safari\/#breadcrumb","itemListElement":[{"@type":"ListItem","position":1,"name":"Udflugter i Gr\u00f8nland","item":"https:\/\/test.arctic.klean.it\/da\/udflugter\/"},{"@type":"ListItem","position":2,"name":"Nordlyssafari"}]},{"@type":"WebSite","@id":"https:\/\/test.arctic.klean.it\/#website","url":"https:\/\/test.arctic.klean.it\/","name":"Arctic Excursions","description":"New adventures. Every day.","potentialAction":[{"@type":"SearchAction","target":{"@type":"EntryPoint","urlTemplate":"https:\/\/test.arctic.klean.it\/?s={search_term_string}"},"query-input":{"@type":"PropertyValueSpecification","valueRequired":true,"valueName":"search_term_string"}}],"inLanguage":"da-DK"}]}},"_links":{"self":[{"href":"https:\/\/test.arctic.klean.it\/da\/wp-json\/wp\/v2\/product\/910","targetHints":{"allow":["GET"]}}],"collection":[{"href":"https:\/\/test.arctic.klean.it\/da\/wp-json\/wp\/v2\/product"}],"about":[{"href":"https:\/\/test.arctic.klean.it\/da\/wp-json\/wp\/v2\/types\/product"}],"replies":[{"embeddable":true,"href":"https:\/\/test.arctic.klean.it\/da\/wp-json\/wp\/v2\/comments?post=910"}],"wp:featuredmedia":[{"embeddable":true,"href":"https:\/\/test.arctic.klean.it\/da\/wp-json\/wp\/v2\/media\/1997"}],"wp:attachment":[{"href":"https:\/\/test.arctic.klean.it\/da\/wp-json\/wp\/v2\/media?parent=910"}],"wp:term":[{"taxonomy":"product_brand","embeddable":true,"href":"https:\/\/test.arctic.klean.it\/da\/wp-json\/wp\/v2\/product_brand?post=910"},{"taxonomy":"product_cat","embeddable":true,"href":"https:\/\/test.arctic.klean.it\/da\/wp-json\/wp\/v2\/product_cat?post=910"},{"taxonomy":"product_tag","embeddable":true,"href":"https:\/\/test.arctic.klean.it\/da\/wp-json\/wp\/v2\/product_tag?post=910"}],"curies":[{"name":"wp","href":"https:\/\/api.w.org\/{rel}","templated":true}]}}