{"id":928,"date":"2022-05-12T09:30:11","date_gmt":"2022-05-12T07:30:11","guid":{"rendered":"https:\/\/test.arctic.klean.it\/?post_type=product&#038;p=928"},"modified":"2023-08-15T10:45:27","modified_gmt":"2023-08-15T08:45:27","slug":"praesentation-af-groenlands-slaedehund","status":"publish","type":"product","link":"https:\/\/test.arctic.klean.it\/da\/udflugter\/praesentation-af-groenlands-slaedehund\/","title":{"rendered":"Pr\u00e6sentation af Gr\u00f8nlands Sl\u00e6dehund"},"content":{"rendered":"<p><strong>Lokation:<\/strong> Ilulissat<\/p>\n<p>Vi har seks vinterm\u00e5neder i Ilulissat hvert \u00e5r, og vintertid er lig med &#8220;sl\u00e6detid&#8221;. Omkring 1.800 hunde bruges til b\u00e5de arbejde og leg. Hundene og deres sl\u00e6der bringer hellefisk fra isfjorden til Ilulissat for langlinefiskerene. Heller ikke i dag kan snescooteren konkurrere med hundesl\u00e6den, en 2.000 \u00e5r gammel gr\u00f8nlandsk rejseform.<\/p>\n<p>Kom og deltag i fodringen af et hundespand p\u00e5 denne korte udflugt. Op til 20 sultne hunde vil hyle og hoppe, n\u00e5r deres ejer n\u00e6rmer sig dem. Sl\u00e6dekusken fort\u00e6ller om sl\u00e6den og selet\u00f8jet, og pisken vil blive demonstreret. Ejeren forklarer ogs\u00e5 om en sl\u00e6dehunds liv i Gr\u00f8nland.<\/p>\n<p><strong>Bem\u00e6rk venligst<\/strong><br \/>\n&#8211; Tag praktisk t\u00f8j p\u00e5. Det kan v\u00e6re snavset ved hundeg\u00e5rden.<br \/>\n&#8211; Hold en sikker afstand til hundene. De er arbejdshunde og opf\u00f8rer sig ikke p\u00e5 samme m\u00e5de som k\u00e6ledyr. Du kan sp\u00f8rge hundeejeren, hvilke hunde der er sikre at k\u00e6le.<br \/>\n&#8211; Alle deltagere skal v\u00e6re mindst otte \u00e5r.<\/p>\n<p><strong>Varighed:\u00a0<\/strong>1 time<br \/>\n<strong>S\u00e6son:\u00a0<\/strong>Hele \u00e5ret<br \/>\n<strong>Deltagere:\u00a0<\/strong>Min. 4<br \/>\n<strong>Sv\u00e6rhedsgrad:\u00a0<\/strong>Level 1<\/p>\n","protected":false},"excerpt":{"rendered":"<p>Hvis du kan lide hunde, m\u00e5 du ikke g\u00e5 glip af denne tur. Den gr\u00f8nlandske sl\u00e6dehund er som intet andet dyr!<\/p>\n","protected":false},"featured_media":2259,"comment_status":"open","ping_status":"closed","template":"","meta":{"_acf_changed":false},"product_brand":[],"product_cat":[170],"product_tag":[159],"class_list":{"0":"post-928","1":"product","2":"type-product","3":"status-publish","4":"has-post-thumbnail","6":"product_cat-udflugt","7":"product_tag-1-da","8":"pa_dato-172","9":"pa_dato-464","10":"pa_dato-333","11":"pa_dato-335","12":"pa_dato-338","13":"pa_dato-341","14":"pa_dato-344","15":"pa_dato-347","16":"pa_dato-350","17":"pa_dato-353","18":"pa_dato-356","19":"pa_dato-419","20":"pa_tidspunkt-189","21":"pa_tidspunkt-40","22":"pa_tidspunkt-76","23":"pa_tidspunkt-314","24":"pa_tidspunkt-308","25":"pa_tidspunkt-61","26":"tour_location-ilulissat-da","27":"tour_type-hundeslaede","28":"tour_operator-world-of-greenland","30":"first","31":"outofstock","32":"shipping-taxable","33":"product-type-variable"},"acf":[],"yoast_head":"<!-- This site is optimized with the Yoast SEO plugin v25.2 - https:\/\/yoast.com\/wordpress\/plugins\/seo\/ -->\n<title>Arctic Excursions<\/title>\n<meta name=\"robots\" content=\"index, follow, max-snippet:-1, max-image-preview:large, max-video-preview:-1\" \/>\n<link rel=\"canonical\" href=\"https:\/\/test.arctic.klean.it\/udflugter\/presentation-of-the-greenland-sled-dog\/\" \/>\n<meta property=\"og:locale\" content=\"da_DK\" \/>\n<meta property=\"og:type\" content=\"article\" \/>\n<meta property=\"og:title\" content=\"Pr\u00e6sentation af Gr\u00f8nlands Sl\u00e6dehund - Arctic Excursions\" \/>\n<meta property=\"og:description\" content=\"Hvis du kan lide hunde, m\u00e5 du ikke g\u00e5 glip af denne tur. Den gr\u00f8nlandske sl\u00e6dehund er som intet andet dyr!\" \/>\n<meta property=\"og:url\" content=\"https:\/\/test.arctic.klean.it\/udflugter\/presentation-of-the-greenland-sled-dog\/\" \/>\n<meta property=\"og:site_name\" content=\"Arctic Excursions\" \/>\n<meta property=\"article:modified_time\" content=\"2023-08-15T08:45:27+00:00\" \/>\n<meta property=\"og:image\" content=\"https:\/\/test.arctic.klean.it\/wp-content\/uploads\/2022\/06\/moed-slaedehundene-groenland-wog.jpg\" \/>\n\t<meta property=\"og:image:width\" content=\"1400\" \/>\n\t<meta property=\"og:image:height\" content=\"934\" \/>\n\t<meta property=\"og:image:type\" content=\"image\/jpeg\" \/>\n<meta name=\"twitter:card\" content=\"summary_large_image\" \/>\n<meta name=\"twitter:label1\" content=\"Estimeret l\u00e6setid\" \/>\n\t<meta name=\"twitter:data1\" content=\"1 minut\" \/>\n<script type=\"application\/ld+json\" class=\"yoast-schema-graph\">{\"@context\":\"https:\/\/schema.org\",\"@graph\":[{\"@type\":\"WebPage\",\"@id\":\"https:\/\/test.arctic.klean.it\/udflugter\/presentation-of-the-greenland-sled-dog\/\",\"url\":\"https:\/\/test.arctic.klean.it\/udflugter\/presentation-of-the-greenland-sled-dog\/\",\"name\":\"Pr\u00e6sentation af Gr\u00f8nlands Sl\u00e6dehund - Arctic Excursions\",\"isPartOf\":{\"@id\":\"https:\/\/test.arctic.klean.it\/#website\"},\"primaryImageOfPage\":{\"@id\":\"https:\/\/test.arctic.klean.it\/udflugter\/presentation-of-the-greenland-sled-dog\/#primaryimage\"},\"image\":{\"@id\":\"https:\/\/test.arctic.klean.it\/udflugter\/presentation-of-the-greenland-sled-dog\/#primaryimage\"},\"thumbnailUrl\":\"https:\/\/test.arctic.klean.it\/wp-content\/uploads\/2022\/06\/moed-slaedehundene-groenland-wog.jpg\",\"datePublished\":\"2022-05-12T07:30:11+00:00\",\"dateModified\":\"2023-08-15T08:45:27+00:00\",\"breadcrumb\":{\"@id\":\"https:\/\/test.arctic.klean.it\/udflugter\/presentation-of-the-greenland-sled-dog\/#breadcrumb\"},\"inLanguage\":\"da-DK\",\"potentialAction\":[{\"@type\":\"ReadAction\",\"target\":[\"https:\/\/test.arctic.klean.it\/udflugter\/presentation-of-the-greenland-sled-dog\/\"]}]},{\"@type\":\"ImageObject\",\"inLanguage\":\"da-DK\",\"@id\":\"https:\/\/test.arctic.klean.it\/udflugter\/presentation-of-the-greenland-sled-dog\/#primaryimage\",\"url\":\"https:\/\/test.arctic.klean.it\/wp-content\/uploads\/2022\/06\/moed-slaedehundene-groenland-wog.jpg\",\"contentUrl\":\"https:\/\/test.arctic.klean.it\/wp-content\/uploads\/2022\/06\/moed-slaedehundene-groenland-wog.jpg\",\"width\":1400,\"height\":934},{\"@type\":\"BreadcrumbList\",\"@id\":\"https:\/\/test.arctic.klean.it\/udflugter\/presentation-of-the-greenland-sled-dog\/#breadcrumb\",\"itemListElement\":[{\"@type\":\"ListItem\",\"position\":1,\"name\":\"Udflugter i Gr\u00f8nland\",\"item\":\"https:\/\/test.arctic.klean.it\/da\/udflugter\/\"},{\"@type\":\"ListItem\",\"position\":2,\"name\":\"Pr\u00e6sentation af Gr\u00f8nlands Sl\u00e6dehund\"}]},{\"@type\":\"WebSite\",\"@id\":\"https:\/\/test.arctic.klean.it\/#website\",\"url\":\"https:\/\/test.arctic.klean.it\/\",\"name\":\"Arctic Excursions\",\"description\":\"New adventures. Every day.\",\"potentialAction\":[{\"@type\":\"SearchAction\",\"target\":{\"@type\":\"EntryPoint\",\"urlTemplate\":\"https:\/\/test.arctic.klean.it\/?s={search_term_string}\"},\"query-input\":{\"@type\":\"PropertyValueSpecification\",\"valueRequired\":true,\"valueName\":\"search_term_string\"}}],\"inLanguage\":\"da-DK\"}]}<\/script>\n<!-- \/ Yoast SEO plugin. -->","yoast_head_json":{"title":"Arctic Excursions","robots":{"index":"index","follow":"follow","max-snippet":"max-snippet:-1","max-image-preview":"max-image-preview:large","max-video-preview":"max-video-preview:-1"},"canonical":"https:\/\/test.arctic.klean.it\/udflugter\/presentation-of-the-greenland-sled-dog\/","og_locale":"da_DK","og_type":"article","og_title":"Pr\u00e6sentation af Gr\u00f8nlands Sl\u00e6dehund - Arctic Excursions","og_description":"Hvis du kan lide hunde, m\u00e5 du ikke g\u00e5 glip af denne tur. Den gr\u00f8nlandske sl\u00e6dehund er som intet andet dyr!","og_url":"https:\/\/test.arctic.klean.it\/udflugter\/presentation-of-the-greenland-sled-dog\/","og_site_name":"Arctic Excursions","article_modified_time":"2023-08-15T08:45:27+00:00","og_image":[{"width":1400,"height":934,"url":"https:\/\/test.arctic.klean.it\/wp-content\/uploads\/2022\/06\/moed-slaedehundene-groenland-wog.jpg","type":"image\/jpeg"}],"twitter_card":"summary_large_image","twitter_misc":{"Estimeret l\u00e6setid":"1 minut"},"schema":{"@context":"https:\/\/schema.org","@graph":[{"@type":"WebPage","@id":"https:\/\/test.arctic.klean.it\/udflugter\/presentation-of-the-greenland-sled-dog\/","url":"https:\/\/test.arctic.klean.it\/udflugter\/presentation-of-the-greenland-sled-dog\/","name":"Pr\u00e6sentation af Gr\u00f8nlands Sl\u00e6dehund - Arctic Excursions","isPartOf":{"@id":"https:\/\/test.arctic.klean.it\/#website"},"primaryImageOfPage":{"@id":"https:\/\/test.arctic.klean.it\/udflugter\/presentation-of-the-greenland-sled-dog\/#primaryimage"},"image":{"@id":"https:\/\/test.arctic.klean.it\/udflugter\/presentation-of-the-greenland-sled-dog\/#primaryimage"},"thumbnailUrl":"https:\/\/test.arctic.klean.it\/wp-content\/uploads\/2022\/06\/moed-slaedehundene-groenland-wog.jpg","datePublished":"2022-05-12T07:30:11+00:00","dateModified":"2023-08-15T08:45:27+00:00","breadcrumb":{"@id":"https:\/\/test.arctic.klean.it\/udflugter\/presentation-of-the-greenland-sled-dog\/#breadcrumb"},"inLanguage":"da-DK","potentialAction":[{"@type":"ReadAction","target":["https:\/\/test.arctic.klean.it\/udflugter\/presentation-of-the-greenland-sled-dog\/"]}]},{"@type":"ImageObject","inLanguage":"da-DK","@id":"https:\/\/test.arctic.klean.it\/udflugter\/presentation-of-the-greenland-sled-dog\/#primaryimage","url":"https:\/\/test.arctic.klean.it\/wp-content\/uploads\/2022\/06\/moed-slaedehundene-groenland-wog.jpg","contentUrl":"https:\/\/test.arctic.klean.it\/wp-content\/uploads\/2022\/06\/moed-slaedehundene-groenland-wog.jpg","width":1400,"height":934},{"@type":"BreadcrumbList","@id":"https:\/\/test.arctic.klean.it\/udflugter\/presentation-of-the-greenland-sled-dog\/#breadcrumb","itemListElement":[{"@type":"ListItem","position":1,"name":"Udflugter i Gr\u00f8nland","item":"https:\/\/test.arctic.klean.it\/da\/udflugter\/"},{"@type":"ListItem","position":2,"name":"Pr\u00e6sentation af Gr\u00f8nlands Sl\u00e6dehund"}]},{"@type":"WebSite","@id":"https:\/\/test.arctic.klean.it\/#website","url":"https:\/\/test.arctic.klean.it\/","name":"Arctic Excursions","description":"New adventures. Every day.","potentialAction":[{"@type":"SearchAction","target":{"@type":"EntryPoint","urlTemplate":"https:\/\/test.arctic.klean.it\/?s={search_term_string}"},"query-input":{"@type":"PropertyValueSpecification","valueRequired":true,"valueName":"search_term_string"}}],"inLanguage":"da-DK"}]}},"_links":{"self":[{"href":"https:\/\/test.arctic.klean.it\/da\/wp-json\/wp\/v2\/product\/928","targetHints":{"allow":["GET"]}}],"collection":[{"href":"https:\/\/test.arctic.klean.it\/da\/wp-json\/wp\/v2\/product"}],"about":[{"href":"https:\/\/test.arctic.klean.it\/da\/wp-json\/wp\/v2\/types\/product"}],"replies":[{"embeddable":true,"href":"https:\/\/test.arctic.klean.it\/da\/wp-json\/wp\/v2\/comments?post=928"}],"wp:featuredmedia":[{"embeddable":true,"href":"https:\/\/test.arctic.klean.it\/da\/wp-json\/wp\/v2\/media\/2259"}],"wp:attachment":[{"href":"https:\/\/test.arctic.klean.it\/da\/wp-json\/wp\/v2\/media?parent=928"}],"wp:term":[{"taxonomy":"product_brand","embeddable":true,"href":"https:\/\/test.arctic.klean.it\/da\/wp-json\/wp\/v2\/product_brand?post=928"},{"taxonomy":"product_cat","embeddable":true,"href":"https:\/\/test.arctic.klean.it\/da\/wp-json\/wp\/v2\/product_cat?post=928"},{"taxonomy":"product_tag","embeddable":true,"href":"https:\/\/test.arctic.klean.it\/da\/wp-json\/wp\/v2\/product_tag?post=928"}],"curies":[{"name":"wp","href":"https:\/\/api.w.org\/{rel}","templated":true}]}}