{"id":9302,"date":"2023-02-06T20:32:59","date_gmt":"2023-02-06T18:32:59","guid":{"rendered":"https:\/\/test.arctic.klean.it\/?post_type=product&#038;p=9302"},"modified":"2025-02-28T13:59:00","modified_gmt":"2025-02-28T11:59:00","slug":"8-days-in-east-greenland","status":"publish","type":"product","link":"https:\/\/test.arctic.klean.it\/da\/udflugter\/8-days-in-east-greenland\/","title":{"rendered":"8 dage i \u00d8stgr\u00f8nland"},"content":{"rendered":"<p>-Dag 1. &#8211; ankomstdag i Gr\u00f8nland, Kulusuk Lufthavn.<\/p>\n<p>Vi vil m\u00f8de dig i vores hyggelige lille lufthavn i Kulusuk og hj\u00e6lpe dig med din bagage, hvorefter du vil f\u00e5 en kort g\u00e5tur til molen, hvor du tr\u00e6der om bord p\u00e5 b\u00e5den, og dit arktiske eventyr begynder.<\/p>\n<p>I f\u00f8rste omgang sejler vi mod det fjordsystem, der hedder Nattivit. <\/p>\n<p>I den f\u00f8rste halvanden time vil vi sejle med b\u00e5d langs et samlet kyststr\u00e6k, hvor der vil v\u00e6re en god chance for at spotte pukkelhvaler, finhvaler og kaskelothvaler. Indimellem ser vi endda den flygtige narhval &#8211; vores maritime enhj\u00f8rning. <\/p>\n<p>N\u00e5r vi n\u00e5r frem til omr\u00e5det Nattivit, som er et s\u00e6rligt sted med meget historie, vil vi bruge tid p\u00e5 at med at s\u00e6tte net ud efter fjeld\u00f8rred, og forh\u00e5bentlig fanger vi nogle fisk til aftensmad. Du kan ikke f\u00e5 friskere fisk end d\u00e9t. <\/p>\n<p>Herefter forts\u00e6tter vi til campingpladsen og sl\u00e5r lejren op og begynder at forberede vores m\u00e5ltid. <\/p>\n<p>I l\u00f8bet af din tid med os vil du kunne smage en r\u00e6kke traditionelle gr\u00f8nlandske retter, frisk fisk, s\u00e6l- og hvalk\u00f8d vil blive tilbudt til dem, der er interesserede i at pr\u00f8ve det.<\/p>\n<p>Om aftenen nyder vi freden og stilheden, mens vi sidder omkring et drivt\u00f8mmerb\u00e5l og ser solen g\u00e5 ned.<\/p>\n<p>I har haft en travl dag, s\u00e5 der er garanti for en god nats s\u00f8vn i jeres eget telt. <\/p>\n<p>-Dag 2 &#8211; 7.<br \/>\nHver morgen starter med en god kop kaffe, mens du v\u00e5gner op i dette smukke og meget unikke arktiske landskab. <\/p>\n<p>Vi er af den slagne vej, hvor kun lokale j\u00e6gere g\u00e5r, s\u00e5 chancen for at m\u00f8de andre mennesker er fjern.<\/p>\n<p>Efter morgenmaden tager vi lejren ned og l\u00e6sser b\u00e5den. <\/p>\n<p>Vi vil planl\u00e6gge vores n\u00e6ste dags eventyr og destination baseret p\u00e5 vejrudsigten for omr\u00e5det og dermed sikre os, at vi f\u00e5r det meste ud af din tid her hos os.<\/p>\n<p>Den enorme is-producerende Sermilik fjord er et must at bes\u00f8ge og er et paradis for fotografer. <\/p>\n<p>Isbjergene, der er i alle st\u00f8rrelser, former og forskellige farver, skal ses, f\u00f8r man tror p\u00e5 dem. <\/p>\n<p>De er kommet fra den gr\u00f8nlandske indlandsis, og nogle af dem er helt op til 30.000 \u00e5r gamle. <\/p>\n<p>I l\u00f8bet af din tid med os vil vi tage til forskellige steder for at fiske efter fjeld\u00f8rred. <\/p>\n<p>Der er mange hemmelige steder gemt inde i landet, som vi kan vandre til. <\/p>\n<p>Landskabet er virkelig magisk.<\/p>\n<p>Der er ogs\u00e5 mange gamle ruiner, Vinterhuse, lavet af sten og t\u00f8rv. <\/p>\n<p>Vi vil bes\u00f8ge disse og fort\u00e6lle dig mere om, hvordan de blev bygget, deres indre, beliggenhed og hvordan maden blev opbevaret.<\/p>\n<p>Vi vil bestr\u00e6be os p\u00e5 at bes\u00f8ge de 3 sm\u00e5 bos\u00e6ttelser Tiniteqilaaq, Kuummiut og Sermiligaaq, som omfatter de bedste landskaber og bjergbakker. <\/p>\n<p>I landsbyerne kan du handle mad og snacks, og det er muligt at f\u00e5 et bad i det offentlige servicehus. <\/p>\n<p>Vi er \u00f8stgr\u00f8nl\u00e6ndere og danskere og taler godt engelsk!<\/p>\n<p>Gruppest\u00f8rrelse p\u00e5 6 personer. Minimum 5 deltagere, maksimum 7 deltagere. <\/p>\n<p><b>Inkluderet:<\/b> Alt campingudstyr, fuld forplejning, transport fra lufthavnen ved ankomst. <\/p>\n<p><b>Eksklusive:<\/b> Alle flyvninger, eventuelle mellemlandinger med overnatning, personlig rejseforsikring, alt, hvad der ikke er inkluderet i prisen.<br \/>\nn\u00e6vnt i den inkluderede liste.<\/p>\n","protected":false},"excerpt":{"rendered":"<p>B\u00e5d, camping, inuitkultur og arktisk dyreliv<\/p>\n","protected":false},"featured_media":9292,"comment_status":"open","ping_status":"closed","template":"","meta":{"_acf_changed":false},"product_brand":[],"product_cat":[101,170],"product_tag":[],"class_list":{"0":"post-9302","1":"product","2":"type-product","3":"status-publish","4":"has-post-thumbnail","6":"product_cat-tour","7":"product_cat-udflugt","8":"pa_dato-551","9":"pa_dato-591","10":"pa_dato-510","11":"pa_dato-599","12":"pa_dato-689","13":"pa_dato-690","14":"pa_dato-612","15":"pa_dato-614","16":"pa_dato-615","17":"pa_dato-743","18":"pa_dato-942","19":"pa_dato-774","20":"pa_dato-939","21":"pa_dato-940","22":"pa_dato-952","23":"pa_dato-951","24":"pa_dato-953","25":"pa_dato-954","26":"pa_dato-966","27":"pa_dato-974","28":"pa_dato-958","29":"pa_dato-959","30":"pa_dato-981","31":"pa_dato-1003","32":"pa_dato-1007","33":"pa_tidspunkt-72","34":"pa_tidspunkt-40","35":"pa_tidspunkt-304","36":"pa_tidspunkt-177","37":"pa_tidspunkt-945","38":"pa_tidspunkt-317","39":"pa_tidspunkt-308","40":"pa_tidspunkt-431","41":"pa_tidspunkt-430","42":"pa_tidspunkt-426","43":"pa_tidspunkt-110","44":"tour_location-tasiilaq-da","45":"tour_type-outdoor-da","46":"tour_operator-review","48":"first","49":"outofstock","50":"shipping-taxable","51":"product-type-variable"},"acf":[],"yoast_head":"<!-- This site is optimized with the Yoast SEO plugin v25.2 - https:\/\/yoast.com\/wordpress\/plugins\/seo\/ -->\n<title>Arctic Excursions<\/title>\n<meta name=\"robots\" content=\"index, follow, max-snippet:-1, max-image-preview:large, max-video-preview:-1\" \/>\n<link rel=\"canonical\" href=\"https:\/\/test.arctic.klean.it\/udflugter\/8-days-in-east-greenland\/\" \/>\n<meta property=\"og:locale\" content=\"da_DK\" \/>\n<meta property=\"og:type\" content=\"article\" \/>\n<meta property=\"og:title\" content=\"8 dage i \u00d8stgr\u00f8nland - Arctic Excursions\" \/>\n<meta property=\"og:description\" content=\"B\u00e5d, camping, inuitkultur og arktisk dyreliv\" \/>\n<meta property=\"og:url\" content=\"https:\/\/test.arctic.klean.it\/udflugter\/8-days-in-east-greenland\/\" \/>\n<meta property=\"og:site_name\" content=\"Arctic Excursions\" \/>\n<meta property=\"article:modified_time\" content=\"2025-02-28T11:59:00+00:00\" \/>\n<meta property=\"og:image\" content=\"https:\/\/test.arctic.klean.it\/wp-content\/uploads\/2023\/02\/MicrosoftTeams-image-1.png\" \/>\n\t<meta property=\"og:image:width\" content=\"964\" \/>\n\t<meta property=\"og:image:height\" content=\"703\" \/>\n\t<meta property=\"og:image:type\" content=\"image\/png\" \/>\n<meta name=\"twitter:card\" content=\"summary_large_image\" \/>\n<meta name=\"twitter:label1\" content=\"Estimeret l\u00e6setid\" \/>\n\t<meta name=\"twitter:data1\" content=\"3 minutter\" \/>\n<script type=\"application\/ld+json\" class=\"yoast-schema-graph\">{\"@context\":\"https:\/\/schema.org\",\"@graph\":[{\"@type\":\"WebPage\",\"@id\":\"https:\/\/test.arctic.klean.it\/udflugter\/8-days-in-east-greenland\/\",\"url\":\"https:\/\/test.arctic.klean.it\/udflugter\/8-days-in-east-greenland\/\",\"name\":\"8 dage i \u00d8stgr\u00f8nland - Arctic Excursions\",\"isPartOf\":{\"@id\":\"https:\/\/test.arctic.klean.it\/#website\"},\"primaryImageOfPage\":{\"@id\":\"https:\/\/test.arctic.klean.it\/udflugter\/8-days-in-east-greenland\/#primaryimage\"},\"image\":{\"@id\":\"https:\/\/test.arctic.klean.it\/udflugter\/8-days-in-east-greenland\/#primaryimage\"},\"thumbnailUrl\":\"https:\/\/test.arctic.klean.it\/wp-content\/uploads\/2023\/02\/MicrosoftTeams-image-1.png\",\"datePublished\":\"2023-02-06T18:32:59+00:00\",\"dateModified\":\"2025-02-28T11:59:00+00:00\",\"breadcrumb\":{\"@id\":\"https:\/\/test.arctic.klean.it\/udflugter\/8-days-in-east-greenland\/#breadcrumb\"},\"inLanguage\":\"da-DK\",\"potentialAction\":[{\"@type\":\"ReadAction\",\"target\":[\"https:\/\/test.arctic.klean.it\/udflugter\/8-days-in-east-greenland\/\"]}]},{\"@type\":\"ImageObject\",\"inLanguage\":\"da-DK\",\"@id\":\"https:\/\/test.arctic.klean.it\/udflugter\/8-days-in-east-greenland\/#primaryimage\",\"url\":\"https:\/\/test.arctic.klean.it\/wp-content\/uploads\/2023\/02\/MicrosoftTeams-image-1.png\",\"contentUrl\":\"https:\/\/test.arctic.klean.it\/wp-content\/uploads\/2023\/02\/MicrosoftTeams-image-1.png\",\"width\":964,\"height\":703},{\"@type\":\"BreadcrumbList\",\"@id\":\"https:\/\/test.arctic.klean.it\/udflugter\/8-days-in-east-greenland\/#breadcrumb\",\"itemListElement\":[{\"@type\":\"ListItem\",\"position\":1,\"name\":\"Udflugter i Gr\u00f8nland\",\"item\":\"https:\/\/test.arctic.klean.it\/da\/udflugter\/\"},{\"@type\":\"ListItem\",\"position\":2,\"name\":\"8 dage i \u00d8stgr\u00f8nland\"}]},{\"@type\":\"WebSite\",\"@id\":\"https:\/\/test.arctic.klean.it\/#website\",\"url\":\"https:\/\/test.arctic.klean.it\/\",\"name\":\"Arctic Excursions\",\"description\":\"New adventures. Every day.\",\"potentialAction\":[{\"@type\":\"SearchAction\",\"target\":{\"@type\":\"EntryPoint\",\"urlTemplate\":\"https:\/\/test.arctic.klean.it\/?s={search_term_string}\"},\"query-input\":{\"@type\":\"PropertyValueSpecification\",\"valueRequired\":true,\"valueName\":\"search_term_string\"}}],\"inLanguage\":\"da-DK\"}]}<\/script>\n<!-- \/ Yoast SEO plugin. -->","yoast_head_json":{"title":"Arctic Excursions","robots":{"index":"index","follow":"follow","max-snippet":"max-snippet:-1","max-image-preview":"max-image-preview:large","max-video-preview":"max-video-preview:-1"},"canonical":"https:\/\/test.arctic.klean.it\/udflugter\/8-days-in-east-greenland\/","og_locale":"da_DK","og_type":"article","og_title":"8 dage i \u00d8stgr\u00f8nland - Arctic Excursions","og_description":"B\u00e5d, camping, inuitkultur og arktisk dyreliv","og_url":"https:\/\/test.arctic.klean.it\/udflugter\/8-days-in-east-greenland\/","og_site_name":"Arctic Excursions","article_modified_time":"2025-02-28T11:59:00+00:00","og_image":[{"width":964,"height":703,"url":"https:\/\/test.arctic.klean.it\/wp-content\/uploads\/2023\/02\/MicrosoftTeams-image-1.png","type":"image\/png"}],"twitter_card":"summary_large_image","twitter_misc":{"Estimeret l\u00e6setid":"3 minutter"},"schema":{"@context":"https:\/\/schema.org","@graph":[{"@type":"WebPage","@id":"https:\/\/test.arctic.klean.it\/udflugter\/8-days-in-east-greenland\/","url":"https:\/\/test.arctic.klean.it\/udflugter\/8-days-in-east-greenland\/","name":"8 dage i \u00d8stgr\u00f8nland - Arctic Excursions","isPartOf":{"@id":"https:\/\/test.arctic.klean.it\/#website"},"primaryImageOfPage":{"@id":"https:\/\/test.arctic.klean.it\/udflugter\/8-days-in-east-greenland\/#primaryimage"},"image":{"@id":"https:\/\/test.arctic.klean.it\/udflugter\/8-days-in-east-greenland\/#primaryimage"},"thumbnailUrl":"https:\/\/test.arctic.klean.it\/wp-content\/uploads\/2023\/02\/MicrosoftTeams-image-1.png","datePublished":"2023-02-06T18:32:59+00:00","dateModified":"2025-02-28T11:59:00+00:00","breadcrumb":{"@id":"https:\/\/test.arctic.klean.it\/udflugter\/8-days-in-east-greenland\/#breadcrumb"},"inLanguage":"da-DK","potentialAction":[{"@type":"ReadAction","target":["https:\/\/test.arctic.klean.it\/udflugter\/8-days-in-east-greenland\/"]}]},{"@type":"ImageObject","inLanguage":"da-DK","@id":"https:\/\/test.arctic.klean.it\/udflugter\/8-days-in-east-greenland\/#primaryimage","url":"https:\/\/test.arctic.klean.it\/wp-content\/uploads\/2023\/02\/MicrosoftTeams-image-1.png","contentUrl":"https:\/\/test.arctic.klean.it\/wp-content\/uploads\/2023\/02\/MicrosoftTeams-image-1.png","width":964,"height":703},{"@type":"BreadcrumbList","@id":"https:\/\/test.arctic.klean.it\/udflugter\/8-days-in-east-greenland\/#breadcrumb","itemListElement":[{"@type":"ListItem","position":1,"name":"Udflugter i Gr\u00f8nland","item":"https:\/\/test.arctic.klean.it\/da\/udflugter\/"},{"@type":"ListItem","position":2,"name":"8 dage i \u00d8stgr\u00f8nland"}]},{"@type":"WebSite","@id":"https:\/\/test.arctic.klean.it\/#website","url":"https:\/\/test.arctic.klean.it\/","name":"Arctic Excursions","description":"New adventures. Every day.","potentialAction":[{"@type":"SearchAction","target":{"@type":"EntryPoint","urlTemplate":"https:\/\/test.arctic.klean.it\/?s={search_term_string}"},"query-input":{"@type":"PropertyValueSpecification","valueRequired":true,"valueName":"search_term_string"}}],"inLanguage":"da-DK"}]}},"_links":{"self":[{"href":"https:\/\/test.arctic.klean.it\/da\/wp-json\/wp\/v2\/product\/9302","targetHints":{"allow":["GET"]}}],"collection":[{"href":"https:\/\/test.arctic.klean.it\/da\/wp-json\/wp\/v2\/product"}],"about":[{"href":"https:\/\/test.arctic.klean.it\/da\/wp-json\/wp\/v2\/types\/product"}],"replies":[{"embeddable":true,"href":"https:\/\/test.arctic.klean.it\/da\/wp-json\/wp\/v2\/comments?post=9302"}],"wp:featuredmedia":[{"embeddable":true,"href":"https:\/\/test.arctic.klean.it\/da\/wp-json\/wp\/v2\/media\/9292"}],"wp:attachment":[{"href":"https:\/\/test.arctic.klean.it\/da\/wp-json\/wp\/v2\/media?parent=9302"}],"wp:term":[{"taxonomy":"product_brand","embeddable":true,"href":"https:\/\/test.arctic.klean.it\/da\/wp-json\/wp\/v2\/product_brand?post=9302"},{"taxonomy":"product_cat","embeddable":true,"href":"https:\/\/test.arctic.klean.it\/da\/wp-json\/wp\/v2\/product_cat?post=9302"},{"taxonomy":"product_tag","embeddable":true,"href":"https:\/\/test.arctic.klean.it\/da\/wp-json\/wp\/v2\/product_tag?post=9302"}],"curies":[{"name":"wp","href":"https:\/\/api.w.org\/{rel}","templated":true}]}}