{"id":9325,"date":"2025-02-12T13:18:18","date_gmt":"2025-02-12T11:18:18","guid":{"rendered":"https:\/\/test.arctic.klean.it\/?post_type=product&#038;p=9325"},"modified":"2025-02-12T13:18:19","modified_gmt":"2025-02-12T11:18:19","slug":"overnatning-i-kangia-lodge","status":"publish","type":"product","link":"https:\/\/test.arctic.klean.it\/da\/udflugter\/overnatning-i-kangia-lodge\/","title":{"rendered":"Overnatning i Kangia Lodge"},"content":{"rendered":"<p>Turen starter med 1 times snescooterk\u00f8rsel ud til Kangia Lodge. Hytten er placeret h\u00f8jt p\u00e5 fjeldet med fantastisk udsigt over isfjorden, gletsjeren og indlandsisen. F\u00e5 minutters gang fra hytten hytten ligger de lokale fangers fangstplads, hvor fra de hver dag tager ud p\u00e5 havisen for at fiske. <\/p>\n<p>I hytten er der hverken str\u00f8m eller forbinelse til omverdenen. Nyd roen og oplev den fantastisk gr\u00f8nlandske natur. <\/p>\n<p>Fra hytten er der mulighed for diverse aktiviteter som vandretur p\u00e5 havisen, bes\u00f8g ved fangstpladsen, rypejagt, vandretur med snesko. <\/p>\n<p>Prisen inkluderer:<br \/>\n&#8211; 1 overnatning<br \/>\n&#8211; Alle m\u00e5ltider (morgen, middag og aftensmad + kaffe\/te\/snacks under hele opholdet)<br \/>\n&#8211; Snescooterk\u00f8rsel til\/fra hytten<br \/>\n&#8211; Guide under hele opholdet<br \/>\n&#8211; Aktiviteter p\u00e5 stedet<\/p>\n<p>Der er mulighed for at tilk\u00f8be diverse ture fra hytten, fx isfiskeri p\u00e5 havisen, s\u00e6lfangst p\u00e5 isen og isklatring. <\/p>\n<p>Hytten har plads til max 12 personer.<\/p>\n","protected":false},"excerpt":{"rendered":"<p>Dr\u00f8mmer du om f\u00e5 en magisk oplevelse i de smukkeste omgivelser, s\u00e5 er denne tur lige dig!<\/p>\n","protected":false},"featured_media":9323,"comment_status":"open","ping_status":"closed","template":"","meta":{"_acf_changed":false},"product_brand":[],"product_cat":[170],"product_tag":[],"class_list":{"0":"post-9325","1":"product","2":"type-product","3":"status-publish","4":"has-post-thumbnail","6":"product_cat-udflugt","7":"tour_location-ilulissat-da","8":"tour_type-outdoor-da","10":"first","11":"outofstock","12":"shipping-taxable","13":"product-type-variable"},"acf":[],"yoast_head":"<!-- This site is optimized with the Yoast SEO plugin v25.2 - https:\/\/yoast.com\/wordpress\/plugins\/seo\/ -->\n<title>Arctic Excursions<\/title>\n<meta name=\"robots\" content=\"index, follow, max-snippet:-1, max-image-preview:large, max-video-preview:-1\" \/>\n<link rel=\"canonical\" href=\"https:\/\/test.arctic.klean.it\/da\/udflugter\/overnatning-i-kangia-lodge\/\" \/>\n<meta property=\"og:locale\" content=\"da_DK\" \/>\n<meta property=\"og:type\" content=\"article\" \/>\n<meta property=\"og:title\" content=\"Overnatning i Kangia Lodge - Arctic Excursions\" \/>\n<meta property=\"og:description\" content=\"Dr\u00f8mmer du om f\u00e5 en magisk oplevelse i de smukkeste omgivelser, s\u00e5 er denne tur lige dig!\" \/>\n<meta property=\"og:url\" content=\"https:\/\/test.arctic.klean.it\/da\/udflugter\/overnatning-i-kangia-lodge\/\" \/>\n<meta property=\"og:site_name\" content=\"Arctic Excursions\" \/>\n<meta property=\"article:modified_time\" content=\"2025-02-12T11:18:19+00:00\" \/>\n<meta name=\"twitter:card\" content=\"summary_large_image\" \/>\n<meta name=\"twitter:label1\" content=\"Estimeret l\u00e6setid\" \/>\n\t<meta name=\"twitter:data1\" content=\"1 minut\" \/>\n<script type=\"application\/ld+json\" class=\"yoast-schema-graph\">{\"@context\":\"https:\/\/schema.org\",\"@graph\":[{\"@type\":\"WebPage\",\"@id\":\"https:\/\/test.arctic.klean.it\/da\/udflugter\/overnatning-i-kangia-lodge\/\",\"url\":\"https:\/\/test.arctic.klean.it\/da\/udflugter\/overnatning-i-kangia-lodge\/\",\"name\":\"Overnatning i Kangia Lodge - Arctic Excursions\",\"isPartOf\":{\"@id\":\"https:\/\/test.arctic.klean.it\/#website\"},\"primaryImageOfPage\":{\"@id\":\"https:\/\/test.arctic.klean.it\/da\/udflugter\/overnatning-i-kangia-lodge\/#primaryimage\"},\"image\":{\"@id\":\"https:\/\/test.arctic.klean.it\/da\/udflugter\/overnatning-i-kangia-lodge\/#primaryimage\"},\"thumbnailUrl\":\"https:\/\/test.arctic.klean.it\/wp-content\/uploads\/2023\/02\/IMG_1177-1.heic\",\"datePublished\":\"2025-02-12T11:18:18+00:00\",\"dateModified\":\"2025-02-12T11:18:19+00:00\",\"breadcrumb\":{\"@id\":\"https:\/\/test.arctic.klean.it\/da\/udflugter\/overnatning-i-kangia-lodge\/#breadcrumb\"},\"inLanguage\":\"da-DK\",\"potentialAction\":[{\"@type\":\"ReadAction\",\"target\":[\"https:\/\/test.arctic.klean.it\/da\/udflugter\/overnatning-i-kangia-lodge\/\"]}]},{\"@type\":\"ImageObject\",\"inLanguage\":\"da-DK\",\"@id\":\"https:\/\/test.arctic.klean.it\/da\/udflugter\/overnatning-i-kangia-lodge\/#primaryimage\",\"url\":\"https:\/\/test.arctic.klean.it\/wp-content\/uploads\/2023\/02\/IMG_1177-1.heic\",\"contentUrl\":\"https:\/\/test.arctic.klean.it\/wp-content\/uploads\/2023\/02\/IMG_1177-1.heic\"},{\"@type\":\"BreadcrumbList\",\"@id\":\"https:\/\/test.arctic.klean.it\/da\/udflugter\/overnatning-i-kangia-lodge\/#breadcrumb\",\"itemListElement\":[{\"@type\":\"ListItem\",\"position\":1,\"name\":\"Udflugter i Gr\u00f8nland\",\"item\":\"https:\/\/test.arctic.klean.it\/da\/udflugter\/\"},{\"@type\":\"ListItem\",\"position\":2,\"name\":\"Overnatning i Kangia Lodge\"}]},{\"@type\":\"WebSite\",\"@id\":\"https:\/\/test.arctic.klean.it\/#website\",\"url\":\"https:\/\/test.arctic.klean.it\/\",\"name\":\"Arctic Excursions\",\"description\":\"New adventures. Every day.\",\"potentialAction\":[{\"@type\":\"SearchAction\",\"target\":{\"@type\":\"EntryPoint\",\"urlTemplate\":\"https:\/\/test.arctic.klean.it\/?s={search_term_string}\"},\"query-input\":{\"@type\":\"PropertyValueSpecification\",\"valueRequired\":true,\"valueName\":\"search_term_string\"}}],\"inLanguage\":\"da-DK\"}]}<\/script>\n<!-- \/ Yoast SEO plugin. -->","yoast_head_json":{"title":"Arctic Excursions","robots":{"index":"index","follow":"follow","max-snippet":"max-snippet:-1","max-image-preview":"max-image-preview:large","max-video-preview":"max-video-preview:-1"},"canonical":"https:\/\/test.arctic.klean.it\/da\/udflugter\/overnatning-i-kangia-lodge\/","og_locale":"da_DK","og_type":"article","og_title":"Overnatning i Kangia Lodge - Arctic Excursions","og_description":"Dr\u00f8mmer du om f\u00e5 en magisk oplevelse i de smukkeste omgivelser, s\u00e5 er denne tur lige dig!","og_url":"https:\/\/test.arctic.klean.it\/da\/udflugter\/overnatning-i-kangia-lodge\/","og_site_name":"Arctic Excursions","article_modified_time":"2025-02-12T11:18:19+00:00","twitter_card":"summary_large_image","twitter_misc":{"Estimeret l\u00e6setid":"1 minut"},"schema":{"@context":"https:\/\/schema.org","@graph":[{"@type":"WebPage","@id":"https:\/\/test.arctic.klean.it\/da\/udflugter\/overnatning-i-kangia-lodge\/","url":"https:\/\/test.arctic.klean.it\/da\/udflugter\/overnatning-i-kangia-lodge\/","name":"Overnatning i Kangia Lodge - Arctic Excursions","isPartOf":{"@id":"https:\/\/test.arctic.klean.it\/#website"},"primaryImageOfPage":{"@id":"https:\/\/test.arctic.klean.it\/da\/udflugter\/overnatning-i-kangia-lodge\/#primaryimage"},"image":{"@id":"https:\/\/test.arctic.klean.it\/da\/udflugter\/overnatning-i-kangia-lodge\/#primaryimage"},"thumbnailUrl":"https:\/\/test.arctic.klean.it\/wp-content\/uploads\/2023\/02\/IMG_1177-1.heic","datePublished":"2025-02-12T11:18:18+00:00","dateModified":"2025-02-12T11:18:19+00:00","breadcrumb":{"@id":"https:\/\/test.arctic.klean.it\/da\/udflugter\/overnatning-i-kangia-lodge\/#breadcrumb"},"inLanguage":"da-DK","potentialAction":[{"@type":"ReadAction","target":["https:\/\/test.arctic.klean.it\/da\/udflugter\/overnatning-i-kangia-lodge\/"]}]},{"@type":"ImageObject","inLanguage":"da-DK","@id":"https:\/\/test.arctic.klean.it\/da\/udflugter\/overnatning-i-kangia-lodge\/#primaryimage","url":"https:\/\/test.arctic.klean.it\/wp-content\/uploads\/2023\/02\/IMG_1177-1.heic","contentUrl":"https:\/\/test.arctic.klean.it\/wp-content\/uploads\/2023\/02\/IMG_1177-1.heic"},{"@type":"BreadcrumbList","@id":"https:\/\/test.arctic.klean.it\/da\/udflugter\/overnatning-i-kangia-lodge\/#breadcrumb","itemListElement":[{"@type":"ListItem","position":1,"name":"Udflugter i Gr\u00f8nland","item":"https:\/\/test.arctic.klean.it\/da\/udflugter\/"},{"@type":"ListItem","position":2,"name":"Overnatning i Kangia Lodge"}]},{"@type":"WebSite","@id":"https:\/\/test.arctic.klean.it\/#website","url":"https:\/\/test.arctic.klean.it\/","name":"Arctic Excursions","description":"New adventures. Every day.","potentialAction":[{"@type":"SearchAction","target":{"@type":"EntryPoint","urlTemplate":"https:\/\/test.arctic.klean.it\/?s={search_term_string}"},"query-input":{"@type":"PropertyValueSpecification","valueRequired":true,"valueName":"search_term_string"}}],"inLanguage":"da-DK"}]}},"_links":{"self":[{"href":"https:\/\/test.arctic.klean.it\/da\/wp-json\/wp\/v2\/product\/9325","targetHints":{"allow":["GET"]}}],"collection":[{"href":"https:\/\/test.arctic.klean.it\/da\/wp-json\/wp\/v2\/product"}],"about":[{"href":"https:\/\/test.arctic.klean.it\/da\/wp-json\/wp\/v2\/types\/product"}],"replies":[{"embeddable":true,"href":"https:\/\/test.arctic.klean.it\/da\/wp-json\/wp\/v2\/comments?post=9325"}],"wp:featuredmedia":[{"embeddable":true,"href":"https:\/\/test.arctic.klean.it\/da\/wp-json\/wp\/v2\/media\/9323"}],"wp:attachment":[{"href":"https:\/\/test.arctic.klean.it\/da\/wp-json\/wp\/v2\/media?parent=9325"}],"wp:term":[{"taxonomy":"product_brand","embeddable":true,"href":"https:\/\/test.arctic.klean.it\/da\/wp-json\/wp\/v2\/product_brand?post=9325"},{"taxonomy":"product_cat","embeddable":true,"href":"https:\/\/test.arctic.klean.it\/da\/wp-json\/wp\/v2\/product_cat?post=9325"},{"taxonomy":"product_tag","embeddable":true,"href":"https:\/\/test.arctic.klean.it\/da\/wp-json\/wp\/v2\/product_tag?post=9325"}],"curies":[{"name":"wp","href":"https:\/\/api.w.org\/{rel}","templated":true}]}}