{"id":9336,"date":"2023-02-07T19:06:53","date_gmt":"2023-02-07T17:06:53","guid":{"rendered":"https:\/\/test.arctic.klean.it\/?post_type=product&#038;p=9336"},"modified":"2023-05-01T11:35:58","modified_gmt":"2023-05-01T09:35:58","slug":"omvisning-paa-nuuk-kunstmuseum","status":"publish","type":"product","link":"https:\/\/test.arctic.klean.it\/da\/udflugter\/omvisning-paa-nuuk-kunstmuseum\/","title":{"rendered":"Omvisning p\u00e5 Nuuk Kunstmuseum"},"content":{"rendered":"<p>F\u00e5 en omvisning p\u00e5 Nuuk Kunstmuseum af en af museumsinspekt\u00f8rerne. <\/p>\n<p>Omvisningen foreg\u00e5r i museets udstillinger af den permanente samling, og inkluderer en introduktion af den aktuelle udstilling. <\/p>\n<p>Omvisningen varer ca. 1 time. Omvisningen kan foreg\u00e5 p\u00e5 gr\u00f8nlandsk, dansk eller engelsk.<\/p>\n<p>Pris: 650,- for op til 10 personer.<br \/>\nFor hver ekstra person opkr\u00e6ves 30 kr.<\/p>\n","protected":false},"excerpt":{"rendered":"<p>F\u00e5 en omvisning p\u00e5 Nuuk Kunstmuseum<\/p>\n","protected":false},"featured_media":9332,"comment_status":"open","ping_status":"closed","template":"","meta":{"_acf_changed":false},"product_brand":[],"product_cat":[170],"product_tag":[],"class_list":{"0":"post-9336","1":"product","2":"type-product","3":"status-publish","4":"has-post-thumbnail","6":"product_cat-udflugt","7":"pa_dato-340","8":"pa_tidspunkt-61","9":"tour_location-nuuk-da","10":"tour_type-kultur","11":"tour_operator-nuuk-kunstmuseum","13":"first","14":"outofstock","15":"shipping-taxable","16":"product-type-variable"},"acf":[],"yoast_head":"<!-- This site is optimized with the Yoast SEO plugin v25.2 - https:\/\/yoast.com\/wordpress\/plugins\/seo\/ -->\n<title>Arctic Excursions<\/title>\n<meta name=\"robots\" content=\"index, follow, max-snippet:-1, max-image-preview:large, max-video-preview:-1\" \/>\n<link rel=\"canonical\" href=\"https:\/\/test.arctic.klean.it\/udflugter\/guided-tour-at-nuuk-art-museum\/\" \/>\n<meta property=\"og:locale\" content=\"da_DK\" \/>\n<meta property=\"og:type\" content=\"article\" \/>\n<meta property=\"og:title\" content=\"Omvisning p\u00e5 Nuuk Kunstmuseum - Arctic Excursions\" \/>\n<meta property=\"og:description\" content=\"F\u00e5 en omvisning p\u00e5 Nuuk Kunstmuseum\" \/>\n<meta property=\"og:url\" content=\"https:\/\/test.arctic.klean.it\/udflugter\/guided-tour-at-nuuk-art-museum\/\" \/>\n<meta property=\"og:site_name\" content=\"Arctic Excursions\" \/>\n<meta property=\"article:modified_time\" content=\"2023-05-01T09:35:58+00:00\" \/>\n<meta property=\"og:image\" content=\"https:\/\/test.arctic.klean.it\/wp-content\/uploads\/2023\/02\/Visit-Greenland-2-scaled.jpg\" \/>\n\t<meta property=\"og:image:width\" content=\"2560\" \/>\n\t<meta property=\"og:image:height\" content=\"1707\" \/>\n\t<meta property=\"og:image:type\" content=\"image\/jpeg\" \/>\n<meta name=\"twitter:card\" content=\"summary_large_image\" \/>\n<script type=\"application\/ld+json\" class=\"yoast-schema-graph\">{\"@context\":\"https:\/\/schema.org\",\"@graph\":[{\"@type\":\"WebPage\",\"@id\":\"https:\/\/test.arctic.klean.it\/udflugter\/guided-tour-at-nuuk-art-museum\/\",\"url\":\"https:\/\/test.arctic.klean.it\/udflugter\/guided-tour-at-nuuk-art-museum\/\",\"name\":\"Omvisning p\u00e5 Nuuk Kunstmuseum - Arctic Excursions\",\"isPartOf\":{\"@id\":\"https:\/\/test.arctic.klean.it\/#website\"},\"primaryImageOfPage\":{\"@id\":\"https:\/\/test.arctic.klean.it\/udflugter\/guided-tour-at-nuuk-art-museum\/#primaryimage\"},\"image\":{\"@id\":\"https:\/\/test.arctic.klean.it\/udflugter\/guided-tour-at-nuuk-art-museum\/#primaryimage\"},\"thumbnailUrl\":\"https:\/\/test.arctic.klean.it\/wp-content\/uploads\/2023\/02\/Visit-Greenland-2-scaled.jpg\",\"datePublished\":\"2023-02-07T17:06:53+00:00\",\"dateModified\":\"2023-05-01T09:35:58+00:00\",\"breadcrumb\":{\"@id\":\"https:\/\/test.arctic.klean.it\/udflugter\/guided-tour-at-nuuk-art-museum\/#breadcrumb\"},\"inLanguage\":\"da-DK\",\"potentialAction\":[{\"@type\":\"ReadAction\",\"target\":[\"https:\/\/test.arctic.klean.it\/udflugter\/guided-tour-at-nuuk-art-museum\/\"]}]},{\"@type\":\"ImageObject\",\"inLanguage\":\"da-DK\",\"@id\":\"https:\/\/test.arctic.klean.it\/udflugter\/guided-tour-at-nuuk-art-museum\/#primaryimage\",\"url\":\"https:\/\/test.arctic.klean.it\/wp-content\/uploads\/2023\/02\/Visit-Greenland-2-scaled.jpg\",\"contentUrl\":\"https:\/\/test.arctic.klean.it\/wp-content\/uploads\/2023\/02\/Visit-Greenland-2-scaled.jpg\",\"width\":2160,\"height\":1440},{\"@type\":\"BreadcrumbList\",\"@id\":\"https:\/\/test.arctic.klean.it\/udflugter\/guided-tour-at-nuuk-art-museum\/#breadcrumb\",\"itemListElement\":[{\"@type\":\"ListItem\",\"position\":1,\"name\":\"Udflugter i Gr\u00f8nland\",\"item\":\"https:\/\/test.arctic.klean.it\/da\/udflugter\/\"},{\"@type\":\"ListItem\",\"position\":2,\"name\":\"Omvisning p\u00e5 Nuuk Kunstmuseum\"}]},{\"@type\":\"WebSite\",\"@id\":\"https:\/\/test.arctic.klean.it\/#website\",\"url\":\"https:\/\/test.arctic.klean.it\/\",\"name\":\"Arctic Excursions\",\"description\":\"New adventures. Every day.\",\"potentialAction\":[{\"@type\":\"SearchAction\",\"target\":{\"@type\":\"EntryPoint\",\"urlTemplate\":\"https:\/\/test.arctic.klean.it\/?s={search_term_string}\"},\"query-input\":{\"@type\":\"PropertyValueSpecification\",\"valueRequired\":true,\"valueName\":\"search_term_string\"}}],\"inLanguage\":\"da-DK\"}]}<\/script>\n<!-- \/ Yoast SEO plugin. -->","yoast_head_json":{"title":"Arctic Excursions","robots":{"index":"index","follow":"follow","max-snippet":"max-snippet:-1","max-image-preview":"max-image-preview:large","max-video-preview":"max-video-preview:-1"},"canonical":"https:\/\/test.arctic.klean.it\/udflugter\/guided-tour-at-nuuk-art-museum\/","og_locale":"da_DK","og_type":"article","og_title":"Omvisning p\u00e5 Nuuk Kunstmuseum - Arctic Excursions","og_description":"F\u00e5 en omvisning p\u00e5 Nuuk Kunstmuseum","og_url":"https:\/\/test.arctic.klean.it\/udflugter\/guided-tour-at-nuuk-art-museum\/","og_site_name":"Arctic Excursions","article_modified_time":"2023-05-01T09:35:58+00:00","og_image":[{"width":2560,"height":1707,"url":"https:\/\/test.arctic.klean.it\/wp-content\/uploads\/2023\/02\/Visit-Greenland-2-scaled.jpg","type":"image\/jpeg"}],"twitter_card":"summary_large_image","schema":{"@context":"https:\/\/schema.org","@graph":[{"@type":"WebPage","@id":"https:\/\/test.arctic.klean.it\/udflugter\/guided-tour-at-nuuk-art-museum\/","url":"https:\/\/test.arctic.klean.it\/udflugter\/guided-tour-at-nuuk-art-museum\/","name":"Omvisning p\u00e5 Nuuk Kunstmuseum - Arctic Excursions","isPartOf":{"@id":"https:\/\/test.arctic.klean.it\/#website"},"primaryImageOfPage":{"@id":"https:\/\/test.arctic.klean.it\/udflugter\/guided-tour-at-nuuk-art-museum\/#primaryimage"},"image":{"@id":"https:\/\/test.arctic.klean.it\/udflugter\/guided-tour-at-nuuk-art-museum\/#primaryimage"},"thumbnailUrl":"https:\/\/test.arctic.klean.it\/wp-content\/uploads\/2023\/02\/Visit-Greenland-2-scaled.jpg","datePublished":"2023-02-07T17:06:53+00:00","dateModified":"2023-05-01T09:35:58+00:00","breadcrumb":{"@id":"https:\/\/test.arctic.klean.it\/udflugter\/guided-tour-at-nuuk-art-museum\/#breadcrumb"},"inLanguage":"da-DK","potentialAction":[{"@type":"ReadAction","target":["https:\/\/test.arctic.klean.it\/udflugter\/guided-tour-at-nuuk-art-museum\/"]}]},{"@type":"ImageObject","inLanguage":"da-DK","@id":"https:\/\/test.arctic.klean.it\/udflugter\/guided-tour-at-nuuk-art-museum\/#primaryimage","url":"https:\/\/test.arctic.klean.it\/wp-content\/uploads\/2023\/02\/Visit-Greenland-2-scaled.jpg","contentUrl":"https:\/\/test.arctic.klean.it\/wp-content\/uploads\/2023\/02\/Visit-Greenland-2-scaled.jpg","width":2160,"height":1440},{"@type":"BreadcrumbList","@id":"https:\/\/test.arctic.klean.it\/udflugter\/guided-tour-at-nuuk-art-museum\/#breadcrumb","itemListElement":[{"@type":"ListItem","position":1,"name":"Udflugter i Gr\u00f8nland","item":"https:\/\/test.arctic.klean.it\/da\/udflugter\/"},{"@type":"ListItem","position":2,"name":"Omvisning p\u00e5 Nuuk Kunstmuseum"}]},{"@type":"WebSite","@id":"https:\/\/test.arctic.klean.it\/#website","url":"https:\/\/test.arctic.klean.it\/","name":"Arctic Excursions","description":"New adventures. Every day.","potentialAction":[{"@type":"SearchAction","target":{"@type":"EntryPoint","urlTemplate":"https:\/\/test.arctic.klean.it\/?s={search_term_string}"},"query-input":{"@type":"PropertyValueSpecification","valueRequired":true,"valueName":"search_term_string"}}],"inLanguage":"da-DK"}]}},"_links":{"self":[{"href":"https:\/\/test.arctic.klean.it\/da\/wp-json\/wp\/v2\/product\/9336","targetHints":{"allow":["GET"]}}],"collection":[{"href":"https:\/\/test.arctic.klean.it\/da\/wp-json\/wp\/v2\/product"}],"about":[{"href":"https:\/\/test.arctic.klean.it\/da\/wp-json\/wp\/v2\/types\/product"}],"replies":[{"embeddable":true,"href":"https:\/\/test.arctic.klean.it\/da\/wp-json\/wp\/v2\/comments?post=9336"}],"wp:featuredmedia":[{"embeddable":true,"href":"https:\/\/test.arctic.klean.it\/da\/wp-json\/wp\/v2\/media\/9332"}],"wp:attachment":[{"href":"https:\/\/test.arctic.klean.it\/da\/wp-json\/wp\/v2\/media?parent=9336"}],"wp:term":[{"taxonomy":"product_brand","embeddable":true,"href":"https:\/\/test.arctic.klean.it\/da\/wp-json\/wp\/v2\/product_brand?post=9336"},{"taxonomy":"product_cat","embeddable":true,"href":"https:\/\/test.arctic.klean.it\/da\/wp-json\/wp\/v2\/product_cat?post=9336"},{"taxonomy":"product_tag","embeddable":true,"href":"https:\/\/test.arctic.klean.it\/da\/wp-json\/wp\/v2\/product_tag?post=9336"}],"curies":[{"name":"wp","href":"https:\/\/api.w.org\/{rel}","templated":true}]}}