{"id":935,"date":"2022-05-11T10:08:25","date_gmt":"2022-05-11T08:08:25","guid":{"rendered":"https:\/\/test.arctic.klean.it\/?post_type=product&#038;p=935"},"modified":"2023-01-16T12:48:57","modified_gmt":"2023-01-16T10:48:57","slug":"inuit-kalaallisuut","status":"publish","type":"product","link":"https:\/\/test.arctic.klean.it\/da\/udflugter\/inuit-kalaallisuut\/","title":{"rendered":"Inuit Kalaallisuut"},"content":{"rendered":"<p><strong>Lokation:<\/strong> Ilulissat<\/p>\n<p>Tag med os, n\u00e5r vi bes\u00f8ger den lokale kvindeforening.<\/p>\n<p>Kvindeforeningen har 800 medlemmer og er aktiv i de fleste byer langs den gr\u00f8nlandske kyst. Lokale kvinder samles her over en kop kaffe og et f\u00e6lles m\u00e5l om at bevare historiske, gr\u00f8nlandske traditioner og h\u00e5ndv\u00e6rk. Tidligere var disse h\u00e5ndv\u00e6rk en vigtig del af livet, men i dag er det kun f\u00e5 mennesker, der ved, hvordan man udf\u00f8rer dem.<\/p>\n<p>Under dit bes\u00f8g vil en af kvinderne vise forskellige m\u00e5der at pr\u00e6parere og pleje skind og s\u00e5 vises og fort\u00e6lles der om den gr\u00f8nlandske nationaldragt. Herefter f\u00e5r du mulighed for selv at se n\u00e6rmere p\u00e5 dragten og m\u00e6rke perlernes v\u00e6gt med dine egne h\u00e6nder. Der bydes p\u00e5 kaffe og kage i gr\u00f8nlandsk tradition.<\/p>\n<p>Ethvert bes\u00f8g i Ilulissat bliver en tak bedre ved at opleve den traditionelle stemning i selskab med lokale entusiaster.<\/p>\n<p>Hj\u00e6lp os med at st\u00f8tte denne fantastiske indsats. B\u00e5de kvinder, m\u00e6nd og b\u00f8rn er alle velkomne.<\/p>\n<p><strong>Bem\u00e6rk venligst<\/strong><br \/>\n&#8211; Der er ingen kloakering ved Kvindeforeningen. Der er udhus med toilet.<\/p>\n<p><strong>Varighed:\u00a0<\/strong>1 time<br \/>\n<strong>S\u00e6son:\u00a0<\/strong>Hele \u00e5ret<br \/>\n<strong>Deltagere:\u00a0<\/strong>Min. 9<br \/>\n<strong>Sv\u00e6rhedsgrad:\u00a0<\/strong>Level 1<\/p>\n","protected":false},"excerpt":{"rendered":"<p>Den gr\u00f8nlandske nationaldragts sk\u00f8nhed legendarisk. Se den helt t\u00e6t p\u00e5 og h\u00f8r om vores traditioner!<\/p>\n","protected":false},"featured_media":2046,"comment_status":"open","ping_status":"closed","template":"","meta":{"_acf_changed":false},"product_brand":[],"product_cat":[170],"product_tag":[159],"class_list":{"0":"post-935","1":"product","2":"type-product","3":"status-publish","4":"has-post-thumbnail","6":"product_cat-udflugt","7":"product_tag-1-da","8":"pa_dato-172","9":"pa_tidspunkt-189","10":"tour_location-ilulissat-da","11":"tour_type-kultur","12":"tour_operator-world-of-greenland","14":"first","15":"outofstock","16":"shipping-taxable","17":"purchasable","18":"product-type-variable"},"acf":[],"yoast_head":"<!-- This site is optimized with the Yoast SEO plugin v25.2 - https:\/\/yoast.com\/wordpress\/plugins\/seo\/ -->\n<title>Arctic Excursions<\/title>\n<meta name=\"robots\" content=\"index, follow, max-snippet:-1, max-image-preview:large, max-video-preview:-1\" \/>\n<link rel=\"canonical\" href=\"https:\/\/test.arctic.klean.it\/udflugter\/inuit-kalaallisuut\/\" \/>\n<meta property=\"og:locale\" content=\"da_DK\" \/>\n<meta property=\"og:type\" content=\"article\" \/>\n<meta property=\"og:title\" content=\"Inuit Kalaallisuut - Arctic Excursions\" \/>\n<meta property=\"og:description\" content=\"Den gr\u00f8nlandske nationaldragts sk\u00f8nhed legendarisk. Se den helt t\u00e6t p\u00e5 og h\u00f8r om vores traditioner!\" \/>\n<meta property=\"og:url\" content=\"https:\/\/test.arctic.klean.it\/udflugter\/inuit-kalaallisuut\/\" \/>\n<meta property=\"og:site_name\" content=\"Arctic Excursions\" \/>\n<meta property=\"article:modified_time\" content=\"2023-01-16T10:48:57+00:00\" \/>\n<meta property=\"og:image\" content=\"https:\/\/test.arctic.klean.it\/wp-content\/uploads\/2022\/06\/inuit-kalaallisuut-pearls.jpg\" \/>\n\t<meta property=\"og:image:width\" content=\"1600\" \/>\n\t<meta property=\"og:image:height\" content=\"900\" \/>\n\t<meta property=\"og:image:type\" content=\"image\/jpeg\" \/>\n<meta name=\"twitter:card\" content=\"summary_large_image\" \/>\n<meta name=\"twitter:label1\" content=\"Estimeret l\u00e6setid\" \/>\n\t<meta name=\"twitter:data1\" content=\"1 minut\" \/>\n<script type=\"application\/ld+json\" class=\"yoast-schema-graph\">{\"@context\":\"https:\/\/schema.org\",\"@graph\":[{\"@type\":\"WebPage\",\"@id\":\"https:\/\/test.arctic.klean.it\/udflugter\/inuit-kalaallisuut\/\",\"url\":\"https:\/\/test.arctic.klean.it\/udflugter\/inuit-kalaallisuut\/\",\"name\":\"Inuit Kalaallisuut - Arctic Excursions\",\"isPartOf\":{\"@id\":\"https:\/\/test.arctic.klean.it\/#website\"},\"primaryImageOfPage\":{\"@id\":\"https:\/\/test.arctic.klean.it\/udflugter\/inuit-kalaallisuut\/#primaryimage\"},\"image\":{\"@id\":\"https:\/\/test.arctic.klean.it\/udflugter\/inuit-kalaallisuut\/#primaryimage\"},\"thumbnailUrl\":\"https:\/\/test.arctic.klean.it\/wp-content\/uploads\/2022\/06\/inuit-kalaallisuut-pearls.jpg\",\"datePublished\":\"2022-05-11T08:08:25+00:00\",\"dateModified\":\"2023-01-16T10:48:57+00:00\",\"breadcrumb\":{\"@id\":\"https:\/\/test.arctic.klean.it\/udflugter\/inuit-kalaallisuut\/#breadcrumb\"},\"inLanguage\":\"da-DK\",\"potentialAction\":[{\"@type\":\"ReadAction\",\"target\":[\"https:\/\/test.arctic.klean.it\/udflugter\/inuit-kalaallisuut\/\"]}]},{\"@type\":\"ImageObject\",\"inLanguage\":\"da-DK\",\"@id\":\"https:\/\/test.arctic.klean.it\/udflugter\/inuit-kalaallisuut\/#primaryimage\",\"url\":\"https:\/\/test.arctic.klean.it\/wp-content\/uploads\/2022\/06\/inuit-kalaallisuut-pearls.jpg\",\"contentUrl\":\"https:\/\/test.arctic.klean.it\/wp-content\/uploads\/2022\/06\/inuit-kalaallisuut-pearls.jpg\",\"width\":1600,\"height\":900},{\"@type\":\"BreadcrumbList\",\"@id\":\"https:\/\/test.arctic.klean.it\/udflugter\/inuit-kalaallisuut\/#breadcrumb\",\"itemListElement\":[{\"@type\":\"ListItem\",\"position\":1,\"name\":\"Udflugter i Gr\u00f8nland\",\"item\":\"https:\/\/test.arctic.klean.it\/da\/udflugter\/\"},{\"@type\":\"ListItem\",\"position\":2,\"name\":\"Inuit Kalaallisuut\"}]},{\"@type\":\"WebSite\",\"@id\":\"https:\/\/test.arctic.klean.it\/#website\",\"url\":\"https:\/\/test.arctic.klean.it\/\",\"name\":\"Arctic Excursions\",\"description\":\"New adventures. Every day.\",\"potentialAction\":[{\"@type\":\"SearchAction\",\"target\":{\"@type\":\"EntryPoint\",\"urlTemplate\":\"https:\/\/test.arctic.klean.it\/?s={search_term_string}\"},\"query-input\":{\"@type\":\"PropertyValueSpecification\",\"valueRequired\":true,\"valueName\":\"search_term_string\"}}],\"inLanguage\":\"da-DK\"}]}<\/script>\n<!-- \/ Yoast SEO plugin. -->","yoast_head_json":{"title":"Arctic Excursions","robots":{"index":"index","follow":"follow","max-snippet":"max-snippet:-1","max-image-preview":"max-image-preview:large","max-video-preview":"max-video-preview:-1"},"canonical":"https:\/\/test.arctic.klean.it\/udflugter\/inuit-kalaallisuut\/","og_locale":"da_DK","og_type":"article","og_title":"Inuit Kalaallisuut - Arctic Excursions","og_description":"Den gr\u00f8nlandske nationaldragts sk\u00f8nhed legendarisk. Se den helt t\u00e6t p\u00e5 og h\u00f8r om vores traditioner!","og_url":"https:\/\/test.arctic.klean.it\/udflugter\/inuit-kalaallisuut\/","og_site_name":"Arctic Excursions","article_modified_time":"2023-01-16T10:48:57+00:00","og_image":[{"width":1600,"height":900,"url":"https:\/\/test.arctic.klean.it\/wp-content\/uploads\/2022\/06\/inuit-kalaallisuut-pearls.jpg","type":"image\/jpeg"}],"twitter_card":"summary_large_image","twitter_misc":{"Estimeret l\u00e6setid":"1 minut"},"schema":{"@context":"https:\/\/schema.org","@graph":[{"@type":"WebPage","@id":"https:\/\/test.arctic.klean.it\/udflugter\/inuit-kalaallisuut\/","url":"https:\/\/test.arctic.klean.it\/udflugter\/inuit-kalaallisuut\/","name":"Inuit Kalaallisuut - Arctic Excursions","isPartOf":{"@id":"https:\/\/test.arctic.klean.it\/#website"},"primaryImageOfPage":{"@id":"https:\/\/test.arctic.klean.it\/udflugter\/inuit-kalaallisuut\/#primaryimage"},"image":{"@id":"https:\/\/test.arctic.klean.it\/udflugter\/inuit-kalaallisuut\/#primaryimage"},"thumbnailUrl":"https:\/\/test.arctic.klean.it\/wp-content\/uploads\/2022\/06\/inuit-kalaallisuut-pearls.jpg","datePublished":"2022-05-11T08:08:25+00:00","dateModified":"2023-01-16T10:48:57+00:00","breadcrumb":{"@id":"https:\/\/test.arctic.klean.it\/udflugter\/inuit-kalaallisuut\/#breadcrumb"},"inLanguage":"da-DK","potentialAction":[{"@type":"ReadAction","target":["https:\/\/test.arctic.klean.it\/udflugter\/inuit-kalaallisuut\/"]}]},{"@type":"ImageObject","inLanguage":"da-DK","@id":"https:\/\/test.arctic.klean.it\/udflugter\/inuit-kalaallisuut\/#primaryimage","url":"https:\/\/test.arctic.klean.it\/wp-content\/uploads\/2022\/06\/inuit-kalaallisuut-pearls.jpg","contentUrl":"https:\/\/test.arctic.klean.it\/wp-content\/uploads\/2022\/06\/inuit-kalaallisuut-pearls.jpg","width":1600,"height":900},{"@type":"BreadcrumbList","@id":"https:\/\/test.arctic.klean.it\/udflugter\/inuit-kalaallisuut\/#breadcrumb","itemListElement":[{"@type":"ListItem","position":1,"name":"Udflugter i Gr\u00f8nland","item":"https:\/\/test.arctic.klean.it\/da\/udflugter\/"},{"@type":"ListItem","position":2,"name":"Inuit Kalaallisuut"}]},{"@type":"WebSite","@id":"https:\/\/test.arctic.klean.it\/#website","url":"https:\/\/test.arctic.klean.it\/","name":"Arctic Excursions","description":"New adventures. Every day.","potentialAction":[{"@type":"SearchAction","target":{"@type":"EntryPoint","urlTemplate":"https:\/\/test.arctic.klean.it\/?s={search_term_string}"},"query-input":{"@type":"PropertyValueSpecification","valueRequired":true,"valueName":"search_term_string"}}],"inLanguage":"da-DK"}]}},"_links":{"self":[{"href":"https:\/\/test.arctic.klean.it\/da\/wp-json\/wp\/v2\/product\/935","targetHints":{"allow":["GET"]}}],"collection":[{"href":"https:\/\/test.arctic.klean.it\/da\/wp-json\/wp\/v2\/product"}],"about":[{"href":"https:\/\/test.arctic.klean.it\/da\/wp-json\/wp\/v2\/types\/product"}],"replies":[{"embeddable":true,"href":"https:\/\/test.arctic.klean.it\/da\/wp-json\/wp\/v2\/comments?post=935"}],"wp:featuredmedia":[{"embeddable":true,"href":"https:\/\/test.arctic.klean.it\/da\/wp-json\/wp\/v2\/media\/2046"}],"wp:attachment":[{"href":"https:\/\/test.arctic.klean.it\/da\/wp-json\/wp\/v2\/media?parent=935"}],"wp:term":[{"taxonomy":"product_brand","embeddable":true,"href":"https:\/\/test.arctic.klean.it\/da\/wp-json\/wp\/v2\/product_brand?post=935"},{"taxonomy":"product_cat","embeddable":true,"href":"https:\/\/test.arctic.klean.it\/da\/wp-json\/wp\/v2\/product_cat?post=935"},{"taxonomy":"product_tag","embeddable":true,"href":"https:\/\/test.arctic.klean.it\/da\/wp-json\/wp\/v2\/product_tag?post=935"}],"curies":[{"name":"wp","href":"https:\/\/api.w.org\/{rel}","templated":true}]}}