{"id":941,"date":"2022-05-12T09:48:14","date_gmt":"2022-05-12T07:48:14","guid":{"rendered":"https:\/\/test.arctic.klean.it\/?post_type=product&#038;p=941"},"modified":"2023-08-15T10:45:39","modified_gmt":"2023-08-15T08:45:39","slug":"kajakroning-blandt-isbjerge","status":"publish","type":"product","link":"https:\/\/test.arctic.klean.it\/da\/udflugter\/kajakroning-blandt-isbjerge\/","title":{"rendered":"Kajakroning blandt isbjerge"},"content":{"rendered":"<p><strong>Lokation:<\/strong> Ilulissat<\/p>\n<p>I tusinder af \u00e5r har inuit padlet gennem Gr\u00f8nlands farvande, og nu kan vi invitere dig med. Glid lydl\u00f8st gennem havet, omgivet af enorme isbjerge. Isbjergene er oplyst af midnatssolen, hvilket skaber en farverig gl\u00f8d. Er der overskyet, bliver isbjergene derimod bl\u00e5lige at se p\u00e5. Hvis vi er heldige, forstyrres stilheden af hvaler med deres bl\u00e5st efter et langt dyk &#8211; eller m\u00e5ske k\u00e6lvende isbjerge. Udsigten over isfjorden fra en kajak er uforlignelig.<\/p>\n<p>Vores instrukt\u00f8rer er professionelle og sikrer, at alle er trygge under hele rejsen. Alle deltagere f\u00e5r udleveret en t\u00f8rdragt og en ulden inderdragt. F\u00f8r turen starter, giver guiden en sikkerhedsbriefing. Vi har ogs\u00e5 en sikkerhedsb\u00e5d, der f\u00f8lger gruppen p\u00e5 alle ture. Selv hvis du aldrig har v\u00e6ret i en kajak f\u00f8r, er du velkommen til at komme med p\u00e5 udflugten.<\/p>\n<p><strong>Bem\u00e6rk venligst<\/strong><br \/>\n&#8211; Du skal v\u00e6re mindst 150 cm i h\u00f8j.<br \/>\n&#8211; Dette er ikke en tur for dig, hvis du lider af sv\u00e6re ryg- eller skulderproblemer.<br \/>\n&#8211; Medbring gerne solhat, solbriller, solcreme og vand.<br \/>\n&#8211; Der er garanteret mindst to timer p\u00e5 vandet.<br \/>\n&#8211; Vi padler i tvillingekajakker, som giver en fremragende vandstabilitet. Bem\u00e6rk venligst, at det ikke er muligt at anmode om en enkelt-kajak. Men, for der er altid et men: N\u00e5r antallet af personer p\u00e5 udflugten er ulige, bruger vi ogs\u00e5 en enkeltkajak.<\/p>\n<p><strong>Varighed:\u00a0<\/strong>3 timer<br \/>\n<strong>S\u00e6son:\u00a0<\/strong>Juni &#8211; August<br \/>\n<strong>Deltagere: <\/strong>Min. 2<strong><br \/>\n<\/strong><strong>Sv\u00e6rhedsgrad:\u00a0<\/strong>Level 2<\/p>\n","protected":false},"excerpt":{"rendered":"<p>Kajakken er en gr\u00f8nlandsk opfindelse, s\u00e5 hvad er mere passende end at padle blandt isbjerge?<\/p>\n","protected":false},"featured_media":2030,"comment_status":"open","ping_status":"closed","template":"","meta":{"_acf_changed":false},"product_brand":[],"product_cat":[170],"product_tag":[160],"class_list":{"0":"post-941","1":"product","2":"type-product","3":"status-publish","4":"has-post-thumbnail","6":"product_cat-udflugt","7":"product_tag-2-da","8":"pa_dato-172","9":"pa_dato-540","10":"pa_tidspunkt-189","11":"pa_tidspunkt-86","12":"tour_location-ilulissat-da","13":"tour_type-isbjerge","14":"tour_operator-world-of-greenland","16":"first","17":"outofstock","18":"shipping-taxable","19":"product-type-variable"},"acf":[],"yoast_head":"<!-- This site is optimized with the Yoast SEO plugin v25.2 - https:\/\/yoast.com\/wordpress\/plugins\/seo\/ -->\n<title>Arctic Excursions<\/title>\n<meta name=\"robots\" content=\"index, follow, max-snippet:-1, max-image-preview:large, max-video-preview:-1\" \/>\n<link rel=\"canonical\" href=\"https:\/\/test.arctic.klean.it\/udflugter\/kayaking-among-icebergs\/\" \/>\n<meta property=\"og:locale\" content=\"da_DK\" \/>\n<meta property=\"og:type\" content=\"article\" \/>\n<meta property=\"og:title\" content=\"Kajakroning blandt isbjerge - Arctic Excursions\" \/>\n<meta property=\"og:description\" content=\"Kajakken er en gr\u00f8nlandsk opfindelse, s\u00e5 hvad er mere passende end at padle blandt isbjerge?\" \/>\n<meta property=\"og:url\" content=\"https:\/\/test.arctic.klean.it\/udflugter\/kayaking-among-icebergs\/\" \/>\n<meta property=\"og:site_name\" content=\"Arctic Excursions\" \/>\n<meta property=\"article:modified_time\" content=\"2023-08-15T08:45:39+00:00\" \/>\n<meta property=\"og:image\" content=\"https:\/\/test.arctic.klean.it\/wp-content\/uploads\/2022\/06\/kayaking-among-icebergs-Asger-Pjetursson-wog-1.jpg\" \/>\n\t<meta property=\"og:image:width\" content=\"2000\" \/>\n\t<meta property=\"og:image:height\" content=\"1125\" \/>\n\t<meta property=\"og:image:type\" content=\"image\/jpeg\" \/>\n<meta name=\"twitter:card\" content=\"summary_large_image\" \/>\n<meta name=\"twitter:label1\" content=\"Estimeret l\u00e6setid\" \/>\n\t<meta name=\"twitter:data1\" content=\"2 minutter\" \/>\n<script type=\"application\/ld+json\" class=\"yoast-schema-graph\">{\"@context\":\"https:\/\/schema.org\",\"@graph\":[{\"@type\":\"WebPage\",\"@id\":\"https:\/\/test.arctic.klean.it\/udflugter\/kayaking-among-icebergs\/\",\"url\":\"https:\/\/test.arctic.klean.it\/udflugter\/kayaking-among-icebergs\/\",\"name\":\"Kajakroning blandt isbjerge - Arctic Excursions\",\"isPartOf\":{\"@id\":\"https:\/\/test.arctic.klean.it\/#website\"},\"primaryImageOfPage\":{\"@id\":\"https:\/\/test.arctic.klean.it\/udflugter\/kayaking-among-icebergs\/#primaryimage\"},\"image\":{\"@id\":\"https:\/\/test.arctic.klean.it\/udflugter\/kayaking-among-icebergs\/#primaryimage\"},\"thumbnailUrl\":\"https:\/\/test.arctic.klean.it\/wp-content\/uploads\/2022\/06\/kayaking-among-icebergs-Asger-Pjetursson-wog-1.jpg\",\"datePublished\":\"2022-05-12T07:48:14+00:00\",\"dateModified\":\"2023-08-15T08:45:39+00:00\",\"breadcrumb\":{\"@id\":\"https:\/\/test.arctic.klean.it\/udflugter\/kayaking-among-icebergs\/#breadcrumb\"},\"inLanguage\":\"da-DK\",\"potentialAction\":[{\"@type\":\"ReadAction\",\"target\":[\"https:\/\/test.arctic.klean.it\/udflugter\/kayaking-among-icebergs\/\"]}]},{\"@type\":\"ImageObject\",\"inLanguage\":\"da-DK\",\"@id\":\"https:\/\/test.arctic.klean.it\/udflugter\/kayaking-among-icebergs\/#primaryimage\",\"url\":\"https:\/\/test.arctic.klean.it\/wp-content\/uploads\/2022\/06\/kayaking-among-icebergs-Asger-Pjetursson-wog-1.jpg\",\"contentUrl\":\"https:\/\/test.arctic.klean.it\/wp-content\/uploads\/2022\/06\/kayaking-among-icebergs-Asger-Pjetursson-wog-1.jpg\",\"width\":2000,\"height\":1125},{\"@type\":\"BreadcrumbList\",\"@id\":\"https:\/\/test.arctic.klean.it\/udflugter\/kayaking-among-icebergs\/#breadcrumb\",\"itemListElement\":[{\"@type\":\"ListItem\",\"position\":1,\"name\":\"Udflugter i Gr\u00f8nland\",\"item\":\"https:\/\/test.arctic.klean.it\/da\/udflugter\/\"},{\"@type\":\"ListItem\",\"position\":2,\"name\":\"Kajakroning blandt isbjerge\"}]},{\"@type\":\"WebSite\",\"@id\":\"https:\/\/test.arctic.klean.it\/#website\",\"url\":\"https:\/\/test.arctic.klean.it\/\",\"name\":\"Arctic Excursions\",\"description\":\"New adventures. Every day.\",\"potentialAction\":[{\"@type\":\"SearchAction\",\"target\":{\"@type\":\"EntryPoint\",\"urlTemplate\":\"https:\/\/test.arctic.klean.it\/?s={search_term_string}\"},\"query-input\":{\"@type\":\"PropertyValueSpecification\",\"valueRequired\":true,\"valueName\":\"search_term_string\"}}],\"inLanguage\":\"da-DK\"}]}<\/script>\n<!-- \/ Yoast SEO plugin. -->","yoast_head_json":{"title":"Arctic Excursions","robots":{"index":"index","follow":"follow","max-snippet":"max-snippet:-1","max-image-preview":"max-image-preview:large","max-video-preview":"max-video-preview:-1"},"canonical":"https:\/\/test.arctic.klean.it\/udflugter\/kayaking-among-icebergs\/","og_locale":"da_DK","og_type":"article","og_title":"Kajakroning blandt isbjerge - Arctic Excursions","og_description":"Kajakken er en gr\u00f8nlandsk opfindelse, s\u00e5 hvad er mere passende end at padle blandt isbjerge?","og_url":"https:\/\/test.arctic.klean.it\/udflugter\/kayaking-among-icebergs\/","og_site_name":"Arctic Excursions","article_modified_time":"2023-08-15T08:45:39+00:00","og_image":[{"width":2000,"height":1125,"url":"https:\/\/test.arctic.klean.it\/wp-content\/uploads\/2022\/06\/kayaking-among-icebergs-Asger-Pjetursson-wog-1.jpg","type":"image\/jpeg"}],"twitter_card":"summary_large_image","twitter_misc":{"Estimeret l\u00e6setid":"2 minutter"},"schema":{"@context":"https:\/\/schema.org","@graph":[{"@type":"WebPage","@id":"https:\/\/test.arctic.klean.it\/udflugter\/kayaking-among-icebergs\/","url":"https:\/\/test.arctic.klean.it\/udflugter\/kayaking-among-icebergs\/","name":"Kajakroning blandt isbjerge - Arctic Excursions","isPartOf":{"@id":"https:\/\/test.arctic.klean.it\/#website"},"primaryImageOfPage":{"@id":"https:\/\/test.arctic.klean.it\/udflugter\/kayaking-among-icebergs\/#primaryimage"},"image":{"@id":"https:\/\/test.arctic.klean.it\/udflugter\/kayaking-among-icebergs\/#primaryimage"},"thumbnailUrl":"https:\/\/test.arctic.klean.it\/wp-content\/uploads\/2022\/06\/kayaking-among-icebergs-Asger-Pjetursson-wog-1.jpg","datePublished":"2022-05-12T07:48:14+00:00","dateModified":"2023-08-15T08:45:39+00:00","breadcrumb":{"@id":"https:\/\/test.arctic.klean.it\/udflugter\/kayaking-among-icebergs\/#breadcrumb"},"inLanguage":"da-DK","potentialAction":[{"@type":"ReadAction","target":["https:\/\/test.arctic.klean.it\/udflugter\/kayaking-among-icebergs\/"]}]},{"@type":"ImageObject","inLanguage":"da-DK","@id":"https:\/\/test.arctic.klean.it\/udflugter\/kayaking-among-icebergs\/#primaryimage","url":"https:\/\/test.arctic.klean.it\/wp-content\/uploads\/2022\/06\/kayaking-among-icebergs-Asger-Pjetursson-wog-1.jpg","contentUrl":"https:\/\/test.arctic.klean.it\/wp-content\/uploads\/2022\/06\/kayaking-among-icebergs-Asger-Pjetursson-wog-1.jpg","width":2000,"height":1125},{"@type":"BreadcrumbList","@id":"https:\/\/test.arctic.klean.it\/udflugter\/kayaking-among-icebergs\/#breadcrumb","itemListElement":[{"@type":"ListItem","position":1,"name":"Udflugter i Gr\u00f8nland","item":"https:\/\/test.arctic.klean.it\/da\/udflugter\/"},{"@type":"ListItem","position":2,"name":"Kajakroning blandt isbjerge"}]},{"@type":"WebSite","@id":"https:\/\/test.arctic.klean.it\/#website","url":"https:\/\/test.arctic.klean.it\/","name":"Arctic Excursions","description":"New adventures. Every day.","potentialAction":[{"@type":"SearchAction","target":{"@type":"EntryPoint","urlTemplate":"https:\/\/test.arctic.klean.it\/?s={search_term_string}"},"query-input":{"@type":"PropertyValueSpecification","valueRequired":true,"valueName":"search_term_string"}}],"inLanguage":"da-DK"}]}},"_links":{"self":[{"href":"https:\/\/test.arctic.klean.it\/da\/wp-json\/wp\/v2\/product\/941","targetHints":{"allow":["GET"]}}],"collection":[{"href":"https:\/\/test.arctic.klean.it\/da\/wp-json\/wp\/v2\/product"}],"about":[{"href":"https:\/\/test.arctic.klean.it\/da\/wp-json\/wp\/v2\/types\/product"}],"replies":[{"embeddable":true,"href":"https:\/\/test.arctic.klean.it\/da\/wp-json\/wp\/v2\/comments?post=941"}],"wp:featuredmedia":[{"embeddable":true,"href":"https:\/\/test.arctic.klean.it\/da\/wp-json\/wp\/v2\/media\/2030"}],"wp:attachment":[{"href":"https:\/\/test.arctic.klean.it\/da\/wp-json\/wp\/v2\/media?parent=941"}],"wp:term":[{"taxonomy":"product_brand","embeddable":true,"href":"https:\/\/test.arctic.klean.it\/da\/wp-json\/wp\/v2\/product_brand?post=941"},{"taxonomy":"product_cat","embeddable":true,"href":"https:\/\/test.arctic.klean.it\/da\/wp-json\/wp\/v2\/product_cat?post=941"},{"taxonomy":"product_tag","embeddable":true,"href":"https:\/\/test.arctic.klean.it\/da\/wp-json\/wp\/v2\/product_tag?post=941"}],"curies":[{"name":"wp","href":"https:\/\/api.w.org\/{rel}","templated":true}]}}