{"id":945,"date":"2022-05-12T09:54:15","date_gmt":"2022-05-12T07:54:15","guid":{"rendered":"https:\/\/test.arctic.klean.it\/?post_type=product&#038;p=945"},"modified":"2023-08-15T10:45:27","modified_gmt":"2023-08-15T08:45:27","slug":"sermermiut-den-forladte-inuit-boplads","status":"publish","type":"product","link":"https:\/\/test.arctic.klean.it\/da\/udflugter\/sermermiut-den-forladte-inuit-boplads\/","title":{"rendered":"Sermermiut \u2013 den forladte Inuit-boplads"},"content":{"rendered":"<p><strong>Lokation:<\/strong> Ilulissat<\/p>\n<p>Den tidligere inuit-boplads Sermermiut ligger halvanden kilometer syd for Ilulissat og er omgivet af smukke isbjerge. Forskellige inuitkulturer har levet i dette omr\u00e5de i 4000 \u00e5r, og der er stadig spor af deres tilstedev\u00e6relse.<\/p>\n<p>Din guide g\u00e5r tilbage i tiden, til f\u00f8r europ\u00e6erne ankom til Gr\u00f8nland og fort\u00e6ller historierne om inuitfolkets liv og traditioner. Se resterne af gr\u00e6st\u00f8rvshytter og m\u00e6rk permafrosten med dine egne h\u00e6nder (Bem\u00e6rk: Dette er ikke muligt, hvis der er sne). Det er ogs\u00e5 her, den ber\u00f8mte \u201dK\u00e6llingekl\u00f8ften\u201d ligger.<\/p>\n<p>I 2004 udpegede UNESCO omr\u00e5det som et verdensarvssted. I dag modtager Sermermiut omkring 30.000 bes\u00f8gende hvert \u00e5r. Derfor er der bygget en tr\u00e6sti for at beskytte omr\u00e5dets sarte flora og dyreliv mod slid. Gangbroen g\u00f8r ogs\u00e5, at denne udflugt er mulig for alle.<\/p>\n<p>N\u00e5r du bes\u00f8ger Ilulissat, er en rundvisning i Sermermiut et must-do. Vi garanterer, at du aldrig har set noget lignende.<\/p>\n<p><strong>Bem\u00e6rk venligst<\/strong><br \/>\n&#8211; Husk p\u00e5kl\u00e6dning der passer til \u00e5rstiden.<br \/>\n&#8211; Vi serverer kaffe og te under g\u00e5turen.<\/p>\n<p><strong>Varighed:\u00a0<\/strong>2 timer<br \/>\n<strong>S\u00e6son:\u00a0<\/strong>Hele \u00e5ret<br \/>\n<strong>Deltagere:\u00a0<\/strong>Min. 4<br \/>\n<strong>Sv\u00e6rhedsgrad:\u00a0<\/strong>Level 1<\/p>\n","protected":false},"excerpt":{"rendered":"<p>Oplev 4.000 \u00e5rs historie med en fantastisk udsigt til t\u00e5rnh\u00f8je isbjerge \u2013 g\u00e5 ikke glip af Sermermiut!<\/p>\n","protected":false},"featured_media":2048,"comment_status":"open","ping_status":"closed","template":"","meta":{"_acf_changed":false},"product_brand":[],"product_cat":[170],"product_tag":[159],"class_list":{"0":"post-945","1":"product","2":"type-product","3":"status-publish","4":"has-post-thumbnail","6":"product_cat-udflugt","7":"product_tag-1-da","8":"pa_dato-172","9":"pa_dato-329","10":"pa_dato-451","11":"pa_dato-452","12":"pa_dato-453","13":"pa_dato-454","14":"pa_dato-455","15":"pa_dato-456","16":"pa_dato-457","17":"pa_dato-458","18":"pa_dato-459","19":"pa_dato-460","20":"pa_dato-450","21":"pa_dato-327","22":"pa_dato-362","23":"pa_dato-365","24":"pa_dato-366","25":"pa_dato-369","26":"pa_dato-372","27":"pa_dato-375","28":"pa_dato-380","29":"pa_dato-385","30":"pa_dato-389","31":"pa_dato-393","32":"pa_dato-397","33":"pa_tidspunkt-189","34":"pa_tidspunkt-40","35":"pa_tidspunkt-76","36":"pa_tidspunkt-304","37":"pa_tidspunkt-308","38":"pa_tidspunkt-61","39":"tour_location-ilulissat-da","40":"tour_type-isbjerge","41":"tour_operator-world-of-greenland","43":"first","44":"outofstock","45":"shipping-taxable","46":"product-type-variable"},"acf":[],"yoast_head":"<!-- This site is optimized with the Yoast SEO plugin v25.2 - https:\/\/yoast.com\/wordpress\/plugins\/seo\/ -->\n<title>Arctic Excursions<\/title>\n<meta name=\"robots\" content=\"index, follow, max-snippet:-1, max-image-preview:large, max-video-preview:-1\" \/>\n<link rel=\"canonical\" href=\"https:\/\/test.arctic.klean.it\/udflugter\/sermermiut-the-abandoned-settlement\/\" \/>\n<meta property=\"og:locale\" content=\"da_DK\" \/>\n<meta property=\"og:type\" content=\"article\" \/>\n<meta property=\"og:title\" content=\"Sermermiut \u2013 den forladte Inuit-boplads - Arctic Excursions\" \/>\n<meta property=\"og:description\" content=\"Oplev 4.000 \u00e5rs historie med en fantastisk udsigt til t\u00e5rnh\u00f8je isbjerge \u2013 g\u00e5 ikke glip af Sermermiut!\" \/>\n<meta property=\"og:url\" content=\"https:\/\/test.arctic.klean.it\/udflugter\/sermermiut-the-abandoned-settlement\/\" \/>\n<meta property=\"og:site_name\" content=\"Arctic Excursions\" \/>\n<meta property=\"article:modified_time\" content=\"2023-08-15T08:45:27+00:00\" \/>\n<meta property=\"og:image\" content=\"https:\/\/test.arctic.klean.it\/wp-content\/uploads\/2022\/06\/sermermiut.jpg\" \/>\n\t<meta property=\"og:image:width\" content=\"2000\" \/>\n\t<meta property=\"og:image:height\" content=\"1333\" \/>\n\t<meta property=\"og:image:type\" content=\"image\/jpeg\" \/>\n<meta name=\"twitter:card\" content=\"summary_large_image\" \/>\n<meta name=\"twitter:label1\" content=\"Estimeret l\u00e6setid\" \/>\n\t<meta name=\"twitter:data1\" content=\"1 minut\" \/>\n<script type=\"application\/ld+json\" class=\"yoast-schema-graph\">{\"@context\":\"https:\/\/schema.org\",\"@graph\":[{\"@type\":\"WebPage\",\"@id\":\"https:\/\/test.arctic.klean.it\/udflugter\/sermermiut-the-abandoned-settlement\/\",\"url\":\"https:\/\/test.arctic.klean.it\/udflugter\/sermermiut-the-abandoned-settlement\/\",\"name\":\"Sermermiut \u2013 den forladte Inuit-boplads - Arctic Excursions\",\"isPartOf\":{\"@id\":\"https:\/\/test.arctic.klean.it\/#website\"},\"primaryImageOfPage\":{\"@id\":\"https:\/\/test.arctic.klean.it\/udflugter\/sermermiut-the-abandoned-settlement\/#primaryimage\"},\"image\":{\"@id\":\"https:\/\/test.arctic.klean.it\/udflugter\/sermermiut-the-abandoned-settlement\/#primaryimage\"},\"thumbnailUrl\":\"https:\/\/test.arctic.klean.it\/wp-content\/uploads\/2022\/06\/sermermiut.jpg\",\"datePublished\":\"2022-05-12T07:54:15+00:00\",\"dateModified\":\"2023-08-15T08:45:27+00:00\",\"breadcrumb\":{\"@id\":\"https:\/\/test.arctic.klean.it\/udflugter\/sermermiut-the-abandoned-settlement\/#breadcrumb\"},\"inLanguage\":\"da-DK\",\"potentialAction\":[{\"@type\":\"ReadAction\",\"target\":[\"https:\/\/test.arctic.klean.it\/udflugter\/sermermiut-the-abandoned-settlement\/\"]}]},{\"@type\":\"ImageObject\",\"inLanguage\":\"da-DK\",\"@id\":\"https:\/\/test.arctic.klean.it\/udflugter\/sermermiut-the-abandoned-settlement\/#primaryimage\",\"url\":\"https:\/\/test.arctic.klean.it\/wp-content\/uploads\/2022\/06\/sermermiut.jpg\",\"contentUrl\":\"https:\/\/test.arctic.klean.it\/wp-content\/uploads\/2022\/06\/sermermiut.jpg\",\"width\":2000,\"height\":1333},{\"@type\":\"BreadcrumbList\",\"@id\":\"https:\/\/test.arctic.klean.it\/udflugter\/sermermiut-the-abandoned-settlement\/#breadcrumb\",\"itemListElement\":[{\"@type\":\"ListItem\",\"position\":1,\"name\":\"Udflugter i Gr\u00f8nland\",\"item\":\"https:\/\/test.arctic.klean.it\/da\/udflugter\/\"},{\"@type\":\"ListItem\",\"position\":2,\"name\":\"Sermermiut \u2013 den forladte Inuit-boplads\"}]},{\"@type\":\"WebSite\",\"@id\":\"https:\/\/test.arctic.klean.it\/#website\",\"url\":\"https:\/\/test.arctic.klean.it\/\",\"name\":\"Arctic Excursions\",\"description\":\"New adventures. Every day.\",\"potentialAction\":[{\"@type\":\"SearchAction\",\"target\":{\"@type\":\"EntryPoint\",\"urlTemplate\":\"https:\/\/test.arctic.klean.it\/?s={search_term_string}\"},\"query-input\":{\"@type\":\"PropertyValueSpecification\",\"valueRequired\":true,\"valueName\":\"search_term_string\"}}],\"inLanguage\":\"da-DK\"}]}<\/script>\n<!-- \/ Yoast SEO plugin. -->","yoast_head_json":{"title":"Arctic Excursions","robots":{"index":"index","follow":"follow","max-snippet":"max-snippet:-1","max-image-preview":"max-image-preview:large","max-video-preview":"max-video-preview:-1"},"canonical":"https:\/\/test.arctic.klean.it\/udflugter\/sermermiut-the-abandoned-settlement\/","og_locale":"da_DK","og_type":"article","og_title":"Sermermiut \u2013 den forladte Inuit-boplads - Arctic Excursions","og_description":"Oplev 4.000 \u00e5rs historie med en fantastisk udsigt til t\u00e5rnh\u00f8je isbjerge \u2013 g\u00e5 ikke glip af Sermermiut!","og_url":"https:\/\/test.arctic.klean.it\/udflugter\/sermermiut-the-abandoned-settlement\/","og_site_name":"Arctic Excursions","article_modified_time":"2023-08-15T08:45:27+00:00","og_image":[{"width":2000,"height":1333,"url":"https:\/\/test.arctic.klean.it\/wp-content\/uploads\/2022\/06\/sermermiut.jpg","type":"image\/jpeg"}],"twitter_card":"summary_large_image","twitter_misc":{"Estimeret l\u00e6setid":"1 minut"},"schema":{"@context":"https:\/\/schema.org","@graph":[{"@type":"WebPage","@id":"https:\/\/test.arctic.klean.it\/udflugter\/sermermiut-the-abandoned-settlement\/","url":"https:\/\/test.arctic.klean.it\/udflugter\/sermermiut-the-abandoned-settlement\/","name":"Sermermiut \u2013 den forladte Inuit-boplads - Arctic Excursions","isPartOf":{"@id":"https:\/\/test.arctic.klean.it\/#website"},"primaryImageOfPage":{"@id":"https:\/\/test.arctic.klean.it\/udflugter\/sermermiut-the-abandoned-settlement\/#primaryimage"},"image":{"@id":"https:\/\/test.arctic.klean.it\/udflugter\/sermermiut-the-abandoned-settlement\/#primaryimage"},"thumbnailUrl":"https:\/\/test.arctic.klean.it\/wp-content\/uploads\/2022\/06\/sermermiut.jpg","datePublished":"2022-05-12T07:54:15+00:00","dateModified":"2023-08-15T08:45:27+00:00","breadcrumb":{"@id":"https:\/\/test.arctic.klean.it\/udflugter\/sermermiut-the-abandoned-settlement\/#breadcrumb"},"inLanguage":"da-DK","potentialAction":[{"@type":"ReadAction","target":["https:\/\/test.arctic.klean.it\/udflugter\/sermermiut-the-abandoned-settlement\/"]}]},{"@type":"ImageObject","inLanguage":"da-DK","@id":"https:\/\/test.arctic.klean.it\/udflugter\/sermermiut-the-abandoned-settlement\/#primaryimage","url":"https:\/\/test.arctic.klean.it\/wp-content\/uploads\/2022\/06\/sermermiut.jpg","contentUrl":"https:\/\/test.arctic.klean.it\/wp-content\/uploads\/2022\/06\/sermermiut.jpg","width":2000,"height":1333},{"@type":"BreadcrumbList","@id":"https:\/\/test.arctic.klean.it\/udflugter\/sermermiut-the-abandoned-settlement\/#breadcrumb","itemListElement":[{"@type":"ListItem","position":1,"name":"Udflugter i Gr\u00f8nland","item":"https:\/\/test.arctic.klean.it\/da\/udflugter\/"},{"@type":"ListItem","position":2,"name":"Sermermiut \u2013 den forladte Inuit-boplads"}]},{"@type":"WebSite","@id":"https:\/\/test.arctic.klean.it\/#website","url":"https:\/\/test.arctic.klean.it\/","name":"Arctic Excursions","description":"New adventures. Every day.","potentialAction":[{"@type":"SearchAction","target":{"@type":"EntryPoint","urlTemplate":"https:\/\/test.arctic.klean.it\/?s={search_term_string}"},"query-input":{"@type":"PropertyValueSpecification","valueRequired":true,"valueName":"search_term_string"}}],"inLanguage":"da-DK"}]}},"_links":{"self":[{"href":"https:\/\/test.arctic.klean.it\/da\/wp-json\/wp\/v2\/product\/945","targetHints":{"allow":["GET"]}}],"collection":[{"href":"https:\/\/test.arctic.klean.it\/da\/wp-json\/wp\/v2\/product"}],"about":[{"href":"https:\/\/test.arctic.klean.it\/da\/wp-json\/wp\/v2\/types\/product"}],"replies":[{"embeddable":true,"href":"https:\/\/test.arctic.klean.it\/da\/wp-json\/wp\/v2\/comments?post=945"}],"wp:featuredmedia":[{"embeddable":true,"href":"https:\/\/test.arctic.klean.it\/da\/wp-json\/wp\/v2\/media\/2048"}],"wp:attachment":[{"href":"https:\/\/test.arctic.klean.it\/da\/wp-json\/wp\/v2\/media?parent=945"}],"wp:term":[{"taxonomy":"product_brand","embeddable":true,"href":"https:\/\/test.arctic.klean.it\/da\/wp-json\/wp\/v2\/product_brand?post=945"},{"taxonomy":"product_cat","embeddable":true,"href":"https:\/\/test.arctic.klean.it\/da\/wp-json\/wp\/v2\/product_cat?post=945"},{"taxonomy":"product_tag","embeddable":true,"href":"https:\/\/test.arctic.klean.it\/da\/wp-json\/wp\/v2\/product_tag?post=945"}],"curies":[{"name":"wp","href":"https:\/\/api.w.org\/{rel}","templated":true}]}}