{"id":950,"date":"2022-05-12T10:26:13","date_gmt":"2022-05-12T08:26:13","guid":{"rendered":"https:\/\/test.arctic.klean.it\/?post_type=product&#038;p=950"},"modified":"2023-01-16T12:55:52","modified_gmt":"2023-01-16T10:55:52","slug":"snescootertur","status":"publish","type":"product","link":"https:\/\/test.arctic.klean.it\/da\/udflugter\/snescootertur\/","title":{"rendered":"Snescootertur"},"content":{"rendered":"<p><strong>Lokation:<\/strong> Ilulissat<\/p>\n<p>Om vinteren er snescooterk\u00f8rsel en popul\u00e6r aktivitet i Gr\u00f8nland. Vores rute kan \u00e6ndres afh\u00e6ngigt af sne- og vejrforholdene. Vi begynder normalt med at k\u00f8re op via &#8220;Kl\u00f8ften&#8221;, en snoet vej p\u00e5 bjergsiden lige bag Ilulissat. Vi har en forrygende udsigt over byen og Diskobugten fra toppen af bakken.<\/p>\n<p>Snescooteren forts\u00e6tter hen over frosne s\u00f8er og stenet bjergterr\u00e6n. Undervejs p\u00e5 ruten stopper vi ved det et supergodt udkigssted for at nyde en kop kaffe eller te.<\/p>\n<p><strong>Bem\u00e6rk venligst<\/strong><br \/>\n&#8211; Der er to personer p\u00e5 hver snescooter. Hvis du har k\u00f8bt turen alene, kommer du muligvis til at dele en snescooter med en anden person.<br \/>\n&#8211; Har du ryg- eller nakkebesv\u00e6r, er denne udflugt uegnet.<br \/>\n&#8211; Deltagerne skal v\u00e6re 18 \u00e5r eller \u00e6ldre.<\/p>\n<p><strong>Varighed:\u00a0<\/strong>3 timer<br \/>\n<strong>S\u00e6son:\u00a0<\/strong>Februar &#8211; April<br \/>\n<strong>Deltagere: <\/strong>Min. 1<strong><br \/>\nSv\u00e6rhedsgrad:\u00a0<\/strong>Level 2<\/p>\n","protected":false},"excerpt":{"rendered":"<p>Snescooterk\u00f8rsel er et sp\u00e6ndende eventyr, hvor du pr\u00f8ver kr\u00e6fter med st\u00e6rke motorer og fart!<\/p>\n","protected":false},"featured_media":2066,"comment_status":"open","ping_status":"closed","template":"","meta":{"_acf_changed":false},"product_brand":[],"product_cat":[170],"product_tag":[160],"class_list":{"0":"post-950","1":"product","2":"type-product","3":"status-publish","4":"has-post-thumbnail","6":"product_cat-udflugt","7":"product_tag-2-da","8":"pa_dato-172","9":"pa_dato-246","10":"pa_dato-225","11":"pa_tidspunkt-189","12":"tour_location-ilulissat-da","13":"tour_type-isbjerge","14":"tour_operator-world-of-greenland","16":"first","17":"outofstock","18":"shipping-taxable","19":"purchasable","20":"product-type-variable"},"acf":[],"yoast_head":"<!-- This site is optimized with the Yoast SEO plugin v25.2 - https:\/\/yoast.com\/wordpress\/plugins\/seo\/ -->\n<title>Arctic Excursions<\/title>\n<meta name=\"robots\" content=\"index, follow, max-snippet:-1, max-image-preview:large, max-video-preview:-1\" \/>\n<link rel=\"canonical\" href=\"https:\/\/test.arctic.klean.it\/udflugter\/snowmobile-tour\/\" \/>\n<meta property=\"og:locale\" content=\"da_DK\" \/>\n<meta property=\"og:type\" content=\"article\" \/>\n<meta property=\"og:title\" content=\"Snescootertur - Arctic Excursions\" \/>\n<meta property=\"og:description\" content=\"Snescooterk\u00f8rsel er et sp\u00e6ndende eventyr, hvor du pr\u00f8ver kr\u00e6fter med st\u00e6rke motorer og fart!\" \/>\n<meta property=\"og:url\" content=\"https:\/\/test.arctic.klean.it\/udflugter\/snowmobile-tour\/\" \/>\n<meta property=\"og:site_name\" content=\"Arctic Excursions\" \/>\n<meta property=\"article:modified_time\" content=\"2023-01-16T10:55:52+00:00\" \/>\n<meta property=\"og:image\" content=\"https:\/\/test.arctic.klean.it\/wp-content\/uploads\/2022\/06\/snowmobile-03-destination-arctic-circle.jpg\" \/>\n\t<meta property=\"og:image:width\" content=\"2000\" \/>\n\t<meta property=\"og:image:height\" content=\"1328\" \/>\n\t<meta property=\"og:image:type\" content=\"image\/jpeg\" \/>\n<meta name=\"twitter:card\" content=\"summary_large_image\" \/>\n<meta name=\"twitter:label1\" content=\"Estimeret l\u00e6setid\" \/>\n\t<meta name=\"twitter:data1\" content=\"1 minut\" \/>\n<script type=\"application\/ld+json\" class=\"yoast-schema-graph\">{\"@context\":\"https:\/\/schema.org\",\"@graph\":[{\"@type\":\"WebPage\",\"@id\":\"https:\/\/test.arctic.klean.it\/udflugter\/snowmobile-tour\/\",\"url\":\"https:\/\/test.arctic.klean.it\/udflugter\/snowmobile-tour\/\",\"name\":\"Snescootertur - Arctic Excursions\",\"isPartOf\":{\"@id\":\"https:\/\/test.arctic.klean.it\/#website\"},\"primaryImageOfPage\":{\"@id\":\"https:\/\/test.arctic.klean.it\/udflugter\/snowmobile-tour\/#primaryimage\"},\"image\":{\"@id\":\"https:\/\/test.arctic.klean.it\/udflugter\/snowmobile-tour\/#primaryimage\"},\"thumbnailUrl\":\"https:\/\/test.arctic.klean.it\/wp-content\/uploads\/2022\/06\/snowmobile-03-destination-arctic-circle.jpg\",\"datePublished\":\"2022-05-12T08:26:13+00:00\",\"dateModified\":\"2023-01-16T10:55:52+00:00\",\"breadcrumb\":{\"@id\":\"https:\/\/test.arctic.klean.it\/udflugter\/snowmobile-tour\/#breadcrumb\"},\"inLanguage\":\"da-DK\",\"potentialAction\":[{\"@type\":\"ReadAction\",\"target\":[\"https:\/\/test.arctic.klean.it\/udflugter\/snowmobile-tour\/\"]}]},{\"@type\":\"ImageObject\",\"inLanguage\":\"da-DK\",\"@id\":\"https:\/\/test.arctic.klean.it\/udflugter\/snowmobile-tour\/#primaryimage\",\"url\":\"https:\/\/test.arctic.klean.it\/wp-content\/uploads\/2022\/06\/snowmobile-03-destination-arctic-circle.jpg\",\"contentUrl\":\"https:\/\/test.arctic.klean.it\/wp-content\/uploads\/2022\/06\/snowmobile-03-destination-arctic-circle.jpg\",\"width\":2000,\"height\":1328},{\"@type\":\"BreadcrumbList\",\"@id\":\"https:\/\/test.arctic.klean.it\/udflugter\/snowmobile-tour\/#breadcrumb\",\"itemListElement\":[{\"@type\":\"ListItem\",\"position\":1,\"name\":\"Udflugter i Gr\u00f8nland\",\"item\":\"https:\/\/test.arctic.klean.it\/da\/udflugter\/\"},{\"@type\":\"ListItem\",\"position\":2,\"name\":\"Snescootertur\"}]},{\"@type\":\"WebSite\",\"@id\":\"https:\/\/test.arctic.klean.it\/#website\",\"url\":\"https:\/\/test.arctic.klean.it\/\",\"name\":\"Arctic Excursions\",\"description\":\"New adventures. Every day.\",\"potentialAction\":[{\"@type\":\"SearchAction\",\"target\":{\"@type\":\"EntryPoint\",\"urlTemplate\":\"https:\/\/test.arctic.klean.it\/?s={search_term_string}\"},\"query-input\":{\"@type\":\"PropertyValueSpecification\",\"valueRequired\":true,\"valueName\":\"search_term_string\"}}],\"inLanguage\":\"da-DK\"}]}<\/script>\n<!-- \/ Yoast SEO plugin. -->","yoast_head_json":{"title":"Arctic Excursions","robots":{"index":"index","follow":"follow","max-snippet":"max-snippet:-1","max-image-preview":"max-image-preview:large","max-video-preview":"max-video-preview:-1"},"canonical":"https:\/\/test.arctic.klean.it\/udflugter\/snowmobile-tour\/","og_locale":"da_DK","og_type":"article","og_title":"Snescootertur - Arctic Excursions","og_description":"Snescooterk\u00f8rsel er et sp\u00e6ndende eventyr, hvor du pr\u00f8ver kr\u00e6fter med st\u00e6rke motorer og fart!","og_url":"https:\/\/test.arctic.klean.it\/udflugter\/snowmobile-tour\/","og_site_name":"Arctic Excursions","article_modified_time":"2023-01-16T10:55:52+00:00","og_image":[{"width":2000,"height":1328,"url":"https:\/\/test.arctic.klean.it\/wp-content\/uploads\/2022\/06\/snowmobile-03-destination-arctic-circle.jpg","type":"image\/jpeg"}],"twitter_card":"summary_large_image","twitter_misc":{"Estimeret l\u00e6setid":"1 minut"},"schema":{"@context":"https:\/\/schema.org","@graph":[{"@type":"WebPage","@id":"https:\/\/test.arctic.klean.it\/udflugter\/snowmobile-tour\/","url":"https:\/\/test.arctic.klean.it\/udflugter\/snowmobile-tour\/","name":"Snescootertur - Arctic Excursions","isPartOf":{"@id":"https:\/\/test.arctic.klean.it\/#website"},"primaryImageOfPage":{"@id":"https:\/\/test.arctic.klean.it\/udflugter\/snowmobile-tour\/#primaryimage"},"image":{"@id":"https:\/\/test.arctic.klean.it\/udflugter\/snowmobile-tour\/#primaryimage"},"thumbnailUrl":"https:\/\/test.arctic.klean.it\/wp-content\/uploads\/2022\/06\/snowmobile-03-destination-arctic-circle.jpg","datePublished":"2022-05-12T08:26:13+00:00","dateModified":"2023-01-16T10:55:52+00:00","breadcrumb":{"@id":"https:\/\/test.arctic.klean.it\/udflugter\/snowmobile-tour\/#breadcrumb"},"inLanguage":"da-DK","potentialAction":[{"@type":"ReadAction","target":["https:\/\/test.arctic.klean.it\/udflugter\/snowmobile-tour\/"]}]},{"@type":"ImageObject","inLanguage":"da-DK","@id":"https:\/\/test.arctic.klean.it\/udflugter\/snowmobile-tour\/#primaryimage","url":"https:\/\/test.arctic.klean.it\/wp-content\/uploads\/2022\/06\/snowmobile-03-destination-arctic-circle.jpg","contentUrl":"https:\/\/test.arctic.klean.it\/wp-content\/uploads\/2022\/06\/snowmobile-03-destination-arctic-circle.jpg","width":2000,"height":1328},{"@type":"BreadcrumbList","@id":"https:\/\/test.arctic.klean.it\/udflugter\/snowmobile-tour\/#breadcrumb","itemListElement":[{"@type":"ListItem","position":1,"name":"Udflugter i Gr\u00f8nland","item":"https:\/\/test.arctic.klean.it\/da\/udflugter\/"},{"@type":"ListItem","position":2,"name":"Snescootertur"}]},{"@type":"WebSite","@id":"https:\/\/test.arctic.klean.it\/#website","url":"https:\/\/test.arctic.klean.it\/","name":"Arctic Excursions","description":"New adventures. Every day.","potentialAction":[{"@type":"SearchAction","target":{"@type":"EntryPoint","urlTemplate":"https:\/\/test.arctic.klean.it\/?s={search_term_string}"},"query-input":{"@type":"PropertyValueSpecification","valueRequired":true,"valueName":"search_term_string"}}],"inLanguage":"da-DK"}]}},"_links":{"self":[{"href":"https:\/\/test.arctic.klean.it\/da\/wp-json\/wp\/v2\/product\/950","targetHints":{"allow":["GET"]}}],"collection":[{"href":"https:\/\/test.arctic.klean.it\/da\/wp-json\/wp\/v2\/product"}],"about":[{"href":"https:\/\/test.arctic.klean.it\/da\/wp-json\/wp\/v2\/types\/product"}],"replies":[{"embeddable":true,"href":"https:\/\/test.arctic.klean.it\/da\/wp-json\/wp\/v2\/comments?post=950"}],"wp:featuredmedia":[{"embeddable":true,"href":"https:\/\/test.arctic.klean.it\/da\/wp-json\/wp\/v2\/media\/2066"}],"wp:attachment":[{"href":"https:\/\/test.arctic.klean.it\/da\/wp-json\/wp\/v2\/media?parent=950"}],"wp:term":[{"taxonomy":"product_brand","embeddable":true,"href":"https:\/\/test.arctic.klean.it\/da\/wp-json\/wp\/v2\/product_brand?post=950"},{"taxonomy":"product_cat","embeddable":true,"href":"https:\/\/test.arctic.klean.it\/da\/wp-json\/wp\/v2\/product_cat?post=950"},{"taxonomy":"product_tag","embeddable":true,"href":"https:\/\/test.arctic.klean.it\/da\/wp-json\/wp\/v2\/product_tag?post=950"}],"curies":[{"name":"wp","href":"https:\/\/api.w.org\/{rel}","templated":true}]}}