{"id":9525,"date":"2023-02-15T22:04:57","date_gmt":"2023-02-15T20:04:57","guid":{"rendered":"https:\/\/test.arctic.klean.it\/?post_type=product&#038;p=9525"},"modified":"2023-05-01T11:29:32","modified_gmt":"2023-05-01T09:29:32","slug":"snescooter-tur-i-baglandet","status":"publish","type":"product","link":"https:\/\/test.arctic.klean.it\/da\/udflugter\/snescooter-tur-i-baglandet\/","title":{"rendered":"Snescooter tur i baglandet"},"content":{"rendered":"<p>Her f\u00e5r du rig muligheder for at se hundesl\u00e6der k\u00f8re forbi og f\u00e5 et lille indblik i den gr\u00f8nlandske tradition.<br \/>\nMens vi k\u00f8rer, kan du betragte det fantastiske, gr\u00f8nlandske landsskab. Undervejs vil der v\u00e6re nogle pauser, hvor du kan nyde udsigten, stilheden og den storsl\u00e5ede natur, mens du \u00e5nder den friske luft. <\/p>\n<p><b>Varighed:<\/b> 2 timer<br \/>\n<b>Inkluderet:<\/b> Hjelm og evt. varmt t\u00f8j og st\u00f8vler<\/p>\n","protected":false},"excerpt":{"rendered":"<p>Tag med ud p\u00e5 snescootertur gennem Ilulissats bagland <\/p>\n","protected":false},"featured_media":9519,"comment_status":"open","ping_status":"closed","template":"","meta":{"_acf_changed":false},"product_brand":[],"product_cat":[170],"product_tag":[],"class_list":{"0":"post-9525","1":"product","2":"type-product","3":"status-publish","4":"has-post-thumbnail","6":"product_cat-udflugt","7":"tour_location-ilulissat-da","8":"tour_type-snescooter","9":"tour_operator-authentic-greenland","11":"first","12":"outofstock","13":"shipping-taxable","14":"product-type-variable"},"acf":[],"yoast_head":"<!-- This site is optimized with the Yoast SEO plugin v25.2 - https:\/\/yoast.com\/wordpress\/plugins\/seo\/ -->\n<title>Arctic Excursions<\/title>\n<meta name=\"robots\" content=\"index, follow, max-snippet:-1, max-image-preview:large, max-video-preview:-1\" \/>\n<link rel=\"canonical\" href=\"https:\/\/test.arctic.klean.it\/udflugter\/snescooter-tur-i-baglandet\/\" \/>\n<meta property=\"og:locale\" content=\"da_DK\" \/>\n<meta property=\"og:type\" content=\"article\" \/>\n<meta property=\"og:title\" content=\"Snescooter tur i baglandet - Arctic Excursions\" \/>\n<meta property=\"og:description\" content=\"Tag med ud p\u00e5 snescootertur gennem Ilulissats bagland\" \/>\n<meta property=\"og:url\" content=\"https:\/\/test.arctic.klean.it\/udflugter\/snescooter-tur-i-baglandet\/\" \/>\n<meta property=\"og:site_name\" content=\"Arctic Excursions\" \/>\n<meta property=\"article:modified_time\" content=\"2023-05-01T09:29:32+00:00\" \/>\n<meta property=\"og:image\" content=\"https:\/\/test.arctic.klean.it\/wp-content\/uploads\/2023\/02\/D7F1F9EA-7938-4851-8541-D604D429419F-scaled.jpeg\" \/>\n\t<meta property=\"og:image:width\" content=\"2560\" \/>\n\t<meta property=\"og:image:height\" content=\"1441\" \/>\n\t<meta property=\"og:image:type\" content=\"image\/jpeg\" \/>\n<meta name=\"twitter:card\" content=\"summary_large_image\" \/>\n<script type=\"application\/ld+json\" class=\"yoast-schema-graph\">{\"@context\":\"https:\/\/schema.org\",\"@graph\":[{\"@type\":\"WebPage\",\"@id\":\"https:\/\/test.arctic.klean.it\/udflugter\/snescooter-tur-i-baglandet\/\",\"url\":\"https:\/\/test.arctic.klean.it\/udflugter\/snescooter-tur-i-baglandet\/\",\"name\":\"Snescooter tur i baglandet - Arctic Excursions\",\"isPartOf\":{\"@id\":\"https:\/\/test.arctic.klean.it\/#website\"},\"primaryImageOfPage\":{\"@id\":\"https:\/\/test.arctic.klean.it\/udflugter\/snescooter-tur-i-baglandet\/#primaryimage\"},\"image\":{\"@id\":\"https:\/\/test.arctic.klean.it\/udflugter\/snescooter-tur-i-baglandet\/#primaryimage\"},\"thumbnailUrl\":\"https:\/\/test.arctic.klean.it\/wp-content\/uploads\/2023\/02\/D7F1F9EA-7938-4851-8541-D604D429419F-scaled.jpeg\",\"datePublished\":\"2023-02-15T20:04:57+00:00\",\"dateModified\":\"2023-05-01T09:29:32+00:00\",\"breadcrumb\":{\"@id\":\"https:\/\/test.arctic.klean.it\/udflugter\/snescooter-tur-i-baglandet\/#breadcrumb\"},\"inLanguage\":\"da-DK\",\"potentialAction\":[{\"@type\":\"ReadAction\",\"target\":[\"https:\/\/test.arctic.klean.it\/udflugter\/snescooter-tur-i-baglandet\/\"]}]},{\"@type\":\"ImageObject\",\"inLanguage\":\"da-DK\",\"@id\":\"https:\/\/test.arctic.klean.it\/udflugter\/snescooter-tur-i-baglandet\/#primaryimage\",\"url\":\"https:\/\/test.arctic.klean.it\/wp-content\/uploads\/2023\/02\/D7F1F9EA-7938-4851-8541-D604D429419F-scaled.jpeg\",\"contentUrl\":\"https:\/\/test.arctic.klean.it\/wp-content\/uploads\/2023\/02\/D7F1F9EA-7938-4851-8541-D604D429419F-scaled.jpeg\",\"width\":2558,\"height\":1440},{\"@type\":\"BreadcrumbList\",\"@id\":\"https:\/\/test.arctic.klean.it\/udflugter\/snescooter-tur-i-baglandet\/#breadcrumb\",\"itemListElement\":[{\"@type\":\"ListItem\",\"position\":1,\"name\":\"Udflugter i Gr\u00f8nland\",\"item\":\"https:\/\/test.arctic.klean.it\/da\/udflugter\/\"},{\"@type\":\"ListItem\",\"position\":2,\"name\":\"Snescooter tur i baglandet\"}]},{\"@type\":\"WebSite\",\"@id\":\"https:\/\/test.arctic.klean.it\/#website\",\"url\":\"https:\/\/test.arctic.klean.it\/\",\"name\":\"Arctic Excursions\",\"description\":\"New adventures. Every day.\",\"potentialAction\":[{\"@type\":\"SearchAction\",\"target\":{\"@type\":\"EntryPoint\",\"urlTemplate\":\"https:\/\/test.arctic.klean.it\/?s={search_term_string}\"},\"query-input\":{\"@type\":\"PropertyValueSpecification\",\"valueRequired\":true,\"valueName\":\"search_term_string\"}}],\"inLanguage\":\"da-DK\"}]}<\/script>\n<!-- \/ Yoast SEO plugin. -->","yoast_head_json":{"title":"Arctic Excursions","robots":{"index":"index","follow":"follow","max-snippet":"max-snippet:-1","max-image-preview":"max-image-preview:large","max-video-preview":"max-video-preview:-1"},"canonical":"https:\/\/test.arctic.klean.it\/udflugter\/snescooter-tur-i-baglandet\/","og_locale":"da_DK","og_type":"article","og_title":"Snescooter tur i baglandet - Arctic Excursions","og_description":"Tag med ud p\u00e5 snescootertur gennem Ilulissats bagland","og_url":"https:\/\/test.arctic.klean.it\/udflugter\/snescooter-tur-i-baglandet\/","og_site_name":"Arctic Excursions","article_modified_time":"2023-05-01T09:29:32+00:00","og_image":[{"width":2560,"height":1441,"url":"https:\/\/test.arctic.klean.it\/wp-content\/uploads\/2023\/02\/D7F1F9EA-7938-4851-8541-D604D429419F-scaled.jpeg","type":"image\/jpeg"}],"twitter_card":"summary_large_image","schema":{"@context":"https:\/\/schema.org","@graph":[{"@type":"WebPage","@id":"https:\/\/test.arctic.klean.it\/udflugter\/snescooter-tur-i-baglandet\/","url":"https:\/\/test.arctic.klean.it\/udflugter\/snescooter-tur-i-baglandet\/","name":"Snescooter tur i baglandet - Arctic Excursions","isPartOf":{"@id":"https:\/\/test.arctic.klean.it\/#website"},"primaryImageOfPage":{"@id":"https:\/\/test.arctic.klean.it\/udflugter\/snescooter-tur-i-baglandet\/#primaryimage"},"image":{"@id":"https:\/\/test.arctic.klean.it\/udflugter\/snescooter-tur-i-baglandet\/#primaryimage"},"thumbnailUrl":"https:\/\/test.arctic.klean.it\/wp-content\/uploads\/2023\/02\/D7F1F9EA-7938-4851-8541-D604D429419F-scaled.jpeg","datePublished":"2023-02-15T20:04:57+00:00","dateModified":"2023-05-01T09:29:32+00:00","breadcrumb":{"@id":"https:\/\/test.arctic.klean.it\/udflugter\/snescooter-tur-i-baglandet\/#breadcrumb"},"inLanguage":"da-DK","potentialAction":[{"@type":"ReadAction","target":["https:\/\/test.arctic.klean.it\/udflugter\/snescooter-tur-i-baglandet\/"]}]},{"@type":"ImageObject","inLanguage":"da-DK","@id":"https:\/\/test.arctic.klean.it\/udflugter\/snescooter-tur-i-baglandet\/#primaryimage","url":"https:\/\/test.arctic.klean.it\/wp-content\/uploads\/2023\/02\/D7F1F9EA-7938-4851-8541-D604D429419F-scaled.jpeg","contentUrl":"https:\/\/test.arctic.klean.it\/wp-content\/uploads\/2023\/02\/D7F1F9EA-7938-4851-8541-D604D429419F-scaled.jpeg","width":2558,"height":1440},{"@type":"BreadcrumbList","@id":"https:\/\/test.arctic.klean.it\/udflugter\/snescooter-tur-i-baglandet\/#breadcrumb","itemListElement":[{"@type":"ListItem","position":1,"name":"Udflugter i Gr\u00f8nland","item":"https:\/\/test.arctic.klean.it\/da\/udflugter\/"},{"@type":"ListItem","position":2,"name":"Snescooter tur i baglandet"}]},{"@type":"WebSite","@id":"https:\/\/test.arctic.klean.it\/#website","url":"https:\/\/test.arctic.klean.it\/","name":"Arctic Excursions","description":"New adventures. Every day.","potentialAction":[{"@type":"SearchAction","target":{"@type":"EntryPoint","urlTemplate":"https:\/\/test.arctic.klean.it\/?s={search_term_string}"},"query-input":{"@type":"PropertyValueSpecification","valueRequired":true,"valueName":"search_term_string"}}],"inLanguage":"da-DK"}]}},"_links":{"self":[{"href":"https:\/\/test.arctic.klean.it\/da\/wp-json\/wp\/v2\/product\/9525","targetHints":{"allow":["GET"]}}],"collection":[{"href":"https:\/\/test.arctic.klean.it\/da\/wp-json\/wp\/v2\/product"}],"about":[{"href":"https:\/\/test.arctic.klean.it\/da\/wp-json\/wp\/v2\/types\/product"}],"replies":[{"embeddable":true,"href":"https:\/\/test.arctic.klean.it\/da\/wp-json\/wp\/v2\/comments?post=9525"}],"wp:featuredmedia":[{"embeddable":true,"href":"https:\/\/test.arctic.klean.it\/da\/wp-json\/wp\/v2\/media\/9519"}],"wp:attachment":[{"href":"https:\/\/test.arctic.klean.it\/da\/wp-json\/wp\/v2\/media?parent=9525"}],"wp:term":[{"taxonomy":"product_brand","embeddable":true,"href":"https:\/\/test.arctic.klean.it\/da\/wp-json\/wp\/v2\/product_brand?post=9525"},{"taxonomy":"product_cat","embeddable":true,"href":"https:\/\/test.arctic.klean.it\/da\/wp-json\/wp\/v2\/product_cat?post=9525"},{"taxonomy":"product_tag","embeddable":true,"href":"https:\/\/test.arctic.klean.it\/da\/wp-json\/wp\/v2\/product_tag?post=9525"}],"curies":[{"name":"wp","href":"https:\/\/api.w.org\/{rel}","templated":true}]}}