{"id":9603,"date":"2023-02-16T16:53:20","date_gmt":"2023-02-16T14:53:20","guid":{"rendered":"https:\/\/test.arctic.klean.it\/?post_type=product&#038;p=9603"},"modified":"2025-02-28T13:59:07","modified_gmt":"2025-02-28T11:59:07","slug":"5-timers-snescooter-tur-til-gletsjer","status":"publish","type":"product","link":"https:\/\/test.arctic.klean.it\/da\/udflugter\/5-timers-snescooter-tur-til-gletsjer\/","title":{"rendered":"5 timers snescootertur til gletsjer"},"content":{"rendered":"<p>Her f\u00e5r du rig muligheder for at se hundesl\u00e6der k\u00f8re forbi. <\/p>\n<p>P\u00e5 denne tur f\u00e5r du ogs\u00e5 mulighed for at komme ud til fiskerne, der fisker p\u00e5 isen, og se dem hive deres langliner op. Dermed f\u00e5r du et indblik i den gr\u00f8nlandske tradition. <\/p>\n<p>Mens vi k\u00f8rer, kan du betragte det gr\u00f8nlandske landsskab. Undervejs vil der v\u00e6re nogle pauser, hvor du kan nyde udsigten, stilheden og den storsl\u00e5ede natur, mens du ind\u00e5nder den friske luft. <\/p>\n<p><b>Inkluderet:<\/b> Hjelm og evt. varmt t\u00f8j og st\u00f8vler <\/p>\n<p>Da vejret i Gr\u00f8nland kan v\u00e6re uforudsigelig, skal du v\u00e6re opm\u00e6rksom p\u00e5, at turplanen kan \u00e6ndre sig.<\/p>\n","protected":false},"excerpt":{"rendered":"<p>Tag med p\u00e5 en heldags snescootertur i baglandet og ud til gletsjeren med en lokal guide, der kan fort\u00e6lle om livet i Gr\u00f8nland. <\/p>\n","protected":false},"featured_media":9523,"comment_status":"open","ping_status":"closed","template":"","meta":{"_acf_changed":false},"product_brand":[],"product_cat":[170],"product_tag":[],"class_list":{"0":"post-9603","1":"product","2":"type-product","3":"status-publish","4":"has-post-thumbnail","6":"product_cat-udflugt","7":"pa_dato-366","8":"pa_dato-367","9":"pa_dato-368","10":"pa_dato-342","11":"pa_dato-371","12":"pa_dato-1005","13":"pa_dato-1004","14":"pa_dato-986","15":"pa_dato-1006","16":"pa_tidspunkt-40","17":"tour_location-ilulissat-da","18":"tour_type-snescooter","19":"tour_operator-authentic-greenland","21":"first","22":"outofstock","23":"shipping-taxable","24":"product-type-variable"},"acf":[],"yoast_head":"<!-- This site is optimized with the Yoast SEO plugin v25.2 - https:\/\/yoast.com\/wordpress\/plugins\/seo\/ -->\n<title>Arctic Excursions<\/title>\n<meta name=\"robots\" content=\"index, follow, max-snippet:-1, max-image-preview:large, max-video-preview:-1\" \/>\n<link rel=\"canonical\" href=\"https:\/\/test.arctic.klean.it\/udflugter\/5-timers-snescooter-tur-til-gletsjer\/\" \/>\n<meta property=\"og:locale\" content=\"da_DK\" \/>\n<meta property=\"og:type\" content=\"article\" \/>\n<meta property=\"og:title\" content=\"5 timers snescootertur til gletsjer - Arctic Excursions\" \/>\n<meta property=\"og:description\" content=\"Tag med p\u00e5 en heldags snescootertur i baglandet og ud til gletsjeren med en lokal guide, der kan fort\u00e6lle om livet i Gr\u00f8nland.\" \/>\n<meta property=\"og:url\" content=\"https:\/\/test.arctic.klean.it\/udflugter\/5-timers-snescooter-tur-til-gletsjer\/\" \/>\n<meta property=\"og:site_name\" content=\"Arctic Excursions\" \/>\n<meta property=\"article:modified_time\" content=\"2025-02-28T11:59:07+00:00\" \/>\n<meta property=\"og:image\" content=\"https:\/\/test.arctic.klean.it\/wp-content\/uploads\/2023\/02\/886B65A9-EB6F-4365-9C8F-A2B958D5DA25-scaled.jpeg\" \/>\n\t<meta property=\"og:image:width\" content=\"2560\" \/>\n\t<meta property=\"og:image:height\" content=\"1441\" \/>\n\t<meta property=\"og:image:type\" content=\"image\/jpeg\" \/>\n<meta name=\"twitter:card\" content=\"summary_large_image\" \/>\n<meta name=\"twitter:label1\" content=\"Estimeret l\u00e6setid\" \/>\n\t<meta name=\"twitter:data1\" content=\"1 minut\" \/>\n<script type=\"application\/ld+json\" class=\"yoast-schema-graph\">{\"@context\":\"https:\/\/schema.org\",\"@graph\":[{\"@type\":\"WebPage\",\"@id\":\"https:\/\/test.arctic.klean.it\/udflugter\/5-timers-snescooter-tur-til-gletsjer\/\",\"url\":\"https:\/\/test.arctic.klean.it\/udflugter\/5-timers-snescooter-tur-til-gletsjer\/\",\"name\":\"5 timers snescootertur til gletsjer - Arctic Excursions\",\"isPartOf\":{\"@id\":\"https:\/\/test.arctic.klean.it\/#website\"},\"primaryImageOfPage\":{\"@id\":\"https:\/\/test.arctic.klean.it\/udflugter\/5-timers-snescooter-tur-til-gletsjer\/#primaryimage\"},\"image\":{\"@id\":\"https:\/\/test.arctic.klean.it\/udflugter\/5-timers-snescooter-tur-til-gletsjer\/#primaryimage\"},\"thumbnailUrl\":\"https:\/\/test.arctic.klean.it\/wp-content\/uploads\/2023\/02\/886B65A9-EB6F-4365-9C8F-A2B958D5DA25-scaled.jpeg\",\"datePublished\":\"2023-02-16T14:53:20+00:00\",\"dateModified\":\"2025-02-28T11:59:07+00:00\",\"breadcrumb\":{\"@id\":\"https:\/\/test.arctic.klean.it\/udflugter\/5-timers-snescooter-tur-til-gletsjer\/#breadcrumb\"},\"inLanguage\":\"da-DK\",\"potentialAction\":[{\"@type\":\"ReadAction\",\"target\":[\"https:\/\/test.arctic.klean.it\/udflugter\/5-timers-snescooter-tur-til-gletsjer\/\"]}]},{\"@type\":\"ImageObject\",\"inLanguage\":\"da-DK\",\"@id\":\"https:\/\/test.arctic.klean.it\/udflugter\/5-timers-snescooter-tur-til-gletsjer\/#primaryimage\",\"url\":\"https:\/\/test.arctic.klean.it\/wp-content\/uploads\/2023\/02\/886B65A9-EB6F-4365-9C8F-A2B958D5DA25-scaled.jpeg\",\"contentUrl\":\"https:\/\/test.arctic.klean.it\/wp-content\/uploads\/2023\/02\/886B65A9-EB6F-4365-9C8F-A2B958D5DA25-scaled.jpeg\",\"width\":2558,\"height\":1440},{\"@type\":\"BreadcrumbList\",\"@id\":\"https:\/\/test.arctic.klean.it\/udflugter\/5-timers-snescooter-tur-til-gletsjer\/#breadcrumb\",\"itemListElement\":[{\"@type\":\"ListItem\",\"position\":1,\"name\":\"Udflugter i Gr\u00f8nland\",\"item\":\"https:\/\/test.arctic.klean.it\/da\/udflugter\/\"},{\"@type\":\"ListItem\",\"position\":2,\"name\":\"5 timers snescootertur til gletsjer\"}]},{\"@type\":\"WebSite\",\"@id\":\"https:\/\/test.arctic.klean.it\/#website\",\"url\":\"https:\/\/test.arctic.klean.it\/\",\"name\":\"Arctic Excursions\",\"description\":\"New adventures. Every day.\",\"potentialAction\":[{\"@type\":\"SearchAction\",\"target\":{\"@type\":\"EntryPoint\",\"urlTemplate\":\"https:\/\/test.arctic.klean.it\/?s={search_term_string}\"},\"query-input\":{\"@type\":\"PropertyValueSpecification\",\"valueRequired\":true,\"valueName\":\"search_term_string\"}}],\"inLanguage\":\"da-DK\"}]}<\/script>\n<!-- \/ Yoast SEO plugin. -->","yoast_head_json":{"title":"Arctic Excursions","robots":{"index":"index","follow":"follow","max-snippet":"max-snippet:-1","max-image-preview":"max-image-preview:large","max-video-preview":"max-video-preview:-1"},"canonical":"https:\/\/test.arctic.klean.it\/udflugter\/5-timers-snescooter-tur-til-gletsjer\/","og_locale":"da_DK","og_type":"article","og_title":"5 timers snescootertur til gletsjer - Arctic Excursions","og_description":"Tag med p\u00e5 en heldags snescootertur i baglandet og ud til gletsjeren med en lokal guide, der kan fort\u00e6lle om livet i Gr\u00f8nland.","og_url":"https:\/\/test.arctic.klean.it\/udflugter\/5-timers-snescooter-tur-til-gletsjer\/","og_site_name":"Arctic Excursions","article_modified_time":"2025-02-28T11:59:07+00:00","og_image":[{"width":2560,"height":1441,"url":"https:\/\/test.arctic.klean.it\/wp-content\/uploads\/2023\/02\/886B65A9-EB6F-4365-9C8F-A2B958D5DA25-scaled.jpeg","type":"image\/jpeg"}],"twitter_card":"summary_large_image","twitter_misc":{"Estimeret l\u00e6setid":"1 minut"},"schema":{"@context":"https:\/\/schema.org","@graph":[{"@type":"WebPage","@id":"https:\/\/test.arctic.klean.it\/udflugter\/5-timers-snescooter-tur-til-gletsjer\/","url":"https:\/\/test.arctic.klean.it\/udflugter\/5-timers-snescooter-tur-til-gletsjer\/","name":"5 timers snescootertur til gletsjer - Arctic Excursions","isPartOf":{"@id":"https:\/\/test.arctic.klean.it\/#website"},"primaryImageOfPage":{"@id":"https:\/\/test.arctic.klean.it\/udflugter\/5-timers-snescooter-tur-til-gletsjer\/#primaryimage"},"image":{"@id":"https:\/\/test.arctic.klean.it\/udflugter\/5-timers-snescooter-tur-til-gletsjer\/#primaryimage"},"thumbnailUrl":"https:\/\/test.arctic.klean.it\/wp-content\/uploads\/2023\/02\/886B65A9-EB6F-4365-9C8F-A2B958D5DA25-scaled.jpeg","datePublished":"2023-02-16T14:53:20+00:00","dateModified":"2025-02-28T11:59:07+00:00","breadcrumb":{"@id":"https:\/\/test.arctic.klean.it\/udflugter\/5-timers-snescooter-tur-til-gletsjer\/#breadcrumb"},"inLanguage":"da-DK","potentialAction":[{"@type":"ReadAction","target":["https:\/\/test.arctic.klean.it\/udflugter\/5-timers-snescooter-tur-til-gletsjer\/"]}]},{"@type":"ImageObject","inLanguage":"da-DK","@id":"https:\/\/test.arctic.klean.it\/udflugter\/5-timers-snescooter-tur-til-gletsjer\/#primaryimage","url":"https:\/\/test.arctic.klean.it\/wp-content\/uploads\/2023\/02\/886B65A9-EB6F-4365-9C8F-A2B958D5DA25-scaled.jpeg","contentUrl":"https:\/\/test.arctic.klean.it\/wp-content\/uploads\/2023\/02\/886B65A9-EB6F-4365-9C8F-A2B958D5DA25-scaled.jpeg","width":2558,"height":1440},{"@type":"BreadcrumbList","@id":"https:\/\/test.arctic.klean.it\/udflugter\/5-timers-snescooter-tur-til-gletsjer\/#breadcrumb","itemListElement":[{"@type":"ListItem","position":1,"name":"Udflugter i Gr\u00f8nland","item":"https:\/\/test.arctic.klean.it\/da\/udflugter\/"},{"@type":"ListItem","position":2,"name":"5 timers snescootertur til gletsjer"}]},{"@type":"WebSite","@id":"https:\/\/test.arctic.klean.it\/#website","url":"https:\/\/test.arctic.klean.it\/","name":"Arctic Excursions","description":"New adventures. Every day.","potentialAction":[{"@type":"SearchAction","target":{"@type":"EntryPoint","urlTemplate":"https:\/\/test.arctic.klean.it\/?s={search_term_string}"},"query-input":{"@type":"PropertyValueSpecification","valueRequired":true,"valueName":"search_term_string"}}],"inLanguage":"da-DK"}]}},"_links":{"self":[{"href":"https:\/\/test.arctic.klean.it\/da\/wp-json\/wp\/v2\/product\/9603","targetHints":{"allow":["GET"]}}],"collection":[{"href":"https:\/\/test.arctic.klean.it\/da\/wp-json\/wp\/v2\/product"}],"about":[{"href":"https:\/\/test.arctic.klean.it\/da\/wp-json\/wp\/v2\/types\/product"}],"replies":[{"embeddable":true,"href":"https:\/\/test.arctic.klean.it\/da\/wp-json\/wp\/v2\/comments?post=9603"}],"wp:featuredmedia":[{"embeddable":true,"href":"https:\/\/test.arctic.klean.it\/da\/wp-json\/wp\/v2\/media\/9523"}],"wp:attachment":[{"href":"https:\/\/test.arctic.klean.it\/da\/wp-json\/wp\/v2\/media?parent=9603"}],"wp:term":[{"taxonomy":"product_brand","embeddable":true,"href":"https:\/\/test.arctic.klean.it\/da\/wp-json\/wp\/v2\/product_brand?post=9603"},{"taxonomy":"product_cat","embeddable":true,"href":"https:\/\/test.arctic.klean.it\/da\/wp-json\/wp\/v2\/product_cat?post=9603"},{"taxonomy":"product_tag","embeddable":true,"href":"https:\/\/test.arctic.klean.it\/da\/wp-json\/wp\/v2\/product_tag?post=9603"}],"curies":[{"name":"wp","href":"https:\/\/api.w.org\/{rel}","templated":true}]}}