{"id":962,"date":"2022-05-12T11:23:22","date_gmt":"2022-05-12T09:23:22","guid":{"rendered":"https:\/\/test.arctic.klean.it\/?post_type=product&#038;p=962"},"modified":"2023-05-01T11:11:53","modified_gmt":"2023-05-01T09:11:53","slug":"hundeslaedeeventyr-2-dage","status":"publish","type":"product","link":"https:\/\/test.arctic.klean.it\/da\/udflugter\/hundeslaedeeventyr-2-dage\/","title":{"rendered":"Hundesl\u00e6deeventyr &#8211; 2 dage"},"content":{"rendered":"<p><strong>Lokation:<\/strong> Qasigiannguit<\/p>\n<p>P\u00e5 denne tur skal du p\u00e5 et 2-dages hundesl\u00e6deeventyr med en nat i en hytte i Qasigiannguits bagland n\u00e6r Tasiusaq-fjorden. Du oplever en \u00e6gte, arktisk vinter nord for Polarcirklen, og forh\u00e5bentlig danser nordlyset hen over det hvide terr\u00e6n.<\/p>\n<p>Vi l\u00e6sser sl\u00e6den med vores ting og mad til hunde og mennesker, og begiver os herefter ud i naturen. Nu k\u00f8rer vi 35 kilometer p\u00e5 hundesl\u00e6de over land og isd\u00e6kkede s\u00f8er til Tasiusaq-hytten, hvor vi skal overnatte.<\/p>\n<p>Du kan holde varmen med en varm drik i det arktiske m\u00f8rke, mens du beundrer de sned\u00e6kkede bjerge og h\u00e5ber p\u00e5 en klar himmel over os for at se nordlyset danse.<\/p>\n<p>Efter morgenmaden p\u00e5 dag to kl\u00e6der vi os p\u00e5 til endnu en dag udenfor og begynder den 35-kilometer lange tur tilbage til Qasigiannguit.<\/p>\n<p><strong>Bem\u00e6rk venligst<\/strong><br \/>\n&#8211; 1-2 personer pr. hundesl\u00e6de<\/p>\n<p><strong>Inkluderet<\/strong><br \/>\nS\u00e6lskindst\u00f8j, varme st\u00f8vler, soveudstyr og mad. Maden vil v\u00e6re enten rensdyr, moskusokser eller fisk, alt sammen fanget lokalt.<\/p>\n<p><strong>Varighed:\u00a0<\/strong>2 dage<br \/>\n<strong>S\u00e6son:\u00a0<\/strong>Vinter<br \/>\n<strong>Deltagere:\u00a0<\/strong>Max. 6<br \/>\n<strong>Sv\u00e6rhedsgrad:\u00a0<\/strong>Level 2<\/p>\n","protected":false},"excerpt":{"rendered":"<p>En fantastisk 2-dages hundesl\u00e6detur med overnatning i en hytte i vildmarken!<\/p>\n","protected":false},"featured_media":2297,"comment_status":"open","ping_status":"closed","template":"","meta":{"_acf_changed":false},"product_brand":[],"product_cat":[170],"product_tag":[160],"class_list":{"0":"post-962","1":"product","2":"type-product","3":"status-publish","4":"has-post-thumbnail","6":"product_cat-udflugt","7":"product_tag-2-da","8":"pa_dato-186","9":"pa_dato-172","10":"pa_dato-254","11":"pa_tidspunkt-70","12":"pa_tidspunkt-177","13":"pa_tidspunkt-255","14":"tour_location-qasigiannguit-da","15":"tour_type-hundeslaede","16":"tour_operator-diskobay-tours","18":"first","19":"outofstock","20":"shipping-taxable","21":"product-type-variable"},"acf":[],"yoast_head":"<!-- This site is optimized with the Yoast SEO plugin v25.2 - https:\/\/yoast.com\/wordpress\/plugins\/seo\/ -->\n<title>Arctic Excursions<\/title>\n<meta name=\"robots\" content=\"index, follow, max-snippet:-1, max-image-preview:large, max-video-preview:-1\" \/>\n<link rel=\"canonical\" href=\"https:\/\/test.arctic.klean.it\/udflugter\/dog-sled-adventure-2-days\/\" \/>\n<meta property=\"og:locale\" content=\"da_DK\" \/>\n<meta property=\"og:type\" content=\"article\" \/>\n<meta property=\"og:title\" content=\"Hundesl\u00e6deeventyr - 2 dage - Arctic Excursions\" \/>\n<meta property=\"og:description\" content=\"En fantastisk 2-dages hundesl\u00e6detur med overnatning i en hytte i vildmarken!\" \/>\n<meta property=\"og:url\" content=\"https:\/\/test.arctic.klean.it\/udflugter\/dog-sled-adventure-2-days\/\" \/>\n<meta property=\"og:site_name\" content=\"Arctic Excursions\" \/>\n<meta property=\"article:modified_time\" content=\"2023-05-01T09:11:53+00:00\" \/>\n<meta property=\"og:image\" content=\"https:\/\/test.arctic.klean.it\/wp-content\/uploads\/2022\/06\/qasigiannguit-hundeslaede-2-dage-diskobay-tours.jpg\" \/>\n\t<meta property=\"og:image:width\" content=\"1920\" \/>\n\t<meta property=\"og:image:height\" content=\"1080\" \/>\n\t<meta property=\"og:image:type\" content=\"image\/jpeg\" \/>\n<meta name=\"twitter:card\" content=\"summary_large_image\" \/>\n<meta name=\"twitter:label1\" content=\"Estimeret l\u00e6setid\" \/>\n\t<meta name=\"twitter:data1\" content=\"1 minut\" \/>\n<script type=\"application\/ld+json\" class=\"yoast-schema-graph\">{\"@context\":\"https:\/\/schema.org\",\"@graph\":[{\"@type\":\"WebPage\",\"@id\":\"https:\/\/test.arctic.klean.it\/udflugter\/dog-sled-adventure-2-days\/\",\"url\":\"https:\/\/test.arctic.klean.it\/udflugter\/dog-sled-adventure-2-days\/\",\"name\":\"Hundesl\u00e6deeventyr - 2 dage - Arctic Excursions\",\"isPartOf\":{\"@id\":\"https:\/\/test.arctic.klean.it\/#website\"},\"primaryImageOfPage\":{\"@id\":\"https:\/\/test.arctic.klean.it\/udflugter\/dog-sled-adventure-2-days\/#primaryimage\"},\"image\":{\"@id\":\"https:\/\/test.arctic.klean.it\/udflugter\/dog-sled-adventure-2-days\/#primaryimage\"},\"thumbnailUrl\":\"https:\/\/test.arctic.klean.it\/wp-content\/uploads\/2022\/06\/qasigiannguit-hundeslaede-2-dage-diskobay-tours.jpg\",\"datePublished\":\"2022-05-12T09:23:22+00:00\",\"dateModified\":\"2023-05-01T09:11:53+00:00\",\"breadcrumb\":{\"@id\":\"https:\/\/test.arctic.klean.it\/udflugter\/dog-sled-adventure-2-days\/#breadcrumb\"},\"inLanguage\":\"da-DK\",\"potentialAction\":[{\"@type\":\"ReadAction\",\"target\":[\"https:\/\/test.arctic.klean.it\/udflugter\/dog-sled-adventure-2-days\/\"]}]},{\"@type\":\"ImageObject\",\"inLanguage\":\"da-DK\",\"@id\":\"https:\/\/test.arctic.klean.it\/udflugter\/dog-sled-adventure-2-days\/#primaryimage\",\"url\":\"https:\/\/test.arctic.klean.it\/wp-content\/uploads\/2022\/06\/qasigiannguit-hundeslaede-2-dage-diskobay-tours.jpg\",\"contentUrl\":\"https:\/\/test.arctic.klean.it\/wp-content\/uploads\/2022\/06\/qasigiannguit-hundeslaede-2-dage-diskobay-tours.jpg\",\"width\":1920,\"height\":1080},{\"@type\":\"BreadcrumbList\",\"@id\":\"https:\/\/test.arctic.klean.it\/udflugter\/dog-sled-adventure-2-days\/#breadcrumb\",\"itemListElement\":[{\"@type\":\"ListItem\",\"position\":1,\"name\":\"Udflugter i Gr\u00f8nland\",\"item\":\"https:\/\/test.arctic.klean.it\/da\/udflugter\/\"},{\"@type\":\"ListItem\",\"position\":2,\"name\":\"Hundesl\u00e6deeventyr &#8211; 2 dage\"}]},{\"@type\":\"WebSite\",\"@id\":\"https:\/\/test.arctic.klean.it\/#website\",\"url\":\"https:\/\/test.arctic.klean.it\/\",\"name\":\"Arctic Excursions\",\"description\":\"New adventures. Every day.\",\"potentialAction\":[{\"@type\":\"SearchAction\",\"target\":{\"@type\":\"EntryPoint\",\"urlTemplate\":\"https:\/\/test.arctic.klean.it\/?s={search_term_string}\"},\"query-input\":{\"@type\":\"PropertyValueSpecification\",\"valueRequired\":true,\"valueName\":\"search_term_string\"}}],\"inLanguage\":\"da-DK\"}]}<\/script>\n<!-- \/ Yoast SEO plugin. -->","yoast_head_json":{"title":"Arctic Excursions","robots":{"index":"index","follow":"follow","max-snippet":"max-snippet:-1","max-image-preview":"max-image-preview:large","max-video-preview":"max-video-preview:-1"},"canonical":"https:\/\/test.arctic.klean.it\/udflugter\/dog-sled-adventure-2-days\/","og_locale":"da_DK","og_type":"article","og_title":"Hundesl\u00e6deeventyr - 2 dage - Arctic Excursions","og_description":"En fantastisk 2-dages hundesl\u00e6detur med overnatning i en hytte i vildmarken!","og_url":"https:\/\/test.arctic.klean.it\/udflugter\/dog-sled-adventure-2-days\/","og_site_name":"Arctic Excursions","article_modified_time":"2023-05-01T09:11:53+00:00","og_image":[{"width":1920,"height":1080,"url":"https:\/\/test.arctic.klean.it\/wp-content\/uploads\/2022\/06\/qasigiannguit-hundeslaede-2-dage-diskobay-tours.jpg","type":"image\/jpeg"}],"twitter_card":"summary_large_image","twitter_misc":{"Estimeret l\u00e6setid":"1 minut"},"schema":{"@context":"https:\/\/schema.org","@graph":[{"@type":"WebPage","@id":"https:\/\/test.arctic.klean.it\/udflugter\/dog-sled-adventure-2-days\/","url":"https:\/\/test.arctic.klean.it\/udflugter\/dog-sled-adventure-2-days\/","name":"Hundesl\u00e6deeventyr - 2 dage - Arctic Excursions","isPartOf":{"@id":"https:\/\/test.arctic.klean.it\/#website"},"primaryImageOfPage":{"@id":"https:\/\/test.arctic.klean.it\/udflugter\/dog-sled-adventure-2-days\/#primaryimage"},"image":{"@id":"https:\/\/test.arctic.klean.it\/udflugter\/dog-sled-adventure-2-days\/#primaryimage"},"thumbnailUrl":"https:\/\/test.arctic.klean.it\/wp-content\/uploads\/2022\/06\/qasigiannguit-hundeslaede-2-dage-diskobay-tours.jpg","datePublished":"2022-05-12T09:23:22+00:00","dateModified":"2023-05-01T09:11:53+00:00","breadcrumb":{"@id":"https:\/\/test.arctic.klean.it\/udflugter\/dog-sled-adventure-2-days\/#breadcrumb"},"inLanguage":"da-DK","potentialAction":[{"@type":"ReadAction","target":["https:\/\/test.arctic.klean.it\/udflugter\/dog-sled-adventure-2-days\/"]}]},{"@type":"ImageObject","inLanguage":"da-DK","@id":"https:\/\/test.arctic.klean.it\/udflugter\/dog-sled-adventure-2-days\/#primaryimage","url":"https:\/\/test.arctic.klean.it\/wp-content\/uploads\/2022\/06\/qasigiannguit-hundeslaede-2-dage-diskobay-tours.jpg","contentUrl":"https:\/\/test.arctic.klean.it\/wp-content\/uploads\/2022\/06\/qasigiannguit-hundeslaede-2-dage-diskobay-tours.jpg","width":1920,"height":1080},{"@type":"BreadcrumbList","@id":"https:\/\/test.arctic.klean.it\/udflugter\/dog-sled-adventure-2-days\/#breadcrumb","itemListElement":[{"@type":"ListItem","position":1,"name":"Udflugter i Gr\u00f8nland","item":"https:\/\/test.arctic.klean.it\/da\/udflugter\/"},{"@type":"ListItem","position":2,"name":"Hundesl\u00e6deeventyr &#8211; 2 dage"}]},{"@type":"WebSite","@id":"https:\/\/test.arctic.klean.it\/#website","url":"https:\/\/test.arctic.klean.it\/","name":"Arctic Excursions","description":"New adventures. Every day.","potentialAction":[{"@type":"SearchAction","target":{"@type":"EntryPoint","urlTemplate":"https:\/\/test.arctic.klean.it\/?s={search_term_string}"},"query-input":{"@type":"PropertyValueSpecification","valueRequired":true,"valueName":"search_term_string"}}],"inLanguage":"da-DK"}]}},"_links":{"self":[{"href":"https:\/\/test.arctic.klean.it\/da\/wp-json\/wp\/v2\/product\/962","targetHints":{"allow":["GET"]}}],"collection":[{"href":"https:\/\/test.arctic.klean.it\/da\/wp-json\/wp\/v2\/product"}],"about":[{"href":"https:\/\/test.arctic.klean.it\/da\/wp-json\/wp\/v2\/types\/product"}],"replies":[{"embeddable":true,"href":"https:\/\/test.arctic.klean.it\/da\/wp-json\/wp\/v2\/comments?post=962"}],"wp:featuredmedia":[{"embeddable":true,"href":"https:\/\/test.arctic.klean.it\/da\/wp-json\/wp\/v2\/media\/2297"}],"wp:attachment":[{"href":"https:\/\/test.arctic.klean.it\/da\/wp-json\/wp\/v2\/media?parent=962"}],"wp:term":[{"taxonomy":"product_brand","embeddable":true,"href":"https:\/\/test.arctic.klean.it\/da\/wp-json\/wp\/v2\/product_brand?post=962"},{"taxonomy":"product_cat","embeddable":true,"href":"https:\/\/test.arctic.klean.it\/da\/wp-json\/wp\/v2\/product_cat?post=962"},{"taxonomy":"product_tag","embeddable":true,"href":"https:\/\/test.arctic.klean.it\/da\/wp-json\/wp\/v2\/product_tag?post=962"}],"curies":[{"name":"wp","href":"https:\/\/api.w.org\/{rel}","templated":true}]}}