{"id":966,"date":"2022-05-12T11:26:50","date_gmt":"2022-05-12T09:26:50","guid":{"rendered":"https:\/\/test.arctic.klean.it\/?post_type=product&#038;p=966"},"modified":"2023-05-01T11:15:32","modified_gmt":"2023-05-01T09:15:32","slug":"hundeslaedeeventyr-3-dage","status":"publish","type":"product","link":"https:\/\/test.arctic.klean.it\/da\/udflugter\/hundeslaedeeventyr-3-dage\/","title":{"rendered":"Hundesl\u00e6deeventyr &#8211; 3 dage"},"content":{"rendered":"<p><strong>Lokation:<\/strong> Qasigiannguit<\/p>\n<p>Her skal du af sted p\u00e5 hundesl\u00e6de i tre dage over land, iss\u00f8er og fjorde. Du tilbringer en nat i en varm hytte og en nat i et opvarmet telt, spiser lokal mad til middag og tilbringer timer udend\u00f8rs i det arktiske vinterland. Har du nogensinde fantaseret om at deltage i en arktisk ekspedition? Hvis ja, b\u00f8r du overveje denne tur.<\/p>\n<p>Forestil dig, at du er if\u00f8rt varmt s\u00e6lskindst\u00f8j og k\u00f8rer i en sl\u00e6de trukket af dejlige, gr\u00f8nlandske sl\u00e6dehunde. Himlen er \u00e5ben over dig, og du kan m\u00e5ske endda f\u00e5 et glimt af nordlyset, der danser, mens du k\u00f8rer mod den hyggelige hytte.<\/p>\n<p><strong>Bem\u00e6rk venligst<\/strong><br \/>\n&#8211; 1-2 personer pr. hundesl\u00e6de<br \/>\n&#8211; Der er maksimalt seks personer p\u00e5 denne tur<\/p>\n<p><strong>Inkluderet<\/strong><br \/>\nS\u00e6lskindst\u00f8j, varme st\u00f8vler, soveudstyr og mad. Maden er enten rensdyr, moskusokser eller fisk, alt sammen fanget lokalt.<\/p>\n<p><strong>Program<\/strong><br \/>\nVi pakker vores udstyr og mad til b\u00e5de hunde og mennesker p\u00e5 sl\u00e6den og k\u00f8rer nu ind i Qasigiannguits bagland. Den f\u00f8rste dag k\u00f8rer vi 35 kilometer over land- og iss\u00f8er til Tasiusaq, hvor vi skal overnatte.<\/p>\n<p>Efter morgenmaden p\u00e5 dag to er det tid til at tage til det n\u00e6ste fantastiske sted, Saqqarliup-gletsjeren. Igen er ruten forholdsvis plan, og vi tilbagel\u00e6gger de 25 kilometer p\u00e5 cirka 2 \u00bd time. N\u00e5r du ankommer til gletsjeren, bliver du indlogeret i et komfortabelt telt med senge d\u00e6kket af rensdyrskind. Men tro ikke, at du kommer her for at l\u00e6ne dig tilbage og hvile dig!<\/p>\n<p>Fordi Saqqarliup-gletsjeren bev\u00e6ger sig langsomt, er den velegnet til gletsjervandring. Derfor vil vi tage op p\u00e5 gletsjeren i dag, og du vil v\u00e6re i stand til at knipse en masse billeder, der vil f\u00e5 dine sociale medier til at eksplodere i flere uger, efter du kommer hjem. Derudover kan du tage p\u00e5 vandreture i n\u00e6rheden.<\/p>\n<p>Vi laver igen aftensmad af lokale r\u00e5varer om aftenen.<\/p>\n<p>P\u00e5 dag tre skulle du gerne have f\u00e5et en god nats s\u00f8vn i dit opvarmede telt og v\u00e6re klar til at tackle det lange str\u00e6k tilbage p\u00e5 hundesl\u00e6den. Vi har bev\u00e6get os ind i landet i to dage, og nu er det tid til at komme tilbage til kysten og Qasigiannguit p\u00e5 en 55 kilometer lang sl\u00e6detur. Det tager omkring 7 timer, inklusive stop for kaffe, te og en typisk fangerfrokost.<\/p>\n<p><strong>Varighed:\u00a0<\/strong>3 dage<br \/>\n<strong>S\u00e6son:\u00a0<\/strong>Vinter<br \/>\n<strong>Deltagere:\u00a0<\/strong>Max. 6<br \/>\n<strong>Sv\u00e6rhedsgrad:\u00a0<\/strong>Level 2<\/p>\n","protected":false},"excerpt":{"rendered":"<p>Tre dage p\u00e5 hundesl\u00e6de over land, frosne s\u00f8er og fjorde i den arktiske vinterverden!<\/p>\n","protected":false},"featured_media":2306,"comment_status":"open","ping_status":"closed","template":"","meta":{"_acf_changed":false},"product_brand":[],"product_cat":[170],"product_tag":[160],"class_list":{"0":"post-966","1":"product","2":"type-product","3":"status-publish","4":"has-post-thumbnail","6":"product_cat-udflugt","7":"product_tag-2-da","8":"pa_dato-172","9":"pa_dato-256","10":"pa_dato-363","11":"pa_tidspunkt-70","12":"pa_tidspunkt-177","13":"tour_location-qasigiannguit-da","14":"tour_type-hundeslaede","15":"tour_operator-diskobay-tours","17":"first","18":"outofstock","19":"shipping-taxable","20":"product-type-variable"},"acf":[],"yoast_head":"<!-- This site is optimized with the Yoast SEO plugin v25.2 - https:\/\/yoast.com\/wordpress\/plugins\/seo\/ -->\n<title>Arctic Excursions<\/title>\n<meta name=\"robots\" content=\"index, follow, max-snippet:-1, max-image-preview:large, max-video-preview:-1\" \/>\n<link rel=\"canonical\" href=\"https:\/\/test.arctic.klean.it\/udflugter\/dog-sled-adventure-3-days\/\" \/>\n<meta property=\"og:locale\" content=\"da_DK\" \/>\n<meta property=\"og:type\" content=\"article\" \/>\n<meta property=\"og:title\" content=\"Hundesl\u00e6deeventyr - 3 dage - Arctic Excursions\" \/>\n<meta property=\"og:description\" content=\"Tre dage p\u00e5 hundesl\u00e6de over land, frosne s\u00f8er og fjorde i den arktiske vinterverden!\" \/>\n<meta property=\"og:url\" content=\"https:\/\/test.arctic.klean.it\/udflugter\/dog-sled-adventure-3-days\/\" \/>\n<meta property=\"og:site_name\" content=\"Arctic Excursions\" \/>\n<meta property=\"article:modified_time\" content=\"2023-05-01T09:15:32+00:00\" \/>\n<meta property=\"og:image\" content=\"https:\/\/test.arctic.klean.it\/wp-content\/uploads\/2022\/06\/qasigiannguit-hundeslaede-3-dage-diskobay-tours.jpg\" \/>\n\t<meta property=\"og:image:width\" content=\"1897\" \/>\n\t<meta property=\"og:image:height\" content=\"1067\" \/>\n\t<meta property=\"og:image:type\" content=\"image\/jpeg\" \/>\n<meta name=\"twitter:card\" content=\"summary_large_image\" \/>\n<meta name=\"twitter:label1\" content=\"Estimeret l\u00e6setid\" \/>\n\t<meta name=\"twitter:data1\" content=\"2 minutter\" \/>\n<script type=\"application\/ld+json\" class=\"yoast-schema-graph\">{\"@context\":\"https:\/\/schema.org\",\"@graph\":[{\"@type\":\"WebPage\",\"@id\":\"https:\/\/test.arctic.klean.it\/udflugter\/dog-sled-adventure-3-days\/\",\"url\":\"https:\/\/test.arctic.klean.it\/udflugter\/dog-sled-adventure-3-days\/\",\"name\":\"Hundesl\u00e6deeventyr - 3 dage - Arctic Excursions\",\"isPartOf\":{\"@id\":\"https:\/\/test.arctic.klean.it\/#website\"},\"primaryImageOfPage\":{\"@id\":\"https:\/\/test.arctic.klean.it\/udflugter\/dog-sled-adventure-3-days\/#primaryimage\"},\"image\":{\"@id\":\"https:\/\/test.arctic.klean.it\/udflugter\/dog-sled-adventure-3-days\/#primaryimage\"},\"thumbnailUrl\":\"https:\/\/test.arctic.klean.it\/wp-content\/uploads\/2022\/06\/qasigiannguit-hundeslaede-3-dage-diskobay-tours.jpg\",\"datePublished\":\"2022-05-12T09:26:50+00:00\",\"dateModified\":\"2023-05-01T09:15:32+00:00\",\"breadcrumb\":{\"@id\":\"https:\/\/test.arctic.klean.it\/udflugter\/dog-sled-adventure-3-days\/#breadcrumb\"},\"inLanguage\":\"da-DK\",\"potentialAction\":[{\"@type\":\"ReadAction\",\"target\":[\"https:\/\/test.arctic.klean.it\/udflugter\/dog-sled-adventure-3-days\/\"]}]},{\"@type\":\"ImageObject\",\"inLanguage\":\"da-DK\",\"@id\":\"https:\/\/test.arctic.klean.it\/udflugter\/dog-sled-adventure-3-days\/#primaryimage\",\"url\":\"https:\/\/test.arctic.klean.it\/wp-content\/uploads\/2022\/06\/qasigiannguit-hundeslaede-3-dage-diskobay-tours.jpg\",\"contentUrl\":\"https:\/\/test.arctic.klean.it\/wp-content\/uploads\/2022\/06\/qasigiannguit-hundeslaede-3-dage-diskobay-tours.jpg\",\"width\":1897,\"height\":1067},{\"@type\":\"BreadcrumbList\",\"@id\":\"https:\/\/test.arctic.klean.it\/udflugter\/dog-sled-adventure-3-days\/#breadcrumb\",\"itemListElement\":[{\"@type\":\"ListItem\",\"position\":1,\"name\":\"Udflugter i Gr\u00f8nland\",\"item\":\"https:\/\/test.arctic.klean.it\/da\/udflugter\/\"},{\"@type\":\"ListItem\",\"position\":2,\"name\":\"Hundesl\u00e6deeventyr &#8211; 3 dage\"}]},{\"@type\":\"WebSite\",\"@id\":\"https:\/\/test.arctic.klean.it\/#website\",\"url\":\"https:\/\/test.arctic.klean.it\/\",\"name\":\"Arctic Excursions\",\"description\":\"New adventures. Every day.\",\"potentialAction\":[{\"@type\":\"SearchAction\",\"target\":{\"@type\":\"EntryPoint\",\"urlTemplate\":\"https:\/\/test.arctic.klean.it\/?s={search_term_string}\"},\"query-input\":{\"@type\":\"PropertyValueSpecification\",\"valueRequired\":true,\"valueName\":\"search_term_string\"}}],\"inLanguage\":\"da-DK\"}]}<\/script>\n<!-- \/ Yoast SEO plugin. -->","yoast_head_json":{"title":"Arctic Excursions","robots":{"index":"index","follow":"follow","max-snippet":"max-snippet:-1","max-image-preview":"max-image-preview:large","max-video-preview":"max-video-preview:-1"},"canonical":"https:\/\/test.arctic.klean.it\/udflugter\/dog-sled-adventure-3-days\/","og_locale":"da_DK","og_type":"article","og_title":"Hundesl\u00e6deeventyr - 3 dage - Arctic Excursions","og_description":"Tre dage p\u00e5 hundesl\u00e6de over land, frosne s\u00f8er og fjorde i den arktiske vinterverden!","og_url":"https:\/\/test.arctic.klean.it\/udflugter\/dog-sled-adventure-3-days\/","og_site_name":"Arctic Excursions","article_modified_time":"2023-05-01T09:15:32+00:00","og_image":[{"width":1897,"height":1067,"url":"https:\/\/test.arctic.klean.it\/wp-content\/uploads\/2022\/06\/qasigiannguit-hundeslaede-3-dage-diskobay-tours.jpg","type":"image\/jpeg"}],"twitter_card":"summary_large_image","twitter_misc":{"Estimeret l\u00e6setid":"2 minutter"},"schema":{"@context":"https:\/\/schema.org","@graph":[{"@type":"WebPage","@id":"https:\/\/test.arctic.klean.it\/udflugter\/dog-sled-adventure-3-days\/","url":"https:\/\/test.arctic.klean.it\/udflugter\/dog-sled-adventure-3-days\/","name":"Hundesl\u00e6deeventyr - 3 dage - Arctic Excursions","isPartOf":{"@id":"https:\/\/test.arctic.klean.it\/#website"},"primaryImageOfPage":{"@id":"https:\/\/test.arctic.klean.it\/udflugter\/dog-sled-adventure-3-days\/#primaryimage"},"image":{"@id":"https:\/\/test.arctic.klean.it\/udflugter\/dog-sled-adventure-3-days\/#primaryimage"},"thumbnailUrl":"https:\/\/test.arctic.klean.it\/wp-content\/uploads\/2022\/06\/qasigiannguit-hundeslaede-3-dage-diskobay-tours.jpg","datePublished":"2022-05-12T09:26:50+00:00","dateModified":"2023-05-01T09:15:32+00:00","breadcrumb":{"@id":"https:\/\/test.arctic.klean.it\/udflugter\/dog-sled-adventure-3-days\/#breadcrumb"},"inLanguage":"da-DK","potentialAction":[{"@type":"ReadAction","target":["https:\/\/test.arctic.klean.it\/udflugter\/dog-sled-adventure-3-days\/"]}]},{"@type":"ImageObject","inLanguage":"da-DK","@id":"https:\/\/test.arctic.klean.it\/udflugter\/dog-sled-adventure-3-days\/#primaryimage","url":"https:\/\/test.arctic.klean.it\/wp-content\/uploads\/2022\/06\/qasigiannguit-hundeslaede-3-dage-diskobay-tours.jpg","contentUrl":"https:\/\/test.arctic.klean.it\/wp-content\/uploads\/2022\/06\/qasigiannguit-hundeslaede-3-dage-diskobay-tours.jpg","width":1897,"height":1067},{"@type":"BreadcrumbList","@id":"https:\/\/test.arctic.klean.it\/udflugter\/dog-sled-adventure-3-days\/#breadcrumb","itemListElement":[{"@type":"ListItem","position":1,"name":"Udflugter i Gr\u00f8nland","item":"https:\/\/test.arctic.klean.it\/da\/udflugter\/"},{"@type":"ListItem","position":2,"name":"Hundesl\u00e6deeventyr &#8211; 3 dage"}]},{"@type":"WebSite","@id":"https:\/\/test.arctic.klean.it\/#website","url":"https:\/\/test.arctic.klean.it\/","name":"Arctic Excursions","description":"New adventures. Every day.","potentialAction":[{"@type":"SearchAction","target":{"@type":"EntryPoint","urlTemplate":"https:\/\/test.arctic.klean.it\/?s={search_term_string}"},"query-input":{"@type":"PropertyValueSpecification","valueRequired":true,"valueName":"search_term_string"}}],"inLanguage":"da-DK"}]}},"_links":{"self":[{"href":"https:\/\/test.arctic.klean.it\/da\/wp-json\/wp\/v2\/product\/966","targetHints":{"allow":["GET"]}}],"collection":[{"href":"https:\/\/test.arctic.klean.it\/da\/wp-json\/wp\/v2\/product"}],"about":[{"href":"https:\/\/test.arctic.klean.it\/da\/wp-json\/wp\/v2\/types\/product"}],"replies":[{"embeddable":true,"href":"https:\/\/test.arctic.klean.it\/da\/wp-json\/wp\/v2\/comments?post=966"}],"wp:featuredmedia":[{"embeddable":true,"href":"https:\/\/test.arctic.klean.it\/da\/wp-json\/wp\/v2\/media\/2306"}],"wp:attachment":[{"href":"https:\/\/test.arctic.klean.it\/da\/wp-json\/wp\/v2\/media?parent=966"}],"wp:term":[{"taxonomy":"product_brand","embeddable":true,"href":"https:\/\/test.arctic.klean.it\/da\/wp-json\/wp\/v2\/product_brand?post=966"},{"taxonomy":"product_cat","embeddable":true,"href":"https:\/\/test.arctic.klean.it\/da\/wp-json\/wp\/v2\/product_cat?post=966"},{"taxonomy":"product_tag","embeddable":true,"href":"https:\/\/test.arctic.klean.it\/da\/wp-json\/wp\/v2\/product_tag?post=966"}],"curies":[{"name":"wp","href":"https:\/\/api.w.org\/{rel}","templated":true}]}}