{"id":9680,"date":"2023-02-16T17:36:23","date_gmt":"2023-02-16T15:36:23","guid":{"rendered":"https:\/\/test.arctic.klean.it\/?post_type=product&#038;p=9680"},"modified":"2023-05-01T11:21:11","modified_gmt":"2023-05-01T09:21:11","slug":"3-timers-hundeslaede","status":"publish","type":"product","link":"https:\/\/test.arctic.klean.it\/da\/udflugter\/3-timers-hundeslaede\/","title":{"rendered":"Hundesl\u00e6detur &#8211; 3 timer"},"content":{"rendered":"<p>Her f\u00e5r du virkelig oplevet, hvordan transportmidlet i Gr\u00f8nland var i gamle dage. I dag bruges hundesl\u00e6den mere som en fritidsaktivitet, men mange fiskere bruger det ogs\u00e5 som en indtjeningsmiddel stadigv\u00e6k, og derfor bliver hundene kuskens bedste venner. <\/p>\n<p>Turen g\u00e5r igennem det smukke landskab, hvor du kan sidde og nyde udsigten og stilheden.<br \/>\nInden turen g\u00e5r tilbage mod byen Ilulissat, vil der v\u00e6re en lille pause og varm forfriskning.<\/p>\n<p><b>Inkluderet:<\/b> L\u00e5n af varmt t\u00f8j og st\u00f8vler<\/p>\n<p><b>Varighed:<\/b> 3 timer <\/p>\n<p><b>Bem\u00e6rk:<\/b> Vi anbefaler ikke denne tur til folk med rygskade eller rygproblemer.<\/p>\n","protected":false},"excerpt":{"rendered":"<p>Tag med p\u00e5 en hundesl\u00e6detur med en erfaren sl\u00e6dek\u00f8rer.<\/p>\n","protected":false},"featured_media":9624,"comment_status":"open","ping_status":"closed","template":"","meta":{"_acf_changed":false},"product_brand":[],"product_cat":[170],"product_tag":[],"class_list":{"0":"post-9680","1":"product","2":"type-product","3":"status-publish","4":"has-post-thumbnail","6":"product_cat-udflugt","7":"pa_dato-368","8":"pa_dato-343","9":"pa_dato-344","10":"pa_dato-346","11":"pa_tidspunkt-304","12":"tour_location-ilulissat-da","13":"tour_type-hundeslaede","14":"tour_operator-authentic-greenland","16":"first","17":"outofstock","18":"shipping-taxable","19":"product-type-variable"},"acf":[],"yoast_head":"<!-- This site is optimized with the Yoast SEO plugin v25.2 - https:\/\/yoast.com\/wordpress\/plugins\/seo\/ -->\n<title>Arctic Excursions<\/title>\n<meta name=\"robots\" content=\"index, follow, max-snippet:-1, max-image-preview:large, max-video-preview:-1\" \/>\n<link rel=\"canonical\" href=\"https:\/\/test.arctic.klean.it\/udflugter\/3-timers-hundeslaede\/\" \/>\n<meta property=\"og:locale\" content=\"da_DK\" \/>\n<meta property=\"og:type\" content=\"article\" \/>\n<meta property=\"og:title\" content=\"Hundesl\u00e6detur - 3 timer - Arctic Excursions\" \/>\n<meta property=\"og:description\" content=\"Tag med p\u00e5 en hundesl\u00e6detur med en erfaren sl\u00e6dek\u00f8rer.\" \/>\n<meta property=\"og:url\" content=\"https:\/\/test.arctic.klean.it\/udflugter\/3-timers-hundeslaede\/\" \/>\n<meta property=\"og:site_name\" content=\"Arctic Excursions\" \/>\n<meta property=\"article:modified_time\" content=\"2023-05-01T09:21:11+00:00\" \/>\n<meta property=\"og:image\" content=\"https:\/\/test.arctic.klean.it\/wp-content\/uploads\/2023\/02\/FA7344B9-9244-4389-9F75-E6E9D8E4D207-scaled.jpeg\" \/>\n\t<meta property=\"og:image:width\" content=\"2560\" \/>\n\t<meta property=\"og:image:height\" content=\"1920\" \/>\n\t<meta property=\"og:image:type\" content=\"image\/jpeg\" \/>\n<meta name=\"twitter:card\" content=\"summary_large_image\" \/>\n<meta name=\"twitter:label1\" content=\"Estimeret l\u00e6setid\" \/>\n\t<meta name=\"twitter:data1\" content=\"1 minut\" \/>\n<script type=\"application\/ld+json\" class=\"yoast-schema-graph\">{\"@context\":\"https:\/\/schema.org\",\"@graph\":[{\"@type\":\"WebPage\",\"@id\":\"https:\/\/test.arctic.klean.it\/udflugter\/3-timers-hundeslaede\/\",\"url\":\"https:\/\/test.arctic.klean.it\/udflugter\/3-timers-hundeslaede\/\",\"name\":\"Hundesl\u00e6detur - 3 timer - Arctic Excursions\",\"isPartOf\":{\"@id\":\"https:\/\/test.arctic.klean.it\/#website\"},\"primaryImageOfPage\":{\"@id\":\"https:\/\/test.arctic.klean.it\/udflugter\/3-timers-hundeslaede\/#primaryimage\"},\"image\":{\"@id\":\"https:\/\/test.arctic.klean.it\/udflugter\/3-timers-hundeslaede\/#primaryimage\"},\"thumbnailUrl\":\"https:\/\/test.arctic.klean.it\/wp-content\/uploads\/2023\/02\/FA7344B9-9244-4389-9F75-E6E9D8E4D207-scaled.jpeg\",\"datePublished\":\"2023-02-16T15:36:23+00:00\",\"dateModified\":\"2023-05-01T09:21:11+00:00\",\"breadcrumb\":{\"@id\":\"https:\/\/test.arctic.klean.it\/udflugter\/3-timers-hundeslaede\/#breadcrumb\"},\"inLanguage\":\"da-DK\",\"potentialAction\":[{\"@type\":\"ReadAction\",\"target\":[\"https:\/\/test.arctic.klean.it\/udflugter\/3-timers-hundeslaede\/\"]}]},{\"@type\":\"ImageObject\",\"inLanguage\":\"da-DK\",\"@id\":\"https:\/\/test.arctic.klean.it\/udflugter\/3-timers-hundeslaede\/#primaryimage\",\"url\":\"https:\/\/test.arctic.klean.it\/wp-content\/uploads\/2023\/02\/FA7344B9-9244-4389-9F75-E6E9D8E4D207-scaled.jpeg\",\"contentUrl\":\"https:\/\/test.arctic.klean.it\/wp-content\/uploads\/2023\/02\/FA7344B9-9244-4389-9F75-E6E9D8E4D207-scaled.jpeg\",\"width\":1920,\"height\":1440},{\"@type\":\"BreadcrumbList\",\"@id\":\"https:\/\/test.arctic.klean.it\/udflugter\/3-timers-hundeslaede\/#breadcrumb\",\"itemListElement\":[{\"@type\":\"ListItem\",\"position\":1,\"name\":\"Udflugter i Gr\u00f8nland\",\"item\":\"https:\/\/test.arctic.klean.it\/da\/udflugter\/\"},{\"@type\":\"ListItem\",\"position\":2,\"name\":\"Hundesl\u00e6detur &#8211; 3 timer\"}]},{\"@type\":\"WebSite\",\"@id\":\"https:\/\/test.arctic.klean.it\/#website\",\"url\":\"https:\/\/test.arctic.klean.it\/\",\"name\":\"Arctic Excursions\",\"description\":\"New adventures. Every day.\",\"potentialAction\":[{\"@type\":\"SearchAction\",\"target\":{\"@type\":\"EntryPoint\",\"urlTemplate\":\"https:\/\/test.arctic.klean.it\/?s={search_term_string}\"},\"query-input\":{\"@type\":\"PropertyValueSpecification\",\"valueRequired\":true,\"valueName\":\"search_term_string\"}}],\"inLanguage\":\"da-DK\"}]}<\/script>\n<!-- \/ Yoast SEO plugin. -->","yoast_head_json":{"title":"Arctic Excursions","robots":{"index":"index","follow":"follow","max-snippet":"max-snippet:-1","max-image-preview":"max-image-preview:large","max-video-preview":"max-video-preview:-1"},"canonical":"https:\/\/test.arctic.klean.it\/udflugter\/3-timers-hundeslaede\/","og_locale":"da_DK","og_type":"article","og_title":"Hundesl\u00e6detur - 3 timer - Arctic Excursions","og_description":"Tag med p\u00e5 en hundesl\u00e6detur med en erfaren sl\u00e6dek\u00f8rer.","og_url":"https:\/\/test.arctic.klean.it\/udflugter\/3-timers-hundeslaede\/","og_site_name":"Arctic Excursions","article_modified_time":"2023-05-01T09:21:11+00:00","og_image":[{"width":2560,"height":1920,"url":"https:\/\/test.arctic.klean.it\/wp-content\/uploads\/2023\/02\/FA7344B9-9244-4389-9F75-E6E9D8E4D207-scaled.jpeg","type":"image\/jpeg"}],"twitter_card":"summary_large_image","twitter_misc":{"Estimeret l\u00e6setid":"1 minut"},"schema":{"@context":"https:\/\/schema.org","@graph":[{"@type":"WebPage","@id":"https:\/\/test.arctic.klean.it\/udflugter\/3-timers-hundeslaede\/","url":"https:\/\/test.arctic.klean.it\/udflugter\/3-timers-hundeslaede\/","name":"Hundesl\u00e6detur - 3 timer - Arctic Excursions","isPartOf":{"@id":"https:\/\/test.arctic.klean.it\/#website"},"primaryImageOfPage":{"@id":"https:\/\/test.arctic.klean.it\/udflugter\/3-timers-hundeslaede\/#primaryimage"},"image":{"@id":"https:\/\/test.arctic.klean.it\/udflugter\/3-timers-hundeslaede\/#primaryimage"},"thumbnailUrl":"https:\/\/test.arctic.klean.it\/wp-content\/uploads\/2023\/02\/FA7344B9-9244-4389-9F75-E6E9D8E4D207-scaled.jpeg","datePublished":"2023-02-16T15:36:23+00:00","dateModified":"2023-05-01T09:21:11+00:00","breadcrumb":{"@id":"https:\/\/test.arctic.klean.it\/udflugter\/3-timers-hundeslaede\/#breadcrumb"},"inLanguage":"da-DK","potentialAction":[{"@type":"ReadAction","target":["https:\/\/test.arctic.klean.it\/udflugter\/3-timers-hundeslaede\/"]}]},{"@type":"ImageObject","inLanguage":"da-DK","@id":"https:\/\/test.arctic.klean.it\/udflugter\/3-timers-hundeslaede\/#primaryimage","url":"https:\/\/test.arctic.klean.it\/wp-content\/uploads\/2023\/02\/FA7344B9-9244-4389-9F75-E6E9D8E4D207-scaled.jpeg","contentUrl":"https:\/\/test.arctic.klean.it\/wp-content\/uploads\/2023\/02\/FA7344B9-9244-4389-9F75-E6E9D8E4D207-scaled.jpeg","width":1920,"height":1440},{"@type":"BreadcrumbList","@id":"https:\/\/test.arctic.klean.it\/udflugter\/3-timers-hundeslaede\/#breadcrumb","itemListElement":[{"@type":"ListItem","position":1,"name":"Udflugter i Gr\u00f8nland","item":"https:\/\/test.arctic.klean.it\/da\/udflugter\/"},{"@type":"ListItem","position":2,"name":"Hundesl\u00e6detur &#8211; 3 timer"}]},{"@type":"WebSite","@id":"https:\/\/test.arctic.klean.it\/#website","url":"https:\/\/test.arctic.klean.it\/","name":"Arctic Excursions","description":"New adventures. Every day.","potentialAction":[{"@type":"SearchAction","target":{"@type":"EntryPoint","urlTemplate":"https:\/\/test.arctic.klean.it\/?s={search_term_string}"},"query-input":{"@type":"PropertyValueSpecification","valueRequired":true,"valueName":"search_term_string"}}],"inLanguage":"da-DK"}]}},"_links":{"self":[{"href":"https:\/\/test.arctic.klean.it\/da\/wp-json\/wp\/v2\/product\/9680","targetHints":{"allow":["GET"]}}],"collection":[{"href":"https:\/\/test.arctic.klean.it\/da\/wp-json\/wp\/v2\/product"}],"about":[{"href":"https:\/\/test.arctic.klean.it\/da\/wp-json\/wp\/v2\/types\/product"}],"replies":[{"embeddable":true,"href":"https:\/\/test.arctic.klean.it\/da\/wp-json\/wp\/v2\/comments?post=9680"}],"wp:featuredmedia":[{"embeddable":true,"href":"https:\/\/test.arctic.klean.it\/da\/wp-json\/wp\/v2\/media\/9624"}],"wp:attachment":[{"href":"https:\/\/test.arctic.klean.it\/da\/wp-json\/wp\/v2\/media?parent=9680"}],"wp:term":[{"taxonomy":"product_brand","embeddable":true,"href":"https:\/\/test.arctic.klean.it\/da\/wp-json\/wp\/v2\/product_brand?post=9680"},{"taxonomy":"product_cat","embeddable":true,"href":"https:\/\/test.arctic.klean.it\/da\/wp-json\/wp\/v2\/product_cat?post=9680"},{"taxonomy":"product_tag","embeddable":true,"href":"https:\/\/test.arctic.klean.it\/da\/wp-json\/wp\/v2\/product_tag?post=9680"}],"curies":[{"name":"wp","href":"https:\/\/api.w.org\/{rel}","templated":true}]}}