{"id":970,"date":"2022-05-12T11:32:34","date_gmt":"2022-05-12T09:32:34","guid":{"rendered":"https:\/\/test.arctic.klean.it\/?post_type=product&#038;p=970"},"modified":"2023-05-01T11:15:53","modified_gmt":"2023-05-01T09:15:53","slug":"hundeslaede-gletsjereventyr","status":"publish","type":"product","link":"https:\/\/test.arctic.klean.it\/da\/udflugter\/hundeslaede-gletsjereventyr\/","title":{"rendered":"Hundesl\u00e6de Glacier Adventure \u2013 3 dage"},"content":{"rendered":"<p><strong>Lokation:<\/strong> Qasigiannguit<\/p>\n<p><strong>Program<\/strong><br \/>\n<strong>Dag 1<\/strong> &#8211; Afsted p\u00e5 4-timers sl\u00e6detur til Tasiusaq Hytte. Vandring i omr\u00e5det.<\/p>\n<p>I dags skal du af sted p\u00e5 din hundesl\u00e6deekspedition, og i udkanten af byen ved hundepladsen m\u00f8der du sl\u00e6def\u00f8reren, og sammen f\u00e5r I pakket sl\u00e6den. <\/p>\n<p>Nu skal vi afsted p\u00e5 den 35 kilometer lange tur til Tasiusaq Fjord. Noget af turen foreg\u00e5r i kuperet landskab og nogle gange skal du st\u00e5 af og g\u00e5, hvis det g\u00e5r lidt for stejlt op eller ned. En del af turen foreg\u00e5r p\u00e5 den smukt-beliggende Tasiusaq Fjord. Her kommer vi til en dejlig hytte, der skal v\u00e6re vores hjem en enkelt nat. Alt efter hvorn\u00e5r vi ankommer og hvor lang dagen er, er der tid til at g\u00e5 en tur p\u00e5 snesko i det dejlige omr\u00e5de. Vi er ogs\u00e5 nede ved s\u00f8en og sk\u00e6re is fri, som vi kan smelte og f\u00e5 os noget dejlig varm te eller kaffe.<\/p>\n<p>Om aftenen laver vi mad. Det er baseret p\u00e5 dejlige r\u00e5varer, som din f\u00f8rer eller hotellets personale selv har fanget. Forh\u00e5bentlig er det ikke overskyet, og s\u00e5 du v\u00e6re heldig at opleve en stjerneklar nat aften med nordlys, langt, langt v\u00e6k fra kunstigt lys.<\/p>\n<p><strong>Dag 2<\/strong> &#8211; Fra Tasiusaq Fjord til Saqqarliup gletsjeren. 2\u00bd time p\u00e5 sl\u00e6de.<\/p>\n<p>Efter morgenmaden er det tid til at k\u00f8re videre til n\u00e6ste smukke sted, Saqqarliup gletsjeren. Selve turen foreg\u00e5r i relativt fladt terr\u00e6n og vi tilbagel\u00e6gger de 25 kilometer p\u00e5 ca. 2\u00bd time. Fremme ved gletsjeren bliver du indkvarteret i et varmt telt, hvor sengene er d\u00e6kket med rensdyrskind. Men tro endelig ikke, at du nu bare skal til at slappe af!<\/p>\n<p>Saqqarliup gletsjeren er en langsomt bev\u00e6gende gletsjer, og det g\u00f8r den ideel til gletsjervandring. Derfor skal vi i dag op at g\u00e5 p\u00e5 selve gletsjeren, og du kan nu tage en masse billeder, der kan forsyne dine sociale medier i ugevis efter hjemkomst. Du f\u00e5r ogs\u00e5 mulighed for at hike i omr\u00e5det. <\/p>\n<p>Om aftenen skal laver vi igen aftensmad af lokale r\u00e5varer. <\/p>\n<p><strong>Dag 3<\/strong> &#8211; 55 kilometers hundesl\u00e6detur tilbage til Qasigiaaguit<\/p>\n<p>Du har forh\u00e5bentlig f\u00e5et en dejlig nat s\u00f8vn i dit opvarmede telt og er nu klar til det lange str\u00e6k p\u00e5 hundesl\u00e6den. De seneste dage er du kommet l\u00e6ngere og l\u00e6ngere ind i landet, og nu skal du p\u00e5 en 55 kilometer lang tur tilbage til kysten og Qasigiannguit. Det tager ca. 7 timer og undervejs g\u00f8r vi holdt og f\u00e5r varmet os med kaffe, te og en typisk fangerfrokost. <\/p>\n<p>Tilbage i Qasigiannguit er det tid til at str\u00e6kke benene og f\u00e5 et dejligt varmt bad. <\/p>\n<p>Hvis ikke du er styrtet direkte i seng, kan du om aftenen nyde en l\u00e6kker middag i hotellets restaurant.<\/p>\n<p><strong>Bem\u00e6rk venligst<\/strong><br \/>\n&#8211; 1-2 personer pr. hundesl\u00e6de<br \/>\n&#8211; Der er max. 6 deltagere p\u00e5 denne tur<\/p>\n<p><strong>Inkluderet<\/strong><br \/>\n&#8211; S\u00e6lskindst\u00f8j, varme st\u00f8vler, sovepose og alle m\u00e5ltider er inkluderet. Aftenm\u00e5ltider best\u00e5r af lokal fanget mad.<\/p>\n<p><strong>Varighed:\u00a0<\/strong>3 dage<br \/>\n<strong>S\u00e6son:\u00a0<\/strong>Vinter<br \/>\n<strong>Deltagere:\u00a0<\/strong>Max. 6<br \/>\n<strong>Sv\u00e6rhedsgrad:\u00a0<\/strong>Level 2-3<\/p>\n","protected":false},"excerpt":{"rendered":"<p>Lokation: Qasigiannguit Program Dag 1 &#8211; Afsted p\u00e5 4-timers sl\u00e6detur til Tasiusaq Hytte. Vandring i omr\u00e5det. I dags skal du [&hellip;]<\/p>\n","protected":false},"featured_media":2308,"comment_status":"open","ping_status":"closed","template":"","meta":{"_acf_changed":false},"product_brand":[],"product_cat":[170],"product_tag":[160,161],"class_list":{"0":"post-970","1":"product","2":"type-product","3":"status-publish","4":"has-post-thumbnail","6":"product_cat-udflugt","7":"product_tag-2-da","8":"product_tag-3-da","9":"pa_dato-172","10":"pa_dato-235","11":"pa_tidspunkt-70","12":"tour_location-qasigiannguit-da","13":"tour_type-hundeslaede","14":"tour_operator-diskobay-tours","16":"first","17":"outofstock","18":"shipping-taxable","19":"product-type-variable"},"acf":[],"yoast_head":"<!-- This site is optimized with the Yoast SEO plugin v25.2 - https:\/\/yoast.com\/wordpress\/plugins\/seo\/ -->\n<title>Arctic Excursions<\/title>\n<meta name=\"robots\" content=\"index, follow, max-snippet:-1, max-image-preview:large, max-video-preview:-1\" \/>\n<link rel=\"canonical\" href=\"https:\/\/test.arctic.klean.it\/udflugter\/dog-sled-glacier-adventure\/\" \/>\n<meta property=\"og:locale\" content=\"da_DK\" \/>\n<meta property=\"og:type\" content=\"article\" \/>\n<meta property=\"og:title\" content=\"Hundesl\u00e6de Glacier Adventure \u2013 3 dage - Arctic Excursions\" \/>\n<meta property=\"og:description\" content=\"Lokation: Qasigiannguit Program Dag 1 &#8211; Afsted p\u00e5 4-timers sl\u00e6detur til Tasiusaq Hytte. Vandring i omr\u00e5det. I dags skal du [&hellip;]\" \/>\n<meta property=\"og:url\" content=\"https:\/\/test.arctic.klean.it\/udflugter\/dog-sled-glacier-adventure\/\" \/>\n<meta property=\"og:site_name\" content=\"Arctic Excursions\" \/>\n<meta property=\"article:modified_time\" content=\"2023-05-01T09:15:53+00:00\" \/>\n<meta property=\"og:image\" content=\"https:\/\/test.arctic.klean.it\/wp-content\/uploads\/2022\/06\/qasigiannguit-vinter-glacier-adventure-thomas-bojer-eltorp.jpg\" \/>\n\t<meta property=\"og:image:width\" content=\"1897\" \/>\n\t<meta property=\"og:image:height\" content=\"1067\" \/>\n\t<meta property=\"og:image:type\" content=\"image\/jpeg\" \/>\n<meta name=\"twitter:card\" content=\"summary_large_image\" \/>\n<meta name=\"twitter:label1\" content=\"Estimeret l\u00e6setid\" \/>\n\t<meta name=\"twitter:data1\" content=\"2 minutter\" \/>\n<script type=\"application\/ld+json\" class=\"yoast-schema-graph\">{\"@context\":\"https:\/\/schema.org\",\"@graph\":[{\"@type\":\"WebPage\",\"@id\":\"https:\/\/test.arctic.klean.it\/udflugter\/dog-sled-glacier-adventure\/\",\"url\":\"https:\/\/test.arctic.klean.it\/udflugter\/dog-sled-glacier-adventure\/\",\"name\":\"Hundesl\u00e6de Glacier Adventure \u2013 3 dage - Arctic Excursions\",\"isPartOf\":{\"@id\":\"https:\/\/test.arctic.klean.it\/#website\"},\"primaryImageOfPage\":{\"@id\":\"https:\/\/test.arctic.klean.it\/udflugter\/dog-sled-glacier-adventure\/#primaryimage\"},\"image\":{\"@id\":\"https:\/\/test.arctic.klean.it\/udflugter\/dog-sled-glacier-adventure\/#primaryimage\"},\"thumbnailUrl\":\"https:\/\/test.arctic.klean.it\/wp-content\/uploads\/2022\/06\/qasigiannguit-vinter-glacier-adventure-thomas-bojer-eltorp.jpg\",\"datePublished\":\"2022-05-12T09:32:34+00:00\",\"dateModified\":\"2023-05-01T09:15:53+00:00\",\"breadcrumb\":{\"@id\":\"https:\/\/test.arctic.klean.it\/udflugter\/dog-sled-glacier-adventure\/#breadcrumb\"},\"inLanguage\":\"da-DK\",\"potentialAction\":[{\"@type\":\"ReadAction\",\"target\":[\"https:\/\/test.arctic.klean.it\/udflugter\/dog-sled-glacier-adventure\/\"]}]},{\"@type\":\"ImageObject\",\"inLanguage\":\"da-DK\",\"@id\":\"https:\/\/test.arctic.klean.it\/udflugter\/dog-sled-glacier-adventure\/#primaryimage\",\"url\":\"https:\/\/test.arctic.klean.it\/wp-content\/uploads\/2022\/06\/qasigiannguit-vinter-glacier-adventure-thomas-bojer-eltorp.jpg\",\"contentUrl\":\"https:\/\/test.arctic.klean.it\/wp-content\/uploads\/2022\/06\/qasigiannguit-vinter-glacier-adventure-thomas-bojer-eltorp.jpg\",\"width\":1897,\"height\":1067},{\"@type\":\"BreadcrumbList\",\"@id\":\"https:\/\/test.arctic.klean.it\/udflugter\/dog-sled-glacier-adventure\/#breadcrumb\",\"itemListElement\":[{\"@type\":\"ListItem\",\"position\":1,\"name\":\"Udflugter i Gr\u00f8nland\",\"item\":\"https:\/\/test.arctic.klean.it\/da\/udflugter\/\"},{\"@type\":\"ListItem\",\"position\":2,\"name\":\"Hundesl\u00e6de Glacier Adventure \u2013 3 dage\"}]},{\"@type\":\"WebSite\",\"@id\":\"https:\/\/test.arctic.klean.it\/#website\",\"url\":\"https:\/\/test.arctic.klean.it\/\",\"name\":\"Arctic Excursions\",\"description\":\"New adventures. Every day.\",\"potentialAction\":[{\"@type\":\"SearchAction\",\"target\":{\"@type\":\"EntryPoint\",\"urlTemplate\":\"https:\/\/test.arctic.klean.it\/?s={search_term_string}\"},\"query-input\":{\"@type\":\"PropertyValueSpecification\",\"valueRequired\":true,\"valueName\":\"search_term_string\"}}],\"inLanguage\":\"da-DK\"}]}<\/script>\n<!-- \/ Yoast SEO plugin. -->","yoast_head_json":{"title":"Arctic Excursions","robots":{"index":"index","follow":"follow","max-snippet":"max-snippet:-1","max-image-preview":"max-image-preview:large","max-video-preview":"max-video-preview:-1"},"canonical":"https:\/\/test.arctic.klean.it\/udflugter\/dog-sled-glacier-adventure\/","og_locale":"da_DK","og_type":"article","og_title":"Hundesl\u00e6de Glacier Adventure \u2013 3 dage - Arctic Excursions","og_description":"Lokation: Qasigiannguit Program Dag 1 &#8211; Afsted p\u00e5 4-timers sl\u00e6detur til Tasiusaq Hytte. Vandring i omr\u00e5det. I dags skal du [&hellip;]","og_url":"https:\/\/test.arctic.klean.it\/udflugter\/dog-sled-glacier-adventure\/","og_site_name":"Arctic Excursions","article_modified_time":"2023-05-01T09:15:53+00:00","og_image":[{"width":1897,"height":1067,"url":"https:\/\/test.arctic.klean.it\/wp-content\/uploads\/2022\/06\/qasigiannguit-vinter-glacier-adventure-thomas-bojer-eltorp.jpg","type":"image\/jpeg"}],"twitter_card":"summary_large_image","twitter_misc":{"Estimeret l\u00e6setid":"2 minutter"},"schema":{"@context":"https:\/\/schema.org","@graph":[{"@type":"WebPage","@id":"https:\/\/test.arctic.klean.it\/udflugter\/dog-sled-glacier-adventure\/","url":"https:\/\/test.arctic.klean.it\/udflugter\/dog-sled-glacier-adventure\/","name":"Hundesl\u00e6de Glacier Adventure \u2013 3 dage - Arctic Excursions","isPartOf":{"@id":"https:\/\/test.arctic.klean.it\/#website"},"primaryImageOfPage":{"@id":"https:\/\/test.arctic.klean.it\/udflugter\/dog-sled-glacier-adventure\/#primaryimage"},"image":{"@id":"https:\/\/test.arctic.klean.it\/udflugter\/dog-sled-glacier-adventure\/#primaryimage"},"thumbnailUrl":"https:\/\/test.arctic.klean.it\/wp-content\/uploads\/2022\/06\/qasigiannguit-vinter-glacier-adventure-thomas-bojer-eltorp.jpg","datePublished":"2022-05-12T09:32:34+00:00","dateModified":"2023-05-01T09:15:53+00:00","breadcrumb":{"@id":"https:\/\/test.arctic.klean.it\/udflugter\/dog-sled-glacier-adventure\/#breadcrumb"},"inLanguage":"da-DK","potentialAction":[{"@type":"ReadAction","target":["https:\/\/test.arctic.klean.it\/udflugter\/dog-sled-glacier-adventure\/"]}]},{"@type":"ImageObject","inLanguage":"da-DK","@id":"https:\/\/test.arctic.klean.it\/udflugter\/dog-sled-glacier-adventure\/#primaryimage","url":"https:\/\/test.arctic.klean.it\/wp-content\/uploads\/2022\/06\/qasigiannguit-vinter-glacier-adventure-thomas-bojer-eltorp.jpg","contentUrl":"https:\/\/test.arctic.klean.it\/wp-content\/uploads\/2022\/06\/qasigiannguit-vinter-glacier-adventure-thomas-bojer-eltorp.jpg","width":1897,"height":1067},{"@type":"BreadcrumbList","@id":"https:\/\/test.arctic.klean.it\/udflugter\/dog-sled-glacier-adventure\/#breadcrumb","itemListElement":[{"@type":"ListItem","position":1,"name":"Udflugter i Gr\u00f8nland","item":"https:\/\/test.arctic.klean.it\/da\/udflugter\/"},{"@type":"ListItem","position":2,"name":"Hundesl\u00e6de Glacier Adventure \u2013 3 dage"}]},{"@type":"WebSite","@id":"https:\/\/test.arctic.klean.it\/#website","url":"https:\/\/test.arctic.klean.it\/","name":"Arctic Excursions","description":"New adventures. Every day.","potentialAction":[{"@type":"SearchAction","target":{"@type":"EntryPoint","urlTemplate":"https:\/\/test.arctic.klean.it\/?s={search_term_string}"},"query-input":{"@type":"PropertyValueSpecification","valueRequired":true,"valueName":"search_term_string"}}],"inLanguage":"da-DK"}]}},"_links":{"self":[{"href":"https:\/\/test.arctic.klean.it\/da\/wp-json\/wp\/v2\/product\/970","targetHints":{"allow":["GET"]}}],"collection":[{"href":"https:\/\/test.arctic.klean.it\/da\/wp-json\/wp\/v2\/product"}],"about":[{"href":"https:\/\/test.arctic.klean.it\/da\/wp-json\/wp\/v2\/types\/product"}],"replies":[{"embeddable":true,"href":"https:\/\/test.arctic.klean.it\/da\/wp-json\/wp\/v2\/comments?post=970"}],"wp:featuredmedia":[{"embeddable":true,"href":"https:\/\/test.arctic.klean.it\/da\/wp-json\/wp\/v2\/media\/2308"}],"wp:attachment":[{"href":"https:\/\/test.arctic.klean.it\/da\/wp-json\/wp\/v2\/media?parent=970"}],"wp:term":[{"taxonomy":"product_brand","embeddable":true,"href":"https:\/\/test.arctic.klean.it\/da\/wp-json\/wp\/v2\/product_brand?post=970"},{"taxonomy":"product_cat","embeddable":true,"href":"https:\/\/test.arctic.klean.it\/da\/wp-json\/wp\/v2\/product_cat?post=970"},{"taxonomy":"product_tag","embeddable":true,"href":"https:\/\/test.arctic.klean.it\/da\/wp-json\/wp\/v2\/product_tag?post=970"}],"curies":[{"name":"wp","href":"https:\/\/api.w.org\/{rel}","templated":true}]}}