{"id":974,"date":"2022-05-12T11:36:36","date_gmt":"2022-05-12T09:36:36","guid":{"rendered":"https:\/\/test.arctic.klean.it\/?post_type=product&#038;p=974"},"modified":"2022-10-27T17:29:18","modified_gmt":"2022-10-27T15:29:18","slug":"kulturel-byvandring","status":"publish","type":"product","link":"https:\/\/test.arctic.klean.it\/da\/udflugter\/kulturel-byvandring\/","title":{"rendered":"Kulturel byvandring"},"content":{"rendered":"<p><strong>Lokation:<\/strong> Qasigiannguit<\/p>\n<p>Qasigiannguit er en sp\u00e6ndende by at udforske, og vi starter ved byens museum. Museet ligger i Poul Egedes gamle butik fra 1734, og det huser en unik ark\u00e6ologisk samling fra udgravningerne af en boplads fra Saqqaq-kulturen (2400-1400 f.Kr.).<\/p>\n<p>Derudover kan du se udstillinger om fangernes og fiskernes liv og rejeproduktionen, som i 1960&#8217;erne og flere \u00e5rtier frem gjorde Qasigiannguit til en blomstrende by, hvor rejerne blev kaldt Det Lyser\u00f8de Guld.<\/p>\n<p>Senere g\u00e5r vi forbi heliporten hen til stedet med de mange sl\u00e6dehundene, inden vi atter n\u00e5r til byens centrum. Undervejs fort\u00e6ller din guide dig om Qasigiannguits historie fra kolonien Christiansh\u00e5b til nu.<\/p>\n<p><strong>Bem\u00e6rk venligst<\/strong><br \/>\n&#8211; Museet har en lille gavebutik, der kun tager kontanter.<\/p>\n<p><strong>Varighed:\u00a0<\/strong>2 timer<br \/>\n<strong>S\u00e6son:\u00a0<\/strong>Hele \u00e5ret<br \/>\n<strong>Deltagere:\u00a0<\/strong>Min. 3<br \/>\n<strong>Sv\u00e6rhedsgrad:\u00a0<\/strong>Level 1<\/p>\n","protected":false},"excerpt":{"rendered":"<p>Tag med os p\u00e5 denne personlige, guidede tur rundt i smukke Qasigiannguit<\/p>\n","protected":false},"featured_media":1077,"comment_status":"open","ping_status":"closed","template":"","meta":{"_acf_changed":false},"product_brand":[],"product_cat":[170],"product_tag":[159],"class_list":{"0":"post-974","1":"product","2":"type-product","3":"status-publish","4":"has-post-thumbnail","6":"product_cat-udflugt","7":"product_tag-1-da","8":"pa_dato-172","9":"pa_dato-207","10":"pa_dato-218","11":"pa_dato-233","12":"pa_dato-252","13":"pa_dato-220","14":"pa_tidspunkt-70","15":"pa_tidspunkt-40","16":"pa_tidspunkt-221","17":"pa_tidspunkt-61","18":"tour_location-ilulissat-da","19":"tour_type-baadture","20":"tour_operator-diskobay-tours","22":"first","23":"outofstock","24":"shipping-taxable","25":"product-type-variable"},"acf":[],"yoast_head":"<!-- This site is optimized with the Yoast SEO plugin v25.2 - https:\/\/yoast.com\/wordpress\/plugins\/seo\/ -->\n<title>Arctic Excursions<\/title>\n<meta name=\"robots\" content=\"index, follow, max-snippet:-1, max-image-preview:large, max-video-preview:-1\" \/>\n<link rel=\"canonical\" href=\"https:\/\/test.arctic.klean.it\/udflugter\/cultural-town-walk\/\" \/>\n<meta property=\"og:locale\" content=\"da_DK\" \/>\n<meta property=\"og:type\" content=\"article\" \/>\n<meta property=\"og:title\" content=\"Kulturel byvandring - Arctic Excursions\" \/>\n<meta property=\"og:description\" content=\"Tag med os p\u00e5 denne personlige, guidede tur rundt i smukke Qasigiannguit\" \/>\n<meta property=\"og:url\" content=\"https:\/\/test.arctic.klean.it\/udflugter\/cultural-town-walk\/\" \/>\n<meta property=\"og:site_name\" content=\"Arctic Excursions\" \/>\n<meta property=\"article:modified_time\" content=\"2022-10-27T15:29:18+00:00\" \/>\n<meta property=\"og:image\" content=\"https:\/\/test.arctic.klean.it\/wp-content\/uploads\/2021\/06\/A-guided-tour-near-the-church-in-Ilulissat-in-Greenland.jpg\" \/>\n\t<meta property=\"og:image:width\" content=\"1600\" \/>\n\t<meta property=\"og:image:height\" content=\"1067\" \/>\n\t<meta property=\"og:image:type\" content=\"image\/jpeg\" \/>\n<meta name=\"twitter:card\" content=\"summary_large_image\" \/>\n<meta name=\"twitter:label1\" content=\"Estimeret l\u00e6setid\" \/>\n\t<meta name=\"twitter:data1\" content=\"1 minut\" \/>\n<script type=\"application\/ld+json\" class=\"yoast-schema-graph\">{\"@context\":\"https:\/\/schema.org\",\"@graph\":[{\"@type\":\"WebPage\",\"@id\":\"https:\/\/test.arctic.klean.it\/udflugter\/cultural-town-walk\/\",\"url\":\"https:\/\/test.arctic.klean.it\/udflugter\/cultural-town-walk\/\",\"name\":\"Kulturel byvandring - Arctic Excursions\",\"isPartOf\":{\"@id\":\"https:\/\/test.arctic.klean.it\/#website\"},\"primaryImageOfPage\":{\"@id\":\"https:\/\/test.arctic.klean.it\/udflugter\/cultural-town-walk\/#primaryimage\"},\"image\":{\"@id\":\"https:\/\/test.arctic.klean.it\/udflugter\/cultural-town-walk\/#primaryimage\"},\"thumbnailUrl\":\"https:\/\/test.arctic.klean.it\/wp-content\/uploads\/2021\/06\/A-guided-tour-near-the-church-in-Ilulissat-in-Greenland.jpg\",\"datePublished\":\"2022-05-12T09:36:36+00:00\",\"dateModified\":\"2022-10-27T15:29:18+00:00\",\"breadcrumb\":{\"@id\":\"https:\/\/test.arctic.klean.it\/udflugter\/cultural-town-walk\/#breadcrumb\"},\"inLanguage\":\"da-DK\",\"potentialAction\":[{\"@type\":\"ReadAction\",\"target\":[\"https:\/\/test.arctic.klean.it\/udflugter\/cultural-town-walk\/\"]}]},{\"@type\":\"ImageObject\",\"inLanguage\":\"da-DK\",\"@id\":\"https:\/\/test.arctic.klean.it\/udflugter\/cultural-town-walk\/#primaryimage\",\"url\":\"https:\/\/test.arctic.klean.it\/wp-content\/uploads\/2021\/06\/A-guided-tour-near-the-church-in-Ilulissat-in-Greenland.jpg\",\"contentUrl\":\"https:\/\/test.arctic.klean.it\/wp-content\/uploads\/2021\/06\/A-guided-tour-near-the-church-in-Ilulissat-in-Greenland.jpg\",\"width\":1600,\"height\":1067,\"caption\":\"Photo by Mads Pihl - Visit Greenland - Da\"},{\"@type\":\"BreadcrumbList\",\"@id\":\"https:\/\/test.arctic.klean.it\/udflugter\/cultural-town-walk\/#breadcrumb\",\"itemListElement\":[{\"@type\":\"ListItem\",\"position\":1,\"name\":\"Udflugter i Gr\u00f8nland\",\"item\":\"https:\/\/test.arctic.klean.it\/da\/udflugter\/\"},{\"@type\":\"ListItem\",\"position\":2,\"name\":\"Kulturel byvandring\"}]},{\"@type\":\"WebSite\",\"@id\":\"https:\/\/test.arctic.klean.it\/#website\",\"url\":\"https:\/\/test.arctic.klean.it\/\",\"name\":\"Arctic Excursions\",\"description\":\"New adventures. Every day.\",\"potentialAction\":[{\"@type\":\"SearchAction\",\"target\":{\"@type\":\"EntryPoint\",\"urlTemplate\":\"https:\/\/test.arctic.klean.it\/?s={search_term_string}\"},\"query-input\":{\"@type\":\"PropertyValueSpecification\",\"valueRequired\":true,\"valueName\":\"search_term_string\"}}],\"inLanguage\":\"da-DK\"}]}<\/script>\n<!-- \/ Yoast SEO plugin. -->","yoast_head_json":{"title":"Arctic Excursions","robots":{"index":"index","follow":"follow","max-snippet":"max-snippet:-1","max-image-preview":"max-image-preview:large","max-video-preview":"max-video-preview:-1"},"canonical":"https:\/\/test.arctic.klean.it\/udflugter\/cultural-town-walk\/","og_locale":"da_DK","og_type":"article","og_title":"Kulturel byvandring - Arctic Excursions","og_description":"Tag med os p\u00e5 denne personlige, guidede tur rundt i smukke Qasigiannguit","og_url":"https:\/\/test.arctic.klean.it\/udflugter\/cultural-town-walk\/","og_site_name":"Arctic Excursions","article_modified_time":"2022-10-27T15:29:18+00:00","og_image":[{"width":1600,"height":1067,"url":"https:\/\/test.arctic.klean.it\/wp-content\/uploads\/2021\/06\/A-guided-tour-near-the-church-in-Ilulissat-in-Greenland.jpg","type":"image\/jpeg"}],"twitter_card":"summary_large_image","twitter_misc":{"Estimeret l\u00e6setid":"1 minut"},"schema":{"@context":"https:\/\/schema.org","@graph":[{"@type":"WebPage","@id":"https:\/\/test.arctic.klean.it\/udflugter\/cultural-town-walk\/","url":"https:\/\/test.arctic.klean.it\/udflugter\/cultural-town-walk\/","name":"Kulturel byvandring - Arctic Excursions","isPartOf":{"@id":"https:\/\/test.arctic.klean.it\/#website"},"primaryImageOfPage":{"@id":"https:\/\/test.arctic.klean.it\/udflugter\/cultural-town-walk\/#primaryimage"},"image":{"@id":"https:\/\/test.arctic.klean.it\/udflugter\/cultural-town-walk\/#primaryimage"},"thumbnailUrl":"https:\/\/test.arctic.klean.it\/wp-content\/uploads\/2021\/06\/A-guided-tour-near-the-church-in-Ilulissat-in-Greenland.jpg","datePublished":"2022-05-12T09:36:36+00:00","dateModified":"2022-10-27T15:29:18+00:00","breadcrumb":{"@id":"https:\/\/test.arctic.klean.it\/udflugter\/cultural-town-walk\/#breadcrumb"},"inLanguage":"da-DK","potentialAction":[{"@type":"ReadAction","target":["https:\/\/test.arctic.klean.it\/udflugter\/cultural-town-walk\/"]}]},{"@type":"ImageObject","inLanguage":"da-DK","@id":"https:\/\/test.arctic.klean.it\/udflugter\/cultural-town-walk\/#primaryimage","url":"https:\/\/test.arctic.klean.it\/wp-content\/uploads\/2021\/06\/A-guided-tour-near-the-church-in-Ilulissat-in-Greenland.jpg","contentUrl":"https:\/\/test.arctic.klean.it\/wp-content\/uploads\/2021\/06\/A-guided-tour-near-the-church-in-Ilulissat-in-Greenland.jpg","width":1600,"height":1067,"caption":"Photo by Mads Pihl - Visit Greenland - Da"},{"@type":"BreadcrumbList","@id":"https:\/\/test.arctic.klean.it\/udflugter\/cultural-town-walk\/#breadcrumb","itemListElement":[{"@type":"ListItem","position":1,"name":"Udflugter i Gr\u00f8nland","item":"https:\/\/test.arctic.klean.it\/da\/udflugter\/"},{"@type":"ListItem","position":2,"name":"Kulturel byvandring"}]},{"@type":"WebSite","@id":"https:\/\/test.arctic.klean.it\/#website","url":"https:\/\/test.arctic.klean.it\/","name":"Arctic Excursions","description":"New adventures. Every day.","potentialAction":[{"@type":"SearchAction","target":{"@type":"EntryPoint","urlTemplate":"https:\/\/test.arctic.klean.it\/?s={search_term_string}"},"query-input":{"@type":"PropertyValueSpecification","valueRequired":true,"valueName":"search_term_string"}}],"inLanguage":"da-DK"}]}},"_links":{"self":[{"href":"https:\/\/test.arctic.klean.it\/da\/wp-json\/wp\/v2\/product\/974","targetHints":{"allow":["GET"]}}],"collection":[{"href":"https:\/\/test.arctic.klean.it\/da\/wp-json\/wp\/v2\/product"}],"about":[{"href":"https:\/\/test.arctic.klean.it\/da\/wp-json\/wp\/v2\/types\/product"}],"replies":[{"embeddable":true,"href":"https:\/\/test.arctic.klean.it\/da\/wp-json\/wp\/v2\/comments?post=974"}],"wp:featuredmedia":[{"embeddable":true,"href":"https:\/\/test.arctic.klean.it\/da\/wp-json\/wp\/v2\/media\/1077"}],"wp:attachment":[{"href":"https:\/\/test.arctic.klean.it\/da\/wp-json\/wp\/v2\/media?parent=974"}],"wp:term":[{"taxonomy":"product_brand","embeddable":true,"href":"https:\/\/test.arctic.klean.it\/da\/wp-json\/wp\/v2\/product_brand?post=974"},{"taxonomy":"product_cat","embeddable":true,"href":"https:\/\/test.arctic.klean.it\/da\/wp-json\/wp\/v2\/product_cat?post=974"},{"taxonomy":"product_tag","embeddable":true,"href":"https:\/\/test.arctic.klean.it\/da\/wp-json\/wp\/v2\/product_tag?post=974"}],"curies":[{"name":"wp","href":"https:\/\/api.w.org\/{rel}","templated":true}]}}