{"id":978,"date":"2022-05-12T11:40:23","date_gmt":"2022-05-12T09:40:23","guid":{"rendered":"https:\/\/test.arctic.klean.it\/?post_type=product&#038;p=978"},"modified":"2023-08-15T10:45:26","modified_gmt":"2023-08-15T08:45:26","slug":"moed-slaedehundene","status":"publish","type":"product","link":"https:\/\/test.arctic.klean.it\/da\/udflugter\/moed-slaedehundene\/","title":{"rendered":"M\u00f8d sl\u00e6dehundene"},"content":{"rendered":"<p><strong>Lokation:<\/strong> Qasigiannguit<\/p>\n<p>Overv\u00e6r fodring og vanding af hundene, og hvis du har lyst s\u00e5 kan du klappe nogle af dem.  <\/p>\n<p>Diskobay Tours&#8217; spand er p\u00e5 mellem 30 og 40 hunde, og er en vigtig del af firmaet. Hundene bruges til at tr\u00e6kke sl\u00e6den med g\u00e6ster om vinteren.  <\/p>\n<p><strong>Bem\u00e6rk venligst<\/strong><br \/>\n&#8211; Man bliver hurtigt beskidt p\u00e5 denne tur, s\u00e5 if\u00f8r dig det t\u00f8j du har med der kan klare lidt mudder<\/p>\n<p><strong>Varighed:\u00a0<\/strong>1,5 time<br \/>\n<strong>S\u00e6son:\u00a0<\/strong>Hele \u00e5ret<br \/>\n<strong>Deltagere:\u00a0<\/strong>Min. 4<br \/>\n<strong>Sv\u00e6rhedsgrad:\u00a0<\/strong>Level 1<\/p>\n","protected":false},"excerpt":{"rendered":"<p>M\u00f8d vores sl\u00e6dehunde og h\u00f8r om racen. H\u00f8r om brugen af sl\u00e6dehunden, historisk og i dag.<\/p>\n","protected":false},"featured_media":2268,"comment_status":"open","ping_status":"closed","template":"","meta":{"_acf_changed":false},"product_brand":[],"product_cat":[170],"product_tag":[159],"class_list":{"0":"post-978","1":"product","2":"type-product","3":"status-publish","4":"has-post-thumbnail","6":"product_cat-udflugt","7":"product_tag-1-da","8":"pa_dato-172","9":"pa_dato-224","10":"pa_dato-303","11":"pa_tidspunkt-70","12":"pa_tidspunkt-38","13":"pa_tidspunkt-304","14":"tour_location-qasigiannguit-da","15":"tour_type-hundeslaede","16":"tour_operator-diskobay-tours","18":"first","19":"outofstock","20":"shipping-taxable","21":"product-type-variable"},"acf":[],"yoast_head":"<!-- This site is optimized with the Yoast SEO plugin v25.2 - https:\/\/yoast.com\/wordpress\/plugins\/seo\/ -->\n<title>Arctic Excursions<\/title>\n<meta name=\"robots\" content=\"index, follow, max-snippet:-1, max-image-preview:large, max-video-preview:-1\" \/>\n<link rel=\"canonical\" href=\"https:\/\/test.arctic.klean.it\/udflugter\/meet-the-sled-dogs\/\" \/>\n<meta property=\"og:locale\" content=\"da_DK\" \/>\n<meta property=\"og:type\" content=\"article\" \/>\n<meta property=\"og:title\" content=\"M\u00f8d sl\u00e6dehundene - Arctic Excursions\" \/>\n<meta property=\"og:description\" content=\"M\u00f8d vores sl\u00e6dehunde og h\u00f8r om racen. H\u00f8r om brugen af sl\u00e6dehunden, historisk og i dag.\" \/>\n<meta property=\"og:url\" content=\"https:\/\/test.arctic.klean.it\/udflugter\/meet-the-sled-dogs\/\" \/>\n<meta property=\"og:site_name\" content=\"Arctic Excursions\" \/>\n<meta property=\"article:modified_time\" content=\"2023-08-15T08:45:26+00:00\" \/>\n<meta property=\"og:image\" content=\"https:\/\/test.arctic.klean.it\/wp-content\/uploads\/2022\/06\/moed-slaedehundene-vinter-jhs-hunde-ellen.jpg\" \/>\n\t<meta property=\"og:image:width\" content=\"1594\" \/>\n\t<meta property=\"og:image:height\" content=\"1067\" \/>\n\t<meta property=\"og:image:type\" content=\"image\/jpeg\" \/>\n<meta name=\"twitter:card\" content=\"summary_large_image\" \/>\n<meta name=\"twitter:label1\" content=\"Estimeret l\u00e6setid\" \/>\n\t<meta name=\"twitter:data1\" content=\"1 minut\" \/>\n<script type=\"application\/ld+json\" class=\"yoast-schema-graph\">{\"@context\":\"https:\/\/schema.org\",\"@graph\":[{\"@type\":\"WebPage\",\"@id\":\"https:\/\/test.arctic.klean.it\/udflugter\/meet-the-sled-dogs\/\",\"url\":\"https:\/\/test.arctic.klean.it\/udflugter\/meet-the-sled-dogs\/\",\"name\":\"M\u00f8d sl\u00e6dehundene - Arctic Excursions\",\"isPartOf\":{\"@id\":\"https:\/\/test.arctic.klean.it\/#website\"},\"primaryImageOfPage\":{\"@id\":\"https:\/\/test.arctic.klean.it\/udflugter\/meet-the-sled-dogs\/#primaryimage\"},\"image\":{\"@id\":\"https:\/\/test.arctic.klean.it\/udflugter\/meet-the-sled-dogs\/#primaryimage\"},\"thumbnailUrl\":\"https:\/\/test.arctic.klean.it\/wp-content\/uploads\/2022\/06\/moed-slaedehundene-vinter-jhs-hunde-ellen.jpg\",\"datePublished\":\"2022-05-12T09:40:23+00:00\",\"dateModified\":\"2023-08-15T08:45:26+00:00\",\"breadcrumb\":{\"@id\":\"https:\/\/test.arctic.klean.it\/udflugter\/meet-the-sled-dogs\/#breadcrumb\"},\"inLanguage\":\"da-DK\",\"potentialAction\":[{\"@type\":\"ReadAction\",\"target\":[\"https:\/\/test.arctic.klean.it\/udflugter\/meet-the-sled-dogs\/\"]}]},{\"@type\":\"ImageObject\",\"inLanguage\":\"da-DK\",\"@id\":\"https:\/\/test.arctic.klean.it\/udflugter\/meet-the-sled-dogs\/#primaryimage\",\"url\":\"https:\/\/test.arctic.klean.it\/wp-content\/uploads\/2022\/06\/moed-slaedehundene-vinter-jhs-hunde-ellen.jpg\",\"contentUrl\":\"https:\/\/test.arctic.klean.it\/wp-content\/uploads\/2022\/06\/moed-slaedehundene-vinter-jhs-hunde-ellen.jpg\",\"width\":1594,\"height\":1067},{\"@type\":\"BreadcrumbList\",\"@id\":\"https:\/\/test.arctic.klean.it\/udflugter\/meet-the-sled-dogs\/#breadcrumb\",\"itemListElement\":[{\"@type\":\"ListItem\",\"position\":1,\"name\":\"Udflugter i Gr\u00f8nland\",\"item\":\"https:\/\/test.arctic.klean.it\/da\/udflugter\/\"},{\"@type\":\"ListItem\",\"position\":2,\"name\":\"M\u00f8d sl\u00e6dehundene\"}]},{\"@type\":\"WebSite\",\"@id\":\"https:\/\/test.arctic.klean.it\/#website\",\"url\":\"https:\/\/test.arctic.klean.it\/\",\"name\":\"Arctic Excursions\",\"description\":\"New adventures. Every day.\",\"potentialAction\":[{\"@type\":\"SearchAction\",\"target\":{\"@type\":\"EntryPoint\",\"urlTemplate\":\"https:\/\/test.arctic.klean.it\/?s={search_term_string}\"},\"query-input\":{\"@type\":\"PropertyValueSpecification\",\"valueRequired\":true,\"valueName\":\"search_term_string\"}}],\"inLanguage\":\"da-DK\"}]}<\/script>\n<!-- \/ Yoast SEO plugin. -->","yoast_head_json":{"title":"Arctic Excursions","robots":{"index":"index","follow":"follow","max-snippet":"max-snippet:-1","max-image-preview":"max-image-preview:large","max-video-preview":"max-video-preview:-1"},"canonical":"https:\/\/test.arctic.klean.it\/udflugter\/meet-the-sled-dogs\/","og_locale":"da_DK","og_type":"article","og_title":"M\u00f8d sl\u00e6dehundene - Arctic Excursions","og_description":"M\u00f8d vores sl\u00e6dehunde og h\u00f8r om racen. H\u00f8r om brugen af sl\u00e6dehunden, historisk og i dag.","og_url":"https:\/\/test.arctic.klean.it\/udflugter\/meet-the-sled-dogs\/","og_site_name":"Arctic Excursions","article_modified_time":"2023-08-15T08:45:26+00:00","og_image":[{"width":1594,"height":1067,"url":"https:\/\/test.arctic.klean.it\/wp-content\/uploads\/2022\/06\/moed-slaedehundene-vinter-jhs-hunde-ellen.jpg","type":"image\/jpeg"}],"twitter_card":"summary_large_image","twitter_misc":{"Estimeret l\u00e6setid":"1 minut"},"schema":{"@context":"https:\/\/schema.org","@graph":[{"@type":"WebPage","@id":"https:\/\/test.arctic.klean.it\/udflugter\/meet-the-sled-dogs\/","url":"https:\/\/test.arctic.klean.it\/udflugter\/meet-the-sled-dogs\/","name":"M\u00f8d sl\u00e6dehundene - Arctic Excursions","isPartOf":{"@id":"https:\/\/test.arctic.klean.it\/#website"},"primaryImageOfPage":{"@id":"https:\/\/test.arctic.klean.it\/udflugter\/meet-the-sled-dogs\/#primaryimage"},"image":{"@id":"https:\/\/test.arctic.klean.it\/udflugter\/meet-the-sled-dogs\/#primaryimage"},"thumbnailUrl":"https:\/\/test.arctic.klean.it\/wp-content\/uploads\/2022\/06\/moed-slaedehundene-vinter-jhs-hunde-ellen.jpg","datePublished":"2022-05-12T09:40:23+00:00","dateModified":"2023-08-15T08:45:26+00:00","breadcrumb":{"@id":"https:\/\/test.arctic.klean.it\/udflugter\/meet-the-sled-dogs\/#breadcrumb"},"inLanguage":"da-DK","potentialAction":[{"@type":"ReadAction","target":["https:\/\/test.arctic.klean.it\/udflugter\/meet-the-sled-dogs\/"]}]},{"@type":"ImageObject","inLanguage":"da-DK","@id":"https:\/\/test.arctic.klean.it\/udflugter\/meet-the-sled-dogs\/#primaryimage","url":"https:\/\/test.arctic.klean.it\/wp-content\/uploads\/2022\/06\/moed-slaedehundene-vinter-jhs-hunde-ellen.jpg","contentUrl":"https:\/\/test.arctic.klean.it\/wp-content\/uploads\/2022\/06\/moed-slaedehundene-vinter-jhs-hunde-ellen.jpg","width":1594,"height":1067},{"@type":"BreadcrumbList","@id":"https:\/\/test.arctic.klean.it\/udflugter\/meet-the-sled-dogs\/#breadcrumb","itemListElement":[{"@type":"ListItem","position":1,"name":"Udflugter i Gr\u00f8nland","item":"https:\/\/test.arctic.klean.it\/da\/udflugter\/"},{"@type":"ListItem","position":2,"name":"M\u00f8d sl\u00e6dehundene"}]},{"@type":"WebSite","@id":"https:\/\/test.arctic.klean.it\/#website","url":"https:\/\/test.arctic.klean.it\/","name":"Arctic Excursions","description":"New adventures. Every day.","potentialAction":[{"@type":"SearchAction","target":{"@type":"EntryPoint","urlTemplate":"https:\/\/test.arctic.klean.it\/?s={search_term_string}"},"query-input":{"@type":"PropertyValueSpecification","valueRequired":true,"valueName":"search_term_string"}}],"inLanguage":"da-DK"}]}},"_links":{"self":[{"href":"https:\/\/test.arctic.klean.it\/da\/wp-json\/wp\/v2\/product\/978","targetHints":{"allow":["GET"]}}],"collection":[{"href":"https:\/\/test.arctic.klean.it\/da\/wp-json\/wp\/v2\/product"}],"about":[{"href":"https:\/\/test.arctic.klean.it\/da\/wp-json\/wp\/v2\/types\/product"}],"replies":[{"embeddable":true,"href":"https:\/\/test.arctic.klean.it\/da\/wp-json\/wp\/v2\/comments?post=978"}],"wp:featuredmedia":[{"embeddable":true,"href":"https:\/\/test.arctic.klean.it\/da\/wp-json\/wp\/v2\/media\/2268"}],"wp:attachment":[{"href":"https:\/\/test.arctic.klean.it\/da\/wp-json\/wp\/v2\/media?parent=978"}],"wp:term":[{"taxonomy":"product_brand","embeddable":true,"href":"https:\/\/test.arctic.klean.it\/da\/wp-json\/wp\/v2\/product_brand?post=978"},{"taxonomy":"product_cat","embeddable":true,"href":"https:\/\/test.arctic.klean.it\/da\/wp-json\/wp\/v2\/product_cat?post=978"},{"taxonomy":"product_tag","embeddable":true,"href":"https:\/\/test.arctic.klean.it\/da\/wp-json\/wp\/v2\/product_tag?post=978"}],"curies":[{"name":"wp","href":"https:\/\/api.w.org\/{rel}","templated":true}]}}