{"id":9796,"date":"2023-02-21T12:54:13","date_gmt":"2023-02-21T10:54:13","guid":{"rendered":"https:\/\/test.arctic.klean.it\/?post_type=product&#038;p=9796"},"modified":"2023-05-29T17:06:07","modified_gmt":"2023-05-29T15:06:07","slug":"isfjordssejlads-2-timer","status":"publish","type":"product","link":"https:\/\/test.arctic.klean.it\/da\/udflugter\/isfjordssejlads-2-timer\/","title":{"rendered":"Isfjordssejlads (2 timer)"},"content":{"rendered":"<p>Vi tilbyder isfjordsture med en lukket b\u00e5d. Vi sejler hen mod de gigantiske isbjerge, som ligger p\u00e5 grund lige udenfor Ilulissats isfjord, og din kaptajn vil tage dig med p\u00e5 en uforglemmelig tur.<\/p>\n<p>P\u00e5 denne tur kan du enten sidde ude- eller indenfor, alt efter hvad der f\u00f8les bekvemt for dig. <\/p>\n<p>N\u00e5r du sidder udenfor, kan du m\u00e6rke den kolde luft, men ogs\u00e5 dufte havet og h\u00f8re isens knirken. <\/p>\n<p>Vi anbefaler at du tager en varm jakke med, samt hue, handsker og solbriller. <\/p>\n<p>Der er kaffe og te ombord.<\/p>\n","protected":false},"excerpt":{"rendered":"<p>Ilulissat er kendt for sine isbjerge. Og med god grund. <\/p>\n","protected":false},"featured_media":9770,"comment_status":"open","ping_status":"closed","template":"","meta":{"_acf_changed":false},"product_brand":[],"product_cat":[170],"product_tag":[],"class_list":{"0":"post-9796","1":"product","2":"type-product","3":"status-publish","4":"has-post-thumbnail","6":"product_cat-udflugt","7":"pa_dato-381","8":"pa_dato-386","9":"pa_dato-632","10":"pa_dato-634","11":"pa_dato-635","12":"pa_dato-637","13":"pa_dato-638","14":"pa_dato-639","15":"pa_dato-640","16":"pa_dato-641","17":"pa_dato-643","18":"pa_dato-644","19":"pa_dato-645","20":"pa_dato-646","21":"pa_dato-647","22":"pa_dato-648","23":"pa_dato-649","24":"pa_dato-650","25":"pa_tidspunkt-40","26":"pa_tidspunkt-314","27":"pa_tidspunkt-308","28":"pa_tidspunkt-86","29":"tour_location-ilulissat-da","30":"tour_type-isbjerge","31":"tour_operator-authentic-greenland","33":"first","34":"outofstock","35":"shipping-taxable","36":"product-type-variable"},"acf":[],"yoast_head":"<!-- This site is optimized with the Yoast SEO plugin v25.2 - https:\/\/yoast.com\/wordpress\/plugins\/seo\/ -->\n<title>Arctic Excursions<\/title>\n<meta name=\"robots\" content=\"index, follow, max-snippet:-1, max-image-preview:large, max-video-preview:-1\" \/>\n<link rel=\"canonical\" href=\"https:\/\/test.arctic.klean.it\/udflugter\/isfjordsejlads-2-timer\/\" \/>\n<meta property=\"og:locale\" content=\"da_DK\" \/>\n<meta property=\"og:type\" content=\"article\" \/>\n<meta property=\"og:title\" content=\"Isfjordssejlads (2 timer) - Arctic Excursions\" \/>\n<meta property=\"og:description\" content=\"Ilulissat er kendt for sine isbjerge. Og med god grund.\" \/>\n<meta property=\"og:url\" content=\"https:\/\/test.arctic.klean.it\/udflugter\/isfjordsejlads-2-timer\/\" \/>\n<meta property=\"og:site_name\" content=\"Arctic Excursions\" \/>\n<meta property=\"article:modified_time\" content=\"2023-05-29T15:06:07+00:00\" \/>\n<meta property=\"og:image\" content=\"https:\/\/test.arctic.klean.it\/wp-content\/uploads\/2023\/02\/73C8C65A-A8CE-4F20-91FD-785BE9EB6FD0-scaled.jpeg\" \/>\n\t<meta property=\"og:image:width\" content=\"2560\" \/>\n\t<meta property=\"og:image:height\" content=\"2560\" \/>\n\t<meta property=\"og:image:type\" content=\"image\/jpeg\" \/>\n<meta name=\"twitter:card\" content=\"summary_large_image\" \/>\n<script type=\"application\/ld+json\" class=\"yoast-schema-graph\">{\"@context\":\"https:\/\/schema.org\",\"@graph\":[{\"@type\":\"WebPage\",\"@id\":\"https:\/\/test.arctic.klean.it\/udflugter\/isfjordsejlads-2-timer\/\",\"url\":\"https:\/\/test.arctic.klean.it\/udflugter\/isfjordsejlads-2-timer\/\",\"name\":\"Isfjordssejlads (2 timer) - Arctic Excursions\",\"isPartOf\":{\"@id\":\"https:\/\/test.arctic.klean.it\/#website\"},\"primaryImageOfPage\":{\"@id\":\"https:\/\/test.arctic.klean.it\/udflugter\/isfjordsejlads-2-timer\/#primaryimage\"},\"image\":{\"@id\":\"https:\/\/test.arctic.klean.it\/udflugter\/isfjordsejlads-2-timer\/#primaryimage\"},\"thumbnailUrl\":\"https:\/\/test.arctic.klean.it\/wp-content\/uploads\/2023\/02\/73C8C65A-A8CE-4F20-91FD-785BE9EB6FD0-scaled.jpeg\",\"datePublished\":\"2023-02-21T10:54:13+00:00\",\"dateModified\":\"2023-05-29T15:06:07+00:00\",\"breadcrumb\":{\"@id\":\"https:\/\/test.arctic.klean.it\/udflugter\/isfjordsejlads-2-timer\/#breadcrumb\"},\"inLanguage\":\"da-DK\",\"potentialAction\":[{\"@type\":\"ReadAction\",\"target\":[\"https:\/\/test.arctic.klean.it\/udflugter\/isfjordsejlads-2-timer\/\"]}]},{\"@type\":\"ImageObject\",\"inLanguage\":\"da-DK\",\"@id\":\"https:\/\/test.arctic.klean.it\/udflugter\/isfjordsejlads-2-timer\/#primaryimage\",\"url\":\"https:\/\/test.arctic.klean.it\/wp-content\/uploads\/2023\/02\/73C8C65A-A8CE-4F20-91FD-785BE9EB6FD0-scaled.jpeg\",\"contentUrl\":\"https:\/\/test.arctic.klean.it\/wp-content\/uploads\/2023\/02\/73C8C65A-A8CE-4F20-91FD-785BE9EB6FD0-scaled.jpeg\",\"width\":1440,\"height\":1440},{\"@type\":\"BreadcrumbList\",\"@id\":\"https:\/\/test.arctic.klean.it\/udflugter\/isfjordsejlads-2-timer\/#breadcrumb\",\"itemListElement\":[{\"@type\":\"ListItem\",\"position\":1,\"name\":\"Udflugter i Gr\u00f8nland\",\"item\":\"https:\/\/test.arctic.klean.it\/da\/udflugter\/\"},{\"@type\":\"ListItem\",\"position\":2,\"name\":\"Isfjordssejlads (2 timer)\"}]},{\"@type\":\"WebSite\",\"@id\":\"https:\/\/test.arctic.klean.it\/#website\",\"url\":\"https:\/\/test.arctic.klean.it\/\",\"name\":\"Arctic Excursions\",\"description\":\"New adventures. Every day.\",\"potentialAction\":[{\"@type\":\"SearchAction\",\"target\":{\"@type\":\"EntryPoint\",\"urlTemplate\":\"https:\/\/test.arctic.klean.it\/?s={search_term_string}\"},\"query-input\":{\"@type\":\"PropertyValueSpecification\",\"valueRequired\":true,\"valueName\":\"search_term_string\"}}],\"inLanguage\":\"da-DK\"}]}<\/script>\n<!-- \/ Yoast SEO plugin. -->","yoast_head_json":{"title":"Arctic Excursions","robots":{"index":"index","follow":"follow","max-snippet":"max-snippet:-1","max-image-preview":"max-image-preview:large","max-video-preview":"max-video-preview:-1"},"canonical":"https:\/\/test.arctic.klean.it\/udflugter\/isfjordsejlads-2-timer\/","og_locale":"da_DK","og_type":"article","og_title":"Isfjordssejlads (2 timer) - Arctic Excursions","og_description":"Ilulissat er kendt for sine isbjerge. Og med god grund.","og_url":"https:\/\/test.arctic.klean.it\/udflugter\/isfjordsejlads-2-timer\/","og_site_name":"Arctic Excursions","article_modified_time":"2023-05-29T15:06:07+00:00","og_image":[{"width":2560,"height":2560,"url":"https:\/\/test.arctic.klean.it\/wp-content\/uploads\/2023\/02\/73C8C65A-A8CE-4F20-91FD-785BE9EB6FD0-scaled.jpeg","type":"image\/jpeg"}],"twitter_card":"summary_large_image","schema":{"@context":"https:\/\/schema.org","@graph":[{"@type":"WebPage","@id":"https:\/\/test.arctic.klean.it\/udflugter\/isfjordsejlads-2-timer\/","url":"https:\/\/test.arctic.klean.it\/udflugter\/isfjordsejlads-2-timer\/","name":"Isfjordssejlads (2 timer) - Arctic Excursions","isPartOf":{"@id":"https:\/\/test.arctic.klean.it\/#website"},"primaryImageOfPage":{"@id":"https:\/\/test.arctic.klean.it\/udflugter\/isfjordsejlads-2-timer\/#primaryimage"},"image":{"@id":"https:\/\/test.arctic.klean.it\/udflugter\/isfjordsejlads-2-timer\/#primaryimage"},"thumbnailUrl":"https:\/\/test.arctic.klean.it\/wp-content\/uploads\/2023\/02\/73C8C65A-A8CE-4F20-91FD-785BE9EB6FD0-scaled.jpeg","datePublished":"2023-02-21T10:54:13+00:00","dateModified":"2023-05-29T15:06:07+00:00","breadcrumb":{"@id":"https:\/\/test.arctic.klean.it\/udflugter\/isfjordsejlads-2-timer\/#breadcrumb"},"inLanguage":"da-DK","potentialAction":[{"@type":"ReadAction","target":["https:\/\/test.arctic.klean.it\/udflugter\/isfjordsejlads-2-timer\/"]}]},{"@type":"ImageObject","inLanguage":"da-DK","@id":"https:\/\/test.arctic.klean.it\/udflugter\/isfjordsejlads-2-timer\/#primaryimage","url":"https:\/\/test.arctic.klean.it\/wp-content\/uploads\/2023\/02\/73C8C65A-A8CE-4F20-91FD-785BE9EB6FD0-scaled.jpeg","contentUrl":"https:\/\/test.arctic.klean.it\/wp-content\/uploads\/2023\/02\/73C8C65A-A8CE-4F20-91FD-785BE9EB6FD0-scaled.jpeg","width":1440,"height":1440},{"@type":"BreadcrumbList","@id":"https:\/\/test.arctic.klean.it\/udflugter\/isfjordsejlads-2-timer\/#breadcrumb","itemListElement":[{"@type":"ListItem","position":1,"name":"Udflugter i Gr\u00f8nland","item":"https:\/\/test.arctic.klean.it\/da\/udflugter\/"},{"@type":"ListItem","position":2,"name":"Isfjordssejlads (2 timer)"}]},{"@type":"WebSite","@id":"https:\/\/test.arctic.klean.it\/#website","url":"https:\/\/test.arctic.klean.it\/","name":"Arctic Excursions","description":"New adventures. Every day.","potentialAction":[{"@type":"SearchAction","target":{"@type":"EntryPoint","urlTemplate":"https:\/\/test.arctic.klean.it\/?s={search_term_string}"},"query-input":{"@type":"PropertyValueSpecification","valueRequired":true,"valueName":"search_term_string"}}],"inLanguage":"da-DK"}]}},"_links":{"self":[{"href":"https:\/\/test.arctic.klean.it\/da\/wp-json\/wp\/v2\/product\/9796","targetHints":{"allow":["GET"]}}],"collection":[{"href":"https:\/\/test.arctic.klean.it\/da\/wp-json\/wp\/v2\/product"}],"about":[{"href":"https:\/\/test.arctic.klean.it\/da\/wp-json\/wp\/v2\/types\/product"}],"replies":[{"embeddable":true,"href":"https:\/\/test.arctic.klean.it\/da\/wp-json\/wp\/v2\/comments?post=9796"}],"wp:featuredmedia":[{"embeddable":true,"href":"https:\/\/test.arctic.klean.it\/da\/wp-json\/wp\/v2\/media\/9770"}],"wp:attachment":[{"href":"https:\/\/test.arctic.klean.it\/da\/wp-json\/wp\/v2\/media?parent=9796"}],"wp:term":[{"taxonomy":"product_brand","embeddable":true,"href":"https:\/\/test.arctic.klean.it\/da\/wp-json\/wp\/v2\/product_brand?post=9796"},{"taxonomy":"product_cat","embeddable":true,"href":"https:\/\/test.arctic.klean.it\/da\/wp-json\/wp\/v2\/product_cat?post=9796"},{"taxonomy":"product_tag","embeddable":true,"href":"https:\/\/test.arctic.klean.it\/da\/wp-json\/wp\/v2\/product_tag?post=9796"}],"curies":[{"name":"wp","href":"https:\/\/api.w.org\/{rel}","templated":true}]}}