{"id":982,"date":"2022-05-12T11:51:10","date_gmt":"2022-05-12T09:51:10","guid":{"rendered":"https:\/\/test.arctic.klean.it\/?post_type=product&#038;p=982"},"modified":"2022-10-27T17:29:18","modified_gmt":"2022-10-27T15:29:18","slug":"sejltur-til-kitsissunnguit-oeerne","status":"publish","type":"product","link":"https:\/\/test.arctic.klean.it\/da\/udflugter\/sejltur-til-kitsissunnguit-oeerne\/","title":{"rendered":"Sejltur til Kitsissunnguit-\u00f8erne"},"content":{"rendered":"<p><strong>Lokation:<\/strong> Qasigiannguit<\/p>\n<p>Kitsissunnguit-\u00f8erne er kendt som et rugeomr\u00e5de for polarterner og alke, men man ser ogs\u00e5 s\u00f8papeg\u00f8jer p\u00e5 \u00f8erne. \u00d8erne ligger mellem Aasiaat og Disko-\u00f8en, og der var tidligere en hvalfangerstation p\u00e5 \u00f8en. En af \u00f8erne er stadig beboet af omkring 50 mennesker, omend vi ikke bes\u00f8ger bygden.<\/p>\n<p>I stedet fokuserer vi p\u00e5 fuglelivet, og \u00f8erne har ogs\u00e5 gamle gr\u00e6st\u00f8rvsruiner fra en tidligere inuit-boplads, som vi kommer til at se.<\/p>\n<p>P\u00e5 vej fra Qasigiannguit til Kitsissunnguit kan vi v\u00e6re heldige at se hvaler og s\u00e6ler.<\/p>\n<p><strong>Bem\u00e6rk venligst<\/strong><br \/>\n&#8211; Medbring varmt t\u00f8j<br \/>\n&#8211; Kaffe og te inkluderet<\/p>\n<p><strong>Varighed:\u00a0<\/strong>6 timer<br \/>\n<strong>S\u00e6son:\u00a0<\/strong>Sommer<br \/>\n<strong>Deltagere:\u00a0<\/strong>Min. 4<br \/>\n<strong>Sv\u00e6rhedsgrad:\u00a0<\/strong>Level 1<\/p>\n","protected":false},"excerpt":{"rendered":"<p>Tag med os p\u00e5 sejltur til et fugleparadis og oplev gamle inuitruiner<\/p>\n","protected":false},"featured_media":2500,"comment_status":"open","ping_status":"closed","template":"","meta":{"_acf_changed":false},"product_brand":[],"product_cat":[170],"product_tag":[159],"class_list":{"0":"post-982","1":"product","2":"type-product","3":"status-publish","4":"has-post-thumbnail","6":"product_cat-udflugt","7":"product_tag-1-da","8":"pa_dato-172","9":"pa_dato-234","10":"pa_dato-232","11":"pa_tidspunkt-187","12":"pa_tidspunkt-70","13":"pa_tidspunkt-40","14":"tour_location-qasigiannguit-da","15":"tour_type-baadture","16":"tour_operator-diskobay-tours","18":"first","19":"outofstock","20":"shipping-taxable","21":"product-type-variable"},"acf":[],"yoast_head":"<!-- This site is optimized with the Yoast SEO plugin v25.2 - https:\/\/yoast.com\/wordpress\/plugins\/seo\/ -->\n<title>Arctic Excursions<\/title>\n<meta name=\"robots\" content=\"index, follow, max-snippet:-1, max-image-preview:large, max-video-preview:-1\" \/>\n<link rel=\"canonical\" href=\"https:\/\/test.arctic.klean.it\/udflugter\/boat-trip-to-the-kitsissunnguit-islands\/\" \/>\n<meta property=\"og:locale\" content=\"da_DK\" \/>\n<meta property=\"og:type\" content=\"article\" \/>\n<meta property=\"og:title\" content=\"Sejltur til Kitsissunnguit-\u00f8erne - Arctic Excursions\" \/>\n<meta property=\"og:description\" content=\"Tag med os p\u00e5 sejltur til et fugleparadis og oplev gamle inuitruiner\" \/>\n<meta property=\"og:url\" content=\"https:\/\/test.arctic.klean.it\/udflugter\/boat-trip-to-the-kitsissunnguit-islands\/\" \/>\n<meta property=\"og:site_name\" content=\"Arctic Excursions\" \/>\n<meta property=\"article:modified_time\" content=\"2022-10-27T15:29:18+00:00\" \/>\n<meta property=\"og:image\" content=\"https:\/\/test.arctic.klean.it\/wp-content\/uploads\/2022\/07\/qasigiannguit-kitsissunnguit-beate-ulich.jpg\" \/>\n\t<meta property=\"og:image:width\" content=\"1200\" \/>\n\t<meta property=\"og:image:height\" content=\"675\" \/>\n\t<meta property=\"og:image:type\" content=\"image\/jpeg\" \/>\n<meta name=\"twitter:card\" content=\"summary_large_image\" \/>\n<meta name=\"twitter:label1\" content=\"Estimeret l\u00e6setid\" \/>\n\t<meta name=\"twitter:data1\" content=\"1 minut\" \/>\n<script type=\"application\/ld+json\" class=\"yoast-schema-graph\">{\"@context\":\"https:\/\/schema.org\",\"@graph\":[{\"@type\":\"WebPage\",\"@id\":\"https:\/\/test.arctic.klean.it\/udflugter\/boat-trip-to-the-kitsissunnguit-islands\/\",\"url\":\"https:\/\/test.arctic.klean.it\/udflugter\/boat-trip-to-the-kitsissunnguit-islands\/\",\"name\":\"Sejltur til Kitsissunnguit-\u00f8erne - Arctic Excursions\",\"isPartOf\":{\"@id\":\"https:\/\/test.arctic.klean.it\/#website\"},\"primaryImageOfPage\":{\"@id\":\"https:\/\/test.arctic.klean.it\/udflugter\/boat-trip-to-the-kitsissunnguit-islands\/#primaryimage\"},\"image\":{\"@id\":\"https:\/\/test.arctic.klean.it\/udflugter\/boat-trip-to-the-kitsissunnguit-islands\/#primaryimage\"},\"thumbnailUrl\":\"https:\/\/test.arctic.klean.it\/wp-content\/uploads\/2022\/07\/qasigiannguit-kitsissunnguit-beate-ulich.jpg\",\"datePublished\":\"2022-05-12T09:51:10+00:00\",\"dateModified\":\"2022-10-27T15:29:18+00:00\",\"breadcrumb\":{\"@id\":\"https:\/\/test.arctic.klean.it\/udflugter\/boat-trip-to-the-kitsissunnguit-islands\/#breadcrumb\"},\"inLanguage\":\"da-DK\",\"potentialAction\":[{\"@type\":\"ReadAction\",\"target\":[\"https:\/\/test.arctic.klean.it\/udflugter\/boat-trip-to-the-kitsissunnguit-islands\/\"]}]},{\"@type\":\"ImageObject\",\"inLanguage\":\"da-DK\",\"@id\":\"https:\/\/test.arctic.klean.it\/udflugter\/boat-trip-to-the-kitsissunnguit-islands\/#primaryimage\",\"url\":\"https:\/\/test.arctic.klean.it\/wp-content\/uploads\/2022\/07\/qasigiannguit-kitsissunnguit-beate-ulich.jpg\",\"contentUrl\":\"https:\/\/test.arctic.klean.it\/wp-content\/uploads\/2022\/07\/qasigiannguit-kitsissunnguit-beate-ulich.jpg\",\"width\":1200,\"height\":675},{\"@type\":\"BreadcrumbList\",\"@id\":\"https:\/\/test.arctic.klean.it\/udflugter\/boat-trip-to-the-kitsissunnguit-islands\/#breadcrumb\",\"itemListElement\":[{\"@type\":\"ListItem\",\"position\":1,\"name\":\"Udflugter i Gr\u00f8nland\",\"item\":\"https:\/\/test.arctic.klean.it\/da\/udflugter\/\"},{\"@type\":\"ListItem\",\"position\":2,\"name\":\"Sejltur til Kitsissunnguit-\u00f8erne\"}]},{\"@type\":\"WebSite\",\"@id\":\"https:\/\/test.arctic.klean.it\/#website\",\"url\":\"https:\/\/test.arctic.klean.it\/\",\"name\":\"Arctic Excursions\",\"description\":\"New adventures. Every day.\",\"potentialAction\":[{\"@type\":\"SearchAction\",\"target\":{\"@type\":\"EntryPoint\",\"urlTemplate\":\"https:\/\/test.arctic.klean.it\/?s={search_term_string}\"},\"query-input\":{\"@type\":\"PropertyValueSpecification\",\"valueRequired\":true,\"valueName\":\"search_term_string\"}}],\"inLanguage\":\"da-DK\"}]}<\/script>\n<!-- \/ Yoast SEO plugin. -->","yoast_head_json":{"title":"Arctic Excursions","robots":{"index":"index","follow":"follow","max-snippet":"max-snippet:-1","max-image-preview":"max-image-preview:large","max-video-preview":"max-video-preview:-1"},"canonical":"https:\/\/test.arctic.klean.it\/udflugter\/boat-trip-to-the-kitsissunnguit-islands\/","og_locale":"da_DK","og_type":"article","og_title":"Sejltur til Kitsissunnguit-\u00f8erne - Arctic Excursions","og_description":"Tag med os p\u00e5 sejltur til et fugleparadis og oplev gamle inuitruiner","og_url":"https:\/\/test.arctic.klean.it\/udflugter\/boat-trip-to-the-kitsissunnguit-islands\/","og_site_name":"Arctic Excursions","article_modified_time":"2022-10-27T15:29:18+00:00","og_image":[{"width":1200,"height":675,"url":"https:\/\/test.arctic.klean.it\/wp-content\/uploads\/2022\/07\/qasigiannguit-kitsissunnguit-beate-ulich.jpg","type":"image\/jpeg"}],"twitter_card":"summary_large_image","twitter_misc":{"Estimeret l\u00e6setid":"1 minut"},"schema":{"@context":"https:\/\/schema.org","@graph":[{"@type":"WebPage","@id":"https:\/\/test.arctic.klean.it\/udflugter\/boat-trip-to-the-kitsissunnguit-islands\/","url":"https:\/\/test.arctic.klean.it\/udflugter\/boat-trip-to-the-kitsissunnguit-islands\/","name":"Sejltur til Kitsissunnguit-\u00f8erne - Arctic Excursions","isPartOf":{"@id":"https:\/\/test.arctic.klean.it\/#website"},"primaryImageOfPage":{"@id":"https:\/\/test.arctic.klean.it\/udflugter\/boat-trip-to-the-kitsissunnguit-islands\/#primaryimage"},"image":{"@id":"https:\/\/test.arctic.klean.it\/udflugter\/boat-trip-to-the-kitsissunnguit-islands\/#primaryimage"},"thumbnailUrl":"https:\/\/test.arctic.klean.it\/wp-content\/uploads\/2022\/07\/qasigiannguit-kitsissunnguit-beate-ulich.jpg","datePublished":"2022-05-12T09:51:10+00:00","dateModified":"2022-10-27T15:29:18+00:00","breadcrumb":{"@id":"https:\/\/test.arctic.klean.it\/udflugter\/boat-trip-to-the-kitsissunnguit-islands\/#breadcrumb"},"inLanguage":"da-DK","potentialAction":[{"@type":"ReadAction","target":["https:\/\/test.arctic.klean.it\/udflugter\/boat-trip-to-the-kitsissunnguit-islands\/"]}]},{"@type":"ImageObject","inLanguage":"da-DK","@id":"https:\/\/test.arctic.klean.it\/udflugter\/boat-trip-to-the-kitsissunnguit-islands\/#primaryimage","url":"https:\/\/test.arctic.klean.it\/wp-content\/uploads\/2022\/07\/qasigiannguit-kitsissunnguit-beate-ulich.jpg","contentUrl":"https:\/\/test.arctic.klean.it\/wp-content\/uploads\/2022\/07\/qasigiannguit-kitsissunnguit-beate-ulich.jpg","width":1200,"height":675},{"@type":"BreadcrumbList","@id":"https:\/\/test.arctic.klean.it\/udflugter\/boat-trip-to-the-kitsissunnguit-islands\/#breadcrumb","itemListElement":[{"@type":"ListItem","position":1,"name":"Udflugter i Gr\u00f8nland","item":"https:\/\/test.arctic.klean.it\/da\/udflugter\/"},{"@type":"ListItem","position":2,"name":"Sejltur til Kitsissunnguit-\u00f8erne"}]},{"@type":"WebSite","@id":"https:\/\/test.arctic.klean.it\/#website","url":"https:\/\/test.arctic.klean.it\/","name":"Arctic Excursions","description":"New adventures. Every day.","potentialAction":[{"@type":"SearchAction","target":{"@type":"EntryPoint","urlTemplate":"https:\/\/test.arctic.klean.it\/?s={search_term_string}"},"query-input":{"@type":"PropertyValueSpecification","valueRequired":true,"valueName":"search_term_string"}}],"inLanguage":"da-DK"}]}},"_links":{"self":[{"href":"https:\/\/test.arctic.klean.it\/da\/wp-json\/wp\/v2\/product\/982","targetHints":{"allow":["GET"]}}],"collection":[{"href":"https:\/\/test.arctic.klean.it\/da\/wp-json\/wp\/v2\/product"}],"about":[{"href":"https:\/\/test.arctic.klean.it\/da\/wp-json\/wp\/v2\/types\/product"}],"replies":[{"embeddable":true,"href":"https:\/\/test.arctic.klean.it\/da\/wp-json\/wp\/v2\/comments?post=982"}],"wp:featuredmedia":[{"embeddable":true,"href":"https:\/\/test.arctic.klean.it\/da\/wp-json\/wp\/v2\/media\/2500"}],"wp:attachment":[{"href":"https:\/\/test.arctic.klean.it\/da\/wp-json\/wp\/v2\/media?parent=982"}],"wp:term":[{"taxonomy":"product_brand","embeddable":true,"href":"https:\/\/test.arctic.klean.it\/da\/wp-json\/wp\/v2\/product_brand?post=982"},{"taxonomy":"product_cat","embeddable":true,"href":"https:\/\/test.arctic.klean.it\/da\/wp-json\/wp\/v2\/product_cat?post=982"},{"taxonomy":"product_tag","embeddable":true,"href":"https:\/\/test.arctic.klean.it\/da\/wp-json\/wp\/v2\/product_tag?post=982"}],"curies":[{"name":"wp","href":"https:\/\/api.w.org\/{rel}","templated":true}]}}