{"id":9820,"date":"2023-02-16T22:32:12","date_gmt":"2023-02-16T20:32:12","guid":{"rendered":"https:\/\/test.arctic.klean.it\/?post_type=product&#038;p=9820"},"modified":"2023-05-24T10:22:33","modified_gmt":"2023-05-24T08:22:33","slug":"ice-fishing-dog-sledding-adventure","status":"publish","type":"product","link":"https:\/\/test.arctic.klean.it\/da\/udflugter\/ice-fishing-dog-sledding-adventure\/","title":{"rendered":"Eventyr med isfiskeri og hundesl\u00e6dek\u00f8rsel (6 timer)"},"content":{"rendered":"<p><b>Inkluderet:<\/b><br \/>\n* Lokal guide<br \/>\n* Kaffe, te og snacks<br \/>\n* M\u00e5ltid tilberedt ud fra det, vi fanger<br \/>\n* Hundesl\u00e6de- og fiskeudstyr<br \/>\n* Fiskekort<br \/>\n* Sikkerhedsudstyr (VHF-radio, Garmin inReach Tracker)<br \/>\n* Specielt t\u00f8j, der holder dig varm.<br \/>\n** V\u00e6r venligst kl\u00e6dt s\u00e5 varmt som muligt, da vi vil v\u00e6re i kulden i flere timer hver dag.<br \/>\n***Temperaturerne kan n\u00e5 helt ned til -25 \u00b0C<\/p>\n","protected":false},"excerpt":{"rendered":"<p>* Hundesl\u00e6dek\u00f8rsel over havisen, som inuitterne har gjort det i \u00e5rhundreder<br \/>\n* Dybvandsisfiskeri med de lokale<br \/>\n* Tilberedning og nydelse af et l\u00e6kkert m\u00e5ltid i naturen ved hj\u00e6lp af traditionelle gr\u00f8nlandske metoder<\/p>\n","protected":false},"featured_media":9691,"comment_status":"open","ping_status":"closed","template":"","meta":{"_acf_changed":false},"product_brand":[],"product_cat":[101,170],"product_tag":[],"class_list":{"0":"post-9820","1":"product","2":"type-product","3":"status-publish","4":"has-post-thumbnail","6":"product_cat-tour","7":"product_cat-udflugt","8":"pa_dato-411","9":"pa_dato-354","10":"pa_dato-355","11":"pa_dato-648","12":"pa_tidspunkt-40","13":"pa_tidspunkt-304","14":"pa_tidspunkt-110","15":"tour_location-uummannaq-da","16":"tour_type-hundeslaede","17":"tour_operator-siku-hostel-tours","19":"first","20":"outofstock","21":"shipping-taxable","22":"product-type-variable"},"acf":[],"yoast_head":"<!-- This site is optimized with the Yoast SEO plugin v25.2 - https:\/\/yoast.com\/wordpress\/plugins\/seo\/ -->\n<title>Arctic Excursions<\/title>\n<meta name=\"robots\" content=\"index, follow, max-snippet:-1, max-image-preview:large, max-video-preview:-1\" \/>\n<link rel=\"canonical\" href=\"https:\/\/test.arctic.klean.it\/udflugter\/ice-fishing-dog-sledding-adventure\/\" \/>\n<meta property=\"og:locale\" content=\"da_DK\" \/>\n<meta property=\"og:type\" content=\"article\" \/>\n<meta property=\"og:title\" content=\"Eventyr med isfiskeri og hundesl\u00e6dek\u00f8rsel (6 timer) - Arctic Excursions\" \/>\n<meta property=\"og:description\" content=\"* Hundesl\u00e6dek\u00f8rsel over havisen, som inuitterne har gjort det i \u00e5rhundreder * Dybvandsisfiskeri med de lokale * Tilberedning og nydelse af et l\u00e6kkert m\u00e5ltid i naturen ved hj\u00e6lp af traditionelle gr\u00f8nlandske metoder\" \/>\n<meta property=\"og:url\" content=\"https:\/\/test.arctic.klean.it\/udflugter\/ice-fishing-dog-sledding-adventure\/\" \/>\n<meta property=\"og:site_name\" content=\"Arctic Excursions\" \/>\n<meta property=\"article:modified_time\" content=\"2023-05-24T08:22:33+00:00\" \/>\n<meta property=\"og:image\" content=\"https:\/\/test.arctic.klean.it\/wp-content\/uploads\/2023\/02\/1K6A1460-scaled.jpg\" \/>\n\t<meta property=\"og:image:width\" content=\"1707\" \/>\n\t<meta property=\"og:image:height\" content=\"2560\" \/>\n\t<meta property=\"og:image:type\" content=\"image\/jpeg\" \/>\n<meta name=\"twitter:card\" content=\"summary_large_image\" \/>\n<script type=\"application\/ld+json\" class=\"yoast-schema-graph\">{\"@context\":\"https:\/\/schema.org\",\"@graph\":[{\"@type\":\"WebPage\",\"@id\":\"https:\/\/test.arctic.klean.it\/udflugter\/ice-fishing-dog-sledding-adventure\/\",\"url\":\"https:\/\/test.arctic.klean.it\/udflugter\/ice-fishing-dog-sledding-adventure\/\",\"name\":\"Eventyr med isfiskeri og hundesl\u00e6dek\u00f8rsel (6 timer) - Arctic Excursions\",\"isPartOf\":{\"@id\":\"https:\/\/test.arctic.klean.it\/#website\"},\"primaryImageOfPage\":{\"@id\":\"https:\/\/test.arctic.klean.it\/udflugter\/ice-fishing-dog-sledding-adventure\/#primaryimage\"},\"image\":{\"@id\":\"https:\/\/test.arctic.klean.it\/udflugter\/ice-fishing-dog-sledding-adventure\/#primaryimage\"},\"thumbnailUrl\":\"https:\/\/test.arctic.klean.it\/wp-content\/uploads\/2023\/02\/1K6A1460-scaled.jpg\",\"datePublished\":\"2023-02-16T20:32:12+00:00\",\"dateModified\":\"2023-05-24T08:22:33+00:00\",\"breadcrumb\":{\"@id\":\"https:\/\/test.arctic.klean.it\/udflugter\/ice-fishing-dog-sledding-adventure\/#breadcrumb\"},\"inLanguage\":\"da-DK\",\"potentialAction\":[{\"@type\":\"ReadAction\",\"target\":[\"https:\/\/test.arctic.klean.it\/udflugter\/ice-fishing-dog-sledding-adventure\/\"]}]},{\"@type\":\"ImageObject\",\"inLanguage\":\"da-DK\",\"@id\":\"https:\/\/test.arctic.klean.it\/udflugter\/ice-fishing-dog-sledding-adventure\/#primaryimage\",\"url\":\"https:\/\/test.arctic.klean.it\/wp-content\/uploads\/2023\/02\/1K6A1460-scaled.jpg\",\"contentUrl\":\"https:\/\/test.arctic.klean.it\/wp-content\/uploads\/2023\/02\/1K6A1460-scaled.jpg\",\"width\":1707,\"height\":2560},{\"@type\":\"BreadcrumbList\",\"@id\":\"https:\/\/test.arctic.klean.it\/udflugter\/ice-fishing-dog-sledding-adventure\/#breadcrumb\",\"itemListElement\":[{\"@type\":\"ListItem\",\"position\":1,\"name\":\"Udflugter i Gr\u00f8nland\",\"item\":\"https:\/\/test.arctic.klean.it\/da\/udflugter\/\"},{\"@type\":\"ListItem\",\"position\":2,\"name\":\"Eventyr med isfiskeri og hundesl\u00e6dek\u00f8rsel (6 timer)\"}]},{\"@type\":\"WebSite\",\"@id\":\"https:\/\/test.arctic.klean.it\/#website\",\"url\":\"https:\/\/test.arctic.klean.it\/\",\"name\":\"Arctic Excursions\",\"description\":\"New adventures. Every day.\",\"potentialAction\":[{\"@type\":\"SearchAction\",\"target\":{\"@type\":\"EntryPoint\",\"urlTemplate\":\"https:\/\/test.arctic.klean.it\/?s={search_term_string}\"},\"query-input\":{\"@type\":\"PropertyValueSpecification\",\"valueRequired\":true,\"valueName\":\"search_term_string\"}}],\"inLanguage\":\"da-DK\"}]}<\/script>\n<!-- \/ Yoast SEO plugin. -->","yoast_head_json":{"title":"Arctic Excursions","robots":{"index":"index","follow":"follow","max-snippet":"max-snippet:-1","max-image-preview":"max-image-preview:large","max-video-preview":"max-video-preview:-1"},"canonical":"https:\/\/test.arctic.klean.it\/udflugter\/ice-fishing-dog-sledding-adventure\/","og_locale":"da_DK","og_type":"article","og_title":"Eventyr med isfiskeri og hundesl\u00e6dek\u00f8rsel (6 timer) - Arctic Excursions","og_description":"* Hundesl\u00e6dek\u00f8rsel over havisen, som inuitterne har gjort det i \u00e5rhundreder * Dybvandsisfiskeri med de lokale * Tilberedning og nydelse af et l\u00e6kkert m\u00e5ltid i naturen ved hj\u00e6lp af traditionelle gr\u00f8nlandske metoder","og_url":"https:\/\/test.arctic.klean.it\/udflugter\/ice-fishing-dog-sledding-adventure\/","og_site_name":"Arctic Excursions","article_modified_time":"2023-05-24T08:22:33+00:00","og_image":[{"width":1707,"height":2560,"url":"https:\/\/test.arctic.klean.it\/wp-content\/uploads\/2023\/02\/1K6A1460-scaled.jpg","type":"image\/jpeg"}],"twitter_card":"summary_large_image","schema":{"@context":"https:\/\/schema.org","@graph":[{"@type":"WebPage","@id":"https:\/\/test.arctic.klean.it\/udflugter\/ice-fishing-dog-sledding-adventure\/","url":"https:\/\/test.arctic.klean.it\/udflugter\/ice-fishing-dog-sledding-adventure\/","name":"Eventyr med isfiskeri og hundesl\u00e6dek\u00f8rsel (6 timer) - Arctic Excursions","isPartOf":{"@id":"https:\/\/test.arctic.klean.it\/#website"},"primaryImageOfPage":{"@id":"https:\/\/test.arctic.klean.it\/udflugter\/ice-fishing-dog-sledding-adventure\/#primaryimage"},"image":{"@id":"https:\/\/test.arctic.klean.it\/udflugter\/ice-fishing-dog-sledding-adventure\/#primaryimage"},"thumbnailUrl":"https:\/\/test.arctic.klean.it\/wp-content\/uploads\/2023\/02\/1K6A1460-scaled.jpg","datePublished":"2023-02-16T20:32:12+00:00","dateModified":"2023-05-24T08:22:33+00:00","breadcrumb":{"@id":"https:\/\/test.arctic.klean.it\/udflugter\/ice-fishing-dog-sledding-adventure\/#breadcrumb"},"inLanguage":"da-DK","potentialAction":[{"@type":"ReadAction","target":["https:\/\/test.arctic.klean.it\/udflugter\/ice-fishing-dog-sledding-adventure\/"]}]},{"@type":"ImageObject","inLanguage":"da-DK","@id":"https:\/\/test.arctic.klean.it\/udflugter\/ice-fishing-dog-sledding-adventure\/#primaryimage","url":"https:\/\/test.arctic.klean.it\/wp-content\/uploads\/2023\/02\/1K6A1460-scaled.jpg","contentUrl":"https:\/\/test.arctic.klean.it\/wp-content\/uploads\/2023\/02\/1K6A1460-scaled.jpg","width":1707,"height":2560},{"@type":"BreadcrumbList","@id":"https:\/\/test.arctic.klean.it\/udflugter\/ice-fishing-dog-sledding-adventure\/#breadcrumb","itemListElement":[{"@type":"ListItem","position":1,"name":"Udflugter i Gr\u00f8nland","item":"https:\/\/test.arctic.klean.it\/da\/udflugter\/"},{"@type":"ListItem","position":2,"name":"Eventyr med isfiskeri og hundesl\u00e6dek\u00f8rsel (6 timer)"}]},{"@type":"WebSite","@id":"https:\/\/test.arctic.klean.it\/#website","url":"https:\/\/test.arctic.klean.it\/","name":"Arctic Excursions","description":"New adventures. Every day.","potentialAction":[{"@type":"SearchAction","target":{"@type":"EntryPoint","urlTemplate":"https:\/\/test.arctic.klean.it\/?s={search_term_string}"},"query-input":{"@type":"PropertyValueSpecification","valueRequired":true,"valueName":"search_term_string"}}],"inLanguage":"da-DK"}]}},"_links":{"self":[{"href":"https:\/\/test.arctic.klean.it\/da\/wp-json\/wp\/v2\/product\/9820","targetHints":{"allow":["GET"]}}],"collection":[{"href":"https:\/\/test.arctic.klean.it\/da\/wp-json\/wp\/v2\/product"}],"about":[{"href":"https:\/\/test.arctic.klean.it\/da\/wp-json\/wp\/v2\/types\/product"}],"replies":[{"embeddable":true,"href":"https:\/\/test.arctic.klean.it\/da\/wp-json\/wp\/v2\/comments?post=9820"}],"wp:featuredmedia":[{"embeddable":true,"href":"https:\/\/test.arctic.klean.it\/da\/wp-json\/wp\/v2\/media\/9691"}],"wp:attachment":[{"href":"https:\/\/test.arctic.klean.it\/da\/wp-json\/wp\/v2\/media?parent=9820"}],"wp:term":[{"taxonomy":"product_brand","embeddable":true,"href":"https:\/\/test.arctic.klean.it\/da\/wp-json\/wp\/v2\/product_brand?post=9820"},{"taxonomy":"product_cat","embeddable":true,"href":"https:\/\/test.arctic.klean.it\/da\/wp-json\/wp\/v2\/product_cat?post=9820"},{"taxonomy":"product_tag","embeddable":true,"href":"https:\/\/test.arctic.klean.it\/da\/wp-json\/wp\/v2\/product_tag?post=9820"}],"curies":[{"name":"wp","href":"https:\/\/api.w.org\/{rel}","templated":true}]}}