{"id":986,"date":"2022-05-12T11:55:11","date_gmt":"2022-05-12T09:55:11","guid":{"rendered":"https:\/\/test.arctic.klean.it\/?post_type=product&#038;p=986"},"modified":"2022-10-27T17:29:16","modified_gmt":"2022-10-27T15:29:16","slug":"sejltur-til-qeqertasussuk-og-akulliit","status":"publish","type":"product","link":"https:\/\/test.arctic.klean.it\/da\/udflugter\/sejltur-til-qeqertasussuk-og-akulliit\/","title":{"rendered":"Sejltur til Qeqertasussuk og Akulliit"},"content":{"rendered":"<p><strong>Lokation:<\/strong> Qasigiannguit<\/p>\n<p>Vi starter ved pontonbroen i Qasigiaannguit. Det f\u00f8rste stop er Qeqertasussuk, hvor man har udgravet alle de fund, du ser p\u00e5 museet i Qasigiannguit. Inuit fra Saqqaq-kulturen levede her fra 2400 til 1400 f.Kr., og Qasigiannguit Museum fandt mere end 200.000 dyreknogler under udgravningen mellem 1983 og 1987. Udover de mange knogler fandt man ogs\u00e5 stenredskaber, hustomter, stensatte ildsteder og organiske rester fra fjer, planter, insekter og tr\u00e6redskaber.<\/p>\n<p>Herfra sejler vi til den forladte bygd Akulliit, som nu bruges som sommerhusomr\u00e5de for folk fra Qasigiannguit. Stedet har v\u00e6ret beboet i perioder i \u00e5rhundreder og har en interessant men ofte tragisk historie.<\/p>\n<p><strong>Bem\u00e6rk venligst<\/strong><br \/>\n&#8211; Medbring varmt t\u00f8j<br \/>\n&#8211; Kaffe og te inkluderet i prisen<\/p>\n<p><strong>Varighed:\u00a0<\/strong>4 timer<br \/>\n<strong>S\u00e6son:\u00a0<\/strong>Sommer<br \/>\n<strong>Deltagere:\u00a0<\/strong>Min. 4<br \/>\n<strong>Sv\u00e6rhedsgrad:\u00a0<\/strong>Level 1<\/p>\n","protected":false},"excerpt":{"rendered":"<p>Vil du gerne opleve mere af Diskobugten? S\u00e5 tag med p\u00e5 denne fantastiske sejltur med natur og kultur i fokus.<\/p>\n","protected":false},"featured_media":771,"comment_status":"open","ping_status":"closed","template":"","meta":{"_acf_changed":false},"product_brand":[],"product_cat":[170],"product_tag":[159],"class_list":{"0":"post-986","1":"product","2":"type-product","3":"status-publish","4":"has-post-thumbnail","6":"product_cat-udflugt","7":"product_tag-1-da","8":"pa_dato-172","9":"pa_dato-217","10":"pa_dato-218","11":"pa_dato-219","12":"pa_tidspunkt-70","13":"pa_tidspunkt-83","14":"pa_tidspunkt-39","15":"pa_tidspunkt-205","16":"tour_location-qasigiannguit-da","17":"tour_type-baadture","18":"tour_operator-diskobay-tours","20":"first","21":"outofstock","22":"shipping-taxable","23":"product-type-variable"},"acf":[],"yoast_head":"<!-- This site is optimized with the Yoast SEO plugin v25.2 - https:\/\/yoast.com\/wordpress\/plugins\/seo\/ -->\n<title>Arctic Excursions<\/title>\n<meta name=\"robots\" content=\"index, follow, max-snippet:-1, max-image-preview:large, max-video-preview:-1\" \/>\n<link rel=\"canonical\" href=\"https:\/\/test.arctic.klean.it\/udflugter\/boat-trip-to-qeqertasussuk-and-akulliit\/\" \/>\n<meta property=\"og:locale\" content=\"da_DK\" \/>\n<meta property=\"og:type\" content=\"article\" \/>\n<meta property=\"og:title\" content=\"Sejltur til Qeqertasussuk og Akulliit - Arctic Excursions\" \/>\n<meta property=\"og:description\" content=\"Vil du gerne opleve mere af Diskobugten? S\u00e5 tag med p\u00e5 denne fantastiske sejltur med natur og kultur i fokus.\" \/>\n<meta property=\"og:url\" content=\"https:\/\/test.arctic.klean.it\/udflugter\/boat-trip-to-qeqertasussuk-and-akulliit\/\" \/>\n<meta property=\"og:site_name\" content=\"Arctic Excursions\" \/>\n<meta property=\"article:modified_time\" content=\"2022-10-27T15:29:16+00:00\" \/>\n<meta property=\"og:image\" content=\"https:\/\/test.arctic.klean.it\/wp-content\/uploads\/2021\/06\/hero.jpg\" \/>\n\t<meta property=\"og:image:width\" content=\"2200\" \/>\n\t<meta property=\"og:image:height\" content=\"1467\" \/>\n\t<meta property=\"og:image:type\" content=\"image\/jpeg\" \/>\n<meta name=\"twitter:card\" content=\"summary_large_image\" \/>\n<meta name=\"twitter:label1\" content=\"Estimeret l\u00e6setid\" \/>\n\t<meta name=\"twitter:data1\" content=\"1 minut\" \/>\n<script type=\"application\/ld+json\" class=\"yoast-schema-graph\">{\"@context\":\"https:\/\/schema.org\",\"@graph\":[{\"@type\":\"WebPage\",\"@id\":\"https:\/\/test.arctic.klean.it\/udflugter\/boat-trip-to-qeqertasussuk-and-akulliit\/\",\"url\":\"https:\/\/test.arctic.klean.it\/udflugter\/boat-trip-to-qeqertasussuk-and-akulliit\/\",\"name\":\"Sejltur til Qeqertasussuk og Akulliit - Arctic Excursions\",\"isPartOf\":{\"@id\":\"https:\/\/test.arctic.klean.it\/#website\"},\"primaryImageOfPage\":{\"@id\":\"https:\/\/test.arctic.klean.it\/udflugter\/boat-trip-to-qeqertasussuk-and-akulliit\/#primaryimage\"},\"image\":{\"@id\":\"https:\/\/test.arctic.klean.it\/udflugter\/boat-trip-to-qeqertasussuk-and-akulliit\/#primaryimage\"},\"thumbnailUrl\":\"https:\/\/test.arctic.klean.it\/wp-content\/uploads\/2021\/06\/hero.jpg\",\"datePublished\":\"2022-05-12T09:55:11+00:00\",\"dateModified\":\"2022-10-27T15:29:16+00:00\",\"breadcrumb\":{\"@id\":\"https:\/\/test.arctic.klean.it\/udflugter\/boat-trip-to-qeqertasussuk-and-akulliit\/#breadcrumb\"},\"inLanguage\":\"da-DK\",\"potentialAction\":[{\"@type\":\"ReadAction\",\"target\":[\"https:\/\/test.arctic.klean.it\/udflugter\/boat-trip-to-qeqertasussuk-and-akulliit\/\"]}]},{\"@type\":\"ImageObject\",\"inLanguage\":\"da-DK\",\"@id\":\"https:\/\/test.arctic.klean.it\/udflugter\/boat-trip-to-qeqertasussuk-and-akulliit\/#primaryimage\",\"url\":\"https:\/\/test.arctic.klean.it\/wp-content\/uploads\/2021\/06\/hero.jpg\",\"contentUrl\":\"https:\/\/test.arctic.klean.it\/wp-content\/uploads\/2021\/06\/hero.jpg\",\"width\":2200,\"height\":1467},{\"@type\":\"BreadcrumbList\",\"@id\":\"https:\/\/test.arctic.klean.it\/udflugter\/boat-trip-to-qeqertasussuk-and-akulliit\/#breadcrumb\",\"itemListElement\":[{\"@type\":\"ListItem\",\"position\":1,\"name\":\"Udflugter i Gr\u00f8nland\",\"item\":\"https:\/\/test.arctic.klean.it\/da\/udflugter\/\"},{\"@type\":\"ListItem\",\"position\":2,\"name\":\"Sejltur til Qeqertasussuk og Akulliit\"}]},{\"@type\":\"WebSite\",\"@id\":\"https:\/\/test.arctic.klean.it\/#website\",\"url\":\"https:\/\/test.arctic.klean.it\/\",\"name\":\"Arctic Excursions\",\"description\":\"New adventures. Every day.\",\"potentialAction\":[{\"@type\":\"SearchAction\",\"target\":{\"@type\":\"EntryPoint\",\"urlTemplate\":\"https:\/\/test.arctic.klean.it\/?s={search_term_string}\"},\"query-input\":{\"@type\":\"PropertyValueSpecification\",\"valueRequired\":true,\"valueName\":\"search_term_string\"}}],\"inLanguage\":\"da-DK\"}]}<\/script>\n<!-- \/ Yoast SEO plugin. -->","yoast_head_json":{"title":"Arctic Excursions","robots":{"index":"index","follow":"follow","max-snippet":"max-snippet:-1","max-image-preview":"max-image-preview:large","max-video-preview":"max-video-preview:-1"},"canonical":"https:\/\/test.arctic.klean.it\/udflugter\/boat-trip-to-qeqertasussuk-and-akulliit\/","og_locale":"da_DK","og_type":"article","og_title":"Sejltur til Qeqertasussuk og Akulliit - Arctic Excursions","og_description":"Vil du gerne opleve mere af Diskobugten? S\u00e5 tag med p\u00e5 denne fantastiske sejltur med natur og kultur i fokus.","og_url":"https:\/\/test.arctic.klean.it\/udflugter\/boat-trip-to-qeqertasussuk-and-akulliit\/","og_site_name":"Arctic Excursions","article_modified_time":"2022-10-27T15:29:16+00:00","og_image":[{"width":2200,"height":1467,"url":"https:\/\/test.arctic.klean.it\/wp-content\/uploads\/2021\/06\/hero.jpg","type":"image\/jpeg"}],"twitter_card":"summary_large_image","twitter_misc":{"Estimeret l\u00e6setid":"1 minut"},"schema":{"@context":"https:\/\/schema.org","@graph":[{"@type":"WebPage","@id":"https:\/\/test.arctic.klean.it\/udflugter\/boat-trip-to-qeqertasussuk-and-akulliit\/","url":"https:\/\/test.arctic.klean.it\/udflugter\/boat-trip-to-qeqertasussuk-and-akulliit\/","name":"Sejltur til Qeqertasussuk og Akulliit - Arctic Excursions","isPartOf":{"@id":"https:\/\/test.arctic.klean.it\/#website"},"primaryImageOfPage":{"@id":"https:\/\/test.arctic.klean.it\/udflugter\/boat-trip-to-qeqertasussuk-and-akulliit\/#primaryimage"},"image":{"@id":"https:\/\/test.arctic.klean.it\/udflugter\/boat-trip-to-qeqertasussuk-and-akulliit\/#primaryimage"},"thumbnailUrl":"https:\/\/test.arctic.klean.it\/wp-content\/uploads\/2021\/06\/hero.jpg","datePublished":"2022-05-12T09:55:11+00:00","dateModified":"2022-10-27T15:29:16+00:00","breadcrumb":{"@id":"https:\/\/test.arctic.klean.it\/udflugter\/boat-trip-to-qeqertasussuk-and-akulliit\/#breadcrumb"},"inLanguage":"da-DK","potentialAction":[{"@type":"ReadAction","target":["https:\/\/test.arctic.klean.it\/udflugter\/boat-trip-to-qeqertasussuk-and-akulliit\/"]}]},{"@type":"ImageObject","inLanguage":"da-DK","@id":"https:\/\/test.arctic.klean.it\/udflugter\/boat-trip-to-qeqertasussuk-and-akulliit\/#primaryimage","url":"https:\/\/test.arctic.klean.it\/wp-content\/uploads\/2021\/06\/hero.jpg","contentUrl":"https:\/\/test.arctic.klean.it\/wp-content\/uploads\/2021\/06\/hero.jpg","width":2200,"height":1467},{"@type":"BreadcrumbList","@id":"https:\/\/test.arctic.klean.it\/udflugter\/boat-trip-to-qeqertasussuk-and-akulliit\/#breadcrumb","itemListElement":[{"@type":"ListItem","position":1,"name":"Udflugter i Gr\u00f8nland","item":"https:\/\/test.arctic.klean.it\/da\/udflugter\/"},{"@type":"ListItem","position":2,"name":"Sejltur til Qeqertasussuk og Akulliit"}]},{"@type":"WebSite","@id":"https:\/\/test.arctic.klean.it\/#website","url":"https:\/\/test.arctic.klean.it\/","name":"Arctic Excursions","description":"New adventures. Every day.","potentialAction":[{"@type":"SearchAction","target":{"@type":"EntryPoint","urlTemplate":"https:\/\/test.arctic.klean.it\/?s={search_term_string}"},"query-input":{"@type":"PropertyValueSpecification","valueRequired":true,"valueName":"search_term_string"}}],"inLanguage":"da-DK"}]}},"_links":{"self":[{"href":"https:\/\/test.arctic.klean.it\/da\/wp-json\/wp\/v2\/product\/986","targetHints":{"allow":["GET"]}}],"collection":[{"href":"https:\/\/test.arctic.klean.it\/da\/wp-json\/wp\/v2\/product"}],"about":[{"href":"https:\/\/test.arctic.klean.it\/da\/wp-json\/wp\/v2\/types\/product"}],"replies":[{"embeddable":true,"href":"https:\/\/test.arctic.klean.it\/da\/wp-json\/wp\/v2\/comments?post=986"}],"wp:featuredmedia":[{"embeddable":true,"href":"https:\/\/test.arctic.klean.it\/da\/wp-json\/wp\/v2\/media\/771"}],"wp:attachment":[{"href":"https:\/\/test.arctic.klean.it\/da\/wp-json\/wp\/v2\/media?parent=986"}],"wp:term":[{"taxonomy":"product_brand","embeddable":true,"href":"https:\/\/test.arctic.klean.it\/da\/wp-json\/wp\/v2\/product_brand?post=986"},{"taxonomy":"product_cat","embeddable":true,"href":"https:\/\/test.arctic.klean.it\/da\/wp-json\/wp\/v2\/product_cat?post=986"},{"taxonomy":"product_tag","embeddable":true,"href":"https:\/\/test.arctic.klean.it\/da\/wp-json\/wp\/v2\/product_tag?post=986"}],"curies":[{"name":"wp","href":"https:\/\/api.w.org\/{rel}","templated":true}]}}