{"id":990,"date":"2022-05-12T12:01:13","date_gmt":"2022-05-12T10:01:13","guid":{"rendered":"https:\/\/test.arctic.klean.it\/?post_type=product&#038;p=990"},"modified":"2022-10-27T17:29:50","modified_gmt":"2022-10-27T15:29:50","slug":"vandring-fra-qasigiannguit-til-bygden-ilimanaq","status":"publish","type":"product","link":"https:\/\/test.arctic.klean.it\/da\/udflugter\/vandring-fra-qasigiannguit-til-bygden-ilimanaq\/","title":{"rendered":"Vandring fra Qasigiannguit til bygden Ilimanaq \u2013 2 dage"},"content":{"rendered":"<p><strong>Lokation:<\/strong> Qasigiannguit<\/p>\n<p>Vi starter vores vandretur i Qasigiannguit og g\u00e5r gennem den hyggelige by og f\u00f8lger herefter stien mod fjorden Eqalunnguit. Vi medbringer kun dagsrygs\u00e6kke, da vores bagage er blevet sejlet i forvejen med b\u00e5d.<br \/>\nP\u00e5 dag et g\u00e5r vi langs Eqalungguit-fjorden hele dagen, indtil vi kommer til vores campingplads, der ligger p\u00e5 halvvejen til Ilimanaq.<\/p>\n<p>Vores lejr er allerede sat op, n\u00e5r vi ankommer til bunden af fjorden, og vores bagage og udstyr er lagt ind i teltene. Mens vi g\u00e5r hen for at hente vand til en dejlig kop varmt, kan vi se, om vi er heldige at fange nogle fjeld\u00f8rreder i \u00e5en ved at bruge h\u00e6nderne p\u00e5 traditionel gr\u00f8nlandsk m\u00e5de. Hvis vi er heldige, kan dette v\u00e6re vores middag i aften.<\/p>\n<p>P\u00e5 dag to starter vi med en dejlig morgenmad og forts\u00e6tter vores vandretur mod Ilimanaq. Vi g\u00e5r l\u00e6ngere ind i baglandet, og hvis vi er heldige, ser vi m\u00e5ske noget af det sp\u00e6ndende dyreliv, der lever her.<\/p>\n<p><strong>Bem\u00e6rk venligst<\/strong><br \/>\n&#8211; Bagage og udstyr bliver sejlet til vores destinationer. Du medbringer kun en dagsrygs\u00e6k med frokost, vandflaske, termokande, f\u00f8rstehj\u00e6lp, kamera mv.<br \/>\n&#8211; Kl\u00e6d dig lag-p\u00e5-lag, s\u00e5 du kan tilpasse dit t\u00f8j til vejret.<\/p>\n<p><strong>Inkluderet<\/strong><br \/>\nAftensmad p\u00e5 dag et, morgenmad og frokost p\u00e5 dag to, bagagetransport til campingpladsen og Ilimanaq og alt soveudstyr p\u00e5 campingpladsen.<\/p>\n<p><strong>Varighed:\u00a0<\/strong>2 dage<br \/>\n<strong>S\u00e6son:\u00a0<\/strong>Sommer<br \/>\n<strong>Deltagere:\u00a0<\/strong>Min. 4<br \/>\n<strong>Sv\u00e6rhedsgrad:\u00a0<\/strong>Level 4<\/p>\n","protected":false},"excerpt":{"rendered":"<p>Elsker du lange vandreture, men synes det er tr\u00e6ls at sl\u00e6be p\u00e5 en tung rygs\u00e6k med telt og udstyr? Hvis ja, er denne vandretur til Ilimanaq den helt rigtige tur!<\/p>\n","protected":false},"featured_media":2301,"comment_status":"open","ping_status":"closed","template":"","meta":{"_acf_changed":false},"product_brand":[],"product_cat":[170],"product_tag":[162],"class_list":{"0":"post-990","1":"product","2":"type-product","3":"status-publish","4":"has-post-thumbnail","6":"product_cat-udflugt","7":"product_tag-4-da","8":"pa_dato-172","9":"pa_tidspunkt-70","10":"tour_location-qasigiannguit-da","11":"tour_type-vandreture","12":"tour_operator-diskobay-tours","14":"first","15":"outofstock","16":"shipping-taxable","17":"product-type-variable"},"acf":[],"yoast_head":"<!-- This site is optimized with the Yoast SEO plugin v25.2 - https:\/\/yoast.com\/wordpress\/plugins\/seo\/ -->\n<title>Arctic Excursions<\/title>\n<meta name=\"robots\" content=\"index, follow, max-snippet:-1, max-image-preview:large, max-video-preview:-1\" \/>\n<link rel=\"canonical\" href=\"https:\/\/test.arctic.klean.it\/udflugter\/qasigiannguit-ilimanaq-hike\/\" \/>\n<meta property=\"og:locale\" content=\"da_DK\" \/>\n<meta property=\"og:type\" content=\"article\" \/>\n<meta property=\"og:title\" content=\"Vandring fra Qasigiannguit til bygden Ilimanaq \u2013 2 dage - Arctic Excursions\" \/>\n<meta property=\"og:description\" content=\"Elsker du lange vandreture, men synes det er tr\u00e6ls at sl\u00e6be p\u00e5 en tung rygs\u00e6k med telt og udstyr? Hvis ja, er denne vandretur til Ilimanaq den helt rigtige tur!\" \/>\n<meta property=\"og:url\" content=\"https:\/\/test.arctic.klean.it\/udflugter\/qasigiannguit-ilimanaq-hike\/\" \/>\n<meta property=\"og:site_name\" content=\"Arctic Excursions\" \/>\n<meta property=\"article:modified_time\" content=\"2022-10-27T15:29:50+00:00\" \/>\n<meta property=\"og:image\" content=\"https:\/\/test.arctic.klean.it\/wp-content\/uploads\/2022\/06\/Qasigiannguit-vandring-til-ilimanaq-wog.jpg\" \/>\n\t<meta property=\"og:image:width\" content=\"1920\" \/>\n\t<meta property=\"og:image:height\" content=\"1080\" \/>\n\t<meta property=\"og:image:type\" content=\"image\/jpeg\" \/>\n<meta name=\"twitter:card\" content=\"summary_large_image\" \/>\n<meta name=\"twitter:label1\" content=\"Estimeret l\u00e6setid\" \/>\n\t<meta name=\"twitter:data1\" content=\"2 minutter\" \/>\n<script type=\"application\/ld+json\" class=\"yoast-schema-graph\">{\"@context\":\"https:\/\/schema.org\",\"@graph\":[{\"@type\":\"WebPage\",\"@id\":\"https:\/\/test.arctic.klean.it\/udflugter\/qasigiannguit-ilimanaq-hike\/\",\"url\":\"https:\/\/test.arctic.klean.it\/udflugter\/qasigiannguit-ilimanaq-hike\/\",\"name\":\"Vandring fra Qasigiannguit til bygden Ilimanaq \u2013 2 dage - Arctic Excursions\",\"isPartOf\":{\"@id\":\"https:\/\/test.arctic.klean.it\/#website\"},\"primaryImageOfPage\":{\"@id\":\"https:\/\/test.arctic.klean.it\/udflugter\/qasigiannguit-ilimanaq-hike\/#primaryimage\"},\"image\":{\"@id\":\"https:\/\/test.arctic.klean.it\/udflugter\/qasigiannguit-ilimanaq-hike\/#primaryimage\"},\"thumbnailUrl\":\"https:\/\/test.arctic.klean.it\/wp-content\/uploads\/2022\/06\/Qasigiannguit-vandring-til-ilimanaq-wog.jpg\",\"datePublished\":\"2022-05-12T10:01:13+00:00\",\"dateModified\":\"2022-10-27T15:29:50+00:00\",\"breadcrumb\":{\"@id\":\"https:\/\/test.arctic.klean.it\/udflugter\/qasigiannguit-ilimanaq-hike\/#breadcrumb\"},\"inLanguage\":\"da-DK\",\"potentialAction\":[{\"@type\":\"ReadAction\",\"target\":[\"https:\/\/test.arctic.klean.it\/udflugter\/qasigiannguit-ilimanaq-hike\/\"]}]},{\"@type\":\"ImageObject\",\"inLanguage\":\"da-DK\",\"@id\":\"https:\/\/test.arctic.klean.it\/udflugter\/qasigiannguit-ilimanaq-hike\/#primaryimage\",\"url\":\"https:\/\/test.arctic.klean.it\/wp-content\/uploads\/2022\/06\/Qasigiannguit-vandring-til-ilimanaq-wog.jpg\",\"contentUrl\":\"https:\/\/test.arctic.klean.it\/wp-content\/uploads\/2022\/06\/Qasigiannguit-vandring-til-ilimanaq-wog.jpg\",\"width\":1920,\"height\":1080},{\"@type\":\"BreadcrumbList\",\"@id\":\"https:\/\/test.arctic.klean.it\/udflugter\/qasigiannguit-ilimanaq-hike\/#breadcrumb\",\"itemListElement\":[{\"@type\":\"ListItem\",\"position\":1,\"name\":\"Udflugter i Gr\u00f8nland\",\"item\":\"https:\/\/test.arctic.klean.it\/da\/udflugter\/\"},{\"@type\":\"ListItem\",\"position\":2,\"name\":\"Vandring fra Qasigiannguit til bygden Ilimanaq \u2013 2 dage\"}]},{\"@type\":\"WebSite\",\"@id\":\"https:\/\/test.arctic.klean.it\/#website\",\"url\":\"https:\/\/test.arctic.klean.it\/\",\"name\":\"Arctic Excursions\",\"description\":\"New adventures. Every day.\",\"potentialAction\":[{\"@type\":\"SearchAction\",\"target\":{\"@type\":\"EntryPoint\",\"urlTemplate\":\"https:\/\/test.arctic.klean.it\/?s={search_term_string}\"},\"query-input\":{\"@type\":\"PropertyValueSpecification\",\"valueRequired\":true,\"valueName\":\"search_term_string\"}}],\"inLanguage\":\"da-DK\"}]}<\/script>\n<!-- \/ Yoast SEO plugin. -->","yoast_head_json":{"title":"Arctic Excursions","robots":{"index":"index","follow":"follow","max-snippet":"max-snippet:-1","max-image-preview":"max-image-preview:large","max-video-preview":"max-video-preview:-1"},"canonical":"https:\/\/test.arctic.klean.it\/udflugter\/qasigiannguit-ilimanaq-hike\/","og_locale":"da_DK","og_type":"article","og_title":"Vandring fra Qasigiannguit til bygden Ilimanaq \u2013 2 dage - Arctic Excursions","og_description":"Elsker du lange vandreture, men synes det er tr\u00e6ls at sl\u00e6be p\u00e5 en tung rygs\u00e6k med telt og udstyr? Hvis ja, er denne vandretur til Ilimanaq den helt rigtige tur!","og_url":"https:\/\/test.arctic.klean.it\/udflugter\/qasigiannguit-ilimanaq-hike\/","og_site_name":"Arctic Excursions","article_modified_time":"2022-10-27T15:29:50+00:00","og_image":[{"width":1920,"height":1080,"url":"https:\/\/test.arctic.klean.it\/wp-content\/uploads\/2022\/06\/Qasigiannguit-vandring-til-ilimanaq-wog.jpg","type":"image\/jpeg"}],"twitter_card":"summary_large_image","twitter_misc":{"Estimeret l\u00e6setid":"2 minutter"},"schema":{"@context":"https:\/\/schema.org","@graph":[{"@type":"WebPage","@id":"https:\/\/test.arctic.klean.it\/udflugter\/qasigiannguit-ilimanaq-hike\/","url":"https:\/\/test.arctic.klean.it\/udflugter\/qasigiannguit-ilimanaq-hike\/","name":"Vandring fra Qasigiannguit til bygden Ilimanaq \u2013 2 dage - Arctic Excursions","isPartOf":{"@id":"https:\/\/test.arctic.klean.it\/#website"},"primaryImageOfPage":{"@id":"https:\/\/test.arctic.klean.it\/udflugter\/qasigiannguit-ilimanaq-hike\/#primaryimage"},"image":{"@id":"https:\/\/test.arctic.klean.it\/udflugter\/qasigiannguit-ilimanaq-hike\/#primaryimage"},"thumbnailUrl":"https:\/\/test.arctic.klean.it\/wp-content\/uploads\/2022\/06\/Qasigiannguit-vandring-til-ilimanaq-wog.jpg","datePublished":"2022-05-12T10:01:13+00:00","dateModified":"2022-10-27T15:29:50+00:00","breadcrumb":{"@id":"https:\/\/test.arctic.klean.it\/udflugter\/qasigiannguit-ilimanaq-hike\/#breadcrumb"},"inLanguage":"da-DK","potentialAction":[{"@type":"ReadAction","target":["https:\/\/test.arctic.klean.it\/udflugter\/qasigiannguit-ilimanaq-hike\/"]}]},{"@type":"ImageObject","inLanguage":"da-DK","@id":"https:\/\/test.arctic.klean.it\/udflugter\/qasigiannguit-ilimanaq-hike\/#primaryimage","url":"https:\/\/test.arctic.klean.it\/wp-content\/uploads\/2022\/06\/Qasigiannguit-vandring-til-ilimanaq-wog.jpg","contentUrl":"https:\/\/test.arctic.klean.it\/wp-content\/uploads\/2022\/06\/Qasigiannguit-vandring-til-ilimanaq-wog.jpg","width":1920,"height":1080},{"@type":"BreadcrumbList","@id":"https:\/\/test.arctic.klean.it\/udflugter\/qasigiannguit-ilimanaq-hike\/#breadcrumb","itemListElement":[{"@type":"ListItem","position":1,"name":"Udflugter i Gr\u00f8nland","item":"https:\/\/test.arctic.klean.it\/da\/udflugter\/"},{"@type":"ListItem","position":2,"name":"Vandring fra Qasigiannguit til bygden Ilimanaq \u2013 2 dage"}]},{"@type":"WebSite","@id":"https:\/\/test.arctic.klean.it\/#website","url":"https:\/\/test.arctic.klean.it\/","name":"Arctic Excursions","description":"New adventures. Every day.","potentialAction":[{"@type":"SearchAction","target":{"@type":"EntryPoint","urlTemplate":"https:\/\/test.arctic.klean.it\/?s={search_term_string}"},"query-input":{"@type":"PropertyValueSpecification","valueRequired":true,"valueName":"search_term_string"}}],"inLanguage":"da-DK"}]}},"_links":{"self":[{"href":"https:\/\/test.arctic.klean.it\/da\/wp-json\/wp\/v2\/product\/990","targetHints":{"allow":["GET"]}}],"collection":[{"href":"https:\/\/test.arctic.klean.it\/da\/wp-json\/wp\/v2\/product"}],"about":[{"href":"https:\/\/test.arctic.klean.it\/da\/wp-json\/wp\/v2\/types\/product"}],"replies":[{"embeddable":true,"href":"https:\/\/test.arctic.klean.it\/da\/wp-json\/wp\/v2\/comments?post=990"}],"wp:featuredmedia":[{"embeddable":true,"href":"https:\/\/test.arctic.klean.it\/da\/wp-json\/wp\/v2\/media\/2301"}],"wp:attachment":[{"href":"https:\/\/test.arctic.klean.it\/da\/wp-json\/wp\/v2\/media?parent=990"}],"wp:term":[{"taxonomy":"product_brand","embeddable":true,"href":"https:\/\/test.arctic.klean.it\/da\/wp-json\/wp\/v2\/product_brand?post=990"},{"taxonomy":"product_cat","embeddable":true,"href":"https:\/\/test.arctic.klean.it\/da\/wp-json\/wp\/v2\/product_cat?post=990"},{"taxonomy":"product_tag","embeddable":true,"href":"https:\/\/test.arctic.klean.it\/da\/wp-json\/wp\/v2\/product_tag?post=990"}],"curies":[{"name":"wp","href":"https:\/\/api.w.org\/{rel}","templated":true}]}}