{"id":9905,"date":"2023-02-21T14:01:24","date_gmt":"2023-02-21T12:01:24","guid":{"rendered":"https:\/\/test.arctic.klean.it\/?post_type=product&#038;p=9905"},"modified":"2025-02-28T13:59:06","modified_gmt":"2025-02-28T11:59:06","slug":"2-timers-snescooter-tur","status":"publish","type":"product","link":"https:\/\/test.arctic.klean.it\/da\/udflugter\/2-timers-snescooter-tur\/","title":{"rendered":"2 timers snescooter tur"},"content":{"rendered":"<p>Her f\u00e5r du rig mulighed for at opleve naturen t\u00e6t p\u00e5.<br \/>\nHvis du har erfaring med at k\u00f8re snescooter, har du mulighed for at k\u00f8re selv, hvor din guide s\u00e5 k\u00f8rer en anden snescooter.<\/p>\n","protected":false},"excerpt":{"rendered":"<p>Kom med ud p\u00e5 en snecootertur i Ilulissats baghave. <\/p>\n","protected":false},"featured_media":9521,"comment_status":"open","ping_status":"closed","template":"","meta":{"_acf_changed":false},"product_brand":[],"product_cat":[170],"product_tag":[],"class_list":{"0":"post-9905","1":"product","2":"type-product","3":"status-publish","4":"has-post-thumbnail","6":"product_cat-udflugt","7":"pa_dato-411","8":"pa_dato-343","9":"pa_dato-369","10":"pa_dato-412","11":"pa_dato-985","12":"pa_tidspunkt-726","13":"pa_tidspunkt-40","14":"pa_tidspunkt-478","15":"tour_location-ilulissat-da","16":"tour_type-snescooter","17":"tour_operator-authentic-greenland","19":"first","20":"outofstock","21":"shipping-taxable","22":"product-type-variable"},"acf":[],"yoast_head":"<!-- This site is optimized with the Yoast SEO plugin v25.2 - https:\/\/yoast.com\/wordpress\/plugins\/seo\/ -->\n<title>Arctic Excursions<\/title>\n<meta name=\"robots\" content=\"index, follow, max-snippet:-1, max-image-preview:large, max-video-preview:-1\" \/>\n<link rel=\"canonical\" href=\"https:\/\/test.arctic.klean.it\/udflugter\/snowmobile-tour-2-hours\/\" \/>\n<meta property=\"og:locale\" content=\"da_DK\" \/>\n<meta property=\"og:type\" content=\"article\" \/>\n<meta property=\"og:title\" content=\"2 timers snescooter tur - Arctic Excursions\" \/>\n<meta property=\"og:description\" content=\"Kom med ud p\u00e5 en snecootertur i Ilulissats baghave.\" \/>\n<meta property=\"og:url\" content=\"https:\/\/test.arctic.klean.it\/udflugter\/snowmobile-tour-2-hours\/\" \/>\n<meta property=\"og:site_name\" content=\"Arctic Excursions\" \/>\n<meta property=\"article:modified_time\" content=\"2025-02-28T11:59:06+00:00\" \/>\n<meta property=\"og:image\" content=\"https:\/\/test.arctic.klean.it\/wp-content\/uploads\/2023\/02\/F627D368-4FBF-45CB-9798-DD6908383875-scaled.jpeg\" \/>\n\t<meta property=\"og:image:width\" content=\"2560\" \/>\n\t<meta property=\"og:image:height\" content=\"1441\" \/>\n\t<meta property=\"og:image:type\" content=\"image\/jpeg\" \/>\n<meta name=\"twitter:card\" content=\"summary_large_image\" \/>\n<script type=\"application\/ld+json\" class=\"yoast-schema-graph\">{\"@context\":\"https:\/\/schema.org\",\"@graph\":[{\"@type\":\"WebPage\",\"@id\":\"https:\/\/test.arctic.klean.it\/udflugter\/snowmobile-tour-2-hours\/\",\"url\":\"https:\/\/test.arctic.klean.it\/udflugter\/snowmobile-tour-2-hours\/\",\"name\":\"2 timers snescooter tur - Arctic Excursions\",\"isPartOf\":{\"@id\":\"https:\/\/test.arctic.klean.it\/#website\"},\"primaryImageOfPage\":{\"@id\":\"https:\/\/test.arctic.klean.it\/udflugter\/snowmobile-tour-2-hours\/#primaryimage\"},\"image\":{\"@id\":\"https:\/\/test.arctic.klean.it\/udflugter\/snowmobile-tour-2-hours\/#primaryimage\"},\"thumbnailUrl\":\"https:\/\/test.arctic.klean.it\/wp-content\/uploads\/2023\/02\/F627D368-4FBF-45CB-9798-DD6908383875-scaled.jpeg\",\"datePublished\":\"2023-02-21T12:01:24+00:00\",\"dateModified\":\"2025-02-28T11:59:06+00:00\",\"breadcrumb\":{\"@id\":\"https:\/\/test.arctic.klean.it\/udflugter\/snowmobile-tour-2-hours\/#breadcrumb\"},\"inLanguage\":\"da-DK\",\"potentialAction\":[{\"@type\":\"ReadAction\",\"target\":[\"https:\/\/test.arctic.klean.it\/udflugter\/snowmobile-tour-2-hours\/\"]}]},{\"@type\":\"ImageObject\",\"inLanguage\":\"da-DK\",\"@id\":\"https:\/\/test.arctic.klean.it\/udflugter\/snowmobile-tour-2-hours\/#primaryimage\",\"url\":\"https:\/\/test.arctic.klean.it\/wp-content\/uploads\/2023\/02\/F627D368-4FBF-45CB-9798-DD6908383875-scaled.jpeg\",\"contentUrl\":\"https:\/\/test.arctic.klean.it\/wp-content\/uploads\/2023\/02\/F627D368-4FBF-45CB-9798-DD6908383875-scaled.jpeg\",\"width\":2558,\"height\":1440},{\"@type\":\"BreadcrumbList\",\"@id\":\"https:\/\/test.arctic.klean.it\/udflugter\/snowmobile-tour-2-hours\/#breadcrumb\",\"itemListElement\":[{\"@type\":\"ListItem\",\"position\":1,\"name\":\"Udflugter i Gr\u00f8nland\",\"item\":\"https:\/\/test.arctic.klean.it\/da\/udflugter\/\"},{\"@type\":\"ListItem\",\"position\":2,\"name\":\"2 timers snescooter tur\"}]},{\"@type\":\"WebSite\",\"@id\":\"https:\/\/test.arctic.klean.it\/#website\",\"url\":\"https:\/\/test.arctic.klean.it\/\",\"name\":\"Arctic Excursions\",\"description\":\"New adventures. Every day.\",\"potentialAction\":[{\"@type\":\"SearchAction\",\"target\":{\"@type\":\"EntryPoint\",\"urlTemplate\":\"https:\/\/test.arctic.klean.it\/?s={search_term_string}\"},\"query-input\":{\"@type\":\"PropertyValueSpecification\",\"valueRequired\":true,\"valueName\":\"search_term_string\"}}],\"inLanguage\":\"da-DK\"}]}<\/script>\n<!-- \/ Yoast SEO plugin. -->","yoast_head_json":{"title":"Arctic Excursions","robots":{"index":"index","follow":"follow","max-snippet":"max-snippet:-1","max-image-preview":"max-image-preview:large","max-video-preview":"max-video-preview:-1"},"canonical":"https:\/\/test.arctic.klean.it\/udflugter\/snowmobile-tour-2-hours\/","og_locale":"da_DK","og_type":"article","og_title":"2 timers snescooter tur - Arctic Excursions","og_description":"Kom med ud p\u00e5 en snecootertur i Ilulissats baghave.","og_url":"https:\/\/test.arctic.klean.it\/udflugter\/snowmobile-tour-2-hours\/","og_site_name":"Arctic Excursions","article_modified_time":"2025-02-28T11:59:06+00:00","og_image":[{"width":2560,"height":1441,"url":"https:\/\/test.arctic.klean.it\/wp-content\/uploads\/2023\/02\/F627D368-4FBF-45CB-9798-DD6908383875-scaled.jpeg","type":"image\/jpeg"}],"twitter_card":"summary_large_image","schema":{"@context":"https:\/\/schema.org","@graph":[{"@type":"WebPage","@id":"https:\/\/test.arctic.klean.it\/udflugter\/snowmobile-tour-2-hours\/","url":"https:\/\/test.arctic.klean.it\/udflugter\/snowmobile-tour-2-hours\/","name":"2 timers snescooter tur - Arctic Excursions","isPartOf":{"@id":"https:\/\/test.arctic.klean.it\/#website"},"primaryImageOfPage":{"@id":"https:\/\/test.arctic.klean.it\/udflugter\/snowmobile-tour-2-hours\/#primaryimage"},"image":{"@id":"https:\/\/test.arctic.klean.it\/udflugter\/snowmobile-tour-2-hours\/#primaryimage"},"thumbnailUrl":"https:\/\/test.arctic.klean.it\/wp-content\/uploads\/2023\/02\/F627D368-4FBF-45CB-9798-DD6908383875-scaled.jpeg","datePublished":"2023-02-21T12:01:24+00:00","dateModified":"2025-02-28T11:59:06+00:00","breadcrumb":{"@id":"https:\/\/test.arctic.klean.it\/udflugter\/snowmobile-tour-2-hours\/#breadcrumb"},"inLanguage":"da-DK","potentialAction":[{"@type":"ReadAction","target":["https:\/\/test.arctic.klean.it\/udflugter\/snowmobile-tour-2-hours\/"]}]},{"@type":"ImageObject","inLanguage":"da-DK","@id":"https:\/\/test.arctic.klean.it\/udflugter\/snowmobile-tour-2-hours\/#primaryimage","url":"https:\/\/test.arctic.klean.it\/wp-content\/uploads\/2023\/02\/F627D368-4FBF-45CB-9798-DD6908383875-scaled.jpeg","contentUrl":"https:\/\/test.arctic.klean.it\/wp-content\/uploads\/2023\/02\/F627D368-4FBF-45CB-9798-DD6908383875-scaled.jpeg","width":2558,"height":1440},{"@type":"BreadcrumbList","@id":"https:\/\/test.arctic.klean.it\/udflugter\/snowmobile-tour-2-hours\/#breadcrumb","itemListElement":[{"@type":"ListItem","position":1,"name":"Udflugter i Gr\u00f8nland","item":"https:\/\/test.arctic.klean.it\/da\/udflugter\/"},{"@type":"ListItem","position":2,"name":"2 timers snescooter tur"}]},{"@type":"WebSite","@id":"https:\/\/test.arctic.klean.it\/#website","url":"https:\/\/test.arctic.klean.it\/","name":"Arctic Excursions","description":"New adventures. Every day.","potentialAction":[{"@type":"SearchAction","target":{"@type":"EntryPoint","urlTemplate":"https:\/\/test.arctic.klean.it\/?s={search_term_string}"},"query-input":{"@type":"PropertyValueSpecification","valueRequired":true,"valueName":"search_term_string"}}],"inLanguage":"da-DK"}]}},"_links":{"self":[{"href":"https:\/\/test.arctic.klean.it\/da\/wp-json\/wp\/v2\/product\/9905","targetHints":{"allow":["GET"]}}],"collection":[{"href":"https:\/\/test.arctic.klean.it\/da\/wp-json\/wp\/v2\/product"}],"about":[{"href":"https:\/\/test.arctic.klean.it\/da\/wp-json\/wp\/v2\/types\/product"}],"replies":[{"embeddable":true,"href":"https:\/\/test.arctic.klean.it\/da\/wp-json\/wp\/v2\/comments?post=9905"}],"wp:featuredmedia":[{"embeddable":true,"href":"https:\/\/test.arctic.klean.it\/da\/wp-json\/wp\/v2\/media\/9521"}],"wp:attachment":[{"href":"https:\/\/test.arctic.klean.it\/da\/wp-json\/wp\/v2\/media?parent=9905"}],"wp:term":[{"taxonomy":"product_brand","embeddable":true,"href":"https:\/\/test.arctic.klean.it\/da\/wp-json\/wp\/v2\/product_brand?post=9905"},{"taxonomy":"product_cat","embeddable":true,"href":"https:\/\/test.arctic.klean.it\/da\/wp-json\/wp\/v2\/product_cat?post=9905"},{"taxonomy":"product_tag","embeddable":true,"href":"https:\/\/test.arctic.klean.it\/da\/wp-json\/wp\/v2\/product_tag?post=9905"}],"curies":[{"name":"wp","href":"https:\/\/api.w.org\/{rel}","templated":true}]}}