{"id":994,"date":"2022-05-12T12:12:45","date_gmt":"2022-05-12T10:12:45","guid":{"rendered":"https:\/\/test.arctic.klean.it\/?post_type=product&#038;p=994"},"modified":"2022-12-16T12:57:14","modified_gmt":"2022-12-16T10:57:14","slug":"vandretur-til-eqalunnguit","status":"publish","type":"product","link":"https:\/\/test.arctic.klean.it\/da\/udflugter\/vandretur-til-eqalunnguit\/","title":{"rendered":"Vandretur til Eqalunnguit"},"content":{"rendered":"<p><strong>Lokation:<\/strong> Qasigiannguit<\/p>\n<p>Dette er en vidunderlig vandretur i omr\u00e5det bag Qasigiaanguit. Vi tager dig med derhen, hvor s\u00f8en m\u00f8der Eqalunnguit Fjord. Tasersuaq betyder &#8220;den store s\u00f8&#8221;, og Eqalunnguit betyder &#8220;stedet med \u00f8rreder&#8221; p\u00e5 gr\u00f8nlandsk. Det er meget almindeligt, at gr\u00f8nlandske steder er opkaldt efter deres tr\u00e6k.<\/p>\n<p>Nyd en kop kaffe eller smag den lokale te lavet af planten gr\u00f8nlandspost, mens du nyder udsigten over de smukke bjerge.<\/p>\n<p><strong>Bem\u00e6rk venligst<\/strong><br \/>\n&#8211; Medbring en vandflaske<br \/>\n&#8211; Kl\u00e6d dig lag-p\u00e5-lag, s\u00e5 du kan justere t\u00f8jet til vejret<br \/>\n&#8211; Guiden s\u00f8rger for kaffe og te<\/p>\n<p><strong>Varighed:<\/strong> 4 timer<br \/>\n<strong>S\u00e6son:<\/strong> Sommer<br \/>\n<strong>Deltagere:\u00a0<\/strong>Min. 3<br \/>\n<strong>Sv\u00e6rhedsgrad:\u00a0<\/strong>Level 2<\/p>\n","protected":false},"excerpt":{"rendered":"<p>Tag med os p\u00e5 en smuk vandretur langs s\u00f8en Tasersuaq i Qasigiannguits bagland<\/p>\n","protected":false},"featured_media":2502,"comment_status":"open","ping_status":"closed","template":"","meta":{"_acf_changed":false},"product_brand":[],"product_cat":[170],"product_tag":[160],"class_list":{"0":"post-994","1":"product","2":"type-product","3":"status-publish","4":"has-post-thumbnail","6":"product_cat-udflugt","7":"product_tag-2-da","8":"pa_dato-172","9":"pa_dato-259","10":"pa_tidspunkt-70","11":"tour_location-qasigiannguit-da","12":"tour_type-vandreture","13":"tour_operator-diskobay-tours","15":"first","16":"outofstock","17":"shipping-taxable","18":"purchasable","19":"product-type-variable"},"acf":[],"yoast_head":"<!-- This site is optimized with the Yoast SEO plugin v25.2 - https:\/\/yoast.com\/wordpress\/plugins\/seo\/ -->\n<title>Arctic Excursions<\/title>\n<meta name=\"robots\" content=\"index, follow, max-snippet:-1, max-image-preview:large, max-video-preview:-1\" \/>\n<link rel=\"canonical\" href=\"https:\/\/test.arctic.klean.it\/udflugter\/eqalunnguit-hike\/\" \/>\n<meta property=\"og:locale\" content=\"da_DK\" \/>\n<meta property=\"og:type\" content=\"article\" \/>\n<meta property=\"og:title\" content=\"Vandretur til Eqalunnguit - Arctic Excursions\" \/>\n<meta property=\"og:description\" content=\"Tag med os p\u00e5 en smuk vandretur langs s\u00f8en Tasersuaq i Qasigiannguits bagland\" \/>\n<meta property=\"og:url\" content=\"https:\/\/test.arctic.klean.it\/udflugter\/eqalunnguit-hike\/\" \/>\n<meta property=\"og:site_name\" content=\"Arctic Excursions\" \/>\n<meta property=\"article:modified_time\" content=\"2022-12-16T10:57:14+00:00\" \/>\n<meta property=\"og:image\" content=\"https:\/\/test.arctic.klean.it\/wp-content\/uploads\/2022\/07\/qasigiannguit-eqalunnguit-vildmarksliv.jpg\" \/>\n\t<meta property=\"og:image:width\" content=\"1200\" \/>\n\t<meta property=\"og:image:height\" content=\"675\" \/>\n\t<meta property=\"og:image:type\" content=\"image\/jpeg\" \/>\n<meta name=\"twitter:card\" content=\"summary_large_image\" \/>\n<meta name=\"twitter:label1\" content=\"Estimeret l\u00e6setid\" \/>\n\t<meta name=\"twitter:data1\" content=\"1 minut\" \/>\n<script type=\"application\/ld+json\" class=\"yoast-schema-graph\">{\"@context\":\"https:\/\/schema.org\",\"@graph\":[{\"@type\":\"WebPage\",\"@id\":\"https:\/\/test.arctic.klean.it\/udflugter\/eqalunnguit-hike\/\",\"url\":\"https:\/\/test.arctic.klean.it\/udflugter\/eqalunnguit-hike\/\",\"name\":\"Vandretur til Eqalunnguit - Arctic Excursions\",\"isPartOf\":{\"@id\":\"https:\/\/test.arctic.klean.it\/#website\"},\"primaryImageOfPage\":{\"@id\":\"https:\/\/test.arctic.klean.it\/udflugter\/eqalunnguit-hike\/#primaryimage\"},\"image\":{\"@id\":\"https:\/\/test.arctic.klean.it\/udflugter\/eqalunnguit-hike\/#primaryimage\"},\"thumbnailUrl\":\"https:\/\/test.arctic.klean.it\/wp-content\/uploads\/2022\/07\/qasigiannguit-eqalunnguit-vildmarksliv.jpg\",\"datePublished\":\"2022-05-12T10:12:45+00:00\",\"dateModified\":\"2022-12-16T10:57:14+00:00\",\"breadcrumb\":{\"@id\":\"https:\/\/test.arctic.klean.it\/udflugter\/eqalunnguit-hike\/#breadcrumb\"},\"inLanguage\":\"da-DK\",\"potentialAction\":[{\"@type\":\"ReadAction\",\"target\":[\"https:\/\/test.arctic.klean.it\/udflugter\/eqalunnguit-hike\/\"]}]},{\"@type\":\"ImageObject\",\"inLanguage\":\"da-DK\",\"@id\":\"https:\/\/test.arctic.klean.it\/udflugter\/eqalunnguit-hike\/#primaryimage\",\"url\":\"https:\/\/test.arctic.klean.it\/wp-content\/uploads\/2022\/07\/qasigiannguit-eqalunnguit-vildmarksliv.jpg\",\"contentUrl\":\"https:\/\/test.arctic.klean.it\/wp-content\/uploads\/2022\/07\/qasigiannguit-eqalunnguit-vildmarksliv.jpg\",\"width\":1200,\"height\":675},{\"@type\":\"BreadcrumbList\",\"@id\":\"https:\/\/test.arctic.klean.it\/udflugter\/eqalunnguit-hike\/#breadcrumb\",\"itemListElement\":[{\"@type\":\"ListItem\",\"position\":1,\"name\":\"Udflugter i Gr\u00f8nland\",\"item\":\"https:\/\/test.arctic.klean.it\/da\/udflugter\/\"},{\"@type\":\"ListItem\",\"position\":2,\"name\":\"Vandretur til Eqalunnguit\"}]},{\"@type\":\"WebSite\",\"@id\":\"https:\/\/test.arctic.klean.it\/#website\",\"url\":\"https:\/\/test.arctic.klean.it\/\",\"name\":\"Arctic Excursions\",\"description\":\"New adventures. Every day.\",\"potentialAction\":[{\"@type\":\"SearchAction\",\"target\":{\"@type\":\"EntryPoint\",\"urlTemplate\":\"https:\/\/test.arctic.klean.it\/?s={search_term_string}\"},\"query-input\":{\"@type\":\"PropertyValueSpecification\",\"valueRequired\":true,\"valueName\":\"search_term_string\"}}],\"inLanguage\":\"da-DK\"}]}<\/script>\n<!-- \/ Yoast SEO plugin. -->","yoast_head_json":{"title":"Arctic Excursions","robots":{"index":"index","follow":"follow","max-snippet":"max-snippet:-1","max-image-preview":"max-image-preview:large","max-video-preview":"max-video-preview:-1"},"canonical":"https:\/\/test.arctic.klean.it\/udflugter\/eqalunnguit-hike\/","og_locale":"da_DK","og_type":"article","og_title":"Vandretur til Eqalunnguit - Arctic Excursions","og_description":"Tag med os p\u00e5 en smuk vandretur langs s\u00f8en Tasersuaq i Qasigiannguits bagland","og_url":"https:\/\/test.arctic.klean.it\/udflugter\/eqalunnguit-hike\/","og_site_name":"Arctic Excursions","article_modified_time":"2022-12-16T10:57:14+00:00","og_image":[{"width":1200,"height":675,"url":"https:\/\/test.arctic.klean.it\/wp-content\/uploads\/2022\/07\/qasigiannguit-eqalunnguit-vildmarksliv.jpg","type":"image\/jpeg"}],"twitter_card":"summary_large_image","twitter_misc":{"Estimeret l\u00e6setid":"1 minut"},"schema":{"@context":"https:\/\/schema.org","@graph":[{"@type":"WebPage","@id":"https:\/\/test.arctic.klean.it\/udflugter\/eqalunnguit-hike\/","url":"https:\/\/test.arctic.klean.it\/udflugter\/eqalunnguit-hike\/","name":"Vandretur til Eqalunnguit - Arctic Excursions","isPartOf":{"@id":"https:\/\/test.arctic.klean.it\/#website"},"primaryImageOfPage":{"@id":"https:\/\/test.arctic.klean.it\/udflugter\/eqalunnguit-hike\/#primaryimage"},"image":{"@id":"https:\/\/test.arctic.klean.it\/udflugter\/eqalunnguit-hike\/#primaryimage"},"thumbnailUrl":"https:\/\/test.arctic.klean.it\/wp-content\/uploads\/2022\/07\/qasigiannguit-eqalunnguit-vildmarksliv.jpg","datePublished":"2022-05-12T10:12:45+00:00","dateModified":"2022-12-16T10:57:14+00:00","breadcrumb":{"@id":"https:\/\/test.arctic.klean.it\/udflugter\/eqalunnguit-hike\/#breadcrumb"},"inLanguage":"da-DK","potentialAction":[{"@type":"ReadAction","target":["https:\/\/test.arctic.klean.it\/udflugter\/eqalunnguit-hike\/"]}]},{"@type":"ImageObject","inLanguage":"da-DK","@id":"https:\/\/test.arctic.klean.it\/udflugter\/eqalunnguit-hike\/#primaryimage","url":"https:\/\/test.arctic.klean.it\/wp-content\/uploads\/2022\/07\/qasigiannguit-eqalunnguit-vildmarksliv.jpg","contentUrl":"https:\/\/test.arctic.klean.it\/wp-content\/uploads\/2022\/07\/qasigiannguit-eqalunnguit-vildmarksliv.jpg","width":1200,"height":675},{"@type":"BreadcrumbList","@id":"https:\/\/test.arctic.klean.it\/udflugter\/eqalunnguit-hike\/#breadcrumb","itemListElement":[{"@type":"ListItem","position":1,"name":"Udflugter i Gr\u00f8nland","item":"https:\/\/test.arctic.klean.it\/da\/udflugter\/"},{"@type":"ListItem","position":2,"name":"Vandretur til Eqalunnguit"}]},{"@type":"WebSite","@id":"https:\/\/test.arctic.klean.it\/#website","url":"https:\/\/test.arctic.klean.it\/","name":"Arctic Excursions","description":"New adventures. Every day.","potentialAction":[{"@type":"SearchAction","target":{"@type":"EntryPoint","urlTemplate":"https:\/\/test.arctic.klean.it\/?s={search_term_string}"},"query-input":{"@type":"PropertyValueSpecification","valueRequired":true,"valueName":"search_term_string"}}],"inLanguage":"da-DK"}]}},"_links":{"self":[{"href":"https:\/\/test.arctic.klean.it\/da\/wp-json\/wp\/v2\/product\/994","targetHints":{"allow":["GET"]}}],"collection":[{"href":"https:\/\/test.arctic.klean.it\/da\/wp-json\/wp\/v2\/product"}],"about":[{"href":"https:\/\/test.arctic.klean.it\/da\/wp-json\/wp\/v2\/types\/product"}],"replies":[{"embeddable":true,"href":"https:\/\/test.arctic.klean.it\/da\/wp-json\/wp\/v2\/comments?post=994"}],"wp:featuredmedia":[{"embeddable":true,"href":"https:\/\/test.arctic.klean.it\/da\/wp-json\/wp\/v2\/media\/2502"}],"wp:attachment":[{"href":"https:\/\/test.arctic.klean.it\/da\/wp-json\/wp\/v2\/media?parent=994"}],"wp:term":[{"taxonomy":"product_brand","embeddable":true,"href":"https:\/\/test.arctic.klean.it\/da\/wp-json\/wp\/v2\/product_brand?post=994"},{"taxonomy":"product_cat","embeddable":true,"href":"https:\/\/test.arctic.klean.it\/da\/wp-json\/wp\/v2\/product_cat?post=994"},{"taxonomy":"product_tag","embeddable":true,"href":"https:\/\/test.arctic.klean.it\/da\/wp-json\/wp\/v2\/product_tag?post=994"}],"curies":[{"name":"wp","href":"https:\/\/api.w.org\/{rel}","templated":true}]}}