{"id":9962,"date":"2023-02-21T19:21:18","date_gmt":"2023-02-21T17:21:18","guid":{"rendered":"https:\/\/test.arctic.klean.it\/?post_type=product&#038;p=9962"},"modified":"2023-03-21T18:04:46","modified_gmt":"2023-03-21T16:04:46","slug":"vandretur-til-store-akinnaq","status":"publish","type":"product","link":"https:\/\/test.arctic.klean.it\/da\/udflugter\/vandretur-til-store-akinnaq\/","title":{"rendered":"Vandretur til Store Akinnaq"},"content":{"rendered":"<p>Vi f\u00f8lger sl\u00e6desporet gennem en slette, f\u00f8r vi n\u00e5r ud til fjeldet Akinnaq, og g\u00e5r s\u00e5 op mod toppen af fjeldet, som ligger ca. 400m h\u00f8jt oppe over havoverfladen.<br \/>\nP\u00e5 toppen kan du nyde udsigten over byen Ilulissat, samt se de isfjelde som flyder p\u00e5 havet lige udenfor byen.<br \/>\nVi finder l\u00e6 og drikker noget varmt, inden vi g\u00e5r tilbage mod byen. <\/p>\n<p>Turen er ca. 10km i alt. <\/p>\n<p><b>Varighed:<\/b> Ca. 2,5 time<\/p>\n<p><b>Medbring:<\/b> Et par gode vandrest\u00f8vler, en ekstra tr\u00f8je i din rygs\u00e6k samt vand til turen<\/p>\n","protected":false},"excerpt":{"rendered":"<p>Tag med p\u00e5 en vandretur til Store Akinnaq.<\/p>\n","protected":false},"featured_media":9960,"comment_status":"open","ping_status":"closed","template":"","meta":{"_acf_changed":false},"product_brand":[],"product_cat":[170],"product_tag":[],"class_list":{"0":"post-9962","1":"product","2":"type-product","3":"status-publish","4":"has-post-thumbnail","6":"product_cat-udflugt","7":"pa_dato-342","8":"pa_dato-371","9":"pa_dato-345","10":"pa_dato-351","11":"pa_tidspunkt-40","12":"tour_location-ilulissat-da","13":"tour_type-vandreture","14":"tour_operator-authentic-greenland","16":"first","17":"outofstock","18":"shipping-taxable","19":"product-type-variable"},"acf":[],"yoast_head":"<!-- This site is optimized with the Yoast SEO plugin v25.2 - https:\/\/yoast.com\/wordpress\/plugins\/seo\/ -->\n<title>Arctic Excursions<\/title>\n<meta name=\"robots\" content=\"index, follow, max-snippet:-1, max-image-preview:large, max-video-preview:-1\" \/>\n<link rel=\"canonical\" href=\"https:\/\/test.arctic.klean.it\/udflugter\/hike-to-great-akinnaq\/\" \/>\n<meta property=\"og:locale\" content=\"da_DK\" \/>\n<meta property=\"og:type\" content=\"article\" \/>\n<meta property=\"og:title\" content=\"Vandretur til Store Akinnaq - Arctic Excursions\" \/>\n<meta property=\"og:description\" content=\"Tag med p\u00e5 en vandretur til Store Akinnaq.\" \/>\n<meta property=\"og:url\" content=\"https:\/\/test.arctic.klean.it\/udflugter\/hike-to-great-akinnaq\/\" \/>\n<meta property=\"og:site_name\" content=\"Arctic Excursions\" \/>\n<meta property=\"article:modified_time\" content=\"2023-03-21T16:04:46+00:00\" \/>\n<meta property=\"og:image\" content=\"https:\/\/test.arctic.klean.it\/wp-content\/uploads\/2023\/02\/DC10B0B5-F6A0-41CF-86BF-C39000032714_1_201_a.jpeg\" \/>\n\t<meta property=\"og:image:width\" content=\"1160\" \/>\n\t<meta property=\"og:image:height\" content=\"1840\" \/>\n\t<meta property=\"og:image:type\" content=\"image\/jpeg\" \/>\n<meta name=\"twitter:card\" content=\"summary_large_image\" \/>\n<script type=\"application\/ld+json\" class=\"yoast-schema-graph\">{\"@context\":\"https:\/\/schema.org\",\"@graph\":[{\"@type\":\"WebPage\",\"@id\":\"https:\/\/test.arctic.klean.it\/udflugter\/hike-to-great-akinnaq\/\",\"url\":\"https:\/\/test.arctic.klean.it\/udflugter\/hike-to-great-akinnaq\/\",\"name\":\"Vandretur til Store Akinnaq - Arctic Excursions\",\"isPartOf\":{\"@id\":\"https:\/\/test.arctic.klean.it\/#website\"},\"primaryImageOfPage\":{\"@id\":\"https:\/\/test.arctic.klean.it\/udflugter\/hike-to-great-akinnaq\/#primaryimage\"},\"image\":{\"@id\":\"https:\/\/test.arctic.klean.it\/udflugter\/hike-to-great-akinnaq\/#primaryimage\"},\"thumbnailUrl\":\"https:\/\/test.arctic.klean.it\/wp-content\/uploads\/2023\/02\/DC10B0B5-F6A0-41CF-86BF-C39000032714_1_201_a.jpeg\",\"datePublished\":\"2023-02-21T17:21:18+00:00\",\"dateModified\":\"2023-03-21T16:04:46+00:00\",\"breadcrumb\":{\"@id\":\"https:\/\/test.arctic.klean.it\/udflugter\/hike-to-great-akinnaq\/#breadcrumb\"},\"inLanguage\":\"da-DK\",\"potentialAction\":[{\"@type\":\"ReadAction\",\"target\":[\"https:\/\/test.arctic.klean.it\/udflugter\/hike-to-great-akinnaq\/\"]}]},{\"@type\":\"ImageObject\",\"inLanguage\":\"da-DK\",\"@id\":\"https:\/\/test.arctic.klean.it\/udflugter\/hike-to-great-akinnaq\/#primaryimage\",\"url\":\"https:\/\/test.arctic.klean.it\/wp-content\/uploads\/2023\/02\/DC10B0B5-F6A0-41CF-86BF-C39000032714_1_201_a.jpeg\",\"contentUrl\":\"https:\/\/test.arctic.klean.it\/wp-content\/uploads\/2023\/02\/DC10B0B5-F6A0-41CF-86BF-C39000032714_1_201_a.jpeg\",\"width\":908,\"height\":1440},{\"@type\":\"BreadcrumbList\",\"@id\":\"https:\/\/test.arctic.klean.it\/udflugter\/hike-to-great-akinnaq\/#breadcrumb\",\"itemListElement\":[{\"@type\":\"ListItem\",\"position\":1,\"name\":\"Udflugter i Gr\u00f8nland\",\"item\":\"https:\/\/test.arctic.klean.it\/da\/udflugter\/\"},{\"@type\":\"ListItem\",\"position\":2,\"name\":\"Vandretur til Store Akinnaq\"}]},{\"@type\":\"WebSite\",\"@id\":\"https:\/\/test.arctic.klean.it\/#website\",\"url\":\"https:\/\/test.arctic.klean.it\/\",\"name\":\"Arctic Excursions\",\"description\":\"New adventures. Every day.\",\"potentialAction\":[{\"@type\":\"SearchAction\",\"target\":{\"@type\":\"EntryPoint\",\"urlTemplate\":\"https:\/\/test.arctic.klean.it\/?s={search_term_string}\"},\"query-input\":{\"@type\":\"PropertyValueSpecification\",\"valueRequired\":true,\"valueName\":\"search_term_string\"}}],\"inLanguage\":\"da-DK\"}]}<\/script>\n<!-- \/ Yoast SEO plugin. -->","yoast_head_json":{"title":"Arctic Excursions","robots":{"index":"index","follow":"follow","max-snippet":"max-snippet:-1","max-image-preview":"max-image-preview:large","max-video-preview":"max-video-preview:-1"},"canonical":"https:\/\/test.arctic.klean.it\/udflugter\/hike-to-great-akinnaq\/","og_locale":"da_DK","og_type":"article","og_title":"Vandretur til Store Akinnaq - Arctic Excursions","og_description":"Tag med p\u00e5 en vandretur til Store Akinnaq.","og_url":"https:\/\/test.arctic.klean.it\/udflugter\/hike-to-great-akinnaq\/","og_site_name":"Arctic Excursions","article_modified_time":"2023-03-21T16:04:46+00:00","og_image":[{"width":1160,"height":1840,"url":"https:\/\/test.arctic.klean.it\/wp-content\/uploads\/2023\/02\/DC10B0B5-F6A0-41CF-86BF-C39000032714_1_201_a.jpeg","type":"image\/jpeg"}],"twitter_card":"summary_large_image","schema":{"@context":"https:\/\/schema.org","@graph":[{"@type":"WebPage","@id":"https:\/\/test.arctic.klean.it\/udflugter\/hike-to-great-akinnaq\/","url":"https:\/\/test.arctic.klean.it\/udflugter\/hike-to-great-akinnaq\/","name":"Vandretur til Store Akinnaq - Arctic Excursions","isPartOf":{"@id":"https:\/\/test.arctic.klean.it\/#website"},"primaryImageOfPage":{"@id":"https:\/\/test.arctic.klean.it\/udflugter\/hike-to-great-akinnaq\/#primaryimage"},"image":{"@id":"https:\/\/test.arctic.klean.it\/udflugter\/hike-to-great-akinnaq\/#primaryimage"},"thumbnailUrl":"https:\/\/test.arctic.klean.it\/wp-content\/uploads\/2023\/02\/DC10B0B5-F6A0-41CF-86BF-C39000032714_1_201_a.jpeg","datePublished":"2023-02-21T17:21:18+00:00","dateModified":"2023-03-21T16:04:46+00:00","breadcrumb":{"@id":"https:\/\/test.arctic.klean.it\/udflugter\/hike-to-great-akinnaq\/#breadcrumb"},"inLanguage":"da-DK","potentialAction":[{"@type":"ReadAction","target":["https:\/\/test.arctic.klean.it\/udflugter\/hike-to-great-akinnaq\/"]}]},{"@type":"ImageObject","inLanguage":"da-DK","@id":"https:\/\/test.arctic.klean.it\/udflugter\/hike-to-great-akinnaq\/#primaryimage","url":"https:\/\/test.arctic.klean.it\/wp-content\/uploads\/2023\/02\/DC10B0B5-F6A0-41CF-86BF-C39000032714_1_201_a.jpeg","contentUrl":"https:\/\/test.arctic.klean.it\/wp-content\/uploads\/2023\/02\/DC10B0B5-F6A0-41CF-86BF-C39000032714_1_201_a.jpeg","width":908,"height":1440},{"@type":"BreadcrumbList","@id":"https:\/\/test.arctic.klean.it\/udflugter\/hike-to-great-akinnaq\/#breadcrumb","itemListElement":[{"@type":"ListItem","position":1,"name":"Udflugter i Gr\u00f8nland","item":"https:\/\/test.arctic.klean.it\/da\/udflugter\/"},{"@type":"ListItem","position":2,"name":"Vandretur til Store Akinnaq"}]},{"@type":"WebSite","@id":"https:\/\/test.arctic.klean.it\/#website","url":"https:\/\/test.arctic.klean.it\/","name":"Arctic Excursions","description":"New adventures. Every day.","potentialAction":[{"@type":"SearchAction","target":{"@type":"EntryPoint","urlTemplate":"https:\/\/test.arctic.klean.it\/?s={search_term_string}"},"query-input":{"@type":"PropertyValueSpecification","valueRequired":true,"valueName":"search_term_string"}}],"inLanguage":"da-DK"}]}},"_links":{"self":[{"href":"https:\/\/test.arctic.klean.it\/da\/wp-json\/wp\/v2\/product\/9962","targetHints":{"allow":["GET"]}}],"collection":[{"href":"https:\/\/test.arctic.klean.it\/da\/wp-json\/wp\/v2\/product"}],"about":[{"href":"https:\/\/test.arctic.klean.it\/da\/wp-json\/wp\/v2\/types\/product"}],"replies":[{"embeddable":true,"href":"https:\/\/test.arctic.klean.it\/da\/wp-json\/wp\/v2\/comments?post=9962"}],"wp:featuredmedia":[{"embeddable":true,"href":"https:\/\/test.arctic.klean.it\/da\/wp-json\/wp\/v2\/media\/9960"}],"wp:attachment":[{"href":"https:\/\/test.arctic.klean.it\/da\/wp-json\/wp\/v2\/media?parent=9962"}],"wp:term":[{"taxonomy":"product_brand","embeddable":true,"href":"https:\/\/test.arctic.klean.it\/da\/wp-json\/wp\/v2\/product_brand?post=9962"},{"taxonomy":"product_cat","embeddable":true,"href":"https:\/\/test.arctic.klean.it\/da\/wp-json\/wp\/v2\/product_cat?post=9962"},{"taxonomy":"product_tag","embeddable":true,"href":"https:\/\/test.arctic.klean.it\/da\/wp-json\/wp\/v2\/product_tag?post=9962"}],"curies":[{"name":"wp","href":"https:\/\/api.w.org\/{rel}","templated":true}]}}