{"id":998,"date":"2022-05-12T12:30:24","date_gmt":"2022-05-12T10:30:24","guid":{"rendered":"https:\/\/test.arctic.klean.it\/?post_type=product&#038;p=998"},"modified":"2022-10-27T17:29:31","modified_gmt":"2022-10-27T15:29:31","slug":"vandretur-til-kangerluluk-paradisbugten","status":"publish","type":"product","link":"https:\/\/test.arctic.klean.it\/da\/udflugter\/vandretur-til-kangerluluk-paradisbugten\/","title":{"rendered":"Vandretur til Kangerluluk \u2013 Paradisbugten"},"content":{"rendered":"<p><strong>Lokation:<\/strong> Qasigiannguit<\/p>\n<p>Dette er en vandretur i de vidunderlige omgivelser n\u00e6r Qasigiannguit. Slutdestinationen er Kangerluluk, som ogs\u00e5 har det eksotiske navn Paradisbugten.<\/p>\n<p>Undervejs kommer vi forbi den f\u00f8rste placering af kolonien Christiansh\u00e5b og Bings Hule, og guiden vil fort\u00e6lle dig disse steders historier. Qasigiannguit blev grundlagt som en handelsstation for Jacob Severins virksomhed i 1734, og l\u00e5 oprindeligt et andet sted end i dag. Koloniens danske navn var Christiansh\u00e5b, opkaldt efter kongen. Bings Hule er det en naturlig hule i bjergsiden over fjorden. Den er b\u00e5de smuk og ret imponerende.<\/p>\n<p>Vi ankommer endelig til den smukke fjord, hvor vi sidder og slapper af. Derefter vandrer vi fra stranden tilbage til byen.<\/p>\n<p><strong>Bem\u00e6rk venligst<\/strong><br \/>\n&#8211; Husk en vandflaske<br \/>\n&#8211; Kl\u00e6d dig lag-p\u00e5-lag, s\u00e5 du kan tilpasse dit t\u00f8j til vejret<br \/>\n&#8211; Kaffe og te inkluderet<\/p>\n<p><strong>Varighed:\u00a0<\/strong>3 timer<br \/>\n<strong>S\u00e6son:\u00a0<\/strong>Sommer<br \/>\n<strong>Deltagere: <\/strong>Min. 3<br \/>\n<strong>Sv\u00e6rhedsgrad:\u00a0<\/strong>Level 2<\/p>\n","protected":false},"excerpt":{"rendered":"<p>Tag med os p\u00e5 denne guidede vandretur til stranden ved Kangerluluk, Paradisbugten<\/p>\n","protected":false},"featured_media":2295,"comment_status":"open","ping_status":"closed","template":"","meta":{"_acf_changed":false},"product_brand":[],"product_cat":[170],"product_tag":[160],"class_list":{"0":"post-998","1":"product","2":"type-product","3":"status-publish","4":"has-post-thumbnail","6":"product_cat-udflugt","7":"product_tag-2-da","8":"pa_dato-172","9":"pa_tidspunkt-70","10":"tour_location-qasigiannguit-da","11":"tour_type-vandreture","12":"tour_operator-diskobay-tours","14":"first","15":"outofstock","16":"shipping-taxable","17":"purchasable","18":"product-type-variable"},"acf":[],"yoast_head":"<!-- This site is optimized with the Yoast SEO plugin v25.2 - https:\/\/yoast.com\/wordpress\/plugins\/seo\/ -->\n<title>Arctic Excursions<\/title>\n<meta name=\"robots\" content=\"index, follow, max-snippet:-1, max-image-preview:large, max-video-preview:-1\" \/>\n<link rel=\"canonical\" href=\"https:\/\/test.arctic.klean.it\/udflugter\/hike-to-kangerluluk-paradise-bay\/\" \/>\n<meta property=\"og:locale\" content=\"da_DK\" \/>\n<meta property=\"og:type\" content=\"article\" \/>\n<meta property=\"og:title\" content=\"Vandretur til Kangerluluk \u2013 Paradisbugten - Arctic Excursions\" \/>\n<meta property=\"og:description\" content=\"Tag med os p\u00e5 denne guidede vandretur til stranden ved Kangerluluk, Paradisbugten\" \/>\n<meta property=\"og:url\" content=\"https:\/\/test.arctic.klean.it\/udflugter\/hike-to-kangerluluk-paradise-bay\/\" \/>\n<meta property=\"og:site_name\" content=\"Arctic Excursions\" \/>\n<meta property=\"article:modified_time\" content=\"2022-10-27T15:29:31+00:00\" \/>\n<meta property=\"og:image\" content=\"https:\/\/test.arctic.klean.it\/wp-content\/uploads\/2022\/06\/Qasigiannguit-kangeruluk-vildmarksliv-1.jpg\" \/>\n\t<meta property=\"og:image:width\" content=\"1920\" \/>\n\t<meta property=\"og:image:height\" content=\"801\" \/>\n\t<meta property=\"og:image:type\" content=\"image\/jpeg\" \/>\n<meta name=\"twitter:card\" content=\"summary_large_image\" \/>\n<meta name=\"twitter:label1\" content=\"Estimeret l\u00e6setid\" \/>\n\t<meta name=\"twitter:data1\" content=\"1 minut\" \/>\n<script type=\"application\/ld+json\" class=\"yoast-schema-graph\">{\"@context\":\"https:\/\/schema.org\",\"@graph\":[{\"@type\":\"WebPage\",\"@id\":\"https:\/\/test.arctic.klean.it\/udflugter\/hike-to-kangerluluk-paradise-bay\/\",\"url\":\"https:\/\/test.arctic.klean.it\/udflugter\/hike-to-kangerluluk-paradise-bay\/\",\"name\":\"Vandretur til Kangerluluk \u2013 Paradisbugten - Arctic Excursions\",\"isPartOf\":{\"@id\":\"https:\/\/test.arctic.klean.it\/#website\"},\"primaryImageOfPage\":{\"@id\":\"https:\/\/test.arctic.klean.it\/udflugter\/hike-to-kangerluluk-paradise-bay\/#primaryimage\"},\"image\":{\"@id\":\"https:\/\/test.arctic.klean.it\/udflugter\/hike-to-kangerluluk-paradise-bay\/#primaryimage\"},\"thumbnailUrl\":\"https:\/\/test.arctic.klean.it\/wp-content\/uploads\/2022\/06\/Qasigiannguit-kangeruluk-vildmarksliv-1.jpg\",\"datePublished\":\"2022-05-12T10:30:24+00:00\",\"dateModified\":\"2022-10-27T15:29:31+00:00\",\"breadcrumb\":{\"@id\":\"https:\/\/test.arctic.klean.it\/udflugter\/hike-to-kangerluluk-paradise-bay\/#breadcrumb\"},\"inLanguage\":\"da-DK\",\"potentialAction\":[{\"@type\":\"ReadAction\",\"target\":[\"https:\/\/test.arctic.klean.it\/udflugter\/hike-to-kangerluluk-paradise-bay\/\"]}]},{\"@type\":\"ImageObject\",\"inLanguage\":\"da-DK\",\"@id\":\"https:\/\/test.arctic.klean.it\/udflugter\/hike-to-kangerluluk-paradise-bay\/#primaryimage\",\"url\":\"https:\/\/test.arctic.klean.it\/wp-content\/uploads\/2022\/06\/Qasigiannguit-kangeruluk-vildmarksliv-1.jpg\",\"contentUrl\":\"https:\/\/test.arctic.klean.it\/wp-content\/uploads\/2022\/06\/Qasigiannguit-kangeruluk-vildmarksliv-1.jpg\",\"width\":1920,\"height\":801},{\"@type\":\"BreadcrumbList\",\"@id\":\"https:\/\/test.arctic.klean.it\/udflugter\/hike-to-kangerluluk-paradise-bay\/#breadcrumb\",\"itemListElement\":[{\"@type\":\"ListItem\",\"position\":1,\"name\":\"Udflugter i Gr\u00f8nland\",\"item\":\"https:\/\/test.arctic.klean.it\/da\/udflugter\/\"},{\"@type\":\"ListItem\",\"position\":2,\"name\":\"Vandretur til Kangerluluk \u2013 Paradisbugten\"}]},{\"@type\":\"WebSite\",\"@id\":\"https:\/\/test.arctic.klean.it\/#website\",\"url\":\"https:\/\/test.arctic.klean.it\/\",\"name\":\"Arctic Excursions\",\"description\":\"New adventures. Every day.\",\"potentialAction\":[{\"@type\":\"SearchAction\",\"target\":{\"@type\":\"EntryPoint\",\"urlTemplate\":\"https:\/\/test.arctic.klean.it\/?s={search_term_string}\"},\"query-input\":{\"@type\":\"PropertyValueSpecification\",\"valueRequired\":true,\"valueName\":\"search_term_string\"}}],\"inLanguage\":\"da-DK\"}]}<\/script>\n<!-- \/ Yoast SEO plugin. -->","yoast_head_json":{"title":"Arctic Excursions","robots":{"index":"index","follow":"follow","max-snippet":"max-snippet:-1","max-image-preview":"max-image-preview:large","max-video-preview":"max-video-preview:-1"},"canonical":"https:\/\/test.arctic.klean.it\/udflugter\/hike-to-kangerluluk-paradise-bay\/","og_locale":"da_DK","og_type":"article","og_title":"Vandretur til Kangerluluk \u2013 Paradisbugten - Arctic Excursions","og_description":"Tag med os p\u00e5 denne guidede vandretur til stranden ved Kangerluluk, Paradisbugten","og_url":"https:\/\/test.arctic.klean.it\/udflugter\/hike-to-kangerluluk-paradise-bay\/","og_site_name":"Arctic Excursions","article_modified_time":"2022-10-27T15:29:31+00:00","og_image":[{"width":1920,"height":801,"url":"https:\/\/test.arctic.klean.it\/wp-content\/uploads\/2022\/06\/Qasigiannguit-kangeruluk-vildmarksliv-1.jpg","type":"image\/jpeg"}],"twitter_card":"summary_large_image","twitter_misc":{"Estimeret l\u00e6setid":"1 minut"},"schema":{"@context":"https:\/\/schema.org","@graph":[{"@type":"WebPage","@id":"https:\/\/test.arctic.klean.it\/udflugter\/hike-to-kangerluluk-paradise-bay\/","url":"https:\/\/test.arctic.klean.it\/udflugter\/hike-to-kangerluluk-paradise-bay\/","name":"Vandretur til Kangerluluk \u2013 Paradisbugten - Arctic Excursions","isPartOf":{"@id":"https:\/\/test.arctic.klean.it\/#website"},"primaryImageOfPage":{"@id":"https:\/\/test.arctic.klean.it\/udflugter\/hike-to-kangerluluk-paradise-bay\/#primaryimage"},"image":{"@id":"https:\/\/test.arctic.klean.it\/udflugter\/hike-to-kangerluluk-paradise-bay\/#primaryimage"},"thumbnailUrl":"https:\/\/test.arctic.klean.it\/wp-content\/uploads\/2022\/06\/Qasigiannguit-kangeruluk-vildmarksliv-1.jpg","datePublished":"2022-05-12T10:30:24+00:00","dateModified":"2022-10-27T15:29:31+00:00","breadcrumb":{"@id":"https:\/\/test.arctic.klean.it\/udflugter\/hike-to-kangerluluk-paradise-bay\/#breadcrumb"},"inLanguage":"da-DK","potentialAction":[{"@type":"ReadAction","target":["https:\/\/test.arctic.klean.it\/udflugter\/hike-to-kangerluluk-paradise-bay\/"]}]},{"@type":"ImageObject","inLanguage":"da-DK","@id":"https:\/\/test.arctic.klean.it\/udflugter\/hike-to-kangerluluk-paradise-bay\/#primaryimage","url":"https:\/\/test.arctic.klean.it\/wp-content\/uploads\/2022\/06\/Qasigiannguit-kangeruluk-vildmarksliv-1.jpg","contentUrl":"https:\/\/test.arctic.klean.it\/wp-content\/uploads\/2022\/06\/Qasigiannguit-kangeruluk-vildmarksliv-1.jpg","width":1920,"height":801},{"@type":"BreadcrumbList","@id":"https:\/\/test.arctic.klean.it\/udflugter\/hike-to-kangerluluk-paradise-bay\/#breadcrumb","itemListElement":[{"@type":"ListItem","position":1,"name":"Udflugter i Gr\u00f8nland","item":"https:\/\/test.arctic.klean.it\/da\/udflugter\/"},{"@type":"ListItem","position":2,"name":"Vandretur til Kangerluluk \u2013 Paradisbugten"}]},{"@type":"WebSite","@id":"https:\/\/test.arctic.klean.it\/#website","url":"https:\/\/test.arctic.klean.it\/","name":"Arctic Excursions","description":"New adventures. Every day.","potentialAction":[{"@type":"SearchAction","target":{"@type":"EntryPoint","urlTemplate":"https:\/\/test.arctic.klean.it\/?s={search_term_string}"},"query-input":{"@type":"PropertyValueSpecification","valueRequired":true,"valueName":"search_term_string"}}],"inLanguage":"da-DK"}]}},"_links":{"self":[{"href":"https:\/\/test.arctic.klean.it\/da\/wp-json\/wp\/v2\/product\/998","targetHints":{"allow":["GET"]}}],"collection":[{"href":"https:\/\/test.arctic.klean.it\/da\/wp-json\/wp\/v2\/product"}],"about":[{"href":"https:\/\/test.arctic.klean.it\/da\/wp-json\/wp\/v2\/types\/product"}],"replies":[{"embeddable":true,"href":"https:\/\/test.arctic.klean.it\/da\/wp-json\/wp\/v2\/comments?post=998"}],"wp:featuredmedia":[{"embeddable":true,"href":"https:\/\/test.arctic.klean.it\/da\/wp-json\/wp\/v2\/media\/2295"}],"wp:attachment":[{"href":"https:\/\/test.arctic.klean.it\/da\/wp-json\/wp\/v2\/media?parent=998"}],"wp:term":[{"taxonomy":"product_brand","embeddable":true,"href":"https:\/\/test.arctic.klean.it\/da\/wp-json\/wp\/v2\/product_brand?post=998"},{"taxonomy":"product_cat","embeddable":true,"href":"https:\/\/test.arctic.klean.it\/da\/wp-json\/wp\/v2\/product_cat?post=998"},{"taxonomy":"product_tag","embeddable":true,"href":"https:\/\/test.arctic.klean.it\/da\/wp-json\/wp\/v2\/product_tag?post=998"}],"curies":[{"name":"wp","href":"https:\/\/api.w.org\/{rel}","templated":true}]}}