{"id":9996,"date":"2023-02-22T15:34:59","date_gmt":"2023-02-22T13:34:59","guid":{"rendered":"https:\/\/test.arctic.klean.it\/?post_type=product&#038;p=9996"},"modified":"2023-08-15T10:45:33","modified_gmt":"2023-08-15T08:45:33","slug":"ilimanaq-gletsjereventyr-vol-2","status":"publish","type":"product","link":"https:\/\/test.arctic.klean.it\/da\/udflugter\/ilimanaq-gletsjereventyr-vol-2\/","title":{"rendered":"Ilimanaq Gletsjereventyr"},"content":{"rendered":"<p><strong>Lokation:<\/strong> Ilulissat<\/p>\n<p>Vi m\u00f8des ved turb\u00e5dspontonen i Ilulissat (ved hvalk\u00e6berne), herfra sejler vi sydp\u00e5 til stranden Itilliup Ilua.<\/p>\n<p>Her bliver vi sat af p\u00e5 en bred sandstrand, hvorfra vi k\u00f8rer den smukke slette Narsarsuaq i terr\u00e6ng\u00e5ende k\u00f8ret\u00f8j, indtil vi n\u00e5r nedk\u00f8rslen til Tasiusaq fjorden. I tusinder af \u00e5r har dette sted v\u00e6ret et popul\u00e6rt jagtsted.<\/p>\n<p>Efter en g\u00e5tur ned til stranden ved Tasiusaq fjorden, g\u00e5r vi ombord p\u00e5 jollerne og sejler dybt ind i fjorden mellem isbjergene til bunden af fjorden, hvor de to gletsjere og indlandsisen kan ses.<\/p>\n<p>Vi g\u00e5r i land og nyder vores madpakke og gletsjerudsigten. Derefter trekker vi, og til sidst vi klatrer op p\u00e5 den enorme indlandsis.<\/p>\n<p><strong>Bem\u00e6rk venligst<\/strong><br \/>\n&#8211; Terr\u00e6net er nogle gange kuperet. Denne tur anbefales ikke, hvis du har sv\u00e6re nakke- eller rygproblemer.<br \/>\n&#8211; Denne tur starter i Ilulissat og slutter i Ilulissat.<br \/>\n&#8211; Madpakke, kaffe og te er inkluderet.<br \/>\n&#8211; Deltagere skal v\u00e6re mindst 8 \u00e5r.<\/p>\n<p><strong>Varighed:\u00a0<\/strong>7 timer<br \/>\n<strong>S\u00e6son:\u00a0<\/strong>18. juni &#8211; 6. september<br \/>\n<strong>Deltagere:\u00a0<\/strong>Min. 4<br \/>\n<strong>Sv\u00e6rhedsgrad:\u00a0<\/strong>Level 2<\/p>\n","protected":false},"excerpt":{"rendered":"<p>P\u00e5 denne eventyrlige tur sejler du med speedb\u00e5d, k\u00f8rer off-road med terr\u00e6ng\u00e5ende k\u00f8ret\u00f8j og kommer p\u00e5 trekking p\u00e5 en gletsjer!<\/p>\n","protected":false},"featured_media":9986,"comment_status":"open","ping_status":"closed","template":"","meta":{"_acf_changed":false},"product_brand":[],"product_cat":[170],"product_tag":[],"class_list":{"0":"post-9996","1":"product","2":"type-product","3":"status-publish","4":"has-post-thumbnail","6":"product_cat-udflugt","7":"pa_dato-490","8":"pa_dato-491","9":"pa_dato-500","10":"pa_tidspunkt-70","11":"pa_tidspunkt-304","12":"tour_location-ilulissat-da","13":"tour_type-isbjerge","14":"tour_operator-diskobay-tours","16":"first","17":"outofstock","18":"shipping-taxable","19":"product-type-variable"},"acf":[],"yoast_head":"<!-- This site is optimized with the Yoast SEO plugin v25.2 - https:\/\/yoast.com\/wordpress\/plugins\/seo\/ -->\n<title>Arctic Excursions<\/title>\n<meta name=\"robots\" content=\"index, follow, max-snippet:-1, max-image-preview:large, max-video-preview:-1\" \/>\n<link rel=\"canonical\" href=\"https:\/\/test.arctic.klean.it\/udflugter\/ilimanaq-glacier-adventure\/\" \/>\n<meta property=\"og:locale\" content=\"da_DK\" \/>\n<meta property=\"og:type\" content=\"article\" \/>\n<meta property=\"og:title\" content=\"Ilimanaq Gletsjereventyr - Arctic Excursions\" \/>\n<meta property=\"og:description\" content=\"P\u00e5 denne eventyrlige tur sejler du med speedb\u00e5d, k\u00f8rer off-road med terr\u00e6ng\u00e5ende k\u00f8ret\u00f8j og kommer p\u00e5 trekking p\u00e5 en gletsjer!\" \/>\n<meta property=\"og:url\" content=\"https:\/\/test.arctic.klean.it\/udflugter\/ilimanaq-glacier-adventure\/\" \/>\n<meta property=\"og:site_name\" content=\"Arctic Excursions\" \/>\n<meta property=\"article:modified_time\" content=\"2023-08-15T08:45:33+00:00\" \/>\n<meta property=\"og:image\" content=\"https:\/\/test.arctic.klean.it\/wp-content\/uploads\/2023\/02\/ilimanaq-glacier-adventure-diskobay-tours.jpg\" \/>\n\t<meta property=\"og:image:width\" content=\"2000\" \/>\n\t<meta property=\"og:image:height\" content=\"1361\" \/>\n\t<meta property=\"og:image:type\" content=\"image\/jpeg\" \/>\n<meta name=\"twitter:card\" content=\"summary_large_image\" \/>\n<meta name=\"twitter:label1\" content=\"Estimeret l\u00e6setid\" \/>\n\t<meta name=\"twitter:data1\" content=\"1 minut\" \/>\n<script type=\"application\/ld+json\" class=\"yoast-schema-graph\">{\"@context\":\"https:\/\/schema.org\",\"@graph\":[{\"@type\":\"WebPage\",\"@id\":\"https:\/\/test.arctic.klean.it\/udflugter\/ilimanaq-glacier-adventure\/\",\"url\":\"https:\/\/test.arctic.klean.it\/udflugter\/ilimanaq-glacier-adventure\/\",\"name\":\"Ilimanaq Gletsjereventyr - Arctic Excursions\",\"isPartOf\":{\"@id\":\"https:\/\/test.arctic.klean.it\/#website\"},\"primaryImageOfPage\":{\"@id\":\"https:\/\/test.arctic.klean.it\/udflugter\/ilimanaq-glacier-adventure\/#primaryimage\"},\"image\":{\"@id\":\"https:\/\/test.arctic.klean.it\/udflugter\/ilimanaq-glacier-adventure\/#primaryimage\"},\"thumbnailUrl\":\"https:\/\/test.arctic.klean.it\/wp-content\/uploads\/2023\/02\/ilimanaq-glacier-adventure-diskobay-tours.jpg\",\"datePublished\":\"2023-02-22T13:34:59+00:00\",\"dateModified\":\"2023-08-15T08:45:33+00:00\",\"breadcrumb\":{\"@id\":\"https:\/\/test.arctic.klean.it\/udflugter\/ilimanaq-glacier-adventure\/#breadcrumb\"},\"inLanguage\":\"da-DK\",\"potentialAction\":[{\"@type\":\"ReadAction\",\"target\":[\"https:\/\/test.arctic.klean.it\/udflugter\/ilimanaq-glacier-adventure\/\"]}]},{\"@type\":\"ImageObject\",\"inLanguage\":\"da-DK\",\"@id\":\"https:\/\/test.arctic.klean.it\/udflugter\/ilimanaq-glacier-adventure\/#primaryimage\",\"url\":\"https:\/\/test.arctic.klean.it\/wp-content\/uploads\/2023\/02\/ilimanaq-glacier-adventure-diskobay-tours.jpg\",\"contentUrl\":\"https:\/\/test.arctic.klean.it\/wp-content\/uploads\/2023\/02\/ilimanaq-glacier-adventure-diskobay-tours.jpg\",\"width\":2000,\"height\":1361},{\"@type\":\"BreadcrumbList\",\"@id\":\"https:\/\/test.arctic.klean.it\/udflugter\/ilimanaq-glacier-adventure\/#breadcrumb\",\"itemListElement\":[{\"@type\":\"ListItem\",\"position\":1,\"name\":\"Udflugter i Gr\u00f8nland\",\"item\":\"https:\/\/test.arctic.klean.it\/da\/udflugter\/\"},{\"@type\":\"ListItem\",\"position\":2,\"name\":\"Ilimanaq Gletsjereventyr\"}]},{\"@type\":\"WebSite\",\"@id\":\"https:\/\/test.arctic.klean.it\/#website\",\"url\":\"https:\/\/test.arctic.klean.it\/\",\"name\":\"Arctic Excursions\",\"description\":\"New adventures. Every day.\",\"potentialAction\":[{\"@type\":\"SearchAction\",\"target\":{\"@type\":\"EntryPoint\",\"urlTemplate\":\"https:\/\/test.arctic.klean.it\/?s={search_term_string}\"},\"query-input\":{\"@type\":\"PropertyValueSpecification\",\"valueRequired\":true,\"valueName\":\"search_term_string\"}}],\"inLanguage\":\"da-DK\"}]}<\/script>\n<!-- \/ Yoast SEO plugin. -->","yoast_head_json":{"title":"Arctic Excursions","robots":{"index":"index","follow":"follow","max-snippet":"max-snippet:-1","max-image-preview":"max-image-preview:large","max-video-preview":"max-video-preview:-1"},"canonical":"https:\/\/test.arctic.klean.it\/udflugter\/ilimanaq-glacier-adventure\/","og_locale":"da_DK","og_type":"article","og_title":"Ilimanaq Gletsjereventyr - Arctic Excursions","og_description":"P\u00e5 denne eventyrlige tur sejler du med speedb\u00e5d, k\u00f8rer off-road med terr\u00e6ng\u00e5ende k\u00f8ret\u00f8j og kommer p\u00e5 trekking p\u00e5 en gletsjer!","og_url":"https:\/\/test.arctic.klean.it\/udflugter\/ilimanaq-glacier-adventure\/","og_site_name":"Arctic Excursions","article_modified_time":"2023-08-15T08:45:33+00:00","og_image":[{"width":2000,"height":1361,"url":"https:\/\/test.arctic.klean.it\/wp-content\/uploads\/2023\/02\/ilimanaq-glacier-adventure-diskobay-tours.jpg","type":"image\/jpeg"}],"twitter_card":"summary_large_image","twitter_misc":{"Estimeret l\u00e6setid":"1 minut"},"schema":{"@context":"https:\/\/schema.org","@graph":[{"@type":"WebPage","@id":"https:\/\/test.arctic.klean.it\/udflugter\/ilimanaq-glacier-adventure\/","url":"https:\/\/test.arctic.klean.it\/udflugter\/ilimanaq-glacier-adventure\/","name":"Ilimanaq Gletsjereventyr - Arctic Excursions","isPartOf":{"@id":"https:\/\/test.arctic.klean.it\/#website"},"primaryImageOfPage":{"@id":"https:\/\/test.arctic.klean.it\/udflugter\/ilimanaq-glacier-adventure\/#primaryimage"},"image":{"@id":"https:\/\/test.arctic.klean.it\/udflugter\/ilimanaq-glacier-adventure\/#primaryimage"},"thumbnailUrl":"https:\/\/test.arctic.klean.it\/wp-content\/uploads\/2023\/02\/ilimanaq-glacier-adventure-diskobay-tours.jpg","datePublished":"2023-02-22T13:34:59+00:00","dateModified":"2023-08-15T08:45:33+00:00","breadcrumb":{"@id":"https:\/\/test.arctic.klean.it\/udflugter\/ilimanaq-glacier-adventure\/#breadcrumb"},"inLanguage":"da-DK","potentialAction":[{"@type":"ReadAction","target":["https:\/\/test.arctic.klean.it\/udflugter\/ilimanaq-glacier-adventure\/"]}]},{"@type":"ImageObject","inLanguage":"da-DK","@id":"https:\/\/test.arctic.klean.it\/udflugter\/ilimanaq-glacier-adventure\/#primaryimage","url":"https:\/\/test.arctic.klean.it\/wp-content\/uploads\/2023\/02\/ilimanaq-glacier-adventure-diskobay-tours.jpg","contentUrl":"https:\/\/test.arctic.klean.it\/wp-content\/uploads\/2023\/02\/ilimanaq-glacier-adventure-diskobay-tours.jpg","width":2000,"height":1361},{"@type":"BreadcrumbList","@id":"https:\/\/test.arctic.klean.it\/udflugter\/ilimanaq-glacier-adventure\/#breadcrumb","itemListElement":[{"@type":"ListItem","position":1,"name":"Udflugter i Gr\u00f8nland","item":"https:\/\/test.arctic.klean.it\/da\/udflugter\/"},{"@type":"ListItem","position":2,"name":"Ilimanaq Gletsjereventyr"}]},{"@type":"WebSite","@id":"https:\/\/test.arctic.klean.it\/#website","url":"https:\/\/test.arctic.klean.it\/","name":"Arctic Excursions","description":"New adventures. Every day.","potentialAction":[{"@type":"SearchAction","target":{"@type":"EntryPoint","urlTemplate":"https:\/\/test.arctic.klean.it\/?s={search_term_string}"},"query-input":{"@type":"PropertyValueSpecification","valueRequired":true,"valueName":"search_term_string"}}],"inLanguage":"da-DK"}]}},"_links":{"self":[{"href":"https:\/\/test.arctic.klean.it\/da\/wp-json\/wp\/v2\/product\/9996","targetHints":{"allow":["GET"]}}],"collection":[{"href":"https:\/\/test.arctic.klean.it\/da\/wp-json\/wp\/v2\/product"}],"about":[{"href":"https:\/\/test.arctic.klean.it\/da\/wp-json\/wp\/v2\/types\/product"}],"replies":[{"embeddable":true,"href":"https:\/\/test.arctic.klean.it\/da\/wp-json\/wp\/v2\/comments?post=9996"}],"wp:featuredmedia":[{"embeddable":true,"href":"https:\/\/test.arctic.klean.it\/da\/wp-json\/wp\/v2\/media\/9986"}],"wp:attachment":[{"href":"https:\/\/test.arctic.klean.it\/da\/wp-json\/wp\/v2\/media?parent=9996"}],"wp:term":[{"taxonomy":"product_brand","embeddable":true,"href":"https:\/\/test.arctic.klean.it\/da\/wp-json\/wp\/v2\/product_brand?post=9996"},{"taxonomy":"product_cat","embeddable":true,"href":"https:\/\/test.arctic.klean.it\/da\/wp-json\/wp\/v2\/product_cat?post=9996"},{"taxonomy":"product_tag","embeddable":true,"href":"https:\/\/test.arctic.klean.it\/da\/wp-json\/wp\/v2\/product_tag?post=9996"}],"curies":[{"name":"wp","href":"https:\/\/api.w.org\/{rel}","templated":true}]}}